{"id":82018,"date":"2025-06-10T10:54:22","date_gmt":"2025-06-10T08:54:22","guid":{"rendered":"https:\/\/ilcinemaritrovato.it\/?page_id=82018"},"modified":"2025-06-10T10:54:22","modified_gmt":"2025-06-10T08:54:22","slug":"ace-workshop-2025","status":"publish","type":"page","link":"https:\/\/ilcinemaritrovato.it\/en\/ace-workshop-2025\/","title":{"rendered":"ACE WORKSHOP 2025"},"content":{"rendered":"<p><img loading=\"lazy\" decoding=\"async\" class=\"aligncenter wp-image-77595 size-full\" src=\"https:\/\/ilcinemaritrovato.it\/wp-content\/uploads\/sites\/2\/2024\/06\/logo-ace.png\" alt=\"\" width=\"800\" height=\"450\" srcset=\"https:\/\/ilcinemaritrovato.it\/wp-content\/uploads\/2024\/06\/logo-ace.png 800w, https:\/\/ilcinemaritrovato.it\/wp-content\/uploads\/2024\/06\/logo-ace-300x169.png 300w, https:\/\/ilcinemaritrovato.it\/wp-content\/uploads\/2024\/06\/logo-ace-768x432.png 768w, https:\/\/ilcinemaritrovato.it\/wp-content\/uploads\/2024\/06\/logo-ace-600x338.png 600w\" sizes=\"auto, (max-width: 800px) 100vw, 800px\" \/><\/p>\n<p style=\"text-align: center\">Association des Cin\u00e9math\u00e8ques Europ\u00e9ennes \u2013 ACE Workshop in partnership with FIAF\u2019s PACC (Programming and Access to Collections Commission of the International Federation of Film Archives)<\/p>\n<p style=\"text-align: center\"><strong>Tuesday 24 June, 2pm-5.30pm<\/strong><br \/>\nMAMbo \u2013 Museo d\u2019Arte Moderna di Bologna, via Don Minzoni 14<\/p>\n<hr \/>\n<p>&nbsp;<\/p>\n<p><strong>How to Disseminate Heritage Cinema in a Changing Society?<br \/>\n<\/strong>Context, Responsibility, and Engagement: Strategies for Selecting and Programming Controversial Films While Preserving the Integrity of Our Audiovisual Heritage<\/p>\n<p>Films often reflect the complexities, contradictions, and sometimes troubling aspects of the eras in which they were made. In the context of evolving societal paradigms and increasingly diverse audiences, programming classic cinema today poses both challenges and opportunities. The role of film archives and cinematheques is not just to preserve and disseminate cinematic heritage, but also to provide meaningful and responsible mediation. Today\u2019s audiences, influenced by changing social values, heightened cultural sensitivities, and a growing awareness of historical injustices, view these works through new and diverse lenses.<br \/>\nThe workshop will explore how programmers, curators and cultural mediators can respond to changing contexts by encouraging dialogue and helping audiences engage with the complexities of cinema history through modern and inclusive tools.<br \/>\nIt will address several key issues related to the topic, including the evolution of programming and dissemination practices, the importance of contextualisation, an analysis of new audiences\u2019 dynamics, and parallels with the academic environment today.<br \/>\nThe discussion will also reflect on the role of film archives within the audiovisual and cultural sectors, as well as the need for adequate financial resources for appropriate mediation actions, professional training and educational projects.<br \/>\nIt will focus on the possibility of a dynamic, reflective approach to heritage cinema: one that can address controversy openly and embraces cinema\u2019s capacity to illuminate the past while encouraging reflection in the present. The panel will include contributions and testimonials from film programmers and curators, academics, and professionals working in the archival and cinema fields.<\/p>","protected":false},"excerpt":{"rendered":"<p>Association des Cin\u00e9math\u00e8ques Europ\u00e9ennes \u2013 ACE Workshop in partnership with FIAF\u2019s PACC (Programming and Access to Collections Commission of the International Federation of Film Archives) Tuesday 24 June, 2pm-5.30pm MAMbo \u2013 Museo d\u2019Arte Moderna di Bologna, via Don Minzoni 14 &nbsp; How to Disseminate Heritage Cinema in a Changing Society? Context, Responsibility, and Engagement: Strategies [&hellip;]<\/p>\n","protected":false},"author":39,"featured_media":0,"parent":0,"menu_order":0,"comment_status":"closed","ping_status":"closed","template":"","meta":{"footnotes":""},"class_list":["post-82018","page","type-page","status-publish","hentry"],"acf":[],"_links":{"self":[{"href":"https:\/\/ilcinemaritrovato.it\/en\/wp-json\/wp\/v2\/pages\/82018","targetHints":{"allow":["GET"]}}],"collection":[{"href":"https:\/\/ilcinemaritrovato.it\/en\/wp-json\/wp\/v2\/pages"}],"about":[{"href":"https:\/\/ilcinemaritrovato.it\/en\/wp-json\/wp\/v2\/types\/page"}],"author":[{"embeddable":true,"href":"https:\/\/ilcinemaritrovato.it\/en\/wp-json\/wp\/v2\/users\/39"}],"replies":[{"embeddable":true,"href":"https:\/\/ilcinemaritrovato.it\/en\/wp-json\/wp\/v2\/comments?post=82018"}],"version-history":[{"count":5,"href":"https:\/\/ilcinemaritrovato.it\/en\/wp-json\/wp\/v2\/pages\/82018\/revisions"}],"predecessor-version":[{"id":82174,"href":"https:\/\/ilcinemaritrovato.it\/en\/wp-json\/wp\/v2\/pages\/82018\/revisions\/82174"}],"wp:attachment":[{"href":"https:\/\/ilcinemaritrovato.it\/en\/wp-json\/wp\/v2\/media?parent=82018"}],"curies":[{"name":"wp","href":"https:\/\/api.w.org\/{rel}","templated":true}]}}