{"id":78092,"date":"2024-06-10T11:09:47","date_gmt":"2024-06-10T09:09:47","guid":{"rendered":"https:\/\/ilcinemaritrovato.it\/?page_id=78092"},"modified":"2025-06-12T18:34:04","modified_gmt":"2025-06-12T16:34:04","slug":"lezioni-di-cinema-2025","status":"publish","type":"page","link":"https:\/\/ilcinemaritrovato.it\/en\/lezioni-di-cinema-2025\/","title":{"rendered":"CINEMA LESSONS 2025"},"content":{"rendered":"<p>l Cinema Ritrovato is also an extraordinary meeting place, with the opportunity to listen to artists discuss their work, including Coline Serreau, Alice Rohrwacher, Francesca and Paola Comencini, Terry Gilliam, Asghar Farhadi, Jonathan Glazer, Jim Jarmusch, Robert Wilson, Brady Corbet, legendary cinematographer Peter Suschitzki, head of Gaumont, Nicolas Seydoux, John Simenon, son of Georges, director of the Cannes Film Festival and Institut Lumi\u00e8re, Thierry Fr\u00e9maux, pioneer of the cinema of Guinea-Bissau, Sana Na N\u2019Hada, one of the most authoritative American film critics, Molly Haskell, and John Huston\u2019s production secretary, Angela Allen. The Boarini Award, dedicated to those who have distinguished themselves in the safeguarding and diffusion of cinema heritage, will this year be presented to four recipients on four separate occasions: Sophie Seydoux, founder of Fondation J\u00e9r\u00f4me Seydoux-Path\u00e9, Shivendra Singh Dungarpur, founder of the Film Heritage Foundation in India, Boudjem\u00e2a Kar\u00e8che, founder of Cin\u00e9math\u00e8que algerienne, and Manuela Padoan, director of Cin\u00e9math\u00e8que Gaumont.<\/p>","protected":false},"excerpt":{"rendered":"<p>l Cinema Ritrovato is also an extraordinary meeting place, with the opportunity to listen to artists discuss their work, including Coline Serreau, Alice Rohrwacher, Francesca and Paola Comencini, Terry Gilliam, Asghar Farhadi, Jonathan Glazer, Jim Jarmusch, Robert Wilson, Brady Corbet, legendary cinematographer Peter Suschitzki, head of Gaumont, Nicolas Seydoux, John Simenon, son of Georges, director [&hellip;]<\/p>\n","protected":false},"author":23,"featured_media":0,"parent":0,"menu_order":0,"comment_status":"closed","ping_status":"closed","template":"","meta":{"footnotes":""},"class_list":["post-78092","page","type-page","status-publish","hentry"],"acf":[],"_links":{"self":[{"href":"https:\/\/ilcinemaritrovato.it\/en\/wp-json\/wp\/v2\/pages\/78092","targetHints":{"allow":["GET"]}}],"collection":[{"href":"https:\/\/ilcinemaritrovato.it\/en\/wp-json\/wp\/v2\/pages"}],"about":[{"href":"https:\/\/ilcinemaritrovato.it\/en\/wp-json\/wp\/v2\/types\/page"}],"author":[{"embeddable":true,"href":"https:\/\/ilcinemaritrovato.it\/en\/wp-json\/wp\/v2\/users\/23"}],"replies":[{"embeddable":true,"href":"https:\/\/ilcinemaritrovato.it\/en\/wp-json\/wp\/v2\/comments?post=78092"}],"version-history":[{"count":2,"href":"https:\/\/ilcinemaritrovato.it\/en\/wp-json\/wp\/v2\/pages\/78092\/revisions"}],"predecessor-version":[{"id":83018,"href":"https:\/\/ilcinemaritrovato.it\/en\/wp-json\/wp\/v2\/pages\/78092\/revisions\/83018"}],"wp:attachment":[{"href":"https:\/\/ilcinemaritrovato.it\/en\/wp-json\/wp\/v2\/media?parent=78092"}],"curies":[{"name":"wp","href":"https:\/\/api.w.org\/{rel}","templated":true}]}}