{"id":57704,"date":"2020-06-24T19:41:05","date_gmt":"2020-06-24T17:41:05","guid":{"rendered":"http:\/\/ilcinemaritrovato.it\/?page_id=57704"},"modified":"2020-06-24T19:41:05","modified_gmt":"2020-06-24T17:41:05","slug":"ragazze-che-resistono","status":"publish","type":"page","link":"https:\/\/ilcinemaritrovato.it\/en\/ragazze-che-resistono\/","title":{"rendered":"Dedicato alle ragazze che resistono\u00a0"},"content":{"rendered":"<p class=\"qtranxs-available-languages-message qtranxs-available-languages-message-en\">Sorry, this entry is only available in <a href=\"https:\/\/ilcinemaritrovato.it\/it\/wp-json\/wp\/v2\/pages\/57704\" class=\"qtranxs-available-language-link qtranxs-available-language-link-it\" title=\"Italiano\">Italiano<\/a>.<\/p><p><\/p>\n<h5>\u00a0<\/h5>\n<p style=\"text-align: right\"><em>\u201cHa detto qualcuno in questi ultimi mesi che una catastrofe naturale \u00e8 il sogno di un tiranno, perch\u00e9 attraverso la paura si pu\u00f2 far passare qualsiasi legge e qualsiasi restrizione della libert\u00e0\u201d.<br \/>\n<\/em>Emanuela Rossi<\/p>\n<p>&nbsp;<\/p>\n<p>Fiaba dark in forma di disaster movie con venature horror, <em>Buio<\/em> affronta temi quali la violenza di genere, l\u2019abuso sui minori e la crisi ambientale conferendo una chiara valenza politica e sociale alla vicenda familiare narrata.\u00a0<\/p>\n<p>Nel film c\u2019\u00e8 un dentro, le mura domestiche in cui le tre ragazze sono confinate, ed un fuori, un mondo pericolosissimo che lo spettatore, come le tre sorelle, conosce dapprima solamente attraverso il racconto angoscioso e artificioso del padre-padrone.\u00a0<br \/>\nQuest\u2019ultimo, mosso da un apparente senso di protezione, si comporta a tutti gli effetti come un tiranno costringendo le figlie ad una reclusione forzata ma, a suo dire, necessaria. Loro, del resto, sono donne e, in quanto tali, troppo fragili per resistere a quel terribile \u201cfuori\u201d.\u00a0<\/p>\n<p>La retorica, la religione, la narrazione sono gli strumenti che l\u2019uomo utilizza per esercitare il pieno controllo sulle vite delle ragazze, cos\u00ec, proprio come un dittatore, egli costruisce un sistema perfetto basato sulla ritualit\u00e0, sull\u2019indottrinamento, sul rispetto di regole ferree, concedendo di tanto in tanto piccole preziose ricompense (la \u201cfesta dell\u2019aria\u201d, o un ballo serale ad esempio).\u00a0<br \/>\nIn questo sistema perfetto ci\u00f2 che sfugge al suo controllo \u00e8 tuttavia la capacit\u00e0 e la volont\u00e0 delle ragazze (soprattutto la pi\u00f9 grande) di resistere, e di farlo dal \u201cdentro\u201d prima ancora di scoprire che \u00e8 possibile anche fuori. <br \/>\nUna volta esplorato l\u2019esterno, poi, di certo lo scenario non appare idilliaco:\u00a0 il caldo \u00e8 soffocante, le condizioni meteorologiche non sono delle migliori, il clima sta impazzendo, tuttavia nessuna donna sta bruciando agonizzante sotto i raggi di un sole malato. Il fuori \u00e8 certamente una sfida ma una sfida che pu\u00f2 essere colta \u201cpersino\u201d da due adolescenti e una bambina.\u00a0<\/p>\n<p>\n<span style=\"color: #ffffff\">p<\/span><\/p>\n<p><a href=\"http:\/\/ilcinemaritrovato.it\/consigli-per-giovani-cinefili-al-tempo-del-coronavirus-16\">Ritorna all&#8217;articolo<\/a><\/p>\n<p><\/p>","protected":false},"excerpt":{"rendered":"<p>Sorry, this entry is only available in Italiano. \u00a0 \u201cHa detto qualcuno in questi ultimi mesi che una catastrofe naturale \u00e8 il sogno di un tiranno, perch\u00e9 attraverso la paura si pu\u00f2 far passare qualsiasi legge e qualsiasi restrizione della libert\u00e0\u201d. Emanuela Rossi &nbsp; Fiaba dark in forma di disaster movie con venature horror, Buio [&hellip;]<\/p>\n","protected":false},"author":3,"featured_media":57695,"parent":0,"menu_order":100,"comment_status":"closed","ping_status":"closed","template":"","meta":{"footnotes":""},"class_list":["post-57704","page","type-page","status-publish","has-post-thumbnail","hentry"],"acf":[],"_links":{"self":[{"href":"https:\/\/ilcinemaritrovato.it\/en\/wp-json\/wp\/v2\/pages\/57704","targetHints":{"allow":["GET"]}}],"collection":[{"href":"https:\/\/ilcinemaritrovato.it\/en\/wp-json\/wp\/v2\/pages"}],"about":[{"href":"https:\/\/ilcinemaritrovato.it\/en\/wp-json\/wp\/v2\/types\/page"}],"author":[{"embeddable":true,"href":"https:\/\/ilcinemaritrovato.it\/en\/wp-json\/wp\/v2\/users\/3"}],"replies":[{"embeddable":true,"href":"https:\/\/ilcinemaritrovato.it\/en\/wp-json\/wp\/v2\/comments?post=57704"}],"version-history":[{"count":1,"href":"https:\/\/ilcinemaritrovato.it\/en\/wp-json\/wp\/v2\/pages\/57704\/revisions"}],"predecessor-version":[{"id":57705,"href":"https:\/\/ilcinemaritrovato.it\/en\/wp-json\/wp\/v2\/pages\/57704\/revisions\/57705"}],"wp:featuredmedia":[{"embeddable":true,"href":"https:\/\/ilcinemaritrovato.it\/en\/wp-json\/wp\/v2\/media\/57695"}],"wp:attachment":[{"href":"https:\/\/ilcinemaritrovato.it\/en\/wp-json\/wp\/v2\/media?parent=57704"}],"curies":[{"name":"wp","href":"https:\/\/api.w.org\/{rel}","templated":true}]}}