{"id":57700,"date":"2020-06-24T19:35:33","date_gmt":"2020-06-24T17:35:33","guid":{"rendered":"http:\/\/ilcinemaritrovato.it\/?page_id=57700"},"modified":"2020-06-24T19:56:08","modified_gmt":"2020-06-24T17:56:08","slug":"note-regia","status":"publish","type":"page","link":"https:\/\/ilcinemaritrovato.it\/en\/note-regia\/","title":{"rendered":"Note di regia: la parola a Emanuela Rossi\u00a0"},"content":{"rendered":"<p class=\"qtranxs-available-languages-message qtranxs-available-languages-message-en\">Sorry, this entry is only available in <a href=\"https:\/\/ilcinemaritrovato.it\/it\/wp-json\/wp\/v2\/pages\/57700\" class=\"qtranxs-available-language-link qtranxs-available-language-link-it\" title=\"Italiano\">Italiano<\/a>.<\/p><p><\/p>\n<p style=\"text-align: right\"><em>&#8220;Vorrei tranquillizzare tutti:<\/em> Buio<em> non \u00e8 un film autobiografico. Niente di ci\u00f2 che racconto \u00e8\u00a0successo. Eppure,<\/em> Buio <em>parla di me&#8221;.<\/em><\/p>\n<p>\n &#8220;La prima immagine di questo film \u00e8 quella di una ragazza che sta soffocando, cerca la luce nell\u2019oscurit\u00e0 di un interno domestico. Vengo da una famiglia marchigiana molto religiosa, di quelle in cui alle sette di sera si diceva il rosario: a questa educazione oggi sono grata, soprattutto per il senso del sacro che mi ha regalato, ma a suo tempo ha significato soffrire di sensi di colpa, per un &#8216;terrore&#8217; del peccato che pervadeva un po\u2019 tutto, specie in una famiglia con sei figlie femmine.<\/p>\n<p><a href=\"http:\/\/ilcinemaritrovato.it\/wp-content\/uploads\/sites\/2\/2020\/06\/EMANUELA-ROSSI-1.jpg\" data-rel=\"lightbox-image-0\" data-rl_title=\"\" data-rl_caption=\"\" title=\"\"><img loading=\"lazy\" decoding=\"async\" class=\"size-medium wp-image-57701 alignleft\" src=\"http:\/\/ilcinemaritrovato.it\/wp-content\/uploads\/sites\/2\/2020\/06\/EMANUELA-ROSSI-1-300x214.jpg\" alt=\"\" width=\"300\" height=\"214\" srcset=\"https:\/\/ilcinemaritrovato.it\/wp-content\/uploads\/2020\/06\/EMANUELA-ROSSI-1-300x214.jpg 300w, https:\/\/ilcinemaritrovato.it\/wp-content\/uploads\/2020\/06\/EMANUELA-ROSSI-1-768x549.jpg 768w, https:\/\/ilcinemaritrovato.it\/wp-content\/uploads\/2020\/06\/EMANUELA-ROSSI-1-1024x732.jpg 1024w, https:\/\/ilcinemaritrovato.it\/wp-content\/uploads\/2020\/06\/EMANUELA-ROSSI-1-600x429.jpg 600w, https:\/\/ilcinemaritrovato.it\/wp-content\/uploads\/2020\/06\/EMANUELA-ROSSI-1-800x571.jpg 800w, https:\/\/ilcinemaritrovato.it\/wp-content\/uploads\/2020\/06\/EMANUELA-ROSSI-1-1600x1143.jpg 1600w, https:\/\/ilcinemaritrovato.it\/wp-content\/uploads\/2020\/06\/EMANUELA-ROSSI-1.jpg 2048w\" sizes=\"auto, (max-width: 300px) 100vw, 300px\" \/><\/a>Il mondo fuori? Contaminato, dunque meglio restare a casa, evitare le feste e le discoteche. Da quel senso di claustrofobia nascono molte delle atmosfere di <em>Buio<\/em>: la paura del peccato della ragazza di provincia di allora \u00e8 diventata nel film quella dell\u2019Apocalisse; mentre nella Stella con l\u2019elmetto che va alla scoperta del mondo rivedo me stessa fuorisede all\u2019Universit\u00e0 di Bologna, all\u2019improvviso sola di fronte all\u2019Universo, insieme impaurita e coraggiosa.<\/p>\n<p><i>Buio<\/i> nasce da tutto questo, ma anche dalle mie esperienze pi\u00f9 recenti: in primis un set, quello di <i>Non uccidere<\/i>, che mi ha portato in contatto diretto con la morte. Da amante del cinema d\u2019autore mi sono ritrovata catapultata tra scene del crimine, omicidi, lame di coltelli. E tanti mesi a girare all\u2019obitorio di Torino, con l\u2019odore di formaldeide che ti avvolge e ti fa scorrere le vite \u2013 degli altri, ma anche la tua \u2013 davanti agli occhi.<\/p>\n<p>Queste immagini mi sono rimaste dentro, mi hanno guidato alla scoperta di film che mai avrei pensato di vedere, e mi hanno svelato un cinema d\u2019autore che sempre di pi\u00f9 si sta ibridando con le forme e le atmosfere del \u201cgenere\u201d: c\u2019erano sicuramente modi pi\u00f9 realistici per raccontare una ragazza di provincia soffocata dalla famiglia, ma io cercavo un\u2019astrazione che \u2013 tornando con la mente ai miei ricordi di giovane spettatrice davanti alla tv \u2013 trovavo pi\u00f9 in certi film <i>\u00e0 la<\/i> Hitchcock che in un cinema naturalistico.\u00a0<\/p>\n<p>Non \u00e8 stato facile fare un film cos\u00ec, in Italia. Da indipendenti, il produttore Claudio Corbucci e io ci siamo riusciti, e ne siamo fieri: <em>Buio<\/em> \u00e8 un<em> bildungsroman<\/em> in piena regola, un inno alla vita e alla forza dell\u2019adolescenza che trova una via d\u2019uscita. Sempre&#8221;.<\/p>\n<p>Emanuela Rossi\u00a0<\/p>\n<h5>Guarda la <a href=\"https:\/\/www.facebook.com\/watch\/live\/?v=253636815936377&amp;ref=watch_permalink\">presentazione di <em>Buio<\/em><\/a> dalla viva voce della regista in occasione delle proiezioni in streaming nel progetto #iorestoinsala. <span style=\"color: #ffffff\">p<\/span><\/h5>\n<p><a href=\"http:\/\/ilcinemaritrovato.it\/consigli-per-giovani-cinefili-al-tempo-del-coronavirus-16\">Ritorna all&#8217;articolo<\/a><\/p>\n<p><\/p>","protected":false},"excerpt":{"rendered":"<p>Sorry, this entry is only available in Italiano. &#8220;Vorrei tranquillizzare tutti: Buio non \u00e8 un film autobiografico. Niente di ci\u00f2 che racconto \u00e8\u00a0successo. Eppure, Buio parla di me&#8221;. &#8220;La prima immagine di questo film \u00e8 quella di una ragazza che sta soffocando, cerca la luce nell\u2019oscurit\u00e0 di un interno domestico. Vengo da una famiglia marchigiana [&hellip;]<\/p>\n","protected":false},"author":3,"featured_media":57697,"parent":0,"menu_order":101,"comment_status":"closed","ping_status":"closed","template":"","meta":{"footnotes":""},"class_list":["post-57700","page","type-page","status-publish","has-post-thumbnail","hentry"],"acf":[],"_links":{"self":[{"href":"https:\/\/ilcinemaritrovato.it\/en\/wp-json\/wp\/v2\/pages\/57700","targetHints":{"allow":["GET"]}}],"collection":[{"href":"https:\/\/ilcinemaritrovato.it\/en\/wp-json\/wp\/v2\/pages"}],"about":[{"href":"https:\/\/ilcinemaritrovato.it\/en\/wp-json\/wp\/v2\/types\/page"}],"author":[{"embeddable":true,"href":"https:\/\/ilcinemaritrovato.it\/en\/wp-json\/wp\/v2\/users\/3"}],"replies":[{"embeddable":true,"href":"https:\/\/ilcinemaritrovato.it\/en\/wp-json\/wp\/v2\/comments?post=57700"}],"version-history":[{"count":3,"href":"https:\/\/ilcinemaritrovato.it\/en\/wp-json\/wp\/v2\/pages\/57700\/revisions"}],"predecessor-version":[{"id":57719,"href":"https:\/\/ilcinemaritrovato.it\/en\/wp-json\/wp\/v2\/pages\/57700\/revisions\/57719"}],"wp:featuredmedia":[{"embeddable":true,"href":"https:\/\/ilcinemaritrovato.it\/en\/wp-json\/wp\/v2\/media\/57697"}],"wp:attachment":[{"href":"https:\/\/ilcinemaritrovato.it\/en\/wp-json\/wp\/v2\/media?parent=57700"}],"curies":[{"name":"wp","href":"https:\/\/api.w.org\/{rel}","templated":true}]}}