{"id":57535,"date":"2020-06-18T01:13:39","date_gmt":"2020-06-17T23:13:39","guid":{"rendered":"http:\/\/ilcinemaritrovato.it\/?page_id=57535"},"modified":"2020-06-18T02:12:05","modified_gmt":"2020-06-18T00:12:05","slug":"discorso-finale","status":"publish","type":"page","link":"https:\/\/ilcinemaritrovato.it\/en\/discorso-finale\/","title":{"rendered":"Il discorso finale"},"content":{"rendered":"<p class=\"qtranxs-available-languages-message qtranxs-available-languages-message-en\">Sorry, this entry is only available in <a href=\"https:\/\/ilcinemaritrovato.it\/it\/wp-json\/wp\/v2\/pages\/57535\" class=\"qtranxs-available-language-link qtranxs-available-language-link-it\" title=\"Italiano\">Italiano<\/a>.<\/p><p><\/p>\n<p>&nbsp;<\/p>\n<p dir=\"ltr\" style=\"text-align: right\"><em>Per concludere: il finale. Mi sembrava la fine pi\u00f9 logica per questa storia. Qualcuno ha scritto che \u00e8 in contrasto con il personaggio del barbiere. E con ci\u00f2? Cosa c&#8217;\u00e8 di male ad aver deciso di concludere la mia commedia con una nota che riflette, in modo onesto e realistico, la situazione in cui viviamo<br \/>\nfacendo appello a un mondo migliore?\u00a0<\/em><br \/>\n (Charlie Chaplin, 1940)<\/p>\n<p dir=\"ltr\">\u00a0<\/p>\n<p dir=\"ltr\"><a href=\"http:\/\/ilcinemaritrovato.it\/wp-content\/uploads\/sites\/2\/2020\/06\/27605id_056_w1600.jpg\" data-rel=\"lightbox-image-0\" data-rl_title=\"\" data-rl_caption=\"\" title=\"\"><img loading=\"lazy\" decoding=\"async\" class=\"size-medium wp-image-57487 alignleft\" src=\"http:\/\/ilcinemaritrovato.it\/wp-content\/uploads\/sites\/2\/2020\/06\/27605id_056_w1600-300x169.jpg\" alt=\"\" width=\"300\" height=\"169\" srcset=\"https:\/\/ilcinemaritrovato.it\/wp-content\/uploads\/2020\/06\/27605id_056_w1600-300x169.jpg 300w, https:\/\/ilcinemaritrovato.it\/wp-content\/uploads\/2020\/06\/27605id_056_w1600-768x432.jpg 768w, https:\/\/ilcinemaritrovato.it\/wp-content\/uploads\/2020\/06\/27605id_056_w1600-1024x576.jpg 1024w, https:\/\/ilcinemaritrovato.it\/wp-content\/uploads\/2020\/06\/27605id_056_w1600-600x338.jpg 600w, https:\/\/ilcinemaritrovato.it\/wp-content\/uploads\/2020\/06\/27605id_056_w1600-800x450.jpg 800w, https:\/\/ilcinemaritrovato.it\/wp-content\/uploads\/2020\/06\/27605id_056_w1600.jpg 1600w\" sizes=\"auto, (max-width: 300px) 100vw, 300px\" \/><\/a>Il discorso tenuto nel finale del film dal barbiere sosia del dittatore Hynkel, \u00e8 ancor oggi riconosciuto come uno dei pi\u00f9 potenti inni alla democrazia e alla pace mai pronunciati. Fu per\u00f2 anche un grande punto di svolta nella carriera di Chaplin: per la prima volta infatti il pi\u00f9 noto interprete del cinema muto mondiale scandiva delle parole attraverso la propria voce (in<em> Tempi moderni<\/em> aveva in effetti parlato, ma pronunciando parole in un incomprensibile grammelot).<\/p>\n<p dir=\"ltr\"><em>\u201cDovevo farlo\u201d, ha spiegato Chaplin. \u201cSemplicemente dovevo farlo. Non c\u2019era altro modo in cui potessi esprimere in modo adeguato quanto ci tenessi. Era arrivata l\u2019ora di smettere di scherzare. Avevano avuto le loro risate. Ed era stato molto divertente, no? Ma ora dovevano ascoltare. Volevo che smettessero di essere cos\u00ec dannatamente contenti.\u201d<\/em><br \/>\n (New York World Telegraph, 18 ottobre 1940)<\/p>\n<p dir=\"ltr\">Cos\u00ec, dopo mesi di riscrittura, Chaplin termin\u00f2 la stesura del discorso ed infine lo recit\u00f2, dando cos\u00ec\u00a0 voce all&#8217;uomo comune in grado finalmente di lanciare il proprio grido contro la guerra e contro ogni forma di totalitarismo.\u00a0<\/p>\n<p dir=\"ltr\">In seguito, pi\u00f9 volte Chaplin fu accusato da ogni parte per il sentimentalismo e la genericit\u00e0 delle parole che nel finale del <em>Grande dittatore<\/em> volle pronunciare, tuttavia ad oggi restano innegabili quantomeno la forza e l&#8217;incisivit\u00e0 del suo appello all&#8217;umanit\u00e0.<br \/>\n <span style=\"color: #ffffff\">p<\/span><\/p>\n<p><a href=\"http:\/\/ilcinemaritrovato.it\/consigli-per-giovani-cinefili-al-tempo-del-coronavirus-15\">Ritorna all&#8217;articolo<\/a><\/p>\n<p><\/p>","protected":false},"excerpt":{"rendered":"<p>Sorry, this entry is only available in Italiano. &nbsp; Per concludere: il finale. Mi sembrava la fine pi\u00f9 logica per questa storia. Qualcuno ha scritto che \u00e8 in contrasto con il personaggio del barbiere. E con ci\u00f2? Cosa c&#8217;\u00e8 di male ad aver deciso di concludere la mia commedia con una nota che riflette, in [&hellip;]<\/p>\n","protected":false},"author":3,"featured_media":57490,"parent":0,"menu_order":104,"comment_status":"closed","ping_status":"closed","template":"","meta":{"footnotes":""},"class_list":["post-57535","page","type-page","status-publish","has-post-thumbnail","hentry"],"acf":[],"_links":{"self":[{"href":"https:\/\/ilcinemaritrovato.it\/en\/wp-json\/wp\/v2\/pages\/57535","targetHints":{"allow":["GET"]}}],"collection":[{"href":"https:\/\/ilcinemaritrovato.it\/en\/wp-json\/wp\/v2\/pages"}],"about":[{"href":"https:\/\/ilcinemaritrovato.it\/en\/wp-json\/wp\/v2\/types\/page"}],"author":[{"embeddable":true,"href":"https:\/\/ilcinemaritrovato.it\/en\/wp-json\/wp\/v2\/users\/3"}],"replies":[{"embeddable":true,"href":"https:\/\/ilcinemaritrovato.it\/en\/wp-json\/wp\/v2\/comments?post=57535"}],"version-history":[{"count":3,"href":"https:\/\/ilcinemaritrovato.it\/en\/wp-json\/wp\/v2\/pages\/57535\/revisions"}],"predecessor-version":[{"id":57579,"href":"https:\/\/ilcinemaritrovato.it\/en\/wp-json\/wp\/v2\/pages\/57535\/revisions\/57579"}],"wp:featuredmedia":[{"embeddable":true,"href":"https:\/\/ilcinemaritrovato.it\/en\/wp-json\/wp\/v2\/media\/57490"}],"wp:attachment":[{"href":"https:\/\/ilcinemaritrovato.it\/en\/wp-json\/wp\/v2\/media?parent=57535"}],"curies":[{"name":"wp","href":"https:\/\/api.w.org\/{rel}","templated":true}]}}