{"id":57485,"date":"2020-06-17T17:49:05","date_gmt":"2020-06-17T15:49:05","guid":{"rendered":"http:\/\/ilcinemaritrovato.it\/?page_id=57485"},"modified":"2020-06-18T02:15:59","modified_gmt":"2020-06-18T00:15:59","slug":"laddio-di-charlot","status":"publish","type":"page","link":"https:\/\/ilcinemaritrovato.it\/en\/laddio-di-charlot\/","title":{"rendered":"L&#8217;addio di Charlot"},"content":{"rendered":"<p class=\"qtranxs-available-languages-message qtranxs-available-languages-message-en\">Sorry, this entry is only available in <a href=\"https:\/\/ilcinemaritrovato.it\/it\/wp-json\/wp\/v2\/pages\/57485\" class=\"qtranxs-available-language-link qtranxs-available-language-link-it\" title=\"Italiano\">Italiano<\/a>.<\/p><p><\/p>\n<p>Nonostante il film utilizzi il sonoro, Chaplin privilegia, come nei film precedenti, il linguaggio del corpo e delle mimiche facciali. Il personaggio del barbiere incarna qui i valori e le attitudini proprie di Charlot (il celebre vagabondo che Chaplin aveva interpretato fin dal 1914) e dello stesso regista: pacifismo, solidariet\u00e0, un approccio alla vita romantico e trasognato.<\/p>\n<p>\u00c8 nel commovente discorso finale che si arriva alla totale coincidenza fra il barbiere ebreo, Chaplin e la maschera da lui creata e resa popolare in tutto il mondo. Il discorso all&#8217;umanit\u00e0 \u00e8 un appello appassionato e vibrante di emozione, un invito, rivolto a tutti i popoli del mondo, a riscoprire l&#8217;amore per l&#8217;Altro, la ricerca della felicit\u00e0 indiduale e universale, la condivisione delle ricchezze e dei beni materiali.<br \/>\n Ma c&#8217;\u00e8 anche un altro tema centrale, proprio anche della precedente produzione cinematografica di Chaplin: il tema della macchina. Come gi\u00e0 in <i>Tempi moderni<\/i>, le straordinarie scoperte della tecnica, piuttosto che segnare passi in avanti per il progresso della civilt\u00e0, rappresentano una minaccia per l&#8217;umanit\u00e0 stessa, sempre pi\u00f9 propensa a trasformare in macchina da guerra e distruzione quegli strumenti moderni che avrebbero invece potuto &#8220;accorciare&#8221; le distanze fra gli uomini e renderli pi\u00f9 vicini. Tale condizione \u00e8 determinata anche dal fatto che il potere e la gestione dei suoi strumenti \u00e8 concentrata nelle mani di pochi mentre il popolo \u00e8 schiacciato in una condizione di sudditanza.<\/p>\n<p><span style=\"color: #ffffff\">p<\/span><\/p>\n<p><a href=\"http:\/\/ilcinemaritrovato.it\/consigli-per-giovani-cinefili-al-tempo-del-coronavirus-15\">Ritorna all&#8217;articolo<\/a><\/p>\n<p><\/p>","protected":false},"excerpt":{"rendered":"<p>Sorry, this entry is only available in Italiano. Nonostante il film utilizzi il sonoro, Chaplin privilegia, come nei film precedenti, il linguaggio del corpo e delle mimiche facciali. Il personaggio del barbiere incarna qui i valori e le attitudini proprie di Charlot (il celebre vagabondo che Chaplin aveva interpretato fin dal 1914) e dello stesso [&hellip;]<\/p>\n","protected":false},"author":3,"featured_media":57580,"parent":0,"menu_order":107,"comment_status":"closed","ping_status":"closed","template":"","meta":{"footnotes":""},"class_list":["post-57485","page","type-page","status-publish","has-post-thumbnail","hentry"],"acf":[],"_links":{"self":[{"href":"https:\/\/ilcinemaritrovato.it\/en\/wp-json\/wp\/v2\/pages\/57485","targetHints":{"allow":["GET"]}}],"collection":[{"href":"https:\/\/ilcinemaritrovato.it\/en\/wp-json\/wp\/v2\/pages"}],"about":[{"href":"https:\/\/ilcinemaritrovato.it\/en\/wp-json\/wp\/v2\/types\/page"}],"author":[{"embeddable":true,"href":"https:\/\/ilcinemaritrovato.it\/en\/wp-json\/wp\/v2\/users\/3"}],"replies":[{"embeddable":true,"href":"https:\/\/ilcinemaritrovato.it\/en\/wp-json\/wp\/v2\/comments?post=57485"}],"version-history":[{"count":5,"href":"https:\/\/ilcinemaritrovato.it\/en\/wp-json\/wp\/v2\/pages\/57485\/revisions"}],"predecessor-version":[{"id":57581,"href":"https:\/\/ilcinemaritrovato.it\/en\/wp-json\/wp\/v2\/pages\/57485\/revisions\/57581"}],"wp:featuredmedia":[{"embeddable":true,"href":"https:\/\/ilcinemaritrovato.it\/en\/wp-json\/wp\/v2\/media\/57580"}],"wp:attachment":[{"href":"https:\/\/ilcinemaritrovato.it\/en\/wp-json\/wp\/v2\/media?parent=57485"}],"curies":[{"name":"wp","href":"https:\/\/api.w.org\/{rel}","templated":true}]}}