{"id":57379,"date":"2020-06-11T18:28:12","date_gmt":"2020-06-11T16:28:12","guid":{"rendered":"http:\/\/ilcinemaritrovato.it\/?page_id=57379"},"modified":"2020-06-11T18:28:12","modified_gmt":"2020-06-11T16:28:12","slug":"dali-lotar-acin","status":"publish","type":"page","link":"https:\/\/ilcinemaritrovato.it\/en\/dali-lotar-acin\/","title":{"rendered":"Intorno a Bu\u00f1uel: Dal\u00ec, Lotar, Ac\u00edn"},"content":{"rendered":"<p class=\"qtranxs-available-languages-message qtranxs-available-languages-message-en\">Sorry, this entry is only available in <a href=\"https:\/\/ilcinemaritrovato.it\/it\/wp-json\/wp\/v2\/pages\/57379\" class=\"qtranxs-available-language-link qtranxs-available-language-link-it\" title=\"Italiano\">Italiano<\/a>.<\/p><p><\/p>\n<p>Tra i personaggi citati spicca naturalmente il nome di <strong>Salvador Dal\u00ec<\/strong>, il quale aveva precedentemente collaborato con Bu\u00f1uel per la realizzazione dei film<em> Un chien andalou<\/em> e <em>L&#8217;\u00e2ge d&#8217;or<\/em>.\u00a0La loro fu un&#8217;intesa artistica forte che, come accennato nel film, sub\u00ec una brusca interruzione.<\/p>\n<p>Marie Rebecchi, docente e autrice del libro <em>Parigi 1929: Eisenstein, Bataille, Bu\u00f1uel<\/em> spiega che il conflitto fra i due si apr\u00ec attorno al tema della putrefazione animale, un aspetto centrale e ricorrente nei primi film di Bu\u00f1uel. Dal\u00ec pretendeva che l&#8217;idea di inserire tali immagini di morte, in particolare nel film <em>Le chien Andalou<\/em>, fosse venuta da lui. Al contrario, Bu\u00f1uel afferm\u00f2 pi\u00f9 volte, nelle interviste rilasciate allo scrittore Max Aub, che quelle immagini avevano avuto origine da un suo ricordo d&#8217;infanzia: la scoperta del cadavere in putrefazione di un asino, avvenuta quando aveva dieci anni. Un&#8217;immagine che non riusc\u00ec mai a dimenticare.<br \/>\n La querelle tra i due artisti ebbe inizio cos\u00ec.<\/p>\n<p><a href=\"http:\/\/ilcinemaritrovato.it\/wp-content\/uploads\/sites\/2\/2020\/06\/bunuel-3.jpg\" data-rel=\"lightbox-image-0\" data-rl_title=\"\" data-rl_caption=\"\" title=\"\"><img loading=\"lazy\" decoding=\"async\" class=\"alignnone  wp-image-57326\" src=\"http:\/\/ilcinemaritrovato.it\/wp-content\/uploads\/sites\/2\/2020\/06\/bunuel-3-300x169.jpg\" alt=\"\" width=\"660\" height=\"372\" srcset=\"https:\/\/ilcinemaritrovato.it\/wp-content\/uploads\/2020\/06\/bunuel-3-300x169.jpg 300w, https:\/\/ilcinemaritrovato.it\/wp-content\/uploads\/2020\/06\/bunuel-3-768x432.jpg 768w, https:\/\/ilcinemaritrovato.it\/wp-content\/uploads\/2020\/06\/bunuel-3-1024x576.jpg 1024w, https:\/\/ilcinemaritrovato.it\/wp-content\/uploads\/2020\/06\/bunuel-3-600x338.jpg 600w, https:\/\/ilcinemaritrovato.it\/wp-content\/uploads\/2020\/06\/bunuel-3-800x450.jpg 800w, https:\/\/ilcinemaritrovato.it\/wp-content\/uploads\/2020\/06\/bunuel-3.jpg 1280w\" sizes=\"auto, (max-width: 660px) 100vw, 660px\" \/><\/a><\/p>\n<p dir=\"ltr\">Meno noti sono invece i due collaboratori che affiancarono Bu\u00f1uel in quella grande avventura che fu la lavorazione di <em>Las Hurdes<\/em>: <strong>Eli Lotar<\/strong> e <strong>Ram\u00f3n Ac\u00edn<\/strong>. Il primo fu un fotografo e cineasta francese di origini rumene, assiduo collaboratore della rivista surrealista &#8220;Documents&#8221;. I suoi reportage fotografici precedenti furono fondamentali per la definizione dell&#8217;estetica del documentario <em>Las Hurdes<\/em>.\u00a0Il suo uso della fotografia contribu\u00ec a rendere cos\u00ec brutalmente reali e concreti volti e luoghi ripresi nel film.<br \/>\n Ram\u00f3n Ac\u00edn, pittore, scrittore, poeta, scultore spagnolo, grande amico del regista e dichiaratamente anarchico, fu colui che permise la realizzazione di <em>Las Hurdes<\/em> grazie al generoso gesto che fece di investendo nel film l&#8217;intera somma di denaro vinta alla lotteria di Natale.<\/p>\n<p dir=\"ltr\">Ac\u00edn e sua moglie Katia furono assassinati mediante fucilazione dalle truppe fasciste di Francisco Franco nel 1936, a causa della loro posizione politica. Per lungo tempo il nome dell&#8217;artista fu rimosso dai titoli di coda di <em>Las Hurdes<\/em> ed infine reintrodotto decenni dopo.\u00a0<\/p>\n<p><span style=\"color: #ffffff\">p<\/span><\/p>\n<p><a href=\"https:\/\/ilcinemaritrovato.it\/consigli-per-giovani-cinefili-al-tempo-del-coronavirus-14\">Ritorna all&#8217;articolo<\/a><\/p>\n<p><\/p>","protected":false},"excerpt":{"rendered":"<p>Sorry, this entry is only available in Italiano. Tra i personaggi citati spicca naturalmente il nome di Salvador Dal\u00ec, il quale aveva precedentemente collaborato con Bu\u00f1uel per la realizzazione dei film Un chien andalou e L&#8217;\u00e2ge d&#8217;or.\u00a0La loro fu un&#8217;intesa artistica forte che, come accennato nel film, sub\u00ec una brusca interruzione. Marie Rebecchi, docente e [&hellip;]<\/p>\n","protected":false},"author":3,"featured_media":57383,"parent":0,"menu_order":108,"comment_status":"closed","ping_status":"closed","template":"","meta":{"footnotes":""},"class_list":["post-57379","page","type-page","status-publish","has-post-thumbnail","hentry"],"acf":[],"_links":{"self":[{"href":"https:\/\/ilcinemaritrovato.it\/en\/wp-json\/wp\/v2\/pages\/57379","targetHints":{"allow":["GET"]}}],"collection":[{"href":"https:\/\/ilcinemaritrovato.it\/en\/wp-json\/wp\/v2\/pages"}],"about":[{"href":"https:\/\/ilcinemaritrovato.it\/en\/wp-json\/wp\/v2\/types\/page"}],"author":[{"embeddable":true,"href":"https:\/\/ilcinemaritrovato.it\/en\/wp-json\/wp\/v2\/users\/3"}],"replies":[{"embeddable":true,"href":"https:\/\/ilcinemaritrovato.it\/en\/wp-json\/wp\/v2\/comments?post=57379"}],"version-history":[{"count":3,"href":"https:\/\/ilcinemaritrovato.it\/en\/wp-json\/wp\/v2\/pages\/57379\/revisions"}],"predecessor-version":[{"id":57382,"href":"https:\/\/ilcinemaritrovato.it\/en\/wp-json\/wp\/v2\/pages\/57379\/revisions\/57382"}],"wp:featuredmedia":[{"embeddable":true,"href":"https:\/\/ilcinemaritrovato.it\/en\/wp-json\/wp\/v2\/media\/57383"}],"wp:attachment":[{"href":"https:\/\/ilcinemaritrovato.it\/en\/wp-json\/wp\/v2\/media?parent=57379"}],"curies":[{"name":"wp","href":"https:\/\/api.w.org\/{rel}","templated":true}]}}