{"id":57362,"date":"2020-06-11T16:41:41","date_gmt":"2020-06-11T14:41:41","guid":{"rendered":"http:\/\/ilcinemaritrovato.it\/?page_id=57362"},"modified":"2020-06-11T16:41:41","modified_gmt":"2020-06-11T14:41:41","slug":"parola-al-regista","status":"publish","type":"page","link":"https:\/\/ilcinemaritrovato.it\/en\/parola-al-regista\/","title":{"rendered":"Tra sogno e realt\u00e0\u00a0"},"content":{"rendered":"<p class=\"qtranxs-available-languages-message qtranxs-available-languages-message-en\">Sorry, this entry is only available in <a href=\"https:\/\/ilcinemaritrovato.it\/it\/wp-json\/wp\/v2\/pages\/57362\" class=\"qtranxs-available-language-link qtranxs-available-language-link-it\" title=\"Italiano\">Italiano<\/a>.<\/p><p><\/p>\n<p>Se girare il documentario<i> Las Hurdes<\/i> fu per Bu\u00f1uel una scelta coraggiosa, quasi lo stesso si pu\u00f2 dire a proposito della scelta di girare una docu-fiction d&#8217;animazione sulle peripezie legate alla realizzazione di quel film.\u00a0<\/p>\n<p>&#8220;Basterebbe questa scelta eretica e coraggiosa a fare di<i> Bu\u00f1uel &#8211; Nel labirinto delle tartarugh<\/i>e una sorta di Ufo nel panorama del cinema attuale: un film che \u00e8 al contempo una lezione di storia del cinema, una riflessione sul senso dell\u2019arte, una sorprendente esplorazione antropologica e un\u2019inebriante esperienza estetica&#8221;, scrive il critico Gianni Canova su <a href=\"https:\/\/welovecinema.it\/2020\/03\/09\/bunuel-nel-labirinto-delle-tartarughe-la-regia-di-salvador-simo\/\">WeLoveCinema.it<\/a>.<\/p>\n<p>Scelta brillante e perfettamente funzionale alla narrazione, l&#8217;animazione ha permesso al regista di giocare con le categorie di realt\u00e0 e finzione e quasi ribaltarle, affidando ai disegni il racconto del making of di <em>Las Hurdes<\/em> e alle immagini in bianco e nero tratte dal film di Bu\u00f1uel la testimonianza di ci\u00f2 che realmente scatur\u00ec da quell&#8217;avventura produttiva.\u00a0<\/p>\n<p><a href=\"http:\/\/ilcinemaritrovato.it\/wp-content\/uploads\/sites\/2\/2020\/06\/Bunuel_09-1.jpg\" data-rel=\"lightbox-image-0\" data-rl_title=\"\" data-rl_caption=\"\" title=\"\"><img loading=\"lazy\" decoding=\"async\" class=\"alignnone  wp-image-57365\" src=\"http:\/\/ilcinemaritrovato.it\/wp-content\/uploads\/sites\/2\/2020\/06\/Bunuel_09-1-300x128.jpg\" alt=\"\" width=\"677\" height=\"289\" srcset=\"https:\/\/ilcinemaritrovato.it\/wp-content\/uploads\/2020\/06\/Bunuel_09-1-300x128.jpg 300w, https:\/\/ilcinemaritrovato.it\/wp-content\/uploads\/2020\/06\/Bunuel_09-1-768x327.jpg 768w, https:\/\/ilcinemaritrovato.it\/wp-content\/uploads\/2020\/06\/Bunuel_09-1-1024x436.jpg 1024w, https:\/\/ilcinemaritrovato.it\/wp-content\/uploads\/2020\/06\/Bunuel_09-1-600x255.jpg 600w, https:\/\/ilcinemaritrovato.it\/wp-content\/uploads\/2020\/06\/Bunuel_09-1-800x340.jpg 800w, https:\/\/ilcinemaritrovato.it\/wp-content\/uploads\/2020\/06\/Bunuel_09-1-1600x681.jpg 1600w, https:\/\/ilcinemaritrovato.it\/wp-content\/uploads\/2020\/06\/Bunuel_09-1.jpg 1777w\" sizes=\"auto, (max-width: 677px) 100vw, 677px\" \/><\/a><\/p>\n<p>Naturalmente, l&#8217;animazione, in quanto medium privilegiato in grado di dar forma e sostanza a ci\u00f2 che non c&#8217;\u00e8, ben si addice, e anzi si potrebbe dire rende omaggio, alle atmosfere surrealiste. Breton, parlando delle finalit\u00e0 del Surrealismo affermava che la pratica artistica dovesse avere lo scopo di\u00a0 risolvere il rapporto di contraddizione tra sogno e realt\u00e0 e l&#8217;animazione, come molti hanno osservato, \u00e8 perfettamente in grado di coinvolgere lo spettatore in una sorta di sogno ad occhi aperti. Nel film, questo \u00e8 ancor pi\u00f9 evidente nelle sequenze in cui i vividi sogni, o gli incubi, di Luis prendono effettivamente forma confondendosi con il paesaggio circostante.<\/p>\n<p><span style=\"color: #ffffff\">p<\/span><\/p>\n<p><a href=\"https:\/\/ilcinemaritrovato.it\/consigli-per-giovani-cinefili-al-tempo-del-coronavirus-14\">Ritorna all&#8217;articolo<\/a><\/p>\n<p><\/p>","protected":false},"excerpt":{"rendered":"<p>Sorry, this entry is only available in Italiano. Se girare il documentario Las Hurdes fu per Bu\u00f1uel una scelta coraggiosa, quasi lo stesso si pu\u00f2 dire a proposito della scelta di girare una docu-fiction d&#8217;animazione sulle peripezie legate alla realizzazione di quel film.\u00a0 &#8220;Basterebbe questa scelta eretica e coraggiosa a fare di Bu\u00f1uel &#8211; Nel [&hellip;]<\/p>\n","protected":false},"author":3,"featured_media":57364,"parent":0,"menu_order":110,"comment_status":"closed","ping_status":"closed","template":"","meta":{"footnotes":""},"class_list":["post-57362","page","type-page","status-publish","has-post-thumbnail","hentry"],"acf":[],"_links":{"self":[{"href":"https:\/\/ilcinemaritrovato.it\/en\/wp-json\/wp\/v2\/pages\/57362","targetHints":{"allow":["GET"]}}],"collection":[{"href":"https:\/\/ilcinemaritrovato.it\/en\/wp-json\/wp\/v2\/pages"}],"about":[{"href":"https:\/\/ilcinemaritrovato.it\/en\/wp-json\/wp\/v2\/types\/page"}],"author":[{"embeddable":true,"href":"https:\/\/ilcinemaritrovato.it\/en\/wp-json\/wp\/v2\/users\/3"}],"replies":[{"embeddable":true,"href":"https:\/\/ilcinemaritrovato.it\/en\/wp-json\/wp\/v2\/comments?post=57362"}],"version-history":[{"count":2,"href":"https:\/\/ilcinemaritrovato.it\/en\/wp-json\/wp\/v2\/pages\/57362\/revisions"}],"predecessor-version":[{"id":57366,"href":"https:\/\/ilcinemaritrovato.it\/en\/wp-json\/wp\/v2\/pages\/57362\/revisions\/57366"}],"wp:featuredmedia":[{"embeddable":true,"href":"https:\/\/ilcinemaritrovato.it\/en\/wp-json\/wp\/v2\/media\/57364"}],"wp:attachment":[{"href":"https:\/\/ilcinemaritrovato.it\/en\/wp-json\/wp\/v2\/media?parent=57362"}],"curies":[{"name":"wp","href":"https:\/\/api.w.org\/{rel}","templated":true}]}}