{"id":57325,"date":"2020-06-11T16:01:55","date_gmt":"2020-06-11T14:01:55","guid":{"rendered":"http:\/\/ilcinemaritrovato.it\/?page_id=57325"},"modified":"2020-06-11T16:42:11","modified_gmt":"2020-06-11T14:42:11","slug":"bunuel-e-il-surrealismo","status":"publish","type":"page","link":"https:\/\/ilcinemaritrovato.it\/en\/bunuel-e-il-surrealismo\/","title":{"rendered":"Bu\u00f1uel e il Surrealismo"},"content":{"rendered":"<p class=\"qtranxs-available-languages-message qtranxs-available-languages-message-en\">Sorry, this entry is only available in <a href=\"https:\/\/ilcinemaritrovato.it\/it\/wp-json\/wp\/v2\/pages\/57325\" class=\"qtranxs-available-language-link qtranxs-available-language-link-it\" title=\"Italiano\">Italiano<\/a>.<\/p><p><\/p>\n<p>Nato ufficialmente nel 1924 col manifesto redatto dal poeta francese <strong>Andr\u00e9 Breton<\/strong>, il Surrealismo fu un movimento artistico d\u2019avanguardia che, ponendosi come superamento del <a href=\"http:\/\/ilcinemaritrovato.it\/wp-content\/uploads\/sites\/2\/2020\/06\/bunuel-ritratto-da-Dali-1.jpg\" data-rel=\"lightbox-image-0\" data-rl_title=\"\" data-rl_caption=\"\" title=\"\"><img loading=\"lazy\" decoding=\"async\" class=\"size-medium wp-image-57346 alignleft\" src=\"http:\/\/ilcinemaritrovato.it\/wp-content\/uploads\/sites\/2\/2020\/06\/bunuel-ritratto-da-Dali-1-256x300.jpg\" alt=\"\" width=\"256\" height=\"300\" srcset=\"https:\/\/ilcinemaritrovato.it\/wp-content\/uploads\/2020\/06\/bunuel-ritratto-da-Dali-1-256x300.jpg 256w, https:\/\/ilcinemaritrovato.it\/wp-content\/uploads\/2020\/06\/bunuel-ritratto-da-Dali-1-768x900.jpg 768w, https:\/\/ilcinemaritrovato.it\/wp-content\/uploads\/2020\/06\/bunuel-ritratto-da-Dali-1-874x1024.jpg 874w, https:\/\/ilcinemaritrovato.it\/wp-content\/uploads\/2020\/06\/bunuel-ritratto-da-Dali-1-600x703.jpg 600w, https:\/\/ilcinemaritrovato.it\/wp-content\/uploads\/2020\/06\/bunuel-ritratto-da-Dali-1-800x937.jpg 800w, https:\/\/ilcinemaritrovato.it\/wp-content\/uploads\/2020\/06\/bunuel-ritratto-da-Dali-1.jpg 1316w\" sizes=\"auto, (max-width: 256px) 100vw, 256px\" \/><\/a>dadaismo ormai in crisi, intendeva la pratica artistica come espressione del libero funzionamento del pensiero, emancipato dalla ragione. Automatismo, esperienza onirica, incontro violento, non filtrato, con la realt\u00e0 furono concetti chiave alla base dell&#8217;arte surrealista.<\/p>\n<p>Il cinema, in quanto dimensione molto vicina a quella del sogno, fu presto oggetto di riflessioni e teorizzazioni in seno al movimento. Solo in pochi casi, tuttavia, si parla di veri e propri film surrealisti : <i>Un chien Andalou<\/i> (1929) e <em>L&#8217;\u00e2ge d&#8217;or<\/em>\u00a0di <strong>Luis Bu\u00f1uel<\/strong> ne sono forse i due maggiori esempi.<\/p>\n<p>Nel 1925 Bu\u00f1uel si trasfer\u00ec a Parigi e qui realizz\u00f2, insieme a <strong>Salvador Dal\u00ec <\/strong>(autore del ritratto del regista, nell&#8217;immagine in alto a sinistra), il suo primo film. Fin da subito emerse lo spirito fortemente antiborghese e visionario che avrebbe poi caratterizzato tutto il suo cinema . La celebre immagine dell&#8217;occhio di donna squarciato da una lama di <i>Un chien Andalou<\/i>\u00a0racchiudeva gi\u00e0 in s\u00e9 elementi della poetica surrealista del cineasta come quella violenza figurativa necessaria per poter guardare davvero la realt\u00e0, andare oltre di essa e liberare finalmente l&#8217;inconscio.\u00a0All&#8217;uscita in sala il film ebbe successo ma al contempo suscit\u00f2 grande scandalo.\u00a0<br \/>\n Al contrario, <em>L&#8217;\u00e2ge d&#8217;or<\/em>, film ancor pi\u00f9 irriverente, sarcastico, in netta opposizione alle istituzioni &#8211; Chiesa, Esercito, Stato &#8211; provoc\u00f2 l&#8217;ira di molti e ne fu proibita la proiezione in Francia. Questo caus\u00f2 gravi danni finanziari sia per il regista sia per il produttore (il quale rischi\u00f2 peraltro la scomunica da parte della Chiesa).<\/p>\n<p><a href=\"http:\/\/ilcinemaritrovato.it\/wp-content\/uploads\/sites\/2\/2020\/06\/Schermata-2020-06-11-alle-15.34.10.jpg\" data-rel=\"lightbox-image-1\" data-rl_title=\"\" data-rl_caption=\"\" title=\"\"><img loading=\"lazy\" decoding=\"async\" class=\"alignnone  wp-image-57334\" src=\"http:\/\/ilcinemaritrovato.it\/wp-content\/uploads\/sites\/2\/2020\/06\/Schermata-2020-06-11-alle-15.34.10-300x125.jpg\" alt=\"\" width=\"658\" height=\"274\" srcset=\"https:\/\/ilcinemaritrovato.it\/wp-content\/uploads\/2020\/06\/Schermata-2020-06-11-alle-15.34.10-300x125.jpg 300w, https:\/\/ilcinemaritrovato.it\/wp-content\/uploads\/2020\/06\/Schermata-2020-06-11-alle-15.34.10-768x319.jpg 768w, https:\/\/ilcinemaritrovato.it\/wp-content\/uploads\/2020\/06\/Schermata-2020-06-11-alle-15.34.10-1024x425.jpg 1024w, https:\/\/ilcinemaritrovato.it\/wp-content\/uploads\/2020\/06\/Schermata-2020-06-11-alle-15.34.10-600x249.jpg 600w, https:\/\/ilcinemaritrovato.it\/wp-content\/uploads\/2020\/06\/Schermata-2020-06-11-alle-15.34.10-800x332.jpg 800w, https:\/\/ilcinemaritrovato.it\/wp-content\/uploads\/2020\/06\/Schermata-2020-06-11-alle-15.34.10.jpg 1440w\" sizes=\"auto, (max-width: 658px) 100vw, 658px\" \/><\/a><\/p>\n<p>Fu allora che a Bu\u00f1uel capitarono tra le mani gli studi di <strong>Maurice Legendre<\/strong> a proposito delle condizioni sociali della regione spagnola di Las Hurdes. Fu allora che il regista decise di lanciarsi nel progetto di realizzare un documentario surrealista di denuncia sociale. <i>Las Hurdes<\/i> fu infatti una vera scommessa, il tentativo coraggioso ed unico di unire finalit\u00e0 sociali, testimonianza politica ed estetica surrealista.\u00a0<\/p>\n<p><span style=\"color: #ffffff\">p<\/span><\/p>\n<p><a href=\"https:\/\/ilcinemaritrovato.it\/consigli-per-giovani-cinefili-al-tempo-del-coronavirus-14\">Ritorna all&#8217;articolo<\/a><\/p>\n<p><\/p>","protected":false},"excerpt":{"rendered":"<p>Sorry, this entry is only available in Italiano. Nato ufficialmente nel 1924 col manifesto redatto dal poeta francese Andr\u00e9 Breton, il Surrealismo fu un movimento artistico d\u2019avanguardia che, ponendosi come superamento del dadaismo ormai in crisi, intendeva la pratica artistica come espressione del libero funzionamento del pensiero, emancipato dalla ragione. Automatismo, esperienza onirica, incontro violento, [&hellip;]<\/p>\n","protected":false},"author":3,"featured_media":57332,"parent":0,"menu_order":112,"comment_status":"closed","ping_status":"closed","template":"","meta":{"footnotes":""},"class_list":["post-57325","page","type-page","status-publish","has-post-thumbnail","hentry"],"acf":[],"_links":{"self":[{"href":"https:\/\/ilcinemaritrovato.it\/en\/wp-json\/wp\/v2\/pages\/57325","targetHints":{"allow":["GET"]}}],"collection":[{"href":"https:\/\/ilcinemaritrovato.it\/en\/wp-json\/wp\/v2\/pages"}],"about":[{"href":"https:\/\/ilcinemaritrovato.it\/en\/wp-json\/wp\/v2\/types\/page"}],"author":[{"embeddable":true,"href":"https:\/\/ilcinemaritrovato.it\/en\/wp-json\/wp\/v2\/users\/3"}],"replies":[{"embeddable":true,"href":"https:\/\/ilcinemaritrovato.it\/en\/wp-json\/wp\/v2\/comments?post=57325"}],"version-history":[{"count":5,"href":"https:\/\/ilcinemaritrovato.it\/en\/wp-json\/wp\/v2\/pages\/57325\/revisions"}],"predecessor-version":[{"id":57354,"href":"https:\/\/ilcinemaritrovato.it\/en\/wp-json\/wp\/v2\/pages\/57325\/revisions\/57354"}],"wp:featuredmedia":[{"embeddable":true,"href":"https:\/\/ilcinemaritrovato.it\/en\/wp-json\/wp\/v2\/media\/57332"}],"wp:attachment":[{"href":"https:\/\/ilcinemaritrovato.it\/en\/wp-json\/wp\/v2\/media?parent=57325"}],"curies":[{"name":"wp","href":"https:\/\/api.w.org\/{rel}","templated":true}]}}