{"id":57157,"date":"2020-05-29T18:04:16","date_gmt":"2020-05-29T16:04:16","guid":{"rendered":"http:\/\/ilcinemaritrovato.it\/?page_id=57157"},"modified":"2020-05-29T18:04:16","modified_gmt":"2020-05-29T16:04:16","slug":"malattia-e-guerra","status":"publish","type":"page","link":"https:\/\/ilcinemaritrovato.it\/en\/malattia-e-guerra\/","title":{"rendered":"La malattia e la guerra\u00a0"},"content":{"rendered":"<p class=\"qtranxs-available-languages-message qtranxs-available-languages-message-en\">Sorry, this entry is only available in <a href=\"https:\/\/ilcinemaritrovato.it\/it\/wp-json\/wp\/v2\/pages\/57157\" class=\"qtranxs-available-language-link qtranxs-available-language-link-it\" title=\"Italiano\">Italiano<\/a>.<\/p><p><\/p>\n<p dir=\"ltr\">Il tredicesimo capitolo del film \u00e8 l\u2019unico a comprendere nel titolo due nomi propri: <strong>Antoine e Cl\u00e9o<\/strong>. Solo alla fine infatti la protagonista scopre nel giovane soldato uno spirito affine, in grado di comprenderla.\u00a0<\/p>\n<p dir=\"ltr\"><a href=\"http:\/\/ilcinemaritrovato.it\/wp-content\/uploads\/sites\/2\/2020\/05\/244id_Cleo_from_5_to_7_4_w1600-1.jpg\" data-rel=\"lightbox-image-0\" data-rl_title=\"\" data-rl_caption=\"\" title=\"\"><img loading=\"lazy\" decoding=\"async\" class=\"size-medium wp-image-57158 alignleft\" src=\"http:\/\/ilcinemaritrovato.it\/wp-content\/uploads\/sites\/2\/2020\/05\/244id_Cleo_from_5_to_7_4_w1600-1-300x169.jpg\" alt=\"\" width=\"300\" height=\"169\" srcset=\"https:\/\/ilcinemaritrovato.it\/wp-content\/uploads\/2020\/05\/244id_Cleo_from_5_to_7_4_w1600-1-300x169.jpg 300w, https:\/\/ilcinemaritrovato.it\/wp-content\/uploads\/2020\/05\/244id_Cleo_from_5_to_7_4_w1600-1-768x432.jpg 768w, https:\/\/ilcinemaritrovato.it\/wp-content\/uploads\/2020\/05\/244id_Cleo_from_5_to_7_4_w1600-1-1024x576.jpg 1024w, https:\/\/ilcinemaritrovato.it\/wp-content\/uploads\/2020\/05\/244id_Cleo_from_5_to_7_4_w1600-1-600x338.jpg 600w, https:\/\/ilcinemaritrovato.it\/wp-content\/uploads\/2020\/05\/244id_Cleo_from_5_to_7_4_w1600-1-800x450.jpg 800w, https:\/\/ilcinemaritrovato.it\/wp-content\/uploads\/2020\/05\/244id_Cleo_from_5_to_7_4_w1600-1.jpg 1600w\" sizes=\"auto, (max-width: 300px) 100vw, 300px\" \/><\/a>Lei \u00e8 ormai vicina a scoprire i risultati dell\u2019esame clinico, lui, dopo un congedo di tre settimane, si appresta a ripartire per una guerra che non gli appartiene,\u201davrei preferito morire d\u2019amore\u201d confessa in tutta sincerit\u00e0 Antoine, durante la lunga conversazione al parco Montsouris.\u00a0<\/p>\n<p dir=\"ltr\">Pur non conoscendosi i due condividono la stessa angosciosa sensazione di finitezza e ma per questo sono in grado di mettersi a nudo l\u2019uno nei confronti dell\u2019altra.\u00a0<\/p>\n<p dir=\"ltr\">Agn\u00e8s Varda ha voluto che i due personaggi chiave del film incarnassero due grandi paure collettive della Francia di fine anni Cinquanta-inizio Sessanta : il cancro da una parte, la guerra d\u2019Algeria dall\u2019altra.\u00a0<\/p>\n<p dir=\"ltr\">Per poter rappresentare al meglio il timore della malattia e le lacerazioni personali che essa comporta, la regista ha avviato una vera e propria indagine sul campo frequentando per qualche tempo l\u2019Institut Curie e raccogliendo testimonianze sullo stato d\u2019animo di chi ha atteso e poi scoperto di essere malato.\u00a0<\/p>\n<p dir=\"ltr\">Diverso \u00e8 invece il modo in cui ha dipinto l\u2019angoscia di Antoine nei confronti della guerra.\u00a0<br \/>\nLa Guerra d\u2019Algeria era scoppiata nel 1953 e nel 1961 si avviava al termine. Durante quegli anni molti intellettuali e molti registi si erano pronunciati a favore della pace e, per questo, molti film a carattere anticolonialista o antimilitarista avevano subito i tagli della censura o addirittura la totale negazione del visto per l\u2019uscita in sala (fu il caso, ad esempio, di <em>Le Petit Soldat<\/em> di <strong>Jean-Luc Godard<\/strong>).\u00a0<\/p>\n<p dir=\"ltr\">Il 1962 \u00e8 un anno decisivo in questo senso, il primo dall\u2019inizio della guerra in cui \u00e8 permessa l\u2019uscita in sala di film con allusioni pi\u00f9 o meno esplicite al conflitto. <em>Cl\u00e9o<\/em> \u00e8 uno di questi.\u00a0<\/p>\n<p dir=\"ltr\">Di Antoine Agn\u00e8s Varda lascia trasparire alcuni tratti della personalit\u00e0, alcuni sentimenti ma nulla che abbia a che fare direttamente con le atrocit\u00e0 che ha visto, inflitto o subito in guerra. Lo scopo \u00e8 quello di non individualizzare il personaggio, di non renderlo un caso singolare, ma di dipingere un\u2019angoscia che pu\u00f2 ugualmente appartenere ad ognuno degli altri due milioni di soldati chiamati al fronte indipendentemente dal loro volere.<br \/>\n<span style=\"color: #ffffff\">pP<\/span><br \/>\n <a href=\"http:\/\/ilcinemaritrovato.it\/consigli-per-giovani-cinefili-al-tempo-del-coronavirus-13\/\">Ritorna all&#8217;articolo<\/a><\/p>\n<p><\/p>","protected":false},"excerpt":{"rendered":"<p>Sorry, this entry is only available in Italiano. Il tredicesimo capitolo del film \u00e8 l\u2019unico a comprendere nel titolo due nomi propri: Antoine e Cl\u00e9o. Solo alla fine infatti la protagonista scopre nel giovane soldato uno spirito affine, in grado di comprenderla.\u00a0 Lei \u00e8 ormai vicina a scoprire i risultati dell\u2019esame clinico, lui, dopo un [&hellip;]<\/p>\n","protected":false},"author":3,"featured_media":57121,"parent":0,"menu_order":113,"comment_status":"closed","ping_status":"closed","template":"","meta":{"footnotes":""},"class_list":["post-57157","page","type-page","status-publish","has-post-thumbnail","hentry"],"acf":[],"_links":{"self":[{"href":"https:\/\/ilcinemaritrovato.it\/en\/wp-json\/wp\/v2\/pages\/57157","targetHints":{"allow":["GET"]}}],"collection":[{"href":"https:\/\/ilcinemaritrovato.it\/en\/wp-json\/wp\/v2\/pages"}],"about":[{"href":"https:\/\/ilcinemaritrovato.it\/en\/wp-json\/wp\/v2\/types\/page"}],"author":[{"embeddable":true,"href":"https:\/\/ilcinemaritrovato.it\/en\/wp-json\/wp\/v2\/users\/3"}],"replies":[{"embeddable":true,"href":"https:\/\/ilcinemaritrovato.it\/en\/wp-json\/wp\/v2\/comments?post=57157"}],"version-history":[{"count":1,"href":"https:\/\/ilcinemaritrovato.it\/en\/wp-json\/wp\/v2\/pages\/57157\/revisions"}],"predecessor-version":[{"id":57159,"href":"https:\/\/ilcinemaritrovato.it\/en\/wp-json\/wp\/v2\/pages\/57157\/revisions\/57159"}],"wp:featuredmedia":[{"embeddable":true,"href":"https:\/\/ilcinemaritrovato.it\/en\/wp-json\/wp\/v2\/media\/57121"}],"wp:attachment":[{"href":"https:\/\/ilcinemaritrovato.it\/en\/wp-json\/wp\/v2\/media?parent=57157"}],"curies":[{"name":"wp","href":"https:\/\/api.w.org\/{rel}","templated":true}]}}