{"id":57144,"date":"2020-05-29T17:10:07","date_gmt":"2020-05-29T15:10:07","guid":{"rendered":"http:\/\/ilcinemaritrovato.it\/?page_id=57144"},"modified":"2020-05-29T17:10:07","modified_gmt":"2020-05-29T15:10:07","slug":"tempo-oggettivo-soggettivo","status":"publish","type":"page","link":"https:\/\/ilcinemaritrovato.it\/en\/tempo-oggettivo-soggettivo\/","title":{"rendered":"Cl\u00e9o: paura e attesa tra tempo oggettivo e tempo soggettivo"},"content":{"rendered":"<p class=\"qtranxs-available-languages-message qtranxs-available-languages-message-en\">Sorry, this entry is only available in <a href=\"https:\/\/ilcinemaritrovato.it\/it\/wp-json\/wp\/v2\/pages\/57144\" class=\"qtranxs-available-language-link qtranxs-available-language-link-it\" title=\"Italiano\">Italiano<\/a>.<\/p><p><\/p>\n<p>In <i>Cl\u00e9o dalle 5 alle 7<\/i> il tempo gioca un ruolo fondamentale, come del resto appare evidente gi\u00e0 a partire dal titolo.<\/p>\n<p>Il film \u00e8 rigorosamente suddiviso in 13 capitoli (il numero 13 richiama quel tredicesimo arcano dei tarocchi che appare nel prologo del film).<br \/>\nCiascun capitolo porta un nome proprio, quello del personaggio chiave della sequenza, e un orario ben preciso di inizio e fine. Questa costruzione cos\u00ec rigida rimanda a certe forme del romanzo novecentesco ed in particolare alla scansione della giornata di <em>Mrs Dalloway<\/em> nell&#8217;omonimo libro di <strong>Virginia Woolf<\/strong> (1925).<\/p>\n<p><a href=\"http:\/\/ilcinemaritrovato.it\/wp-content\/uploads\/sites\/2\/2020\/05\/frqmlbb.png\" data-rel=\"lightbox-image-0\" data-rl_title=\"\" data-rl_caption=\"\" title=\"\"><img loading=\"lazy\" decoding=\"async\" class=\"size-medium wp-image-57142 alignleft\" src=\"http:\/\/ilcinemaritrovato.it\/wp-content\/uploads\/sites\/2\/2020\/05\/frqmlbb-300x188.png\" alt=\"\" width=\"300\" height=\"188\" srcset=\"https:\/\/ilcinemaritrovato.it\/wp-content\/uploads\/2020\/05\/frqmlbb-300x188.png 300w, https:\/\/ilcinemaritrovato.it\/wp-content\/uploads\/2020\/05\/frqmlbb-768x480.png 768w, https:\/\/ilcinemaritrovato.it\/wp-content\/uploads\/2020\/05\/frqmlbb-1024x640.png 1024w, https:\/\/ilcinemaritrovato.it\/wp-content\/uploads\/2020\/05\/frqmlbb-600x375.png 600w, https:\/\/ilcinemaritrovato.it\/wp-content\/uploads\/2020\/05\/frqmlbb-800x500.png 800w, https:\/\/ilcinemaritrovato.it\/wp-content\/uploads\/2020\/05\/frqmlbb-1600x1000.png 1600w, https:\/\/ilcinemaritrovato.it\/wp-content\/uploads\/2020\/05\/frqmlbb.png 1728w\" sizes=\"auto, (max-width: 300px) 100vw, 300px\" \/><\/a>&#8220;Tempo esatto, tempo reale, tragitto reale&#8221; scrive Varda negli appunti per la preparazione del film. Cos\u00ec pu\u00f2 in effetti essere sintetizzata la singolare scelta di raccontare novanta minuti della vita di una giovane cantante senza ricorrere mai a contrazioni temporali di alcun tipo. Nessun flashback, nessuna ellissi: il tempo della storia e il tempo del racconto coincidono perfettamente e cos\u00ec, spiega la regista &#8220;se il mio personaggio deve salire 15 gradini, salir\u00e0 esattamente 15 gradini e ci metter\u00e0 il tempo necessario, secondo il suo stato d&#8217;animo&#8221;.<\/p>\n<p>Proprio quest&#8217;ultima puntualizzazione \u00e8 la chiave per comprendere la percezione del tempo in <i>Cl\u00e9o<\/i>.<\/p>\n<p>Nel film convivono infatti <strong>tempo oggettivo<\/strong> e <strong>tempo soggettivo<\/strong>. Il primo \u00e8 continuamente rammentato dai numerosi orologi che appaiono in scena, o dalla voce dello speaker in radio, il secondo \u00e8 invece legato a ci\u00f2 che Cl\u00e9o prova durante questo tempo di attesa che la separa dallo svelamento dei risultati degli esami clinici. \u00c8 un tempo che appare talvolta dilatato, talvolta contratto, come le parole della stessa Cl\u00e9o suggeriscono quando, ad esempio, nell&#8217;arco di pochi secondi afferma &#8220;ci resta cos\u00ec poco tempo&#8221; e subito dopo &#8220;abbiamo tutto il tempo&#8221;.<\/p>\n<p>&#8220;Ci\u00f2 che mi interessava \u2013 spiega Agn\u00e8s Varda \u2013 era confrontare davanti agli occhi dello spettatore durata oggettiva e soggettiva, mostrargli <em>tranches<\/em> di tempo uguali, accuratamente indicate sullo schermo, e fargli scoprire che una certa passeggiata apparentemente interminabile e un certo episodio breve e brillante, non duravano che cinque minuti idi tempo reale&#8221;.<\/p>\n<p>(Jean Clay, &#8220;Une cin\u00e9aste vous parle: Agn\u00e8s Varda&#8221;, <i>R\u00e9alit\u00e9s<\/i> n. 195, 1962)<\/p>\n<p><span style=\"color: #ffffff\"><br \/>\n P<\/span><br \/>\n <a href=\"http:\/\/ilcinemaritrovato.it\/consigli-per-giovani-cinefili-al-tempo-del-coronavirus-13\/\">Ritorna all&#8217;articolo<\/a><\/p>\n<p><\/p>","protected":false},"excerpt":{"rendered":"<p>Sorry, this entry is only available in Italiano. In Cl\u00e9o dalle 5 alle 7 il tempo gioca un ruolo fondamentale, come del resto appare evidente gi\u00e0 a partire dal titolo. Il film \u00e8 rigorosamente suddiviso in 13 capitoli (il numero 13 richiama quel tredicesimo arcano dei tarocchi che appare nel prologo del film). Ciascun capitolo [&hellip;]<\/p>\n","protected":false},"author":3,"featured_media":57125,"parent":0,"menu_order":115,"comment_status":"closed","ping_status":"closed","template":"","meta":{"footnotes":""},"class_list":["post-57144","page","type-page","status-publish","has-post-thumbnail","hentry"],"acf":[],"_links":{"self":[{"href":"https:\/\/ilcinemaritrovato.it\/en\/wp-json\/wp\/v2\/pages\/57144","targetHints":{"allow":["GET"]}}],"collection":[{"href":"https:\/\/ilcinemaritrovato.it\/en\/wp-json\/wp\/v2\/pages"}],"about":[{"href":"https:\/\/ilcinemaritrovato.it\/en\/wp-json\/wp\/v2\/types\/page"}],"author":[{"embeddable":true,"href":"https:\/\/ilcinemaritrovato.it\/en\/wp-json\/wp\/v2\/users\/3"}],"replies":[{"embeddable":true,"href":"https:\/\/ilcinemaritrovato.it\/en\/wp-json\/wp\/v2\/comments?post=57144"}],"version-history":[{"count":2,"href":"https:\/\/ilcinemaritrovato.it\/en\/wp-json\/wp\/v2\/pages\/57144\/revisions"}],"predecessor-version":[{"id":57147,"href":"https:\/\/ilcinemaritrovato.it\/en\/wp-json\/wp\/v2\/pages\/57144\/revisions\/57147"}],"wp:featuredmedia":[{"embeddable":true,"href":"https:\/\/ilcinemaritrovato.it\/en\/wp-json\/wp\/v2\/media\/57125"}],"wp:attachment":[{"href":"https:\/\/ilcinemaritrovato.it\/en\/wp-json\/wp\/v2\/media?parent=57144"}],"curies":[{"name":"wp","href":"https:\/\/api.w.org\/{rel}","templated":true}]}}