{"id":57132,"date":"2020-05-29T16:55:36","date_gmt":"2020-05-29T14:55:36","guid":{"rendered":"http:\/\/ilcinemaritrovato.it\/?page_id=57132"},"modified":"2020-05-29T16:55:36","modified_gmt":"2020-05-29T14:55:36","slug":"parigi-estate-1961","status":"publish","type":"page","link":"https:\/\/ilcinemaritrovato.it\/en\/parigi-estate-1961\/","title":{"rendered":"Parigi, estate 1961"},"content":{"rendered":"<p class=\"qtranxs-available-languages-message qtranxs-available-languages-message-en\">Sorry, this entry is only available in <a href=\"https:\/\/ilcinemaritrovato.it\/it\/wp-json\/wp\/v2\/pages\/57132\" class=\"qtranxs-available-language-link qtranxs-available-language-link-it\" title=\"Italiano\">Italiano<\/a>.<\/p><p><\/p>\n<p>A partire da rue de Rivoli, quartiere commerciale sulla rive droite (la riva destra) fino ad arrivare all&#8217;ospedale Piti\u00e9-Salp\u00eatri\u00e8re sulla &#8220;rive gauche&#8221; (riva sinistra) Cl\u00e9o compie un tragitto circolare in 48 tappe attraverso le strade della Parigi del 1961.<\/p>\n<p><a href=\"http:\/\/ilcinemaritrovato.it\/wp-content\/uploads\/sites\/2\/2020\/05\/Paris_1536x20481.jpg\" data-rel=\"lightbox-image-0\" data-rl_title=\"\" data-rl_caption=\"\" title=\"\"><img loading=\"lazy\" decoding=\"async\" class=\"size-medium wp-image-57133 alignleft\" src=\"http:\/\/ilcinemaritrovato.it\/wp-content\/uploads\/sites\/2\/2020\/05\/Paris_1536x20481-300x293.jpg\" alt=\"\" width=\"300\" height=\"293\" srcset=\"https:\/\/ilcinemaritrovato.it\/wp-content\/uploads\/2020\/05\/Paris_1536x20481-300x293.jpg 300w, https:\/\/ilcinemaritrovato.it\/wp-content\/uploads\/2020\/05\/Paris_1536x20481-768x751.jpg 768w, https:\/\/ilcinemaritrovato.it\/wp-content\/uploads\/2020\/05\/Paris_1536x20481-1024x1001.jpg 1024w, https:\/\/ilcinemaritrovato.it\/wp-content\/uploads\/2020\/05\/Paris_1536x20481-600x587.jpg 600w, https:\/\/ilcinemaritrovato.it\/wp-content\/uploads\/2020\/05\/Paris_1536x20481-800x782.jpg 800w, https:\/\/ilcinemaritrovato.it\/wp-content\/uploads\/2020\/05\/Paris_1536x20481.jpg 1037w\" sizes=\"auto, (max-width: 300px) 100vw, 300px\" \/><\/a>Attenta a rispettare la topografia e a mantenere un approccio documentaristico (l&#8217;immagine qui a fianco \u00e8 stratta dal sito <a href=\"http:\/\/psychogeographicreview.com\/cleos-journey\/\">Psychogeographic Review<\/a>), Agn\u00e8s Varda ha scelto di filmare luoghi significativi ella vita parigina restituendone la verit\u00e0 sociologica e la dimensione sonora. Il d\u00e9cor non rimane neutro ma, al contrario, entra costantemente in relazione con la protagonista e con la sua realt\u00e0 interiore, il suo stato d&#8217;animo.<\/p>\n<p>Questa forte relazione con il paesaggio urbano fa di Cl\u00e9o una sorta di documentario sulla citt\u00e0 in quel determinato periodo storico.<\/p>\n<p>Il caf\u00e9, luogo molto apprezzato e immortalato da tutti i cineasti della <strong>Nouvelle Vague<\/strong>, \u00e8 uno degli ambienti prediletti dalla macchina da presa di Varda.<\/p>\n<p>La strada con i marciapiedi brulicanti di persone \u00e8 il luogo in cui dapprima Cl\u00e9o verifica la propria capacit\u00e0 di seduzione attraverso gli sguardi dei passanti, e dove in seguito metter\u00e0 alla prova il suo stesso sguardo, osservando finalmente ci\u00f2 che la circonda.<\/p>\n<p>Il tragitto in taxi svela una Parigi trafficata, persino caotica, dalla quale la ragazza si isola, prende le distanze, rifugiandosi nella bolla protettiva costituita dall&#8217;abitacolo dell&#8217;automobile.<\/p>\n<p>Solo all&#8217;arrivo presso il parco Montsouris, Cl\u00e9o \u00e8 finalmente pronta ad incontrare un&#8217;altra persona, a condividere del tempo con lui, con Antoine, il soldato in congedo che, come lei, attende con rassegnazione l&#8217;arrivo dell&#8217;ora in cui dovr\u00e0 ripartire, poich\u00e9 impegnato nella guerra d&#8217;Algeria.<\/p>\n<p><span style=\"color: #ffffff\"><br \/>\n P<\/span><br \/>\n <a href=\"http:\/\/ilcinemaritrovato.it\/consigli-per-giovani-cinefili-al-tempo-del-coronavirus-13\/\">Ritorna all&#8217;articolo<\/a><\/p>\n<p><\/p>","protected":false},"excerpt":{"rendered":"<p>Sorry, this entry is only available in Italiano. A partire da rue de Rivoli, quartiere commerciale sulla rive droite (la riva destra) fino ad arrivare all&#8217;ospedale Piti\u00e9-Salp\u00eatri\u00e8re sulla &#8220;rive gauche&#8221; (riva sinistra) Cl\u00e9o compie un tragitto circolare in 48 tappe attraverso le strade della Parigi del 1961. Attenta a rispettare la topografia e a mantenere [&hellip;]<\/p>\n","protected":false},"author":3,"featured_media":57140,"parent":0,"menu_order":116,"comment_status":"closed","ping_status":"closed","template":"","meta":{"footnotes":""},"class_list":["post-57132","page","type-page","status-publish","has-post-thumbnail","hentry"],"acf":[],"_links":{"self":[{"href":"https:\/\/ilcinemaritrovato.it\/en\/wp-json\/wp\/v2\/pages\/57132","targetHints":{"allow":["GET"]}}],"collection":[{"href":"https:\/\/ilcinemaritrovato.it\/en\/wp-json\/wp\/v2\/pages"}],"about":[{"href":"https:\/\/ilcinemaritrovato.it\/en\/wp-json\/wp\/v2\/types\/page"}],"author":[{"embeddable":true,"href":"https:\/\/ilcinemaritrovato.it\/en\/wp-json\/wp\/v2\/users\/3"}],"replies":[{"embeddable":true,"href":"https:\/\/ilcinemaritrovato.it\/en\/wp-json\/wp\/v2\/comments?post=57132"}],"version-history":[{"count":1,"href":"https:\/\/ilcinemaritrovato.it\/en\/wp-json\/wp\/v2\/pages\/57132\/revisions"}],"predecessor-version":[{"id":57143,"href":"https:\/\/ilcinemaritrovato.it\/en\/wp-json\/wp\/v2\/pages\/57132\/revisions\/57143"}],"wp:featuredmedia":[{"embeddable":true,"href":"https:\/\/ilcinemaritrovato.it\/en\/wp-json\/wp\/v2\/media\/57140"}],"wp:attachment":[{"href":"https:\/\/ilcinemaritrovato.it\/en\/wp-json\/wp\/v2\/media?parent=57132"}],"curies":[{"name":"wp","href":"https:\/\/api.w.org\/{rel}","templated":true}]}}