{"id":57128,"date":"2020-05-29T16:36:54","date_gmt":"2020-05-29T14:36:54","guid":{"rendered":"http:\/\/ilcinemaritrovato.it\/?page_id=57128"},"modified":"2020-05-29T17:11:04","modified_gmt":"2020-05-29T15:11:04","slug":"celo-genesi","status":"publish","type":"page","link":"https:\/\/ilcinemaritrovato.it\/en\/celo-genesi\/","title":{"rendered":"La genesi"},"content":{"rendered":"<p class=\"qtranxs-available-languages-message qtranxs-available-languages-message-en\">Sorry, this entry is only available in <a href=\"https:\/\/ilcinemaritrovato.it\/it\/wp-json\/wp\/v2\/pages\/57128\" class=\"qtranxs-available-language-link qtranxs-available-language-link-it\" title=\"Italiano\">Italiano<\/a>.<\/p><p><\/p>\n<p>Nel 1959-&#8217;60 la regista belga Agn\u00e8s Varda scrive un progetto per un lungometraggio dal titolo<i> La M\u00e9langite<\/i>, gioco di parole tra m\u00e9lange e meningite. Il produttore Georges de Beauregard, preoccupato per i costi di realizzazione del film, si rende disponibile a finanziare il progetto a patto che si giri un film a basso budget. Varda sceglie allora di limitare le spese ambientando l&#8217;intera vicenda a Parigi, la sua citt\u00e0, ed esaurendo l&#8217;azione nell&#8217;arco di due sole ore di un giorno di giugno.<\/p>\n<p><a href=\"http:\/\/ilcinemaritrovato.it\/wp-content\/uploads\/sites\/2\/2020\/05\/Cl\u00e9o-dalle-5-alle-7-locandina.jpg\" data-rel=\"lightbox-image-0\" data-rl_title=\"\" data-rl_caption=\"\" title=\"\"><img loading=\"lazy\" decoding=\"async\" class=\"size-medium wp-image-57112 alignleft\" src=\"http:\/\/ilcinemaritrovato.it\/wp-content\/uploads\/sites\/2\/2020\/05\/Cl\u00e9o-dalle-5-alle-7-locandina-213x300.jpg\" alt=\"\" width=\"213\" height=\"300\" srcset=\"https:\/\/ilcinemaritrovato.it\/wp-content\/uploads\/2020\/05\/Cl\u00e9o-dalle-5-alle-7-locandina-213x300.jpg 213w, https:\/\/ilcinemaritrovato.it\/wp-content\/uploads\/2020\/05\/Cl\u00e9o-dalle-5-alle-7-locandina-768x1080.jpg 768w, https:\/\/ilcinemaritrovato.it\/wp-content\/uploads\/2020\/05\/Cl\u00e9o-dalle-5-alle-7-locandina-728x1024.jpg 728w, https:\/\/ilcinemaritrovato.it\/wp-content\/uploads\/2020\/05\/Cl\u00e9o-dalle-5-alle-7-locandina-600x844.jpg 600w, https:\/\/ilcinemaritrovato.it\/wp-content\/uploads\/2020\/05\/Cl\u00e9o-dalle-5-alle-7-locandina-800x1125.jpg 800w, https:\/\/ilcinemaritrovato.it\/wp-content\/uploads\/2020\/05\/Cl\u00e9o-dalle-5-alle-7-locandina.jpg 853w\" sizes=\"auto, (max-width: 213px) 100vw, 213px\" \/><\/a>Scartando molto presto l&#8217;idea iniziale di un ragazzo protagonista, la regista opta per una giovane e frivola cantante, ispirata ad alcune figure femminili della musica leggera e a Cl\u00e9o de M\u00e9rode, cantante e danzatrice della Belle Epoque citata poi nel film.<\/p>\n<p>A seguito di alcune ricerche di carattere sociologico, Varda decide che a dominare sia il sentimento della paura, incontrollabile e diffusa. Il cancro negli anni Sessanta era in effetti, come spiega la stessa Varda, una delle grandi paure collettive. Parigi, l&#8217;altra vera protagonista del film, \u00e8 allora vista attraverso lo sguardo, a tratti deformante, di una persona in preda al proprio peggior timore.<\/p>\n<p>Come spesso accade nel cinema di Agn\u00e8s Varda, la sceneggiatura si nutre poi di rimandi alle arti visive e alla letteratura. In fase di scrittura di <i>Cl\u00e9o<\/i> l&#8217;immagine che torna spesso nei pensieri della regista \u00e8 quella di una giovane donna bionda e lasciva abbracciata ad uno scheletro, un&#8217;immagine ispirata ad un&#8217;opera del pittore tedesco <strong>Hans Baldung Grien<\/strong>, tra i primi illustratori del tema della relazione contro natura tra Eros e Thanatos, amore e morte. Un&#8217;iconografia talvolta associata alle epidemie e alla peste, a cui Varda si \u00e8 ispirata per tradurre sul grande schermo la paura della morte che attanaglia Cl\u00e9o. Numerose sono poi le ispirazioni letterarie: da <i>Jacques il fatalista e il suo padrone<\/i> di <strong>Diderot<\/strong>, Varda mutua le figure erranti della fatalista Ang\u00e8le, la governante, e di Cl\u00e9o. Il personaggio di quest&#8217;ultima richiama, in parte, anche la fragile Rosanette de <i>L&#8217;educazione sentimentale<\/i> di <strong>Flaubert<\/strong>, mentre il tormentato vagabondaggio per le strade di Parigi rievoca il solitario girovagare di Malte Lourids Brigge, protagonista del romanzo <i>I quaderni di Malte Laurids Brigge <\/i>di <strong>Rilke<\/strong>.<\/p>\n<p><span style=\"color: #ffffff\"><br \/>\n P<\/span><br \/>\n <a href=\"http:\/\/ilcinemaritrovato.it\/consigli-per-giovani-cinefili-al-tempo-del-coronavirus-13\/\">Ritorna all&#8217;articolo<\/a><\/p>\n<p><\/p>","protected":false},"excerpt":{"rendered":"<p>Sorry, this entry is only available in Italiano. Nel 1959-&#8217;60 la regista belga Agn\u00e8s Varda scrive un progetto per un lungometraggio dal titolo La M\u00e9langite, gioco di parole tra m\u00e9lange e meningite. Il produttore Georges de Beauregard, preoccupato per i costi di realizzazione del film, si rende disponibile a finanziare il progetto a patto che [&hellip;]<\/p>\n","protected":false},"author":3,"featured_media":57123,"parent":0,"menu_order":117,"comment_status":"closed","ping_status":"closed","template":"","meta":{"footnotes":""},"class_list":["post-57128","page","type-page","status-publish","has-post-thumbnail","hentry"],"acf":[],"_links":{"self":[{"href":"https:\/\/ilcinemaritrovato.it\/en\/wp-json\/wp\/v2\/pages\/57128","targetHints":{"allow":["GET"]}}],"collection":[{"href":"https:\/\/ilcinemaritrovato.it\/en\/wp-json\/wp\/v2\/pages"}],"about":[{"href":"https:\/\/ilcinemaritrovato.it\/en\/wp-json\/wp\/v2\/types\/page"}],"author":[{"embeddable":true,"href":"https:\/\/ilcinemaritrovato.it\/en\/wp-json\/wp\/v2\/users\/3"}],"replies":[{"embeddable":true,"href":"https:\/\/ilcinemaritrovato.it\/en\/wp-json\/wp\/v2\/comments?post=57128"}],"version-history":[{"count":2,"href":"https:\/\/ilcinemaritrovato.it\/en\/wp-json\/wp\/v2\/pages\/57128\/revisions"}],"predecessor-version":[{"id":57146,"href":"https:\/\/ilcinemaritrovato.it\/en\/wp-json\/wp\/v2\/pages\/57128\/revisions\/57146"}],"wp:featuredmedia":[{"embeddable":true,"href":"https:\/\/ilcinemaritrovato.it\/en\/wp-json\/wp\/v2\/media\/57123"}],"wp:attachment":[{"href":"https:\/\/ilcinemaritrovato.it\/en\/wp-json\/wp\/v2\/media?parent=57128"}],"curies":[{"name":"wp","href":"https:\/\/api.w.org\/{rel}","templated":true}]}}