{"id":56998,"date":"2020-05-22T18:36:09","date_gmt":"2020-05-22T16:36:09","guid":{"rendered":"http:\/\/ilcinemaritrovato.it\/?page_id=56998"},"modified":"2020-05-22T18:36:09","modified_gmt":"2020-05-22T16:36:09","slug":"buona-commedia","status":"publish","type":"page","link":"https:\/\/ilcinemaritrovato.it\/en\/buona-commedia\/","title":{"rendered":"Per dirigere una buona commedia bisogna essere molto seri"},"content":{"rendered":"<p class=\"qtranxs-available-languages-message qtranxs-available-languages-message-en\">Sorry, this entry is only available in <a href=\"https:\/\/ilcinemaritrovato.it\/it\/wp-json\/wp\/v2\/pages\/56998\" class=\"qtranxs-available-language-link qtranxs-available-language-link-it\" title=\"Italiano\">Italiano<\/a>.<\/p><p><\/p>\n<p dir=\"ltr\">Allievo di uno dei pi\u00f9 amati registi della storia del cinema, <strong>Ernst Lubitsch<\/strong>, ed erede di quel particolare <em>Lubitsch&#8217;s touch<\/em> cui ci si riferisce di solito per indicare la sua peculiare capacit\u00e0 di adottare soluzioni registiche brillanti, mai scontate e sempre perfettamente coerenti, Billy Wilder ha sempre preferito uno stile di regia che puntasse alla chiarezza, ed evitasse inutili virtuosismi.\u00a0<\/p>\n<p dir=\"ltr\"><a href=\"http:\/\/ilcinemaritrovato.it\/wp-content\/uploads\/sites\/2\/2020\/05\/The_Apartment-271929985-large.jpg\" data-rel=\"lightbox-image-0\" data-rl_title=\"\" data-rl_caption=\"\" title=\"\"><img loading=\"lazy\" decoding=\"async\" class=\" wp-image-57001 alignleft\" src=\"http:\/\/ilcinemaritrovato.it\/wp-content\/uploads\/sites\/2\/2020\/05\/The_Apartment-271929985-large-300x166.jpg\" alt=\"\" width=\"323\" height=\"179\" srcset=\"https:\/\/ilcinemaritrovato.it\/wp-content\/uploads\/2020\/05\/The_Apartment-271929985-large-300x166.jpg 300w, https:\/\/ilcinemaritrovato.it\/wp-content\/uploads\/2020\/05\/The_Apartment-271929985-large-768x424.jpg 768w, https:\/\/ilcinemaritrovato.it\/wp-content\/uploads\/2020\/05\/The_Apartment-271929985-large-1024x565.jpg 1024w, https:\/\/ilcinemaritrovato.it\/wp-content\/uploads\/2020\/05\/The_Apartment-271929985-large-600x331.jpg 600w, https:\/\/ilcinemaritrovato.it\/wp-content\/uploads\/2020\/05\/The_Apartment-271929985-large-800x442.jpg 800w, https:\/\/ilcinemaritrovato.it\/wp-content\/uploads\/2020\/05\/The_Apartment-271929985-large.jpg 1600w\" sizes=\"auto, (max-width: 323px) 100vw, 323px\" \/><\/a>La sua dichiarazione &#8220;io non faccio cinema, faccio film&#8221; colp\u00ec molto la critica a lui contemporanea e a questo proposito Wilder, provocatorio, ironico e umilissimo a un tempo, disse:\u00a0<\/p>\n<p dir=\"ltr\"><em>&#8220;S\u00ec, \u00e8 proprio cos\u00ec. Io non faccio cinema, faccio film, film per divertire. Tra le due cose c&#8217;\u00e8 la stessa differenza che passa tra un tomo rilegato e un racconto settimanale a puntate. In altre parole sono cose fatte per essere apprezzate nel momento in cui escono, non per durare&#8221;<\/em>.\u00a0<\/p>\n<p dir=\"ltr\">Rigoroso, ma anche disponibile e aperto nei confronti dei propri collaboratori e degli attori, sul set Wilder sapeva creare un&#8217;atmosfera serena, sapeva divertirsi e lasciare che gli altri si divertissero.\u00a0<em><br \/>\n L&#8217;appartamento<\/em> venne girato in cinquanta giorni e montato in meno di una settimana, tempi brevissimi dovuti ad una perfetta consapevolezza di cosa e come girare.\u00a0<br \/>\n L&#8217;idea di base di ogni film consiste nel riprodurre sullo schermo tutto quello che si \u00e8 messo prima su carta. Tutto quanto in modo da renderlo pi\u00f9 chiaro.<\/p>\n<p> <em>&#8220;Io non ho mai ripreso un volto da una certa angolatura, poi da un&#8217;altra, poi da un&#8217;altra ancora. No, io ho sempre girato una sola inquadratura. Non mi affannavo mai a cercare un&#8217;angolatura troppo particolare. Stavo solo attento a girare le scene in modo coordinato per i tagli giusti&#8221;<\/em>.\u00a0<\/p>\n<p dir=\"ltr\"><em><a href=\"http:\/\/ilcinemaritrovato.it\/wp-content\/uploads\/sites\/2\/2020\/05\/a3acc30205afacb76d31d31b1bea0793.jpg\" data-rel=\"lightbox-image-1\" data-rl_title=\"\" data-rl_caption=\"\" title=\"\"><img loading=\"lazy\" decoding=\"async\" class=\"wp-image-56999 alignleft\" src=\"http:\/\/ilcinemaritrovato.it\/wp-content\/uploads\/sites\/2\/2020\/05\/a3acc30205afacb76d31d31b1bea0793-300x169.jpg\" alt=\"\" width=\"339\" height=\"192\" srcset=\"https:\/\/ilcinemaritrovato.it\/wp-content\/uploads\/2020\/05\/a3acc30205afacb76d31d31b1bea0793-300x169.jpg 300w, https:\/\/ilcinemaritrovato.it\/wp-content\/uploads\/2020\/05\/a3acc30205afacb76d31d31b1bea0793-768x432.jpg 768w, https:\/\/ilcinemaritrovato.it\/wp-content\/uploads\/2020\/05\/a3acc30205afacb76d31d31b1bea0793-1024x576.jpg 1024w, https:\/\/ilcinemaritrovato.it\/wp-content\/uploads\/2020\/05\/a3acc30205afacb76d31d31b1bea0793-600x338.jpg 600w, https:\/\/ilcinemaritrovato.it\/wp-content\/uploads\/2020\/05\/a3acc30205afacb76d31d31b1bea0793-800x450.jpg 800w, https:\/\/ilcinemaritrovato.it\/wp-content\/uploads\/2020\/05\/a3acc30205afacb76d31d31b1bea0793-1600x900.jpg 1600w, https:\/\/ilcinemaritrovato.it\/wp-content\/uploads\/2020\/05\/a3acc30205afacb76d31d31b1bea0793.jpg 1920w\" sizes=\"auto, (max-width: 339px) 100vw, 339px\" \/><\/a>L&#8217;appartamento<\/em> non fa eccezione. L&#8217;uso frequente di totali e e panoramiche dall&#8217;alto \u00e8 funzionale a rendere l&#8217;idea che Baxter sia piccolo, solo, ma in lotta con ci\u00f2 che sembra soggiogarlo: una societ\u00e0 schiacciante, corrotta, votata al profitto, omologatrice.\u00a0<\/p>\n<p dir=\"ltr\">Dal punto di vista della composizione visiva del film, si nota invece l&#8217;alternanza conflittuale tra verticalit\u00e0\u00a0 e orizzontalit\u00e0, sintesi figurativa del tema dell&#8217;arrampicata sociale. Se da una parte l&#8217;architettura del palazzo in cui Baxter lavora, la disposizione gerarchica degli uffici e la centralit\u00e0 dell&#8217;ascensore rappresentano con chiarezza le aspirazioni fasulle del protagonista, dall&#8217;altra il suo vagare per lunghi rettilinei, in solitaria, aderisce perfettamente ai suoi momenti di frustrazione.<\/p>\n<p><span style=\"color: #ffffff\"><br \/>\n P<\/span><br \/>\n <a href=\"http:\/\/ilcinemaritrovato.it\/consigli-per-giovani-cinefili-al-tempo-del-coronavirus-12\/\">Ritorna all&#8217;articolo<\/a><\/p>\n<p><\/p>","protected":false},"excerpt":{"rendered":"<p>Sorry, this entry is only available in Italiano. Allievo di uno dei pi\u00f9 amati registi della storia del cinema, Ernst Lubitsch, ed erede di quel particolare Lubitsch&#8217;s touch cui ci si riferisce di solito per indicare la sua peculiare capacit\u00e0 di adottare soluzioni registiche brillanti, mai scontate e sempre perfettamente coerenti, Billy Wilder ha sempre [&hellip;]<\/p>\n","protected":false},"author":3,"featured_media":56953,"parent":0,"menu_order":118,"comment_status":"closed","ping_status":"closed","template":"","meta":{"footnotes":""},"class_list":["post-56998","page","type-page","status-publish","has-post-thumbnail","hentry"],"acf":[],"_links":{"self":[{"href":"https:\/\/ilcinemaritrovato.it\/en\/wp-json\/wp\/v2\/pages\/56998","targetHints":{"allow":["GET"]}}],"collection":[{"href":"https:\/\/ilcinemaritrovato.it\/en\/wp-json\/wp\/v2\/pages"}],"about":[{"href":"https:\/\/ilcinemaritrovato.it\/en\/wp-json\/wp\/v2\/types\/page"}],"author":[{"embeddable":true,"href":"https:\/\/ilcinemaritrovato.it\/en\/wp-json\/wp\/v2\/users\/3"}],"replies":[{"embeddable":true,"href":"https:\/\/ilcinemaritrovato.it\/en\/wp-json\/wp\/v2\/comments?post=56998"}],"version-history":[{"count":2,"href":"https:\/\/ilcinemaritrovato.it\/en\/wp-json\/wp\/v2\/pages\/56998\/revisions"}],"predecessor-version":[{"id":57003,"href":"https:\/\/ilcinemaritrovato.it\/en\/wp-json\/wp\/v2\/pages\/56998\/revisions\/57003"}],"wp:featuredmedia":[{"embeddable":true,"href":"https:\/\/ilcinemaritrovato.it\/en\/wp-json\/wp\/v2\/media\/56953"}],"wp:attachment":[{"href":"https:\/\/ilcinemaritrovato.it\/en\/wp-json\/wp\/v2\/media?parent=56998"}],"curies":[{"name":"wp","href":"https:\/\/api.w.org\/{rel}","templated":true}]}}