{"id":56983,"date":"2020-05-22T16:55:40","date_gmt":"2020-05-22T14:55:40","guid":{"rendered":"http:\/\/ilcinemaritrovato.it\/?page_id=56983"},"modified":"2020-05-22T16:59:00","modified_gmt":"2020-05-22T14:59:00","slug":"idea-film","status":"publish","type":"page","link":"https:\/\/ilcinemaritrovato.it\/en\/idea-film\/","title":{"rendered":"L&#8217;idea del film"},"content":{"rendered":"<p class=\"qtranxs-available-languages-message qtranxs-available-languages-message-en\">Sorry, this entry is only available in <a href=\"https:\/\/ilcinemaritrovato.it\/it\/wp-json\/wp\/v2\/pages\/56983\" class=\"qtranxs-available-language-link qtranxs-available-language-link-it\" title=\"Italiano\">Italiano<\/a>.<\/p><p><\/p>\n<p>&nbsp;<\/p>\n<p dir=\"ltr\" style=\"text-align: right\"><em>&#8220;Ricordo molto, molto bene come \u00e8 nato<\/em> L\u2019appartamento. <em>Vidi<\/em> Breve incontro <em>di David Lean, e nel film Trevor Howard era il protagonista. Un uomo sposato ha una relazione con una donna sposata, e usa l&#8217;appartamento di un compagno per i suoi scopi sessuali. Ho sempre avuto in testa che l\u2019amico di Trevor Howard, che appare solo in una o due piccole scene, che torna a casa e si getta sul letto caldo che gli amanti hanno appena lasciato, sarebbe stato un personaggio molto interessante&#8221;.<\/em><br \/>\n Billy Wilder<\/p>\n<p><span style=\"color: #ffffff\">p<\/span><\/p>\n<p dir=\"ltr\">Fu cos\u00ec, da un personaggio secondario di un altro film, che Wilder trasse spunto per il suo C.C. Baxter e si appunt\u00f2 alcune note su un taccuino che avrebbe poi ripreso in mano anni dopo, al termine della lavorazione di <em>A qualcuno piace caldo<\/em>, altro film con Jack Lemmon.\u00a0\u00a0<\/p>\n<p dir=\"ltr\">L&#8217;idea per la trama venne invece da una notizia che fece scandalo in quel periodo:\u00a0<br \/>\n &#8220;Un agente che aveva una relazione con una cliente venne ucciso dal marito della donna. Ma l\u2019interessante era che lui stava usando l\u2019appartamento di uno dei suoi sottoposti all\u2019agenzia. Quello ci dette il tipo di relazione giusta per la trama, qualcuno che sta usando il pi\u00f9 basso della sua compagnia, approfittando del suo appartamento&#8221;.<br \/>\n (I.A.L. Diamond)<\/p>\n<p dir=\"ltr\"><a href=\"http:\/\/ilcinemaritrovato.it\/wp-content\/uploads\/sites\/2\/2020\/05\/7fefd7ea06dc38023a349a47d2eaca9e.jpg\" data-rel=\"lightbox-image-0\" data-rl_title=\"\" data-rl_caption=\"\" title=\"\"><img loading=\"lazy\" decoding=\"async\" class=\"size-medium wp-image-56984 alignleft\" src=\"http:\/\/ilcinemaritrovato.it\/wp-content\/uploads\/sites\/2\/2020\/05\/7fefd7ea06dc38023a349a47d2eaca9e-300x300.jpg\" alt=\"\" width=\"300\" height=\"300\" srcset=\"https:\/\/ilcinemaritrovato.it\/wp-content\/uploads\/2020\/05\/7fefd7ea06dc38023a349a47d2eaca9e-300x300.jpg 300w, https:\/\/ilcinemaritrovato.it\/wp-content\/uploads\/2020\/05\/7fefd7ea06dc38023a349a47d2eaca9e-150x150.jpg 150w, https:\/\/ilcinemaritrovato.it\/wp-content\/uploads\/2020\/05\/7fefd7ea06dc38023a349a47d2eaca9e-768x768.jpg 768w, https:\/\/ilcinemaritrovato.it\/wp-content\/uploads\/2020\/05\/7fefd7ea06dc38023a349a47d2eaca9e-600x600.jpg 600w, https:\/\/ilcinemaritrovato.it\/wp-content\/uploads\/2020\/05\/7fefd7ea06dc38023a349a47d2eaca9e-800x800.jpg 800w, https:\/\/ilcinemaritrovato.it\/wp-content\/uploads\/2020\/05\/7fefd7ea06dc38023a349a47d2eaca9e.jpg 900w\" sizes=\"auto, (max-width: 300px) 100vw, 300px\" \/><\/a>Il Diamond a cui si \u00e8 appena fatto riferimento \u00e8 lo sceneggiatore premio Oscar del film, ed \u00e8 stato forse il pi\u00f9 stretto collaboratore di Billy Wilder, il loro sodalizio dur\u00f2 infatti oltre vent&#8217;anni. Insieme idearono alcuni capolavori wilderiani, da <em>Arianna<\/em> (1957) a <em>A qualcuno piace caldo<\/em> (1959), da <em>Irma la dolce<\/em> (1963) a <em>Non per soldi &#8230; ma per denaro<\/em> (1966).<\/p>\n<p dir=\"ltr\">Nel prezioso libro intervista di Cameron Crowe, alla domanda &#8220;Cosa pu\u00f2 dirmi di Diamond?&#8221; Il regista rispose cos\u00ec:\u00a0<\/p>\n<p dir=\"ltr\">&#8220;<em>Io e Iz siamo stati insieme per venti-venticinque anni e non abbiamo mai parlato di faccende personali neanche una volta. Era perfetto. Al mattino arrivavamo in ufficio alla stessa ora; lui prendeva l&#8217; Hollywood Reporter, io Variety. Poi ci scambiavamo i giornali e dicevamo &#8216;Dove eravamo rimasti?&#8217;.<br \/>\n <\/em><em>Era un uomo unico. Proprio unico.\u00a0 Era bello discutere con lui dei dialoghi o della struttura di un film, e poi veniva sempre sul set&#8221;.<\/em><\/p>\n<p><span style=\"color: #ffffff\"><br \/>\n P<\/span><br \/>\n <a href=\"http:\/\/ilcinemaritrovato.it\/consigli-per-giovani-cinefili-al-tempo-del-coronavirus-12\/\">Ritorna all&#8217;articolo<\/a><\/p>\n<p><\/p>","protected":false},"excerpt":{"rendered":"<p>Sorry, this entry is only available in Italiano. &nbsp; &#8220;Ricordo molto, molto bene come \u00e8 nato L\u2019appartamento. Vidi Breve incontro di David Lean, e nel film Trevor Howard era il protagonista. Un uomo sposato ha una relazione con una donna sposata, e usa l&#8217;appartamento di un compagno per i suoi scopi sessuali. Ho sempre avuto [&hellip;]<\/p>\n","protected":false},"author":3,"featured_media":56960,"parent":0,"menu_order":119,"comment_status":"closed","ping_status":"closed","template":"","meta":{"footnotes":""},"class_list":["post-56983","page","type-page","status-publish","has-post-thumbnail","hentry"],"acf":[],"_links":{"self":[{"href":"https:\/\/ilcinemaritrovato.it\/en\/wp-json\/wp\/v2\/pages\/56983","targetHints":{"allow":["GET"]}}],"collection":[{"href":"https:\/\/ilcinemaritrovato.it\/en\/wp-json\/wp\/v2\/pages"}],"about":[{"href":"https:\/\/ilcinemaritrovato.it\/en\/wp-json\/wp\/v2\/types\/page"}],"author":[{"embeddable":true,"href":"https:\/\/ilcinemaritrovato.it\/en\/wp-json\/wp\/v2\/users\/3"}],"replies":[{"embeddable":true,"href":"https:\/\/ilcinemaritrovato.it\/en\/wp-json\/wp\/v2\/comments?post=56983"}],"version-history":[{"count":2,"href":"https:\/\/ilcinemaritrovato.it\/en\/wp-json\/wp\/v2\/pages\/56983\/revisions"}],"predecessor-version":[{"id":56988,"href":"https:\/\/ilcinemaritrovato.it\/en\/wp-json\/wp\/v2\/pages\/56983\/revisions\/56988"}],"wp:featuredmedia":[{"embeddable":true,"href":"https:\/\/ilcinemaritrovato.it\/en\/wp-json\/wp\/v2\/media\/56960"}],"wp:attachment":[{"href":"https:\/\/ilcinemaritrovato.it\/en\/wp-json\/wp\/v2\/media?parent=56983"}],"curies":[{"name":"wp","href":"https:\/\/api.w.org\/{rel}","templated":true}]}}