{"id":56975,"date":"2020-05-22T16:44:08","date_gmt":"2020-05-22T14:44:08","guid":{"rendered":"http:\/\/ilcinemaritrovato.it\/?page_id=56975"},"modified":"2020-05-22T16:59:27","modified_gmt":"2020-05-22T14:59:27","slug":"appartamento-ambienti","status":"publish","type":"page","link":"https:\/\/ilcinemaritrovato.it\/en\/appartamento-ambienti\/","title":{"rendered":"Nulla \u00e8 per caso: gli ambienti e gli oggetti nell&#8217;Appartamento"},"content":{"rendered":"<p class=\"qtranxs-available-languages-message qtranxs-available-languages-message-en\">Sorry, this entry is only available in <a href=\"https:\/\/ilcinemaritrovato.it\/it\/wp-json\/wp\/v2\/pages\/56975\" class=\"qtranxs-available-language-link qtranxs-available-language-link-it\" title=\"Italiano\">Italiano<\/a>.<\/p><p><\/p>\n<p>&nbsp;<\/p>\n<p>Nel film gli ambienti e gli oggetti, anche i pi\u00f9 piccoli, parlano, acquistano precisi significati.<\/p>\n<p><a href=\"http:\/\/ilcinemaritrovato.it\/wp-content\/uploads\/sites\/2\/2020\/05\/tumblr_p9jesaFzo51qhpuwuo1_1280.jpg\" data-rel=\"lightbox-image-0\" data-rl_title=\"\" data-rl_caption=\"\" title=\"\"><img loading=\"lazy\" decoding=\"async\" class=\" wp-image-56964 alignleft\" src=\"http:\/\/ilcinemaritrovato.it\/wp-content\/uploads\/sites\/2\/2020\/05\/tumblr_p9jesaFzo51qhpuwuo1_1280-300x199.jpg\" alt=\"\" width=\"342\" height=\"227\" srcset=\"https:\/\/ilcinemaritrovato.it\/wp-content\/uploads\/2020\/05\/tumblr_p9jesaFzo51qhpuwuo1_1280-300x199.jpg 300w, https:\/\/ilcinemaritrovato.it\/wp-content\/uploads\/2020\/05\/tumblr_p9jesaFzo51qhpuwuo1_1280-768x509.jpg 768w, https:\/\/ilcinemaritrovato.it\/wp-content\/uploads\/2020\/05\/tumblr_p9jesaFzo51qhpuwuo1_1280-1024x678.jpg 1024w, https:\/\/ilcinemaritrovato.it\/wp-content\/uploads\/2020\/05\/tumblr_p9jesaFzo51qhpuwuo1_1280-600x398.jpg 600w, https:\/\/ilcinemaritrovato.it\/wp-content\/uploads\/2020\/05\/tumblr_p9jesaFzo51qhpuwuo1_1280-800x530.jpg 800w, https:\/\/ilcinemaritrovato.it\/wp-content\/uploads\/2020\/05\/tumblr_p9jesaFzo51qhpuwuo1_1280.jpg 1280w\" sizes=\"auto, (max-width: 342px) 100vw, 342px\" \/><\/a>L&#8217;<a href=\"https:\/\/vimeo.com\/277933828\">appartamento<\/a> che d\u00e0 il titolo al film \u00e8 un ambiente pi\u00f9 simile ad una stanza d&#8217;albergo che ad una casa. Non c&#8217;\u00e8 nulla di vissuto al suo interno, \u00e8 colmo di oggetti d&#8217;arredamento giustapposti, senza un criterio stilistico ad accomunarli. La cucina \u00e8 quasi intonsa, in frigo solo monoporzioni di cibo precotto. Racconta di una persona che in effetti, pur abitando l\u00ec, almeno sulla carta, non vive quasi per nulla quello spazio. Vi \u00e8 poi un particolare da notare, un quadro, sulla parete di fondo: &#8220;\u00e8 una stampa del MOMA, appesa con le puntine&#8221; \u2013 racconta Billy Wilder all&#8217;intervistatore Cameron Crowe, il quale nota che Baxter ha in effetti gusti da scapolo, non ha nessuno accanto che gli dica &#8220;Forse dovresti incorniciarla&#8221;. Wilder aggiunge: &#8220;\u00e8 in linea con il personaggio. Che altro poteva fare mentre il suo appartamento era occupato, specialmente nei giorni festivi, quando lo chiamavano e lui doveva uscire di corsa? Andava al museo a guardare i quadri, poi comprava qualche poster&#8221;.<\/p>\n<p>L&#8217;immenso ufficio occupato da file e file di inquietanti scrivanie tutte rigorosamente uguali, citazione visiva di <em>La folla<\/em> (1928) di King Vidor, film con il quale <i>L&#8217;appartamento<\/i> condivide il tema, rende perfettamente l&#8217;idea paradossale dell&#8217;uomo piccolo, solo e sperduto in una grande motitudine di omuncoli simili a lui.<\/p>\n<p><a href=\"http:\/\/ilcinemaritrovato.it\/wp-content\/uploads\/sites\/2\/2020\/05\/lappartamento-1960-the-apartment-billy-wilder-recensione-05.jpg\" data-rel=\"lightbox-image-1\" data-rl_title=\"\" data-rl_caption=\"\" title=\"\"><img loading=\"lazy\" decoding=\"async\" class=\"wp-image-56957 alignleft\" src=\"http:\/\/ilcinemaritrovato.it\/wp-content\/uploads\/sites\/2\/2020\/05\/lappartamento-1960-the-apartment-billy-wilder-recensione-05-300x129.jpg\" alt=\"\" width=\"342\" height=\"147\" srcset=\"https:\/\/ilcinemaritrovato.it\/wp-content\/uploads\/2020\/05\/lappartamento-1960-the-apartment-billy-wilder-recensione-05-300x129.jpg 300w, https:\/\/ilcinemaritrovato.it\/wp-content\/uploads\/2020\/05\/lappartamento-1960-the-apartment-billy-wilder-recensione-05-768x330.jpg 768w, https:\/\/ilcinemaritrovato.it\/wp-content\/uploads\/2020\/05\/lappartamento-1960-the-apartment-billy-wilder-recensione-05-1024x440.jpg 1024w, https:\/\/ilcinemaritrovato.it\/wp-content\/uploads\/2020\/05\/lappartamento-1960-the-apartment-billy-wilder-recensione-05-600x258.jpg 600w, https:\/\/ilcinemaritrovato.it\/wp-content\/uploads\/2020\/05\/lappartamento-1960-the-apartment-billy-wilder-recensione-05-800x344.jpg 800w, https:\/\/ilcinemaritrovato.it\/wp-content\/uploads\/2020\/05\/lappartamento-1960-the-apartment-billy-wilder-recensione-05.jpg 1440w\" sizes=\"auto, (max-width: 342px) 100vw, 342px\" \/><\/a><em>&#8220;Quella scena l\u2019ho ideata col mio amico scenografo Alexander Trauner, che era franco-ungherese. Era un genio. Abbiamo costruito il set con tutte quelle scrivanie nel Teatro 4 degli studi Goldwyn. Il teatro non era molto ampio, ma noi abbiamo sistemato nelle prime tre file dell\u2019ufficio alcune scrivanie di dimensioni normali e poi, fila dopo fila, scrivanie sempre pi\u00f9 piccole, con comparse sempre pi\u00f9 basse di statura, fino a mettere, sullo sfondo, sagome di gente piccola cos\u00ec. E fuori, per avere un effetto &#8216;dall\u2019alto&#8217;, facevamo circolare minuscole macchinine. [&#8230;] Bast\u00f2 aggiungere le luci giuste e and\u00f2 tutto a posto. L\u2019intero set venne costruito in un giorno, un giorno e mezzo. Si tratt\u00f2 solo di una geniale soluzione prospettica&#8221;<\/em>.<\/p>\n<p>Vi sono poi numerosi oggetti disseminati all&#8217;interno del film, la cui presenza non \u00e8 mai casuale. Uno su tutti: il portacipria di Miss Kubelik, o meglio, lo specchietto interno. \u00c8 a causa di questo che Baxter scopre l&#8217;amara verit\u00e0. Nello specchietto vediamo il riflesso, letteralmente spezzato, del suo volto distrutto dalla nuova dolorosa consapevolezza.<\/p>\n<p><em>&#8220;Glielo leggiamo in faccia, mentre si guarda nello specchio rotto. Era un modo elegante per aprirgli gli occhi. [&#8230;] Lo specchietto ci permetteva di dire tutto con una sola immagine.<\/em>\u201d<\/p>\n<p><span style=\"color: #ffffff\">P<\/span><br \/>\n <a href=\"http:\/\/ilcinemaritrovato.it\/consigli-per-giovani-cinefili-al-tempo-del-coronavirus-12\/\">Ritorna all&#8217;articolo<\/a><\/p>\n<p><\/p>","protected":false},"excerpt":{"rendered":"<p>Sorry, this entry is only available in Italiano. &nbsp; Nel film gli ambienti e gli oggetti, anche i pi\u00f9 piccoli, parlano, acquistano precisi significati. L&#8217;appartamento che d\u00e0 il titolo al film \u00e8 un ambiente pi\u00f9 simile ad una stanza d&#8217;albergo che ad una casa. Non c&#8217;\u00e8 nulla di vissuto al suo interno, \u00e8 colmo di [&hellip;]<\/p>\n","protected":false},"author":3,"featured_media":56977,"parent":0,"menu_order":120,"comment_status":"closed","ping_status":"closed","template":"","meta":{"footnotes":""},"class_list":["post-56975","page","type-page","status-publish","has-post-thumbnail","hentry"],"acf":[],"_links":{"self":[{"href":"https:\/\/ilcinemaritrovato.it\/en\/wp-json\/wp\/v2\/pages\/56975","targetHints":{"allow":["GET"]}}],"collection":[{"href":"https:\/\/ilcinemaritrovato.it\/en\/wp-json\/wp\/v2\/pages"}],"about":[{"href":"https:\/\/ilcinemaritrovato.it\/en\/wp-json\/wp\/v2\/types\/page"}],"author":[{"embeddable":true,"href":"https:\/\/ilcinemaritrovato.it\/en\/wp-json\/wp\/v2\/users\/3"}],"replies":[{"embeddable":true,"href":"https:\/\/ilcinemaritrovato.it\/en\/wp-json\/wp\/v2\/comments?post=56975"}],"version-history":[{"count":2,"href":"https:\/\/ilcinemaritrovato.it\/en\/wp-json\/wp\/v2\/pages\/56975\/revisions"}],"predecessor-version":[{"id":56989,"href":"https:\/\/ilcinemaritrovato.it\/en\/wp-json\/wp\/v2\/pages\/56975\/revisions\/56989"}],"wp:featuredmedia":[{"embeddable":true,"href":"https:\/\/ilcinemaritrovato.it\/en\/wp-json\/wp\/v2\/media\/56977"}],"wp:attachment":[{"href":"https:\/\/ilcinemaritrovato.it\/en\/wp-json\/wp\/v2\/media?parent=56975"}],"curies":[{"name":"wp","href":"https:\/\/api.w.org\/{rel}","templated":true}]}}