{"id":56972,"date":"2020-05-22T16:27:47","date_gmt":"2020-05-22T14:27:47","guid":{"rendered":"http:\/\/ilcinemaritrovato.it\/?page_id=56972"},"modified":"2020-05-22T17:03:32","modified_gmt":"2020-05-22T15:03:32","slug":"fran-e-baxter","status":"publish","type":"page","link":"https:\/\/ilcinemaritrovato.it\/en\/fran-e-baxter\/","title":{"rendered":"Fran e Baxter: una coppia indimenticabile"},"content":{"rendered":"<p class=\"qtranxs-available-languages-message qtranxs-available-languages-message-en\">Sorry, this entry is only available in <a href=\"https:\/\/ilcinemaritrovato.it\/it\/wp-json\/wp\/v2\/pages\/56972\" class=\"qtranxs-available-language-link qtranxs-available-language-link-it\" title=\"Italiano\">Italiano<\/a>.<\/p><p><\/p>\n<p><em>L&#8217;appartamento<\/em> non sarebbe quel capolavoro di romanticismo e critica sociale a un tempo senza la coppia di protagonisti interpretati da <strong>Jack Lemmon<\/strong>\u00a0e\u00a0<strong>Shirley MacLaine<\/strong>, i quali torneranno ad essere diretti da Wilder nel 1963 in <em>Irma la dolce<\/em>.<\/p>\n<p><a href=\"http:\/\/ilcinemaritrovato.it\/wp-content\/uploads\/sites\/2\/2020\/05\/irma-la-dolce.jpg\" data-rel=\"lightbox-image-0\" data-rl_title=\"\" data-rl_caption=\"\" title=\"\"><img loading=\"lazy\" decoding=\"async\" class=\"size-medium wp-image-56973 alignleft\" src=\"http:\/\/ilcinemaritrovato.it\/wp-content\/uploads\/sites\/2\/2020\/05\/irma-la-dolce-300x196.jpg\" alt=\"\" width=\"300\" height=\"196\" srcset=\"https:\/\/ilcinemaritrovato.it\/wp-content\/uploads\/2020\/05\/irma-la-dolce-300x196.jpg 300w, https:\/\/ilcinemaritrovato.it\/wp-content\/uploads\/2020\/05\/irma-la-dolce-768x501.jpg 768w, https:\/\/ilcinemaritrovato.it\/wp-content\/uploads\/2020\/05\/irma-la-dolce-1024x668.jpg 1024w, https:\/\/ilcinemaritrovato.it\/wp-content\/uploads\/2020\/05\/irma-la-dolce-600x392.jpg 600w, https:\/\/ilcinemaritrovato.it\/wp-content\/uploads\/2020\/05\/irma-la-dolce-800x522.jpg 800w, https:\/\/ilcinemaritrovato.it\/wp-content\/uploads\/2020\/05\/irma-la-dolce.jpg 1200w\" sizes=\"auto, (max-width: 300px) 100vw, 300px\" \/><\/a>Lei, allora ventiseienne, veste i panni di Fran, una ragazza moderna, poco incline al conformismo, talvolta impacciata. Ci viene presentata mentre sta svolgendo il suo lavoro di ascensorista. Ha da poco tagliato i capelli, qualcuno la importuna ma lei risponde a tono.\u00a0<\/p>\n<p>Pi\u00f9 tardi, l&#8217;uomo di cui Fran \u00e8 innamorata, osservandola commenta: &#8220;Vedo che hai tagliato i capelli, lo sai che mi piacevano di pi\u00f9 lunghi?&#8221;; e lei: &#8220;Lo so&#8221;. Fran \u00e8 sentimentale ma anche critica nei confronti dei propri cedimenti, \u00e8 solo in parte vittima di una cultura sessista e superficiale alla quale invece Baxter (Jack Lemmon) cerca ingenuamente di conformarsi.\u00a0<\/p>\n<p>Lemmon, l&#8217;attore che Billy Wilder apprezz\u00f2 pi\u00f9 di chiunque altro e con il quale lavor\u00f2 per ben sette film, interpreta l&#8217;impiegato scapolo che presta l&#8217;appartamento ai propri superiori con la speranza di far carriera all&#8217;interno della societ\u00e0 di assicurazioni per cui lavora. \u00c8 lui stesso a presentarsi nell&#8217;incipit del film affidato alla sua voce fuori campo: lui \u00e8 uno degli otto milioni di abitanti di New York, uno dei 31.259 impiegati della compagnia abita in un appartamento confortevole a pochi passi da Central Park anche se, in effetti, non sempre \u00e8 libero di tornare a casa propria.\u00a0<\/p>\n<p><a href=\"http:\/\/ilcinemaritrovato.it\/wp-content\/uploads\/sites\/2\/2020\/05\/lappartamento-1960-the-apartment-billy-wilder-recensione-09.jpg\" data-rel=\"lightbox-image-1\" data-rl_title=\"\" data-rl_caption=\"\" title=\"\"><img loading=\"lazy\" decoding=\"async\" class=\"size-medium wp-image-56959 alignleft\" src=\"http:\/\/ilcinemaritrovato.it\/wp-content\/uploads\/sites\/2\/2020\/05\/lappartamento-1960-the-apartment-billy-wilder-recensione-09-300x200.jpg\" alt=\"\" width=\"300\" height=\"200\" srcset=\"https:\/\/ilcinemaritrovato.it\/wp-content\/uploads\/2020\/05\/lappartamento-1960-the-apartment-billy-wilder-recensione-09-300x200.jpg 300w, https:\/\/ilcinemaritrovato.it\/wp-content\/uploads\/2020\/05\/lappartamento-1960-the-apartment-billy-wilder-recensione-09-768x511.jpg 768w, https:\/\/ilcinemaritrovato.it\/wp-content\/uploads\/2020\/05\/lappartamento-1960-the-apartment-billy-wilder-recensione-09-1024x681.jpg 1024w, https:\/\/ilcinemaritrovato.it\/wp-content\/uploads\/2020\/05\/lappartamento-1960-the-apartment-billy-wilder-recensione-09-600x399.jpg 600w, https:\/\/ilcinemaritrovato.it\/wp-content\/uploads\/2020\/05\/lappartamento-1960-the-apartment-billy-wilder-recensione-09-800x532.jpg 800w, https:\/\/ilcinemaritrovato.it\/wp-content\/uploads\/2020\/05\/lappartamento-1960-the-apartment-billy-wilder-recensione-09.jpg 1440w\" sizes=\"auto, (max-width: 300px) 100vw, 300px\" \/><\/a>Fin da subito, questo personaggio ci appare solo, una delle tante persone che popolano la citt\u00e0, la cui vita non sembra poi cos\u00ec diversa da quella di migliaia di altri impiegati. Egli porta avanti con diligenza un&#8217;attivit\u00e0 che poco ha a che fare con le proprie competenze lavorative, tuttavia pi\u00f9 che essere realmente complice dei propri superiori lui \u00e8 un alienato, un uomo buono, un po&#8217; ingenuo, sottomesso a certi meccanismi in nome di effimere ambizioni. Solo alla fine, l&#8217;impiegato prender\u00e0 coscienza della propria condizione e si ribeller\u00e0, divenendo finalmente il <em>Mensch<\/em>, l&#8217;essere umano, di cui il dottor Dreyfus gli aveva parlato.\u00a0<\/p>\n<p>Insieme, Shirley (Fran) e Jack (Baxter) formano la coppia pi\u00f9 riuscita di Wilder, insuperata, anche a detta del regista stesso.\u00a0<\/p>\n<p>&#8220;<em>Quelli che vediamo giocare a ramino nella bella scena finale sono due disoccupati, che hanno perso le loro illusioni rifiutando ogni compromesso e si ritrovano ai margini della societ\u00e0. Perch\u00e9 chi non accetta di sottostare alla logica del potere perde ogni speranza di ascesa sociale.<\/em>&#8220;<br \/>\n (No\u00ebl Simsolo, Billy Wilder, Cahiers du cin\u00e9ma 2011)<\/p>\n<p><span style=\"color: #ffffff\">P<\/span><br \/>\n <a href=\"http:\/\/ilcinemaritrovato.it\/consigli-per-giovani-cinefili-al-tempo-del-coronavirus-12\/\">Ritorna all&#8217;articolo<\/a><\/p>\n<p><\/p>","protected":false},"excerpt":{"rendered":"<p>Sorry, this entry is only available in Italiano. L&#8217;appartamento non sarebbe quel capolavoro di romanticismo e critica sociale a un tempo senza la coppia di protagonisti interpretati da Jack Lemmon\u00a0e\u00a0Shirley MacLaine, i quali torneranno ad essere diretti da Wilder nel 1963 in Irma la dolce. Lei, allora ventiseienne, veste i panni di Fran, una ragazza [&hellip;]<\/p>\n","protected":false},"author":3,"featured_media":56994,"parent":0,"menu_order":121,"comment_status":"closed","ping_status":"closed","template":"","meta":{"footnotes":""},"class_list":["post-56972","page","type-page","status-publish","has-post-thumbnail","hentry"],"acf":[],"_links":{"self":[{"href":"https:\/\/ilcinemaritrovato.it\/en\/wp-json\/wp\/v2\/pages\/56972","targetHints":{"allow":["GET"]}}],"collection":[{"href":"https:\/\/ilcinemaritrovato.it\/en\/wp-json\/wp\/v2\/pages"}],"about":[{"href":"https:\/\/ilcinemaritrovato.it\/en\/wp-json\/wp\/v2\/types\/page"}],"author":[{"embeddable":true,"href":"https:\/\/ilcinemaritrovato.it\/en\/wp-json\/wp\/v2\/users\/3"}],"replies":[{"embeddable":true,"href":"https:\/\/ilcinemaritrovato.it\/en\/wp-json\/wp\/v2\/comments?post=56972"}],"version-history":[{"count":4,"href":"https:\/\/ilcinemaritrovato.it\/en\/wp-json\/wp\/v2\/pages\/56972\/revisions"}],"predecessor-version":[{"id":56995,"href":"https:\/\/ilcinemaritrovato.it\/en\/wp-json\/wp\/v2\/pages\/56972\/revisions\/56995"}],"wp:featuredmedia":[{"embeddable":true,"href":"https:\/\/ilcinemaritrovato.it\/en\/wp-json\/wp\/v2\/media\/56994"}],"wp:attachment":[{"href":"https:\/\/ilcinemaritrovato.it\/en\/wp-json\/wp\/v2\/media?parent=56972"}],"curies":[{"name":"wp","href":"https:\/\/api.w.org\/{rel}","templated":true}]}}