{"id":56765,"date":"2020-05-15T14:05:12","date_gmt":"2020-05-15T12:05:12","guid":{"rendered":"http:\/\/ilcinemaritrovato.it\/?page_id=56765"},"modified":"2020-05-15T14:05:26","modified_gmt":"2020-05-15T12:05:26","slug":"origine-film","status":"publish","type":"page","link":"https:\/\/ilcinemaritrovato.it\/en\/origine-film\/","title":{"rendered":"All&#8217;origine del film: una trasformazione antropologica\u00a0"},"content":{"rendered":"<p class=\"qtranxs-available-languages-message qtranxs-available-languages-message-en\">Sorry, this entry is only available in <a href=\"https:\/\/ilcinemaritrovato.it\/it\/wp-json\/wp\/v2\/pages\/56765\" class=\"qtranxs-available-language-link qtranxs-available-language-link-it\" title=\"Italiano\">Italiano<\/a>.<\/p><p><\/p>\n<p dir=\"ltr\"><a href=\"http:\/\/ilcinemaritrovato.it\/wp-content\/uploads\/sites\/2\/2020\/05\/71SSRw8KpIL._AC_SL1200_.jpg\" data-rel=\"lightbox-image-0\" data-rl_title=\"\" data-rl_caption=\"\" title=\"\"><img loading=\"lazy\" decoding=\"async\" class=\"size-medium wp-image-56769 alignleft\" src=\"http:\/\/ilcinemaritrovato.it\/wp-content\/uploads\/sites\/2\/2020\/05\/71SSRw8KpIL._AC_SL1200_-300x195.jpg\" alt=\"\" width=\"300\" height=\"195\" srcset=\"https:\/\/ilcinemaritrovato.it\/wp-content\/uploads\/2020\/05\/71SSRw8KpIL._AC_SL1200_-300x195.jpg 300w, https:\/\/ilcinemaritrovato.it\/wp-content\/uploads\/2020\/05\/71SSRw8KpIL._AC_SL1200_-768x499.jpg 768w, https:\/\/ilcinemaritrovato.it\/wp-content\/uploads\/2020\/05\/71SSRw8KpIL._AC_SL1200_-1024x666.jpg 1024w, https:\/\/ilcinemaritrovato.it\/wp-content\/uploads\/2020\/05\/71SSRw8KpIL._AC_SL1200_-600x390.jpg 600w, https:\/\/ilcinemaritrovato.it\/wp-content\/uploads\/2020\/05\/71SSRw8KpIL._AC_SL1200_-800x520.jpg 800w, https:\/\/ilcinemaritrovato.it\/wp-content\/uploads\/2020\/05\/71SSRw8KpIL._AC_SL1200_.jpg 1200w\" sizes=\"auto, (max-width: 300px) 100vw, 300px\" \/><\/a>Il titolo del film, di &#8220;sex pistoliana&#8221; memoria (<em>God Save the Queen<\/em> \u00e8 l&#8217;inno nazionale inglese ma anche un celebre brano omonimo della band inglese Sex Pistols di cui i registi sono grandi fan) parla chiaro: <strong>Dio salvi il verde<\/strong>.\u00a0<\/p>\n<p dir=\"ltr\"><em>God Save the Green<\/em> ha richiesto una lavorazione di circa tre anni durante i quali il soggetto si \u00e8 venuto ridefinendo rispetto all&#8217;idea iniziale dei due registi di incentrare il documentario sul tema specifico del diritto al cibo e della distribuzione di esso.\u00a0<\/p>\n<p dir=\"ltr\"><em>&#8220;\u00c8 diventato sostanzialmente un documentario su come gruppi di persone, a varie latitudini nel mondo, attraverso il verde urbano, hanno dato un nuovo senso alla parola comunit\u00e0 e allo stesso tempo hanno cambiato in meglio il tessuto sociale e urbano in cui vivono&#8221;<\/em>, hanno dichiarato Rossi e Mellara.\u00a0<\/p>\n<p dir=\"ltr\">La riformulazione del tema principale del film risponde inoltre ad un assunto che ne \u00e8 alla base, una profonda &#8220;<strong>trasformazione antropologica<\/strong>&#8220;: dal 2007 infatti, per la prima volta nella storia, la maggioranza della popolazione mondiale vive nelle periferie urbane e non nelle campagne. L&#8217;uomo \u00e8 passato dall&#8217;essere prevalentemente agricoltore e allevatore ad essere cittadino, tuttavia \u00e8 proprio nelle citt\u00e0\u00a0 che sta riemergendo sempre pi\u00f9 la necessit\u00e0 di recuperare il rapporto con la terra.\u00a0<\/p>\n<p dir=\"ltr\"><em>&#8220;Quell\u2019essere agricoltori, quel bisogno costitutivo della nostra specie, in ogni cultura, di lavorare la terra,\u00a0 riaffiora scardinando ritmi e obblighi del vivere urbano&#8221;<\/em>.<\/p>\n<p dir=\"ltr\">Un bisogno che riaffiora quindi a prescindere dalla propria cultura o dal Paese in cui si vive.\u00a0Ecco il motivo della scelta di dare al film una struttura a tappe dalla quale emerge, chiara, l&#8217;idea che la necessit\u00e0 di salvare il verde sia quantomai universale.<\/p>\n<p><span style=\"color: #ffffff\">pp<\/span><\/p>\n<p><a href=\"http:\/\/ilcinemaritrovato.it\/consigli-per-giovani-cinefili-al-tempo-del-coronavirus-11\/\">Ritorna all&#8217;articolo<\/a><\/p>\n<p><\/p>","protected":false},"excerpt":{"rendered":"<p>Sorry, this entry is only available in Italiano. Il titolo del film, di &#8220;sex pistoliana&#8221; memoria (God Save the Queen \u00e8 l&#8217;inno nazionale inglese ma anche un celebre brano omonimo della band inglese Sex Pistols di cui i registi sono grandi fan) parla chiaro: Dio salvi il verde.\u00a0 God Save the Green ha richiesto una [&hellip;]<\/p>\n","protected":false},"author":3,"featured_media":56728,"parent":0,"menu_order":123,"comment_status":"closed","ping_status":"closed","template":"","meta":{"footnotes":""},"class_list":["post-56765","page","type-page","status-publish","has-post-thumbnail","hentry"],"acf":[],"_links":{"self":[{"href":"https:\/\/ilcinemaritrovato.it\/en\/wp-json\/wp\/v2\/pages\/56765","targetHints":{"allow":["GET"]}}],"collection":[{"href":"https:\/\/ilcinemaritrovato.it\/en\/wp-json\/wp\/v2\/pages"}],"about":[{"href":"https:\/\/ilcinemaritrovato.it\/en\/wp-json\/wp\/v2\/types\/page"}],"author":[{"embeddable":true,"href":"https:\/\/ilcinemaritrovato.it\/en\/wp-json\/wp\/v2\/users\/3"}],"replies":[{"embeddable":true,"href":"https:\/\/ilcinemaritrovato.it\/en\/wp-json\/wp\/v2\/comments?post=56765"}],"version-history":[{"count":2,"href":"https:\/\/ilcinemaritrovato.it\/en\/wp-json\/wp\/v2\/pages\/56765\/revisions"}],"predecessor-version":[{"id":56770,"href":"https:\/\/ilcinemaritrovato.it\/en\/wp-json\/wp\/v2\/pages\/56765\/revisions\/56770"}],"wp:featuredmedia":[{"embeddable":true,"href":"https:\/\/ilcinemaritrovato.it\/en\/wp-json\/wp\/v2\/media\/56728"}],"wp:attachment":[{"href":"https:\/\/ilcinemaritrovato.it\/en\/wp-json\/wp\/v2\/media?parent=56765"}],"curies":[{"name":"wp","href":"https:\/\/api.w.org\/{rel}","templated":true}]}}