{"id":56759,"date":"2020-05-15T13:50:50","date_gmt":"2020-05-15T11:50:50","guid":{"rendered":"http:\/\/ilcinemaritrovato.it\/?page_id=56759"},"modified":"2020-05-15T13:53:30","modified_gmt":"2020-05-15T11:53:30","slug":"onda-verde","status":"publish","type":"page","link":"https:\/\/ilcinemaritrovato.it\/en\/onda-verde\/","title":{"rendered":"Una nuova onda verde (globale)"},"content":{"rendered":"<p class=\"qtranxs-available-languages-message qtranxs-available-languages-message-en\">Sorry, this entry is only available in <a href=\"https:\/\/ilcinemaritrovato.it\/it\/wp-json\/wp\/v2\/pages\/56759\" class=\"qtranxs-available-language-link qtranxs-available-language-link-it\" title=\"Italiano\">Italiano<\/a>.<\/p><p><\/p>\n<p dir=\"ltr\">I giardini pensili di <strong>Torino<\/strong>, le coltivazioni idroponiche di <strong>Bologna<\/strong> e <strong>Teresina<\/strong>, l&#8217;attivit\u00e0 agricola negli <em>slum<\/em> (baraccopoli) di <strong>Nairobi<\/strong>, gli orti comunitari e le azioni di guerrilla gardening di <strong>Berlino<\/strong>, i terreni salvati dall&#8217;inaridimento a <strong>Casablanca<\/strong> sono le tappe del viaggio alla scoperta di esperienze agricole urbane, fulcro del documentario.\u00a0<\/p>\n<p dir=\"ltr\">Alla base della scelta vi sono importanti collaborazioni di cui i registi si sono avvalsi: il <a href=\"https:\/\/www.cefaonlus.it\">CEFA<\/a> (Comitato Europeo per la Formazione e la Cultura), una ONG che opera nel paesi del sud del mondo e lavora sui temi legati allo sfruttamento del territorio. Nella fase di ricerca hanno dato un contributo importante Giorgio Prosdocimi Gianquinto, professore di orticoltura e Francesco Orsini, ricercatore di orticoltura, entrambi dell\u2019Universit\u00e0 di Bologna.\u00a0<\/p>\n<p dir=\"ltr\"><a href=\"http:\/\/ilcinemaritrovato.it\/wp-content\/uploads\/sites\/2\/2020\/05\/orto-sui-tetti-bologna.jpg\" data-rel=\"lightbox-image-0\" data-rl_title=\"\" data-rl_caption=\"\" title=\"\"><img loading=\"lazy\" decoding=\"async\" class=\"size-medium wp-image-56761 alignleft\" src=\"http:\/\/ilcinemaritrovato.it\/wp-content\/uploads\/sites\/2\/2020\/05\/orto-sui-tetti-bologna-300x142.jpg\" alt=\"\" width=\"300\" height=\"142\" srcset=\"https:\/\/ilcinemaritrovato.it\/wp-content\/uploads\/2020\/05\/orto-sui-tetti-bologna-300x142.jpg 300w, https:\/\/ilcinemaritrovato.it\/wp-content\/uploads\/2020\/05\/orto-sui-tetti-bologna-768x364.jpg 768w, https:\/\/ilcinemaritrovato.it\/wp-content\/uploads\/2020\/05\/orto-sui-tetti-bologna-1024x485.jpg 1024w, https:\/\/ilcinemaritrovato.it\/wp-content\/uploads\/2020\/05\/orto-sui-tetti-bologna-600x284.jpg 600w, https:\/\/ilcinemaritrovato.it\/wp-content\/uploads\/2020\/05\/orto-sui-tetti-bologna-800x379.jpg 800w, https:\/\/ilcinemaritrovato.it\/wp-content\/uploads\/2020\/05\/orto-sui-tetti-bologna-1600x758.jpg 1600w, https:\/\/ilcinemaritrovato.it\/wp-content\/uploads\/2020\/05\/orto-sui-tetti-bologna.jpg 2000w\" sizes=\"auto, (max-width: 300px) 100vw, 300px\" \/><\/a>Il tema del film \u00e8 oggi pi\u00f9 che mai attuale dal punto di vista politico, sociale e culturale ed iniziative come come quelle descritte nel film stanno interessando sempre di pi\u00f9 le grandi citt\u00e0 del mondo ma, come precisano anche gli autori stessi :\u00a0<\/p>\n<p dir=\"ltr\"><em>&#8220;Non si tratta di un ritorno a un\u2019utopia agreste o bucolica, all\u2019arcadia dell\u2019agricoltore, ma di una travolgente e globale risposta politica e culturale al declino e alle storture del modello consumistico. La tecnologia, le reti di comunicazione globale, gli studi scientifici, l\u2019accademia e le scienze applicate sono attori significativi di questa nuova onda verde&#8221;<\/em>.<\/p>\n<p dir=\"ltr\">A questo proposito \u00e8 importante notare come le esperienze di cui il film tratta rispondano non tanto ad esigenze di incremento della produzione finalizzata al consumo, quanto alla necessit\u00e0 di affermare due diversi diritti dell&#8217;uomo, l&#8217;uno \u00e8 il diritto al cibo, fresco e di qualit\u00e0, l&#8217;altro \u00e8 il diritto al bello, e quindi ad un disegno del tessuto urbano che non risponda solamente al funzionalismo ma\u00a0permetta ai cittadini di instaurare un rapporto armonioso con l&#8217;ambiente urbano in cui abitano.<\/p>\n<p><span style=\"color: #ffffff\">pp<\/span><\/p>\n<p><a href=\"http:\/\/ilcinemaritrovato.it\/consigli-per-giovani-cinefili-al-tempo-del-coronavirus-11\/\">Ritorna all&#8217;articolo<\/a><\/p>\n<p><\/p>","protected":false},"excerpt":{"rendered":"<p>Sorry, this entry is only available in Italiano. I giardini pensili di Torino, le coltivazioni idroponiche di Bologna e Teresina, l&#8217;attivit\u00e0 agricola negli slum (baraccopoli) di Nairobi, gli orti comunitari e le azioni di guerrilla gardening di Berlino, i terreni salvati dall&#8217;inaridimento a Casablanca sono le tappe del viaggio alla scoperta di esperienze agricole urbane, [&hellip;]<\/p>\n","protected":false},"author":3,"featured_media":56760,"parent":0,"menu_order":124,"comment_status":"closed","ping_status":"closed","template":"","meta":{"footnotes":""},"class_list":["post-56759","page","type-page","status-publish","has-post-thumbnail","hentry"],"acf":[],"_links":{"self":[{"href":"https:\/\/ilcinemaritrovato.it\/en\/wp-json\/wp\/v2\/pages\/56759","targetHints":{"allow":["GET"]}}],"collection":[{"href":"https:\/\/ilcinemaritrovato.it\/en\/wp-json\/wp\/v2\/pages"}],"about":[{"href":"https:\/\/ilcinemaritrovato.it\/en\/wp-json\/wp\/v2\/types\/page"}],"author":[{"embeddable":true,"href":"https:\/\/ilcinemaritrovato.it\/en\/wp-json\/wp\/v2\/users\/3"}],"replies":[{"embeddable":true,"href":"https:\/\/ilcinemaritrovato.it\/en\/wp-json\/wp\/v2\/comments?post=56759"}],"version-history":[{"count":2,"href":"https:\/\/ilcinemaritrovato.it\/en\/wp-json\/wp\/v2\/pages\/56759\/revisions"}],"predecessor-version":[{"id":56764,"href":"https:\/\/ilcinemaritrovato.it\/en\/wp-json\/wp\/v2\/pages\/56759\/revisions\/56764"}],"wp:featuredmedia":[{"embeddable":true,"href":"https:\/\/ilcinemaritrovato.it\/en\/wp-json\/wp\/v2\/media\/56760"}],"wp:attachment":[{"href":"https:\/\/ilcinemaritrovato.it\/en\/wp-json\/wp\/v2\/media?parent=56759"}],"curies":[{"name":"wp","href":"https:\/\/api.w.org\/{rel}","templated":true}]}}