{"id":56741,"date":"2020-05-15T12:52:28","date_gmt":"2020-05-15T10:52:28","guid":{"rendered":"http:\/\/ilcinemaritrovato.it\/?page_id=56741"},"modified":"2020-05-15T12:52:28","modified_gmt":"2020-05-15T10:52:28","slug":"concetti-chiave","status":"publish","type":"page","link":"https:\/\/ilcinemaritrovato.it\/en\/concetti-chiave\/","title":{"rendered":"Orti comunitari, Guerrilla Gardening, agricoltura idroponica: alcuni concetti chiave"},"content":{"rendered":"<p class=\"qtranxs-available-languages-message qtranxs-available-languages-message-en\">Sorry, this entry is only available in <a href=\"https:\/\/ilcinemaritrovato.it\/it\/wp-json\/wp\/v2\/pages\/56741\" class=\"qtranxs-available-language-link qtranxs-available-language-link-it\" title=\"Italiano\">Italiano<\/a>.<\/p><p><\/p>\n<p><em>God Save the Green<\/em> si configura come un viaggio teso a mappare alcune significative esperienze di agricoltura urbana e suburbana. Esperienze anche molto diverse di comunit\u00e0 che attraverso giardinaggio e orticoltura trasformano le citt\u00e0 che abitano.<\/p>\n<p>Concetti chiave del film sono infatti attivit\u00e0 quali Guerrilla Gardening, orti comunitari urbani, agricoltura idroponica.<\/p>\n<p><a href=\"http:\/\/ilcinemaritrovato.it\/wp-content\/uploads\/sites\/2\/2020\/05\/uqmsfa7zrh0i7bbtqgje.jpg\" data-rel=\"lightbox-image-0\" data-rl_title=\"\" data-rl_caption=\"\" title=\"\"><img loading=\"lazy\" decoding=\"async\" class=\"size-medium wp-image-56733 alignleft\" src=\"http:\/\/ilcinemaritrovato.it\/wp-content\/uploads\/sites\/2\/2020\/05\/uqmsfa7zrh0i7bbtqgje-300x199.jpg\" alt=\"\" width=\"300\" height=\"199\" srcset=\"https:\/\/ilcinemaritrovato.it\/wp-content\/uploads\/2020\/05\/uqmsfa7zrh0i7bbtqgje-300x199.jpg 300w, https:\/\/ilcinemaritrovato.it\/wp-content\/uploads\/2020\/05\/uqmsfa7zrh0i7bbtqgje-768x508.jpg 768w, https:\/\/ilcinemaritrovato.it\/wp-content\/uploads\/2020\/05\/uqmsfa7zrh0i7bbtqgje-1024x678.jpg 1024w, https:\/\/ilcinemaritrovato.it\/wp-content\/uploads\/2020\/05\/uqmsfa7zrh0i7bbtqgje-600x397.jpg 600w, https:\/\/ilcinemaritrovato.it\/wp-content\/uploads\/2020\/05\/uqmsfa7zrh0i7bbtqgje-800x529.jpg 800w, https:\/\/ilcinemaritrovato.it\/wp-content\/uploads\/2020\/05\/uqmsfa7zrh0i7bbtqgje-1600x1059.jpg 1600w, https:\/\/ilcinemaritrovato.it\/wp-content\/uploads\/2020\/05\/uqmsfa7zrh0i7bbtqgje.jpg 1807w\" sizes=\"auto, (max-width: 300px) 100vw, 300px\" \/><\/a>Con <strong>Guerrilla Gardening<\/strong> si intende una forma di giardinaggio praticata su terreni sui quali non \u00e8 legalmente possibile coltivare, come terreni abbandonati o aree dismesse con lo scopo di rimodellare o abbellire zone dimenticate della citt\u00e0 in opposizione al degrado e all&#8217;incuria.<br \/>\n <a href=\"http:\/\/www.guerrillagardening.org\">Qui<\/a> un esempio di Guerrilla Gardening londinese, al motto di &#8220;Let&#8217;s fight the filth with forks and flowers&#8221;, dalle parole di Richard Reynolds, pioniere del movimento nel Regno Unito.<\/p>\n<p>Gli <strong>orti comunitari<\/strong>, come ad esempio quelli che, nel film, sorgono all&#8217;interno dell&#8217;aeroporto abbandonato di <a href=\"http:\/\/www.frontiere.eu\/berlino-allmende-kontor-quando-lorto-urbano-diventa-spazio-pubblico\/\">Berlino<\/a>, sono una particolare tipologia di orti urbani nati dalla volont\u00e0 di rendere accessibile l&#8217;attivit\u00e0 agricola a coloro che abitano in citt\u00e0 o a ridosso di centri abitati. Attivit\u00e0 che unisce la possibilit\u00e0 di riavvicinamento dei cittadini alla terra a nuovi modelli di aggregazione sociale.<\/p>\n<p>L&#8217;<strong>agricoltura idroponica<\/strong> invece \u00e8 la coltivazione delle piante fuori suolo, ovvero senza terra ma in acqua, nella quale vengono sciolte sostanze nutritive adatte per far crescere le piante in salute. Si tratta di un&#8217;<a href=\"https:\/\/www.agricultura.it\/2018\/07\/04\/agricoltura-idroponica-un-futuro-piu-sostenibile-per-le-coltivazioni\/\">attivit\u00e0 agricola<\/a> praticabile anche a bassissimo costo con materiali di riciclo come le bottiglie di plastica che vengono mostrate nel documentario.<\/p>\n<p><span style=\"color: #ffffff\">pp<\/span><\/p>\n<p><a href=\"http:\/\/ilcinemaritrovato.it\/consigli-per-giovani-cinefili-al-tempo-del-coronavirus-11\/\">Ritorna all&#8217;articolo<\/a><\/p>\n<p><\/p>","protected":false},"excerpt":{"rendered":"<p>Sorry, this entry is only available in Italiano. God Save the Green si configura come un viaggio teso a mappare alcune significative esperienze di agricoltura urbana e suburbana. Esperienze anche molto diverse di comunit\u00e0 che attraverso giardinaggio e orticoltura trasformano le citt\u00e0 che abitano. Concetti chiave del film sono infatti attivit\u00e0 quali Guerrilla Gardening, orti [&hellip;]<\/p>\n","protected":false},"author":3,"featured_media":56729,"parent":0,"menu_order":126,"comment_status":"closed","ping_status":"closed","template":"","meta":{"footnotes":""},"class_list":["post-56741","page","type-page","status-publish","has-post-thumbnail","hentry"],"acf":[],"_links":{"self":[{"href":"https:\/\/ilcinemaritrovato.it\/en\/wp-json\/wp\/v2\/pages\/56741","targetHints":{"allow":["GET"]}}],"collection":[{"href":"https:\/\/ilcinemaritrovato.it\/en\/wp-json\/wp\/v2\/pages"}],"about":[{"href":"https:\/\/ilcinemaritrovato.it\/en\/wp-json\/wp\/v2\/types\/page"}],"author":[{"embeddable":true,"href":"https:\/\/ilcinemaritrovato.it\/en\/wp-json\/wp\/v2\/users\/3"}],"replies":[{"embeddable":true,"href":"https:\/\/ilcinemaritrovato.it\/en\/wp-json\/wp\/v2\/comments?post=56741"}],"version-history":[{"count":2,"href":"https:\/\/ilcinemaritrovato.it\/en\/wp-json\/wp\/v2\/pages\/56741\/revisions"}],"predecessor-version":[{"id":56744,"href":"https:\/\/ilcinemaritrovato.it\/en\/wp-json\/wp\/v2\/pages\/56741\/revisions\/56744"}],"wp:featuredmedia":[{"embeddable":true,"href":"https:\/\/ilcinemaritrovato.it\/en\/wp-json\/wp\/v2\/media\/56729"}],"wp:attachment":[{"href":"https:\/\/ilcinemaritrovato.it\/en\/wp-json\/wp\/v2\/media?parent=56741"}],"curies":[{"name":"wp","href":"https:\/\/api.w.org\/{rel}","templated":true}]}}