{"id":56443,"date":"2020-05-08T12:48:23","date_gmt":"2020-05-08T10:48:23","guid":{"rendered":"http:\/\/ilcinemaritrovato.it\/?page_id=56443"},"modified":"2020-05-08T13:18:19","modified_gmt":"2020-05-08T11:18:19","slug":"jake-lamotta","status":"publish","type":"page","link":"https:\/\/ilcinemaritrovato.it\/en\/jake-lamotta\/","title":{"rendered":"Jake LaMotta: ascesa e declino di un campione"},"content":{"rendered":"<p class=\"qtranxs-available-languages-message qtranxs-available-languages-message-en\">Sorry, this entry is only available in <a href=\"https:\/\/ilcinemaritrovato.it\/it\/wp-json\/wp\/v2\/pages\/56443\" class=\"qtranxs-available-language-link qtranxs-available-language-link-it\" title=\"Italiano\">Italiano<\/a>.<\/p><p><\/p>\n<p><a href=\"http:\/\/ilcinemaritrovato.it\/wp-content\/uploads\/sites\/2\/2020\/05\/gettyimages-2662251-1531211128.jpg\" data-rel=\"lightbox-image-0\" data-rl_title=\"\" data-rl_caption=\"\" title=\"\"><img loading=\"lazy\" decoding=\"async\" class=\"size-medium wp-image-56447 alignleft\" src=\"http:\/\/ilcinemaritrovato.it\/wp-content\/uploads\/sites\/2\/2020\/05\/gettyimages-2662251-1531211128-214x300.jpg\" alt=\"\" width=\"214\" height=\"300\" srcset=\"https:\/\/ilcinemaritrovato.it\/wp-content\/uploads\/2020\/05\/gettyimages-2662251-1531211128-214x300.jpg 214w, https:\/\/ilcinemaritrovato.it\/wp-content\/uploads\/2020\/05\/gettyimages-2662251-1531211128-768x1075.jpg 768w, https:\/\/ilcinemaritrovato.it\/wp-content\/uploads\/2020\/05\/gettyimages-2662251-1531211128-731x1024.jpg 731w, https:\/\/ilcinemaritrovato.it\/wp-content\/uploads\/2020\/05\/gettyimages-2662251-1531211128-600x840.jpg 600w, https:\/\/ilcinemaritrovato.it\/wp-content\/uploads\/2020\/05\/gettyimages-2662251-1531211128-800x1120.jpg 800w, https:\/\/ilcinemaritrovato.it\/wp-content\/uploads\/2020\/05\/gettyimages-2662251-1531211128-1600x2241.jpg 1600w\" sizes=\"auto, (max-width: 214px) 100vw, 214px\" \/><\/a>L&#8217;idea per il film incentrato sulle turbolente vicende della vita di LaMotta venne a <strong>Robert De Niro<\/strong> che propose il progetto ad uno Scorsese afflitto all&#8217;epoca da problemi personali, reduce peraltro dall&#8217;insuccesso di <i>New York, New York<\/i>.<\/p>\n<p> Figlio di un italiano emigrato da Messina e di un\u2019americana di origine ebrea, Jake LaMotta era nato a New York nel 1922 e aveva sempre vissuto nel Bronx, nelle cui strade fin da piccolo si era esibito in incontri improvvisati con gli altri bambini del quartiere allo scopo di racimolare qualche dollaro.<\/p>\n<p>Gi\u00e0 a 19 anni era entrato tra i professionisti della boxe iniziando un percorso che avrebbe poi trovato il suo apice nel 1949 con la vittoria del titolo mondiale. Rivale per eccellenza di uno dei pi\u00f9 grandi pugili dell&#8217;epoca, l\u2019afroamericano Sugar Ray Robinson, si conged\u00f2 dal mondo della boxe nel 1954, proprio pochi anni dopo la rovinosa sconfitta subita sul ring contro di lui.<\/p>\n<p>La disfatta fu accompagnata da notevoli problemi con la famiglia, le ripetute violenze domestiche, la galera, l&#8217;alcolismo, la reinvenzione di una vita da attore e cabarettista.<\/p>\n<p>La tendenza autodistruttiva di Jake affascin\u00f2 Scorsese. Il regista si sent\u00ec da una parte simile a questo personaggio a dir poco controverso, dall&#8217;altra cap\u00ec la forte motivazione dell&#8217;amico e collaboratore De Niro:<\/p>\n<p><a href=\"http:\/\/ilcinemaritrovato.it\/wp-content\/uploads\/sites\/2\/2020\/05\/ragingBull21.jpg\" data-rel=\"lightbox-image-1\" data-rl_title=\"\" data-rl_caption=\"\" title=\"\"><img loading=\"lazy\" decoding=\"async\" class=\"size-medium wp-image-56446 alignleft\" src=\"http:\/\/ilcinemaritrovato.it\/wp-content\/uploads\/sites\/2\/2020\/05\/ragingBull21-300x169.jpg\" alt=\"\" width=\"300\" height=\"169\" srcset=\"https:\/\/ilcinemaritrovato.it\/wp-content\/uploads\/2020\/05\/ragingBull21-300x169.jpg 300w, https:\/\/ilcinemaritrovato.it\/wp-content\/uploads\/2020\/05\/ragingBull21-768x432.jpg 768w, https:\/\/ilcinemaritrovato.it\/wp-content\/uploads\/2020\/05\/ragingBull21-1024x576.jpg 1024w, https:\/\/ilcinemaritrovato.it\/wp-content\/uploads\/2020\/05\/ragingBull21-600x338.jpg 600w, https:\/\/ilcinemaritrovato.it\/wp-content\/uploads\/2020\/05\/ragingBull21-800x450.jpg 800w, https:\/\/ilcinemaritrovato.it\/wp-content\/uploads\/2020\/05\/ragingBull21.jpg 1280w\" sizes=\"auto, (max-width: 300px) 100vw, 300px\" \/><\/a>&#8220;<em>Capivo perch\u00e9 Bob volesse a tutti i costi interpretare il ruolo di Jake La Motta. Proveniva dallo stesso ambiente di operai italoamericani; da ragazzi lui e il fratello erano due ladruncoli e questa era la storia di due fratelli, e cos\u00ec via.<\/em>&#8221; (M. Scorsese).<\/p>\n<p>In vista dell&#8217;inizio delle riprese, e poi sul set, LaMotta fu chiamato come consulente per l&#8217;attore. La lavorazione di <i>Toro scatenato <\/i>fu probabilmente la pi\u00f9 complessa nella carriera di De Niro, che volle conoscere i parenti e i conoscenti del pugile, entrare nella sua vita e compiere una trasformazione fisica radicale per l&#8217;interpretazione. Lo sforzo, non a caso, gli valse un Oscar come miglior attore nel 1981.\u00a0<\/p>\n<p><span style=\"color: #ffffff\">p<\/span><\/p>\n<p dir=\"ltr\"><a href=\"http:\/\/ilcinemaritrovato.it\/consigli-per-giovani-cinefili-al-tempo-del-coronavirus-10\">Ritorna all&#8217;articolo<\/a><\/p>\n<p><\/p>","protected":false},"excerpt":{"rendered":"<p>Sorry, this entry is only available in Italiano. L&#8217;idea per il film incentrato sulle turbolente vicende della vita di LaMotta venne a Robert De Niro che propose il progetto ad uno Scorsese afflitto all&#8217;epoca da problemi personali, reduce peraltro dall&#8217;insuccesso di New York, New York. Figlio di un italiano emigrato da Messina e di un\u2019americana [&hellip;]<\/p>\n","protected":false},"author":3,"featured_media":56445,"parent":0,"menu_order":132,"comment_status":"closed","ping_status":"closed","template":"","meta":{"footnotes":""},"class_list":["post-56443","page","type-page","status-publish","has-post-thumbnail","hentry"],"acf":[],"_links":{"self":[{"href":"https:\/\/ilcinemaritrovato.it\/en\/wp-json\/wp\/v2\/pages\/56443","targetHints":{"allow":["GET"]}}],"collection":[{"href":"https:\/\/ilcinemaritrovato.it\/en\/wp-json\/wp\/v2\/pages"}],"about":[{"href":"https:\/\/ilcinemaritrovato.it\/en\/wp-json\/wp\/v2\/types\/page"}],"author":[{"embeddable":true,"href":"https:\/\/ilcinemaritrovato.it\/en\/wp-json\/wp\/v2\/users\/3"}],"replies":[{"embeddable":true,"href":"https:\/\/ilcinemaritrovato.it\/en\/wp-json\/wp\/v2\/comments?post=56443"}],"version-history":[{"count":5,"href":"https:\/\/ilcinemaritrovato.it\/en\/wp-json\/wp\/v2\/pages\/56443\/revisions"}],"predecessor-version":[{"id":56463,"href":"https:\/\/ilcinemaritrovato.it\/en\/wp-json\/wp\/v2\/pages\/56443\/revisions\/56463"}],"wp:featuredmedia":[{"embeddable":true,"href":"https:\/\/ilcinemaritrovato.it\/en\/wp-json\/wp\/v2\/media\/56445"}],"wp:attachment":[{"href":"https:\/\/ilcinemaritrovato.it\/en\/wp-json\/wp\/v2\/media?parent=56443"}],"curies":[{"name":"wp","href":"https:\/\/api.w.org\/{rel}","templated":true}]}}