{"id":56429,"date":"2020-05-08T12:25:00","date_gmt":"2020-05-08T10:25:00","guid":{"rendered":"http:\/\/ilcinemaritrovato.it\/?page_id=56429"},"modified":"2020-05-08T14:52:48","modified_gmt":"2020-05-08T12:52:48","slug":"titoli-di-testa-piu-belli","status":"publish","type":"page","link":"https:\/\/ilcinemaritrovato.it\/en\/titoli-di-testa-piu-belli\/","title":{"rendered":"I titoli di testa pi\u00f9 memorabili della storia del cinema"},"content":{"rendered":"<p class=\"qtranxs-available-languages-message qtranxs-available-languages-message-en\">Sorry, this entry is only available in <a href=\"https:\/\/ilcinemaritrovato.it\/it\/wp-json\/wp\/v2\/pages\/56429\" class=\"qtranxs-available-language-link qtranxs-available-language-link-it\" title=\"Italiano\">Italiano<\/a>.<\/p><p><\/p>\n<p><em>Toro Scatenato<\/em> si apre con una sequenza, su cui scorrono i titoli di testa, che \u00e8 gi\u00e0 di per se un capolavoro di stile e una chiara dichiarazione di intenti.<\/p>\n<p>Lo schermo \u00e8 ancora nero quando iniziano ad echeggiare, pianissimo, le note dell&#8217;intermezzo della <em><strong>Cavalleria rusticana<\/strong><\/em> di <strong>Pietro Mascagni<\/strong>, opera che tratta d&#8217;amore, gelosia, onore, colpa, punizione.<\/p>\n<p><a href=\"http:\/\/ilcinemaritrovato.it\/wp-content\/uploads\/sites\/2\/2020\/05\/raging_bull_contact-0-1080-0-0.jpg\" data-rel=\"lightbox-image-0\" data-rl_title=\"\" data-rl_caption=\"\" title=\"\"><img loading=\"lazy\" decoding=\"async\" class=\"size-medium wp-image-56435 alignleft\" src=\"http:\/\/ilcinemaritrovato.it\/wp-content\/uploads\/sites\/2\/2020\/05\/raging_bull_contact-0-1080-0-0-300x161.jpg\" alt=\"\" width=\"300\" height=\"161\" srcset=\"https:\/\/ilcinemaritrovato.it\/wp-content\/uploads\/2020\/05\/raging_bull_contact-0-1080-0-0-300x161.jpg 300w, https:\/\/ilcinemaritrovato.it\/wp-content\/uploads\/2020\/05\/raging_bull_contact-0-1080-0-0-768x413.jpg 768w, https:\/\/ilcinemaritrovato.it\/wp-content\/uploads\/2020\/05\/raging_bull_contact-0-1080-0-0-1024x551.jpg 1024w, https:\/\/ilcinemaritrovato.it\/wp-content\/uploads\/2020\/05\/raging_bull_contact-0-1080-0-0-600x323.jpg 600w, https:\/\/ilcinemaritrovato.it\/wp-content\/uploads\/2020\/05\/raging_bull_contact-0-1080-0-0-800x430.jpg 800w, https:\/\/ilcinemaritrovato.it\/wp-content\/uploads\/2020\/05\/raging_bull_contact-0-1080-0-0.jpg 1080w\" sizes=\"auto, (max-width: 300px) 100vw, 300px\" \/><\/a>Pochi istanti ed ecco apparire l&#8217;immagine in rigoroso bianco e nero di un ring avvolto da una fitta nebbia in cui appaiono distinguibili solamente le cinque corde grigio-nere che ne delimitano due lati e sulla sinistra la figura scura di Jake LaMotta con indosso l&#8217;accappatoio maculato, in testa il cappuccio (la sequenza qui a fianco proviene dal sito <a href=\"https:\/\/www.artofthetitle.com\">Art of the Title<\/a>).\u00a0Un&#8217;immagine quasi straniante in cui il campione dei pesi medi, in procinto di disputare un combattimento, smebra essere completamente solo, intento a movimenti di riscaldamento che, ripresi in ralenti, sembrano piuttosto i passi di una solenne coreografia. Il pubblico c&#8217;\u00e8 ma \u00e8 invisibile, la presenza testimoniata solamente da qualche flash di macchina fotografica che appare nella nebbia. Unica nota di colore, rosso intenso, il titolo RagingBull appare tra una corda e l&#8217;altra del ring.<\/p>\n<p><a href=\"http:\/\/ilcinemaritrovato.it\/wp-content\/uploads\/sites\/2\/2020\/05\/cavalleria-rusticana.jpg\" data-rel=\"lightbox-image-1\" data-rl_title=\"\" data-rl_caption=\"\" title=\"\"><img loading=\"lazy\" decoding=\"async\" class=\"size-medium wp-image-56439 alignleft\" src=\"http:\/\/ilcinemaritrovato.it\/wp-content\/uploads\/sites\/2\/2020\/05\/cavalleria-rusticana-300x131.jpg\" alt=\"\" width=\"300\" height=\"131\" srcset=\"https:\/\/ilcinemaritrovato.it\/wp-content\/uploads\/2020\/05\/cavalleria-rusticana-300x131.jpg 300w, https:\/\/ilcinemaritrovato.it\/wp-content\/uploads\/2020\/05\/cavalleria-rusticana-768x336.jpg 768w, https:\/\/ilcinemaritrovato.it\/wp-content\/uploads\/2020\/05\/cavalleria-rusticana-1024x448.jpg 1024w, https:\/\/ilcinemaritrovato.it\/wp-content\/uploads\/2020\/05\/cavalleria-rusticana-600x262.jpg 600w, https:\/\/ilcinemaritrovato.it\/wp-content\/uploads\/2020\/05\/cavalleria-rusticana-800x350.jpg 800w, https:\/\/ilcinemaritrovato.it\/wp-content\/uploads\/2020\/05\/cavalleria-rusticana.jpg 1159w\" sizes=\"auto, (max-width: 300px) 100vw, 300px\" \/><\/a>In seguito, durante gli incontri di boxe che si avvicenderanno nel film, lo spettatore sar\u00e0 sempre chiamato a salire sul ring, ad assistere da vicino alle scazzottate secondo la precisa volont\u00e0 registica di riprendere i combattimenti dall&#8217;interno, tuttavia nei titoli di testa chi guarda viene lasciato all&#8217;esterno, quel tanto che basta per cogliere la chiave di lettura dell&#8217;intero film.<\/p>\n<p>E la chiave \u00e8 Jake stesso, \u00e8 lui l&#8217;artefice del proprio destino, \u00e8 lui, in qualche modo, il regista del proprio show. Non \u00e8 un caso, quindi, che le corde del ring assumano qui le sembianze di un pentagramma e la figura di Jake, posizionato sulla sinistra, quelle di una chiave di violino.<\/p>\n<p><span style=\"color: #ffffff\">p<\/span><\/p>\n<p dir=\"ltr\"><a href=\"http:\/\/ilcinemaritrovato.it\/consigli-per-giovani-cinefili-al-tempo-del-coronavirus-10\">Ritorna all&#8217;articolo<\/a><\/p>\n<p><\/p>","protected":false},"excerpt":{"rendered":"<p>Sorry, this entry is only available in Italiano. Toro Scatenato si apre con una sequenza, su cui scorrono i titoli di testa, che \u00e8 gi\u00e0 di per se un capolavoro di stile e una chiara dichiarazione di intenti. Lo schermo \u00e8 ancora nero quando iniziano ad echeggiare, pianissimo, le note dell&#8217;intermezzo della Cavalleria rusticana di [&hellip;]<\/p>\n","protected":false},"author":3,"featured_media":56432,"parent":0,"menu_order":133,"comment_status":"closed","ping_status":"closed","template":"","meta":{"footnotes":""},"class_list":["post-56429","page","type-page","status-publish","has-post-thumbnail","hentry"],"acf":[],"_links":{"self":[{"href":"https:\/\/ilcinemaritrovato.it\/en\/wp-json\/wp\/v2\/pages\/56429","targetHints":{"allow":["GET"]}}],"collection":[{"href":"https:\/\/ilcinemaritrovato.it\/en\/wp-json\/wp\/v2\/pages"}],"about":[{"href":"https:\/\/ilcinemaritrovato.it\/en\/wp-json\/wp\/v2\/types\/page"}],"author":[{"embeddable":true,"href":"https:\/\/ilcinemaritrovato.it\/en\/wp-json\/wp\/v2\/users\/3"}],"replies":[{"embeddable":true,"href":"https:\/\/ilcinemaritrovato.it\/en\/wp-json\/wp\/v2\/comments?post=56429"}],"version-history":[{"count":5,"href":"https:\/\/ilcinemaritrovato.it\/en\/wp-json\/wp\/v2\/pages\/56429\/revisions"}],"predecessor-version":[{"id":56498,"href":"https:\/\/ilcinemaritrovato.it\/en\/wp-json\/wp\/v2\/pages\/56429\/revisions\/56498"}],"wp:featuredmedia":[{"embeddable":true,"href":"https:\/\/ilcinemaritrovato.it\/en\/wp-json\/wp\/v2\/media\/56432"}],"wp:attachment":[{"href":"https:\/\/ilcinemaritrovato.it\/en\/wp-json\/wp\/v2\/media?parent=56429"}],"curies":[{"name":"wp","href":"https:\/\/api.w.org\/{rel}","templated":true}]}}