{"id":56070,"date":"2020-04-29T15:11:37","date_gmt":"2020-04-29T13:11:37","guid":{"rendered":"http:\/\/ilcinemaritrovato.it\/?page_id=56070"},"modified":"2020-04-30T14:30:55","modified_gmt":"2020-04-30T12:30:55","slug":"altan-in-streaming","status":"publish","type":"page","link":"https:\/\/ilcinemaritrovato.it\/en\/altan-in-streaming\/","title":{"rendered":"&#8217;Mi chiamo Altan e faccio vignette&#8217; in streaming su MYmovies"},"content":{"rendered":"<p class=\"qtranxs-available-languages-message qtranxs-available-languages-message-en\">Sorry, this entry is only available in <a href=\"https:\/\/ilcinemaritrovato.it\/it\/wp-json\/wp\/v2\/pages\/56070\" class=\"qtranxs-available-language-link qtranxs-available-language-link-it\" title=\"Italiano\">Italiano<\/a>.<\/p><p><\/p>\n<p><strong><em>Mi chiamo Altan e faccio vignette<\/em><\/strong> di Stefano Consiglio (Italia\/2019, 75&#8242;), un film sul grande disegnatore Francesco Tullio Altan e sul paese che da oltre quarant&#8217;anni racconta e rappresenta attraverso le sue vignette. Un racconto della sua vita e della sua carriera con il contributo di amici e colleghi &#8211; Paolo Rumiz, Michele Serra, Vauro, Sergio Staino e Zerocalcare &#8211; ma soprattutto attraverso i suoi personaggi, fra tutti la Pimpa e Cipputi, che nel documentario prendono vita attraverso attori in carne e ossa.<\/p>\n<p><span style=\"color: #ffffff\">pp<\/span><\/p>\n<p><strong>Come vedere i film<br \/>\n <\/strong><em>Mi chiamo Altan e faccio vignette<\/em>\u00a0\u00e8\u00a0disponibile in streaming su MYmovies dal <strong>1\u00b0 al 4 maggio<\/strong>\u00a0(<strong>prima proiezione in streaming venerd\u00ec 1\u00b0 maggio alle ore 19.00<\/strong>).<br \/>\n <strong>Alle\u00a0ore 18.30, sul <a href=\"https:\/\/www.facebook.com\/CinetecaBologna\/\">profilo Facebook della Cineteca di Bologna<\/a>, anteprima e presentazione online con Altan, Stefano Consiglio, Alice Rohrwacher e Gian Luca Farinelli.<\/strong><\/p>\n<p>\u00a0<br \/>\n Il <a href=\"https:\/\/ilcinemaritrovato.it\/pagamento-streaming\/?movie_id=56014\">biglietto<\/a>\u00a0\u00e8 acquistabile online al prezzo di <strong>3 euro <\/strong>a partire da gioved\u00ec 30 aprile.<\/p>\n<p>Una volta concluse le operazioni di registrazione, selezione della data e acquisto del biglietto si ricever\u00e0 una mail di conferma con un <strong>codice personale<\/strong> che servir\u00e0 per accedere alla proiezione sulla <a href=\"https:\/\/www.mymovies.it\/cineteca-bologna\/altan\/\">piattaforma MYmovies<\/a> nel giorno selezionato.<\/p>\n<p><strong>N.B.<\/strong> Il codice sar\u00e0 valido solamente nella data e ora selezionate al momento dell&#8217;acquisto e per 24 ore. Nello specifico della visione di <em>Mi chiamo Altan e faccio vignette<\/em>:<\/p>\n<table style=\"width: 665px;background-color: #fcfaeb\">\n<tbody>\n<tr>\n<td style=\"width: 655px\">* biglietto 1\u00b0 maggio: valido dalle 19.00 di venerd\u00ec 1\u00b0 maggio alle 19.00 di sabato 2 maggio; acquistabile entro la mezzanotte di venerd\u00ec 1\u00b0 maggio;<br \/>\n * biglietto 2 maggio: valido dalle 19.00 di sabato 2 maggio alle 19.00 di domenica 3 maggio; acquistabile entro la mezzanotte di sabato 2 maggio;<br \/>\n * biglietto 3 maggio: valido dalle 19.00 di domenica 3 maggio alle 19.00 di luned\u00ec 4 maggio; acquistabile entro la mezzanotte di domenica 3 maggio;<br \/>\n * biglietto 4 maggio: valido dalle 19.00 di luned\u00ec 4 maggio alle 19.00 di marted\u00ec 5 maggio; acquistabile entro la mezzanotte di luned\u00ec 4 maggio.<\/td>\n<\/tr>\n<\/tbody>\n<\/table>\n<p><span style=\"color: #ffffff\">p<\/span><\/p>\n<p>In caso di problemi tecnici ti invitiamo a consultare la pagina con le <a href=\"http:\/\/ilcinemaritrovato.it\/streaming-chaplin-altan-faq\">domande frequenti<\/a>.<br \/>\nIn caso di mancata soluzione del problema scrivere a <a href=\"mailto:streaming@cineteca.bologna.it\">streaming@cineteca.bologna.it<\/a><\/p>\n<p><span style=\"color: #ffffff\">p<\/span><\/p>\n\n\t\t<style type=\"text\/css\">\n\t\t\t#gallery-1 {\n\t\t\t\tmargin: auto;\n\t\t\t}\n\t\t\t#gallery-1 .gallery-item {\n\t\t\t\tfloat: left;\n\t\t\t\tmargin-top: 10px;\n\t\t\t\ttext-align: center;\n\t\t\t\twidth: 33%;\n\t\t\t}\n\t\t\t#gallery-1 img {\n\t\t\t\tborder: 2px solid #cfcfcf;\n\t\t\t}\n\t\t\t#gallery-1 .gallery-caption {\n\t\t\t\tmargin-left: 0;\n\t\t\t}\n\t\t\t\/* see gallery_shortcode() in wp-includes\/media.php *\/\n\t\t<\/style>\n\t\t<div id='gallery-1' class='gallery galleryid-56070 gallery-columns-3 gallery-size-thumbnail'><dl class='gallery-item'>\n\t\t\t<dt class='gallery-icon landscape'>\n\t\t\t\t<a href='https:\/\/ilcinemaritrovato.it\/wp-content\/uploads\/2020\/04\/unnamed-1.jpg' title=\"\" data-rl_title=\"\" class=\"rl-gallery-link\" data-rl_caption=\"\" data-rel=\"lightbox-gallery-1\"><img loading=\"lazy\" decoding=\"async\" width=\"150\" height=\"150\" src=\"https:\/\/ilcinemaritrovato.it\/wp-content\/uploads\/2020\/04\/unnamed-1-150x150.jpg\" class=\"attachment-thumbnail size-thumbnail\" alt=\"\" \/><\/a>\n\t\t\t<\/dt><\/dl><dl class='gallery-item'>\n\t\t\t<dt class='gallery-icon landscape'>\n\t\t\t\t<a href='https:\/\/ilcinemaritrovato.it\/wp-content\/uploads\/2020\/04\/r1517x-.jpg' title=\"\" data-rl_title=\"\" class=\"rl-gallery-link\" data-rl_caption=\"\" data-rel=\"lightbox-gallery-1\"><img loading=\"lazy\" decoding=\"async\" width=\"150\" height=\"150\" src=\"https:\/\/ilcinemaritrovato.it\/wp-content\/uploads\/2020\/04\/r1517x--150x150.jpg\" class=\"attachment-thumbnail size-thumbnail\" alt=\"\" \/><\/a>\n\t\t\t<\/dt><\/dl><dl class='gallery-item'>\n\t\t\t<dt class='gallery-icon landscape'>\n\t\t\t\t<a href='https:\/\/ilcinemaritrovato.it\/wp-content\/uploads\/2020\/04\/MAXXI_Altan_VignettaCipputi_\u00a9Altan-Quipos.jpg' title=\"\" data-rl_title=\"\" class=\"rl-gallery-link\" data-rl_caption=\"\" data-rel=\"lightbox-gallery-1\"><img loading=\"lazy\" decoding=\"async\" width=\"150\" height=\"150\" src=\"https:\/\/ilcinemaritrovato.it\/wp-content\/uploads\/2020\/04\/MAXXI_Altan_VignettaCipputi_\u00a9Altan-Quipos-150x150.jpg\" class=\"attachment-thumbnail size-thumbnail\" alt=\"\" \/><\/a>\n\t\t\t<\/dt><\/dl><br style=\"clear: both\" \/><dl class='gallery-item'>\n\t\t\t<dt class='gallery-icon landscape'>\n\t\t\t\t<a href='https:\/\/ilcinemaritrovato.it\/wp-content\/uploads\/2020\/04\/francesco-tulio-altan-8211-cipputi-sui-tetti.jpg' title=\"\" data-rl_title=\"\" class=\"rl-gallery-link\" data-rl_caption=\"\" data-rel=\"lightbox-gallery-1\"><img loading=\"lazy\" decoding=\"async\" width=\"150\" height=\"150\" src=\"https:\/\/ilcinemaritrovato.it\/wp-content\/uploads\/2020\/04\/francesco-tulio-altan-8211-cipputi-sui-tetti-150x150.jpg\" class=\"attachment-thumbnail size-thumbnail\" alt=\"\" \/><\/a>\n\t\t\t<\/dt><\/dl><dl class='gallery-item'>\n\t\t\t<dt class='gallery-icon portrait'>\n\t\t\t\t<a href='https:\/\/ilcinemaritrovato.it\/wp-content\/uploads\/2020\/04\/EIDUQU9VUAEbs4g.jpg' title=\"\" data-rl_title=\"\" class=\"rl-gallery-link\" data-rl_caption=\"\" data-rel=\"lightbox-gallery-1\"><img loading=\"lazy\" decoding=\"async\" width=\"150\" height=\"150\" src=\"https:\/\/ilcinemaritrovato.it\/wp-content\/uploads\/2020\/04\/EIDUQU9VUAEbs4g-150x150.jpg\" class=\"attachment-thumbnail size-thumbnail\" alt=\"\" \/><\/a>\n\t\t\t<\/dt><\/dl><dl class='gallery-item'>\n\t\t\t<dt class='gallery-icon landscape'>\n\t\t\t\t<a href='https:\/\/ilcinemaritrovato.it\/wp-content\/uploads\/2020\/04\/Altan-g7-5295-kYoB-U11003134363790Dq-1024x576.jpg' title=\"\" data-rl_title=\"\" class=\"rl-gallery-link\" data-rl_caption=\"\" data-rel=\"lightbox-gallery-1\"><img loading=\"lazy\" decoding=\"async\" width=\"150\" height=\"150\" src=\"https:\/\/ilcinemaritrovato.it\/wp-content\/uploads\/2020\/04\/Altan-g7-5295-kYoB-U11003134363790Dq-1024x576-150x150.jpg\" class=\"attachment-thumbnail size-thumbnail\" alt=\"\" \/><\/a>\n\t\t\t<\/dt><\/dl><br style=\"clear: both\" \/><dl class='gallery-item'>\n\t\t\t<dt class='gallery-icon portrait'>\n\t\t\t\t<a href='https:\/\/ilcinemaritrovato.it\/wp-content\/uploads\/2020\/04\/altan-cipputi-foto-tiziana-ferrario.jpg' title=\"\" data-rl_title=\"\" class=\"rl-gallery-link\" data-rl_caption=\"\" data-rel=\"lightbox-gallery-1\"><img loading=\"lazy\" decoding=\"async\" width=\"150\" height=\"150\" src=\"https:\/\/ilcinemaritrovato.it\/wp-content\/uploads\/2020\/04\/altan-cipputi-foto-tiziana-ferrario-150x150.jpg\" class=\"attachment-thumbnail size-thumbnail\" alt=\"\" \/><\/a>\n\t\t\t<\/dt><\/dl><dl class='gallery-item'>\n\t\t\t<dt class='gallery-icon portrait'>\n\t\t\t\t<a href='https:\/\/ilcinemaritrovato.it\/wp-content\/uploads\/2020\/04\/altan.jpg' title=\"\" data-rl_title=\"\" class=\"rl-gallery-link\" data-rl_caption=\"\" data-rel=\"lightbox-gallery-1\"><img loading=\"lazy\" decoding=\"async\" width=\"150\" height=\"150\" src=\"https:\/\/ilcinemaritrovato.it\/wp-content\/uploads\/2020\/04\/altan-150x150.jpg\" class=\"attachment-thumbnail size-thumbnail\" alt=\"\" \/><\/a>\n\t\t\t<\/dt><\/dl><dl class='gallery-item'>\n\t\t\t<dt class='gallery-icon landscape'>\n\t\t\t\t<a href='https:\/\/ilcinemaritrovato.it\/wp-content\/uploads\/2020\/04\/1280x720_1452531097653_altan.jpg' title=\"\" data-rl_title=\"\" class=\"rl-gallery-link\" data-rl_caption=\"\" data-rel=\"lightbox-gallery-1\"><img loading=\"lazy\" decoding=\"async\" width=\"150\" height=\"150\" src=\"https:\/\/ilcinemaritrovato.it\/wp-content\/uploads\/2020\/04\/1280x720_1452531097653_altan-150x150.jpg\" class=\"attachment-thumbnail size-thumbnail\" alt=\"\" \/><\/a>\n\t\t\t<\/dt><\/dl><br style=\"clear: both\" \/>\n\t\t<\/div>\n\n<p><em><b><span style=\"color: #ffffff\"><br \/>\n p<\/span><br \/>\n Approfondimenti<\/b><\/em><\/p>\n<p>Guarda su <a href=\"https:\/\/www.raiplay.it\/video\/2019\/12\/Torino-Film-Festival-Tv-Call-Mi-chiamo-Altan-e-faccio-vignette-Altan-f3926bdd-9dfa-4f18-807e-ded84c3696a4.html\">RaiPlay<\/a> l&#8217;intervista ad Altan realizzata in occasione della partecipazione al Torino Film Festival.<\/p>\n<h5><span style=\"color: #ffffff\">p<\/span><\/h5>\n<h5>Il progetto \u00e8 reso possibile grazie all\u2019iniziativa di Regione Emilia-Romagna, Comune di Bologna, Cineteca di Bologna e lo sponsor Gruppo Hera.<\/h5>\n<p><span style=\"color: #ffffff\">p<\/span><\/p>\n<p><a href=\"http:\/\/ilcinemaritrovato.it\/chaplin-altan\">Torna alla pagina principale<\/a><\/p>\n<p><\/p>","protected":false},"excerpt":{"rendered":"<p>Sorry, this entry is only available in Italiano. Mi chiamo Altan e faccio vignette di Stefano Consiglio (Italia\/2019, 75&#8242;), un film sul grande disegnatore Francesco Tullio Altan e sul paese che da oltre quarant&#8217;anni racconta e rappresenta attraverso le sue vignette. Un racconto della sua vita e della sua carriera con il contributo di amici [&hellip;]<\/p>\n","protected":false},"author":3,"featured_media":56013,"parent":0,"menu_order":136,"comment_status":"closed","ping_status":"closed","template":"","meta":{"footnotes":""},"class_list":["post-56070","page","type-page","status-publish","has-post-thumbnail","hentry"],"acf":[],"_links":{"self":[{"href":"https:\/\/ilcinemaritrovato.it\/en\/wp-json\/wp\/v2\/pages\/56070","targetHints":{"allow":["GET"]}}],"collection":[{"href":"https:\/\/ilcinemaritrovato.it\/en\/wp-json\/wp\/v2\/pages"}],"about":[{"href":"https:\/\/ilcinemaritrovato.it\/en\/wp-json\/wp\/v2\/types\/page"}],"author":[{"embeddable":true,"href":"https:\/\/ilcinemaritrovato.it\/en\/wp-json\/wp\/v2\/users\/3"}],"replies":[{"embeddable":true,"href":"https:\/\/ilcinemaritrovato.it\/en\/wp-json\/wp\/v2\/comments?post=56070"}],"version-history":[{"count":13,"href":"https:\/\/ilcinemaritrovato.it\/en\/wp-json\/wp\/v2\/pages\/56070\/revisions"}],"predecessor-version":[{"id":56181,"href":"https:\/\/ilcinemaritrovato.it\/en\/wp-json\/wp\/v2\/pages\/56070\/revisions\/56181"}],"wp:featuredmedia":[{"embeddable":true,"href":"https:\/\/ilcinemaritrovato.it\/en\/wp-json\/wp\/v2\/media\/56013"}],"wp:attachment":[{"href":"https:\/\/ilcinemaritrovato.it\/en\/wp-json\/wp\/v2\/media?parent=56070"}],"curies":[{"name":"wp","href":"https:\/\/api.w.org\/{rel}","templated":true}]}}