{"id":56039,"date":"2020-04-29T15:10:36","date_gmt":"2020-04-29T13:10:36","guid":{"rendered":"http:\/\/ilcinemaritrovato.it\/?page_id=56039"},"modified":"2020-04-30T14:29:52","modified_gmt":"2020-04-30T12:29:52","slug":"tempi-moderni-in-streaming","status":"publish","type":"page","link":"https:\/\/ilcinemaritrovato.it\/en\/tempi-moderni-in-streaming\/","title":{"rendered":"&#8217;Tempi moderni&#8217; in streaming su MYmovies"},"content":{"rendered":"<p class=\"qtranxs-available-languages-message qtranxs-available-languages-message-en\">Sorry, this entry is only available in <a href=\"https:\/\/ilcinemaritrovato.it\/it\/wp-json\/wp\/v2\/pages\/56039\" class=\"qtranxs-available-language-link qtranxs-available-language-link-it\" title=\"Italiano\">Italiano<\/a>.<\/p><p><\/p>\n<p><em><strong>Tempi moderni<\/strong><\/em>\u00a0(<em>Modern Times<\/em>, USA\/1936, 87&#8242;) \u00e8 uno dei vertici dell\u2019arte di Chaplin e sintesi perfetta del suo umanesimo. A pi\u00f9 di ottant\u2019anni dalla sua uscita, un film insuperabile per felicit\u00e0 delle invenzioni comiche, rigore stilistico e profondit\u00e0 del pensiero sociale. \u00c8 l\u2019ultima apparizione di Chaplin nelle vesti del Vagabondo: Charlot che avvita bulloni in accelerazione convulsa, Charlot a cavalcioni di giganteschi ingranaggi, alienato, disoccupato, sfruttato, anche innamorato e infine sulla strada verso un futuro incerto, ma non pi\u00f9 solitario. Un film (quasi) muto girato in epoca pienamente sonora, con uso magistrale degli effetti e delle musiche; un grande film sulla dannazione della modernit\u00e0, sul fascino ambiguo della meccanizzazione, sullo sfruttamento sociale alla base dell\u2019etica capitalista.\u00a0<br \/>\n Il film viene presentato con le musiche originali composte da Charlie Chaplin, eseguite dall&#8217;Orchestra NDR Radiophilharmonie diretta da Timothy Brock e registrate nel 2006.<\/p>\n<p><span style=\"color: #ffffff\">pp<\/span><\/p>\n<p><strong>Come vedere i film<br \/>\n <\/strong><em>Tempi moderni<\/em>, in versione originale con sottotitoli in italiano,\u00a0\u00e8\u00a0disponibile in streaming su MYmovies dal <strong>1\u00b0 al 4 maggio<\/strong>\u00a0(<strong>prima proiezione in streaming venerd\u00ec 1\u00b0 maggio alle ore 15.30; il film \u00e8 visibile solo all&#8217;interno del territorio nazionale<\/strong>).<\/p>\n<p> Il <a href=\"https:\/\/ilcinemaritrovato.it\/pagamento-streaming\/?movie_id=55997\">biglietto<\/a> \u00e8 acquistabile online al prezzo di <strong>3 euro <\/strong>a partire da gioved\u00ec 30 aprile.<\/p>\n<p>Una volta concluse le operazioni di registrazione, selezione della data e acquisto del biglietto si ricever\u00e0 una mail di conferma con un <strong>codice personale<\/strong> che servir\u00e0 per accedere alla proiezione sulla piattaforma <a href=\"https:\/\/www.mymovies.it\/cineteca-bologna\/tempi-moderni\/\">MYmovies<\/a> nel giorno selezionato.<\/p>\n<p><strong>N.B.<\/strong> Il codice sar\u00e0 valido solamente nella data e ora selezionate al momento dell&#8217;acquisto e per 24 ore. Nello specifico della visione di <em>Tempi moderni<\/em>:<\/p>\n<table style=\"width: 665px;background-color: #fcfaeb\">\n<tbody>\n<tr>\n<td style=\"width: 655px\">* biglietto 1\u00b0 maggio: valido dalle 15.30 di venerd\u00ec 1\u00b0 maggio alle 15.30 di sabato 2 maggio; acquistabile entro la mezzanotte di venerd\u00ec 1\u00b0 maggio;<br \/>\n * biglietto 2 maggio: valido dalle 15.30 di sabato 2 maggio alle 15.30 di domenica 3 maggio; acquistabile entro la mezzanotte di sabato 2 maggio;<br \/>\n * biglietto 3 maggio: valido dalle 15.30 di domenica 3 maggio alle 15.30 di luned\u00ec 4 maggio; acquistabile entro la mezzanotte di domenica 3 maggio;<br \/>\n * biglietto 4 maggio: valido dalle 15.30 di luned\u00ec 4 maggio alle 15.30 di marted\u00ec 5 maggio; acquistabile entro la mezzanotte di luned\u00ec 4 maggio.<\/td>\n<\/tr>\n<\/tbody>\n<\/table>\n<p><span style=\"color: #ffffff\">p<\/span><\/p>\n<p>In caso di problemi tecnici ti invitiamo a consultare la pagina con le <a href=\"http:\/\/ilcinemaritrovato.it\/streaming-chaplin-altan-faq\/\">domande frequenti<\/a>.<br \/>\n In caso di mancata soluzione del problema scrivere a\u00a0<a href=\"mailto:streaming@cineteca.bologna.it\">streaming@cineteca.bologna.it<\/a><\/p>\n<p><span style=\"color: #ffffff\">p<\/span><\/p>\n\n\t\t<style type=\"text\/css\">\n\t\t\t#gallery-1 {\n\t\t\t\tmargin: auto;\n\t\t\t}\n\t\t\t#gallery-1 .gallery-item {\n\t\t\t\tfloat: left;\n\t\t\t\tmargin-top: 10px;\n\t\t\t\ttext-align: center;\n\t\t\t\twidth: 25%;\n\t\t\t}\n\t\t\t#gallery-1 img {\n\t\t\t\tborder: 2px solid #cfcfcf;\n\t\t\t}\n\t\t\t#gallery-1 .gallery-caption {\n\t\t\t\tmargin-left: 0;\n\t\t\t}\n\t\t\t\/* see gallery_shortcode() in wp-includes\/media.php *\/\n\t\t<\/style>\n\t\t<div id='gallery-1' class='gallery galleryid-56039 gallery-columns-4 gallery-size-thumbnail'><dl class='gallery-item'>\n\t\t\t<dt class='gallery-icon landscape'>\n\t\t\t\t<a href='https:\/\/ilcinemaritrovato.it\/wp-content\/uploads\/2020\/04\/modern-1-1.jpg' title=\"\u00a9\u00a0Roy Export Co Ltd\" data-rl_title=\"\u00a9\u00a0Roy Export Co Ltd\" class=\"rl-gallery-link\" data-rl_caption=\"\" data-rel=\"lightbox-gallery-1\"><img loading=\"lazy\" decoding=\"async\" width=\"150\" height=\"150\" src=\"https:\/\/ilcinemaritrovato.it\/wp-content\/uploads\/2020\/04\/modern-1-1-150x150.jpg\" class=\"attachment-thumbnail size-thumbnail\" alt=\"\" aria-describedby=\"gallery-1-56059\" \/><\/a>\n\t\t\t<\/dt>\n\t\t\t\t<dd class='wp-caption-text gallery-caption' id='gallery-1-56059'>\n\t\t\t\t\u00a9\u00a0Roy Export Co Ltd\n\t\t\t\t<\/dd><\/dl><dl class='gallery-item'>\n\t\t\t<dt class='gallery-icon landscape'>\n\t\t\t\t<a href='https:\/\/ilcinemaritrovato.it\/wp-content\/uploads\/2020\/04\/modern-2-1.jpg' title=\"\u00a9\u00a0Roy Export Co Ltd\" data-rl_title=\"\u00a9\u00a0Roy Export Co Ltd\" class=\"rl-gallery-link\" data-rl_caption=\"\" data-rel=\"lightbox-gallery-1\"><img loading=\"lazy\" decoding=\"async\" width=\"150\" height=\"150\" src=\"https:\/\/ilcinemaritrovato.it\/wp-content\/uploads\/2020\/04\/modern-2-1-150x150.jpg\" class=\"attachment-thumbnail size-thumbnail\" alt=\"\" aria-describedby=\"gallery-1-56060\" \/><\/a>\n\t\t\t<\/dt>\n\t\t\t\t<dd class='wp-caption-text gallery-caption' id='gallery-1-56060'>\n\t\t\t\t\u00a9\u00a0Roy Export Co Ltd\n\t\t\t\t<\/dd><\/dl><dl class='gallery-item'>\n\t\t\t<dt class='gallery-icon portrait'>\n\t\t\t\t<a href='https:\/\/ilcinemaritrovato.it\/wp-content\/uploads\/2020\/04\/mtp181.jpg' title=\"\u00a9Roy Export SAS\" data-rl_title=\"\u00a9Roy Export SAS\" class=\"rl-gallery-link\" data-rl_caption=\"\" data-rel=\"lightbox-gallery-1\"><img loading=\"lazy\" decoding=\"async\" width=\"150\" height=\"150\" src=\"https:\/\/ilcinemaritrovato.it\/wp-content\/uploads\/2020\/04\/mtp181-150x150.jpg\" class=\"attachment-thumbnail size-thumbnail\" alt=\"\" aria-describedby=\"gallery-1-56065\" \/><\/a>\n\t\t\t<\/dt>\n\t\t\t\t<dd class='wp-caption-text gallery-caption' id='gallery-1-56065'>\n\t\t\t\t\u00a9Roy Export SAS\n\t\t\t\t<\/dd><\/dl><dl class='gallery-item'>\n\t\t\t<dt class='gallery-icon landscape'>\n\t\t\t\t<a href='https:\/\/ilcinemaritrovato.it\/wp-content\/uploads\/2020\/04\/mtp78.jpg' title=\"\u00a9Roy Export SAS\" data-rl_title=\"\u00a9Roy Export SAS\" class=\"rl-gallery-link\" data-rl_caption=\"\" data-rel=\"lightbox-gallery-1\"><img loading=\"lazy\" decoding=\"async\" width=\"150\" height=\"150\" src=\"https:\/\/ilcinemaritrovato.it\/wp-content\/uploads\/2020\/04\/mtp78-150x150.jpg\" class=\"attachment-thumbnail size-thumbnail\" alt=\"\" aria-describedby=\"gallery-1-56064\" \/><\/a>\n\t\t\t<\/dt>\n\t\t\t\t<dd class='wp-caption-text gallery-caption' id='gallery-1-56064'>\n\t\t\t\t\u00a9Roy Export SAS\n\t\t\t\t<\/dd><\/dl><br style=\"clear: both\" \/><dl class='gallery-item'>\n\t\t\t<dt class='gallery-icon landscape'>\n\t\t\t\t<a href='https:\/\/ilcinemaritrovato.it\/wp-content\/uploads\/2020\/04\/mtp15.jpg' title=\"\u00a9\u00a0Roy Export Co Ltd\" data-rl_title=\"\u00a9\u00a0Roy Export Co Ltd\" class=\"rl-gallery-link\" data-rl_caption=\"\" data-rel=\"lightbox-gallery-1\"><img loading=\"lazy\" decoding=\"async\" width=\"150\" height=\"150\" src=\"https:\/\/ilcinemaritrovato.it\/wp-content\/uploads\/2020\/04\/mtp15-150x150.jpg\" class=\"attachment-thumbnail size-thumbnail\" alt=\"\" aria-describedby=\"gallery-1-56063\" \/><\/a>\n\t\t\t<\/dt>\n\t\t\t\t<dd class='wp-caption-text gallery-caption' id='gallery-1-56063'>\n\t\t\t\t\u00a9\u00a0Roy Export Co Ltd\n\t\t\t\t<\/dd><\/dl><dl class='gallery-item'>\n\t\t\t<dt class='gallery-icon landscape'>\n\t\t\t\t<a href='https:\/\/ilcinemaritrovato.it\/wp-content\/uploads\/2020\/04\/mt0272.jpg' title=\"\u00a9\u00a0Roy Export Co Ltd\" data-rl_title=\"\u00a9\u00a0Roy Export Co Ltd\" class=\"rl-gallery-link\" data-rl_caption=\"\" data-rel=\"lightbox-gallery-1\"><img loading=\"lazy\" decoding=\"async\" width=\"150\" height=\"150\" src=\"https:\/\/ilcinemaritrovato.it\/wp-content\/uploads\/2020\/04\/mt0272-150x150.jpg\" class=\"attachment-thumbnail size-thumbnail\" alt=\"\" aria-describedby=\"gallery-1-56062\" \/><\/a>\n\t\t\t<\/dt>\n\t\t\t\t<dd class='wp-caption-text gallery-caption' id='gallery-1-56062'>\n\t\t\t\t\u00a9\u00a0Roy Export Co Ltd\n\t\t\t\t<\/dd><\/dl><dl class='gallery-item'>\n\t\t\t<dt class='gallery-icon landscape'>\n\t\t\t\t<a href='https:\/\/ilcinemaritrovato.it\/wp-content\/uploads\/2020\/04\/mt0246.jpg' title=\"\u00a9\u00a0Roy Export Co Ltd\" data-rl_title=\"\u00a9\u00a0Roy Export Co Ltd\" class=\"rl-gallery-link\" data-rl_caption=\"\" data-rel=\"lightbox-gallery-1\"><img loading=\"lazy\" decoding=\"async\" width=\"150\" height=\"150\" src=\"https:\/\/ilcinemaritrovato.it\/wp-content\/uploads\/2020\/04\/mt0246-150x150.jpg\" class=\"attachment-thumbnail size-thumbnail\" alt=\"\" aria-describedby=\"gallery-1-56061\" \/><\/a>\n\t\t\t<\/dt>\n\t\t\t\t<dd class='wp-caption-text gallery-caption' id='gallery-1-56061'>\n\t\t\t\t\u00a9\u00a0Roy Export Co Ltd\n\t\t\t\t<\/dd><\/dl><dl class='gallery-item'>\n\t\t\t<dt class='gallery-icon landscape'>\n\t\t\t\t<a href='https:\/\/ilcinemaritrovato.it\/wp-content\/uploads\/2020\/04\/finale.jpg' title=\"\u00a9Roy Export SAS\" data-rl_title=\"\u00a9Roy Export SAS\" class=\"rl-gallery-link\" data-rl_caption=\"\" data-rel=\"lightbox-gallery-1\"><img loading=\"lazy\" decoding=\"async\" width=\"150\" height=\"150\" src=\"https:\/\/ilcinemaritrovato.it\/wp-content\/uploads\/2020\/04\/finale-150x150.jpg\" class=\"attachment-thumbnail size-thumbnail\" alt=\"\" aria-describedby=\"gallery-1-56058\" \/><\/a>\n\t\t\t<\/dt>\n\t\t\t\t<dd class='wp-caption-text gallery-caption' id='gallery-1-56058'>\n\t\t\t\t\u00a9Roy Export SAS\n\t\t\t\t<\/dd><\/dl><br style=\"clear: both\" \/>\n\t\t<\/div>\n\n<p><em><b><span style=\"color: #ffffff\">p<\/span><br \/>\n Approfondimenti<\/b><\/em><\/p>\n<p>Guarda la <a href=\"https:\/\/www.youtube.com\/watch?time_continue=129&amp;v=MZ6RpoMqJLA&amp;feature=emb_logo\">videopresentazione di Paolo Mereghetti<\/a>.<\/p>\n<p>Dal sito <a href=\"http:\/\/www.charliechaplinarchive.org\">www.charliechaplinarchive.org<\/a>, &#8220;<a href=\"http:\/\/www.charliechaplinarchive.org\/it\/stories\/storie\/i-due-finali-di-tempi-moderni\/page\/1\/view_as\/grid\">I due finali di <em>Tempi moderni<\/em><\/a>&#8221; e &#8220;<a href=\"http:\/\/www.charliechaplinarchive.org\/it\/topics\/temi\/paulette-goddard-e-la-genesi-di-tempi-moderni\">Paulette Goddard e la genesi di <em>Tempi moderni<\/em><\/a>&#8220;.<\/p>\n<p>Leggi gli <a href=\"http:\/\/distribuzione.ilcinemaritrovato.it\/tempi-moderni\">approfondimenti<\/a>\u00a0(tra cui, antologia critica, partitura e storia del film) disponibili sul sito del progetto di distribuzione Il Cinema Ritrovato al cinema.<\/p>\n<p><strong>Luned\u00ec 4 maggio, dalle ore 15.15 sul <a href=\"https:\/\/www.facebook.com\/CinetecaBologna\/\">profilo Facebook della Cineteca<\/a><\/strong>, nuova puntata della rubrica <a href=\"https:\/\/ilcinemaritrovato.it\/tag\/cineclub-a-distanza\/\">Cineclub a distanza<\/a>: due dirette &#8211; una introduzione e una discussione successiva alla visione del film &#8211; dedicate al capolavoro chapliniano. Conducono Simone Fratini (Schermi e Lavagne) e Cecilia Cenciarelli (Progetto Chaplin).<\/p>\n<p><a href=\"http:\/\/ilcinemaritrovato.it\/wp-content\/uploads\/sites\/2\/2020\/04\/tempi-moderni.jpg\" data-rel=\"lightbox-image-8\" data-rl_title=\"\" data-rl_caption=\"\" title=\"\"><img loading=\"lazy\" decoding=\"async\" class=\"alignnone size-medium wp-image-56131\" src=\"http:\/\/ilcinemaritrovato.it\/wp-content\/uploads\/sites\/2\/2020\/04\/tempi-moderni-300x211.jpg\" alt=\"\" width=\"300\" height=\"211\" srcset=\"https:\/\/ilcinemaritrovato.it\/wp-content\/uploads\/2020\/04\/tempi-moderni-300x211.jpg 300w, https:\/\/ilcinemaritrovato.it\/wp-content\/uploads\/2020\/04\/tempi-moderni-768x541.jpg 768w, https:\/\/ilcinemaritrovato.it\/wp-content\/uploads\/2020\/04\/tempi-moderni-1024x721.jpg 1024w, https:\/\/ilcinemaritrovato.it\/wp-content\/uploads\/2020\/04\/tempi-moderni-600x423.jpg 600w, https:\/\/ilcinemaritrovato.it\/wp-content\/uploads\/2020\/04\/tempi-moderni-800x563.jpg 800w, https:\/\/ilcinemaritrovato.it\/wp-content\/uploads\/2020\/04\/tempi-moderni-1600x1127.jpg 1600w, https:\/\/ilcinemaritrovato.it\/wp-content\/uploads\/2020\/04\/tempi-moderni.jpg 1654w\" sizes=\"auto, (max-width: 300px) 100vw, 300px\" \/><\/a><\/p>\n<h5><span style=\"color: #ffffff\">p<\/span><\/h5>\n<h5>Il progetto \u00e8 reso possibile grazie all\u2019iniziativa di Regione Emilia-Romagna, Comune di Bologna, Cineteca di Bologna e lo sponsor Gruppo Hera.<\/h5>\n<p><span style=\"color: #ffffff\">p<\/span><\/p>\n<p><a href=\"http:\/\/ilcinemaritrovato.it\/chaplin-altan\">Torna alla pagina principale<\/a><\/p>\n<p><\/p>","protected":false},"excerpt":{"rendered":"<p>Sorry, this entry is only available in Italiano. Tempi moderni\u00a0(Modern Times, USA\/1936, 87&#8242;) \u00e8 uno dei vertici dell\u2019arte di Chaplin e sintesi perfetta del suo umanesimo. A pi\u00f9 di ottant\u2019anni dalla sua uscita, un film insuperabile per felicit\u00e0 delle invenzioni comiche, rigore stilistico e profondit\u00e0 del pensiero sociale. \u00c8 l\u2019ultima apparizione di Chaplin nelle vesti [&hellip;]<\/p>\n","protected":false},"author":3,"featured_media":55990,"parent":0,"menu_order":137,"comment_status":"closed","ping_status":"closed","template":"","meta":{"footnotes":""},"class_list":["post-56039","page","type-page","status-publish","has-post-thumbnail","hentry"],"acf":[],"_links":{"self":[{"href":"https:\/\/ilcinemaritrovato.it\/en\/wp-json\/wp\/v2\/pages\/56039","targetHints":{"allow":["GET"]}}],"collection":[{"href":"https:\/\/ilcinemaritrovato.it\/en\/wp-json\/wp\/v2\/pages"}],"about":[{"href":"https:\/\/ilcinemaritrovato.it\/en\/wp-json\/wp\/v2\/types\/page"}],"author":[{"embeddable":true,"href":"https:\/\/ilcinemaritrovato.it\/en\/wp-json\/wp\/v2\/users\/3"}],"replies":[{"embeddable":true,"href":"https:\/\/ilcinemaritrovato.it\/en\/wp-json\/wp\/v2\/comments?post=56039"}],"version-history":[{"count":23,"href":"https:\/\/ilcinemaritrovato.it\/en\/wp-json\/wp\/v2\/pages\/56039\/revisions"}],"predecessor-version":[{"id":56180,"href":"https:\/\/ilcinemaritrovato.it\/en\/wp-json\/wp\/v2\/pages\/56039\/revisions\/56180"}],"wp:featuredmedia":[{"embeddable":true,"href":"https:\/\/ilcinemaritrovato.it\/en\/wp-json\/wp\/v2\/media\/55990"}],"wp:attachment":[{"href":"https:\/\/ilcinemaritrovato.it\/en\/wp-json\/wp\/v2\/media?parent=56039"}],"curies":[{"name":"wp","href":"https:\/\/api.w.org\/{rel}","templated":true}]}}