{"id":55837,"date":"2020-04-24T13:10:46","date_gmt":"2020-04-24T11:10:46","guid":{"rendered":"http:\/\/ilcinemaritrovato.it\/?page_id=55837"},"modified":"2020-04-24T13:10:46","modified_gmt":"2020-04-24T11:10:46","slug":"la-spirale-musicale","status":"publish","type":"page","link":"https:\/\/ilcinemaritrovato.it\/en\/la-spirale-musicale\/","title":{"rendered":"La spirale musicale di Bernard Herrmann\u00a0"},"content":{"rendered":"<p class=\"qtranxs-available-languages-message qtranxs-available-languages-message-en\">Sorry, this entry is only available in <a href=\"https:\/\/ilcinemaritrovato.it\/it\/wp-json\/wp\/v2\/pages\/55837\" class=\"qtranxs-available-language-link qtranxs-available-language-link-it\" title=\"Italiano\">Italiano<\/a>.<\/p><p><\/p>\n<p dir=\"ltr\">In diverse occasioni, in questa rubrica, \u00e8 capitato di accennare ad alcuni fondamentali sodalizi artistici tra registi e compositori: \u00e8 il caso ad esempio delle coppie Fellini-Rota, Leone-Morricone.<\/p>\n<p dir=\"ltr\"><a href=\"http:\/\/ilcinemaritrovato.it\/wp-content\/uploads\/sites\/2\/2020\/04\/D-uTIdYXkAAXB9s.jpg\" data-rel=\"lightbox-image-0\" data-rl_title=\"\" data-rl_caption=\"\" title=\"\"><img loading=\"lazy\" decoding=\"async\" class=\"size-medium wp-image-55845 alignleft\" src=\"http:\/\/ilcinemaritrovato.it\/wp-content\/uploads\/sites\/2\/2020\/04\/D-uTIdYXkAAXB9s-267x300.jpg\" alt=\"\" width=\"267\" height=\"300\" srcset=\"https:\/\/ilcinemaritrovato.it\/wp-content\/uploads\/2020\/04\/D-uTIdYXkAAXB9s-267x300.jpg 267w, https:\/\/ilcinemaritrovato.it\/wp-content\/uploads\/2020\/04\/D-uTIdYXkAAXB9s-768x865.jpg 768w, https:\/\/ilcinemaritrovato.it\/wp-content\/uploads\/2020\/04\/D-uTIdYXkAAXB9s-910x1024.jpg 910w, https:\/\/ilcinemaritrovato.it\/wp-content\/uploads\/2020\/04\/D-uTIdYXkAAXB9s-600x675.jpg 600w, https:\/\/ilcinemaritrovato.it\/wp-content\/uploads\/2020\/04\/D-uTIdYXkAAXB9s-800x901.jpg 800w, https:\/\/ilcinemaritrovato.it\/wp-content\/uploads\/2020\/04\/D-uTIdYXkAAXB9s.jpg 1066w\" sizes=\"auto, (max-width: 267px) 100vw, 267px\" \/><\/a>La collaborazione tra Alfred Hitchcock e Bernard Herrmann, iniziata nel 1955 e durata poco pi\u00f9 di dieci anni e otto film, \u00e8 sicuramente annoverabile tra questi. Nonostante alcune divergenze artistiche che sfoceranno poi in una rottura dei rapporti abbastanza brusca, Herrmann fu forse il collaboratore di cui Hitchcock riusc\u00ec a fidarsi di pi\u00f9 (spesso si parla di quanto il regista fosse autoritario e per certi diffidente nei confronti delle persone che lavoravano con lui).<\/p>\n<p dir=\"ltr\"><em>Vertigo<\/em> \u00e8, a detta di molti, l&#8217;apice della straordinaria simbiosi creativa tra i due.<\/p>\n<p dir=\"ltr\">La musica in <em>La donna che visse due volte<\/em> ricopre un ruolo centrale, una funzione drammaturgica di primaria importanza. Spesso i film di Hitchcock sono concepiti secondo una logica pi\u00f9 vicina al cinema muto che al sonoro, <em>Vertigo<\/em> non fa eccezione, \u00e8 infatti spoglio dal punto di vista dei dialoghi ma ricchissimo di suggestioni sonore volte a coinvolgere ancor di pi\u00f9 lo spettatore nel vertiginoso e complesso turbinio della vicenda.<\/p>\n<p dir=\"ltr\">Fin dai titoli di testa la figura sonora ciclicamente ripetuta che accompagna la spirale grafica di Saul Bass introduce il <strong>tema della vertigine<\/strong> che sar\u00e0 poi il motivo conduttore dell&#8217;intero film.<\/p>\n<p dir=\"ltr\"><a href=\"http:\/\/ilcinemaritrovato.it\/wp-content\/uploads\/sites\/2\/2020\/04\/1585952834-1.jpg\" data-rel=\"lightbox-image-1\" data-rl_title=\"\" data-rl_caption=\"\" title=\"\"><img loading=\"lazy\" decoding=\"async\" class=\"size-medium wp-image-55855 alignleft\" src=\"http:\/\/ilcinemaritrovato.it\/wp-content\/uploads\/sites\/2\/2020\/04\/1585952834-1-225x300.jpg\" alt=\"\" width=\"225\" height=\"300\" srcset=\"https:\/\/ilcinemaritrovato.it\/wp-content\/uploads\/2020\/04\/1585952834-1-225x300.jpg 225w, https:\/\/ilcinemaritrovato.it\/wp-content\/uploads\/2020\/04\/1585952834-1.jpg 768w, https:\/\/ilcinemaritrovato.it\/wp-content\/uploads\/2020\/04\/1585952834-1-600x800.jpg 600w\" sizes=\"auto, (max-width: 225px) 100vw, 225px\" \/><\/a>Uno struggente e tenero tema d&#8217;amore (<em>Lento amoroso<\/em>) accompagna introduce poi il personaggio di Madeleine e ne accompagner\u00e0 le varie apparizioni, mescolato talvolta al ritmo latino dell&#8217;habanera, che rimanda direttamente al passato coloniale a cui appartiene la figura dell&#8217;antenata Carlotta.<\/p>\n<p dir=\"ltr\">Il <em>Tempo dell&#8217;habanera<\/em> \u00e8 forse l&#8217;invenzione sonora pi\u00f9 importante all&#8217;interno della partitura, \u00e8 infatti onnipresente in diverse forme e, collegando l&#8217;ossessione di Madeleine per Carlotta diventa poi il marchio dell&#8217;ossessione di Scottie per Madeleine-Judy.<\/p>\n<p dir=\"ltr\">Nonostante la paternit\u00e0 della partitura, alla fine le musiche non furono dirette da Hermann per via di un grande sciopero dei musicisti di Hollywood. La casa di produzione del film scelse allora di affidare l&#8217;esecuzione dei brani all&#8217;orchestra London Symphony di Londra, ma la registrazione venne in questo caso lasciata a met\u00e0 perch\u00e9 i musicisti inglesi decisero di abbracciare la causa dei colleghi statunitensi. Ad intervenire fu allora l&#8217;orchestra di Vienna che consegn\u00f2 il lavoro in tempo per l&#8217;uscita del film.\u00a0<\/p>\n<p dir=\"ltr\"><span style=\"color: #ffffff\">p<\/span><\/p>\n<p dir=\"ltr\"><a href=\"http:\/\/ilcinemaritrovato.it\/consigli-per-giovani-cinefili-al-tempo-del-coronavirus-8\">Ritorna all&#8217;articolo<\/a><\/p>\n<p><\/p>","protected":false},"excerpt":{"rendered":"<p>Sorry, this entry is only available in Italiano. In diverse occasioni, in questa rubrica, \u00e8 capitato di accennare ad alcuni fondamentali sodalizi artistici tra registi e compositori: \u00e8 il caso ad esempio delle coppie Fellini-Rota, Leone-Morricone. La collaborazione tra Alfred Hitchcock e Bernard Herrmann, iniziata nel 1955 e durata poco pi\u00f9 di dieci anni e [&hellip;]<\/p>\n","protected":false},"author":3,"featured_media":55854,"parent":0,"menu_order":138,"comment_status":"closed","ping_status":"closed","template":"","meta":{"footnotes":""},"class_list":["post-55837","page","type-page","status-publish","has-post-thumbnail","hentry"],"acf":[],"_links":{"self":[{"href":"https:\/\/ilcinemaritrovato.it\/en\/wp-json\/wp\/v2\/pages\/55837","targetHints":{"allow":["GET"]}}],"collection":[{"href":"https:\/\/ilcinemaritrovato.it\/en\/wp-json\/wp\/v2\/pages"}],"about":[{"href":"https:\/\/ilcinemaritrovato.it\/en\/wp-json\/wp\/v2\/types\/page"}],"author":[{"embeddable":true,"href":"https:\/\/ilcinemaritrovato.it\/en\/wp-json\/wp\/v2\/users\/3"}],"replies":[{"embeddable":true,"href":"https:\/\/ilcinemaritrovato.it\/en\/wp-json\/wp\/v2\/comments?post=55837"}],"version-history":[{"count":2,"href":"https:\/\/ilcinemaritrovato.it\/en\/wp-json\/wp\/v2\/pages\/55837\/revisions"}],"predecessor-version":[{"id":55856,"href":"https:\/\/ilcinemaritrovato.it\/en\/wp-json\/wp\/v2\/pages\/55837\/revisions\/55856"}],"wp:featuredmedia":[{"embeddable":true,"href":"https:\/\/ilcinemaritrovato.it\/en\/wp-json\/wp\/v2\/media\/55854"}],"wp:attachment":[{"href":"https:\/\/ilcinemaritrovato.it\/en\/wp-json\/wp\/v2\/media?parent=55837"}],"curies":[{"name":"wp","href":"https:\/\/api.w.org\/{rel}","templated":true}]}}