{"id":55818,"date":"2020-04-24T00:46:58","date_gmt":"2020-04-23T22:46:58","guid":{"rendered":"http:\/\/ilcinemaritrovato.it\/?page_id=55818"},"modified":"2020-04-24T00:55:34","modified_gmt":"2020-04-23T22:55:34","slug":"to-lay-a-ghost","status":"publish","type":"page","link":"https:\/\/ilcinemaritrovato.it\/en\/to-lay-a-ghost\/","title":{"rendered":"To lay a ghost"},"content":{"rendered":"<p class=\"qtranxs-available-languages-message qtranxs-available-languages-message-en\">Sorry, this entry is only available in <a href=\"https:\/\/ilcinemaritrovato.it\/it\/wp-json\/wp\/v2\/pages\/55818\" class=\"qtranxs-available-language-link qtranxs-available-language-link-it\" title=\"Italiano\">Italiano<\/a>.<\/p><p><\/p>\n<p dir=\"ltr\" style=\"text-align: right\"><em>&#8220;Allora, sappiamo che Vertigo non \u00e8 solo un film di morti. \u00c8 anche &#8211; o soltanto &#8211; un film di vivi che non possono amare. E ci fa venire davvero i sudori freddi (<\/em>sueurs froids<em>, come da titolo francese). Ma non perch\u00e9 c&#8217;\u00e8 una porta che scricchiola o una mano che agita un coltello. Perch\u00e9 ci insinua un sospetto: forse il solo amore eterno di cui siamo capaci \u00e8 quello per chi non ci appartiene pi\u00f9. L&#8217;amore che non muore \u00e8 l&#8217;amore per un fantasma&#8221;<\/em>.<br \/>\n (Gianni Amelio, <em>Il vizio del cinema<\/em>, Einaudi, 2004)<\/p>\n<p>&nbsp;<\/p>\n<p dir=\"ltr\"><em>To lay a ghost<\/em> \u00e8 il titolo che ad un certo punto della lavorazione del film lo sceneggiatore Samuel Taylor diede, per scherzo, al film. Il riferimento \u00e8 all&#8217;attrazione fatale che Scottie prova nei confronti di colei che \u00e8 un fantasma a tutti gli effetti, una persona che non c&#8217;\u00e8 pi\u00f9 ma si ripresenta ai suoi occhi \u201creincarnata\u201d, una persona che poi in fondo, non c&#8217;\u00e8 mai stata. Nell&#8217;intervista rilasciata a Truffaut alcuni anni dopo, Hitchcock parl\u00f2 addirittura di necrofilia (amore per i morti) riferendosi all&#8217;ossessione di Scottie per Madeleine.<\/p>\n<p dir=\"ltr\"><a href=\"http:\/\/ilcinemaritrovato.it\/wp-content\/uploads\/sites\/2\/2020\/04\/vertigo12.jpg\" data-rel=\"lightbox-image-0\" data-rl_title=\"\" data-rl_caption=\"\" title=\"\"><img loading=\"lazy\" decoding=\"async\" class=\"size-medium wp-image-55774 alignleft\" src=\"http:\/\/ilcinemaritrovato.it\/wp-content\/uploads\/sites\/2\/2020\/04\/vertigo12-300x164.jpg\" alt=\"\" width=\"300\" height=\"164\" srcset=\"https:\/\/ilcinemaritrovato.it\/wp-content\/uploads\/2020\/04\/vertigo12-300x164.jpg 300w, https:\/\/ilcinemaritrovato.it\/wp-content\/uploads\/2020\/04\/vertigo12-768x419.jpg 768w, https:\/\/ilcinemaritrovato.it\/wp-content\/uploads\/2020\/04\/vertigo12-1024x559.jpg 1024w, https:\/\/ilcinemaritrovato.it\/wp-content\/uploads\/2020\/04\/vertigo12-600x328.jpg 600w, https:\/\/ilcinemaritrovato.it\/wp-content\/uploads\/2020\/04\/vertigo12-800x437.jpg 800w, https:\/\/ilcinemaritrovato.it\/wp-content\/uploads\/2020\/04\/vertigo12-1600x874.jpg 1600w, https:\/\/ilcinemaritrovato.it\/wp-content\/uploads\/2020\/04\/vertigo12.jpg 1650w\" sizes=\"auto, (max-width: 300px) 100vw, 300px\" \/><\/a>L&#8217;identificazione del personaggio di Madeleine con quella di una sorta di spettro, di immagine simulacro, \u00e8 un punto su cui Hitchcock insiste molto nel film. Le apparizioni (\u00e8 il caso di dirlo) della donna vengono spesso sottolineate o accompagnate da un uso espressionista della luce e da effetti o filtri che alterano la nitidezza dell&#8217;immagine. Emblematica \u00e8 poi la scena fulcro del film, quella in cui all&#8217;interno dell&#8217;appartamento illuminato da una forte luce verde (sublimata dalle potenzialit\u00e0 del technicolor) Scottie, ormai divorato dal desiderio e dall&#8217;ossessione per Judy- Madeleine, vede lei uscire dal bagno e farsi avanti, dapprima semi-trasparente e poi sempre pi\u00f9 tangibile, trasformata finalmente nel doppio dell&#8217;amata defunta. L&#8217;ispirazione viene dal <strong>mito di Orfeo ed Euridice<\/strong>, dal rientro di lei dagli Inferi, tuttavia il ritorno di Madeleine in forma di fantasma (che fantasma non \u00e8 in realt\u00e0) \u00e8 anche un riferimento alla finzione che governa le vite di entrambi i personaggi, lui che vuole ricreare una sorta di Madeleine replicante, lei che lo inganna fingendo per due volte di essere un&#8217;altra persona.\u00a0<\/p>\n<p dir=\"ltr\"><span style=\"color: #ffffff\">p<\/span><\/p>\n<p dir=\"ltr\"><a href=\"http:\/\/ilcinemaritrovato.it\/consigli-per-giovani-cinefili-al-tempo-del-coronavirus-8\/\">Ritorna all&#8217;articolo<\/a><\/p>\n<p><\/p>","protected":false},"excerpt":{"rendered":"<p>Sorry, this entry is only available in Italiano. &#8220;Allora, sappiamo che Vertigo non \u00e8 solo un film di morti. \u00c8 anche &#8211; o soltanto &#8211; un film di vivi che non possono amare. E ci fa venire davvero i sudori freddi (sueurs froids, come da titolo francese). Ma non perch\u00e9 c&#8217;\u00e8 una porta che scricchiola [&hellip;]<\/p>\n","protected":false},"author":3,"featured_media":55819,"parent":0,"menu_order":139,"comment_status":"closed","ping_status":"closed","template":"","meta":{"footnotes":""},"class_list":["post-55818","page","type-page","status-publish","has-post-thumbnail","hentry"],"acf":[],"_links":{"self":[{"href":"https:\/\/ilcinemaritrovato.it\/en\/wp-json\/wp\/v2\/pages\/55818","targetHints":{"allow":["GET"]}}],"collection":[{"href":"https:\/\/ilcinemaritrovato.it\/en\/wp-json\/wp\/v2\/pages"}],"about":[{"href":"https:\/\/ilcinemaritrovato.it\/en\/wp-json\/wp\/v2\/types\/page"}],"author":[{"embeddable":true,"href":"https:\/\/ilcinemaritrovato.it\/en\/wp-json\/wp\/v2\/users\/3"}],"replies":[{"embeddable":true,"href":"https:\/\/ilcinemaritrovato.it\/en\/wp-json\/wp\/v2\/comments?post=55818"}],"version-history":[{"count":4,"href":"https:\/\/ilcinemaritrovato.it\/en\/wp-json\/wp\/v2\/pages\/55818\/revisions"}],"predecessor-version":[{"id":55824,"href":"https:\/\/ilcinemaritrovato.it\/en\/wp-json\/wp\/v2\/pages\/55818\/revisions\/55824"}],"wp:featuredmedia":[{"embeddable":true,"href":"https:\/\/ilcinemaritrovato.it\/en\/wp-json\/wp\/v2\/media\/55819"}],"wp:attachment":[{"href":"https:\/\/ilcinemaritrovato.it\/en\/wp-json\/wp\/v2\/media?parent=55818"}],"curies":[{"name":"wp","href":"https:\/\/api.w.org\/{rel}","templated":true}]}}