{"id":55809,"date":"2020-04-24T00:30:24","date_gmt":"2020-04-23T22:30:24","guid":{"rendered":"http:\/\/ilcinemaritrovato.it\/?page_id=55809"},"modified":"2020-04-24T00:38:56","modified_gmt":"2020-04-23T22:38:56","slug":"effetto-vertigo","status":"publish","type":"page","link":"https:\/\/ilcinemaritrovato.it\/en\/effetto-vertigo\/","title":{"rendered":"Effetto Vertigo"},"content":{"rendered":"<p class=\"qtranxs-available-languages-message qtranxs-available-languages-message-en\">Sorry, this entry is only available in <a href=\"https:\/\/ilcinemaritrovato.it\/it\/wp-json\/wp\/v2\/pages\/55809\" class=\"qtranxs-available-language-link qtranxs-available-language-link-it\" title=\"Italiano\">Italiano<\/a>.<\/p><p><\/p>\n<p dir=\"ltr\">La vertigine in <em>Vertigo<\/em> \u00e8 al contempo forma e contenuto, tema portante del film ma anche costruzione narrativa.\u00a0<\/p>\n<p dir=\"ltr\"><a href=\"http:\/\/ilcinemaritrovato.it\/wp-content\/uploads\/sites\/2\/2020\/04\/vertigo-stewart.jpg\" data-rel=\"lightbox-image-0\" data-rl_title=\"\" data-rl_caption=\"\" title=\"\"><img loading=\"lazy\" decoding=\"async\" class=\"size-medium wp-image-55810 alignleft\" src=\"http:\/\/ilcinemaritrovato.it\/wp-content\/uploads\/sites\/2\/2020\/04\/vertigo-stewart-226x300.jpg\" alt=\"\" width=\"226\" height=\"300\" srcset=\"https:\/\/ilcinemaritrovato.it\/wp-content\/uploads\/2020\/04\/vertigo-stewart-226x300.jpg 226w, https:\/\/ilcinemaritrovato.it\/wp-content\/uploads\/2020\/04\/vertigo-stewart-768x1019.jpg 768w, https:\/\/ilcinemaritrovato.it\/wp-content\/uploads\/2020\/04\/vertigo-stewart-772x1024.jpg 772w, https:\/\/ilcinemaritrovato.it\/wp-content\/uploads\/2020\/04\/vertigo-stewart-600x796.jpg 600w, https:\/\/ilcinemaritrovato.it\/wp-content\/uploads\/2020\/04\/vertigo-stewart-800x1061.jpg 800w, https:\/\/ilcinemaritrovato.it\/wp-content\/uploads\/2020\/04\/vertigo-stewart.jpg 1206w\" sizes=\"auto, (max-width: 226px) 100vw, 226px\" \/><\/a>In primis, la vertigine \u00e8 ci\u00f2 che fin dall&#8217;inizio affligge Scottie, il quale in seguito ad un trauma, ha sviluppato una forte acrofobia che gli impedisce di svolgere il proprio lavoro. La trama man mano si evolve, entrano in gioco gli altri personaggi chiave e soprattutto fa la sua comparsa Madeleine, che in breve tempo diviene l&#8217;ossessione di Scottie, l&#8217;intreccio narrativo si fa allora progressivamente pi\u00f9 intricato e l&#8217;identit\u00e0 stessa di Madeleine, che \u00e8 contemporaneamente tre persone ma in fondo non \u00e8 nessuna di queste, amplifica lo spaesamento, il senso appunto di perdita delle coordinate.\u00a0<\/p>\n<p dir=\"ltr\">La citt\u00e0 di San Francisco, caratterizzata di per s\u00e9 dal continuo alternarsi di alto e basso, cos\u00ec come gli elementi architettonici e paesaggistici\u00a0 (l&#8217;iconico ponte sospeso, il campanile, le altissime sequoie) creano insieme un paesaggio psicologico perfettamente in linea con le le vicende che vi svolgono e con gli stati d&#8217;animo dei personaggi.\u00a0<\/p>\n<p dir=\"ltr\">Fin dai titoli di testa il motivo geometrico della spirale domina lo schermo ed \u00e8 un motivo ricorrente nel corso dell&#8217;intero film, a partire dall&#8217;evidente forma dello chignon che \u00e8 uno dei segni distintivi di Madeleine-Carlotta-Judy, nonch\u00e9 l&#8217;ossessione primaria di Scottie. La stessa evoluzione del personaggio della donna ha idealmente la forma di una spirale, cio\u00e8 di qualcosa che ciclicamente ritorna uguale a s\u00e9 stesso ma al contempo sempre diverso.\u00a0<\/p>\n<p dir=\"ltr\">Ma non solo, il film \u00e8 infatti una foresta di simboli e cos\u00ec la spirale continua a tornare nei cerchi concentrici della sezione del tronco che Scottie mostra a Madeleine, oppure nella sequenza surreale (e surrealista) del sogno di lui ed ancora nella tromba della scala a chiocciola della chiesa.\u00a0<\/p>\n<p dir=\"ltr\">E proprio la scala \u00e8 protagonista di una delle pi\u00f9 celebri ed iconiche scene del film, per filmare la quale Hitchcock ricorse ad uno stratagemma tecnico che \u00e8 passato alla storia come \u201c<strong>effetto Vertigo<\/strong>\u201d.<\/p>\n<p dir=\"ltr\">Nella scena in questione Scottie sta salendo le scale mentre segue Madeleine, ma ad un tratto guardando verso il basso viene colto dal senso di vertigine che la sua fobia gli provoca, e attraverso una inquadratura soggettiva lo spettatore stesso subisce uno shock percettivo a causa della straniante distorsione dell&#8217;immagine sullo schermo.<\/p>\n<h6><strong>Nella gallery seguente alcuni bozzetti dello storyboard della scena del campanile realizzati dallo scenografo Henry Bumstead:\u00a0<\/strong><\/h6>\n\n\t\t<style type=\"text\/css\">\n\t\t\t#gallery-1 {\n\t\t\t\tmargin: auto;\n\t\t\t}\n\t\t\t#gallery-1 .gallery-item {\n\t\t\t\tfloat: left;\n\t\t\t\tmargin-top: 10px;\n\t\t\t\ttext-align: center;\n\t\t\t\twidth: 20%;\n\t\t\t}\n\t\t\t#gallery-1 img {\n\t\t\t\tborder: 2px solid #cfcfcf;\n\t\t\t}\n\t\t\t#gallery-1 .gallery-caption {\n\t\t\t\tmargin-left: 0;\n\t\t\t}\n\t\t\t\/* see gallery_shortcode() in wp-includes\/media.php *\/\n\t\t<\/style>\n\t\t<div id='gallery-1' class='gallery galleryid-55809 gallery-columns-5 gallery-size-thumbnail'><dl class='gallery-item'>\n\t\t\t<dt class='gallery-icon landscape'>\n\t\t\t\t<a href='https:\/\/ilcinemaritrovato.it\/wp-content\/uploads\/2020\/04\/ECw6zf5WsAU24XO.jpg' title=\"\" data-rl_title=\"\" class=\"rl-gallery-link\" data-rl_caption=\"\" data-rel=\"lightbox-gallery-1\"><img loading=\"lazy\" decoding=\"async\" width=\"150\" height=\"150\" src=\"https:\/\/ilcinemaritrovato.it\/wp-content\/uploads\/2020\/04\/ECw6zf5WsAU24XO-150x150.jpg\" class=\"attachment-thumbnail size-thumbnail\" alt=\"\" \/><\/a>\n\t\t\t<\/dt><\/dl><dl class='gallery-item'>\n\t\t\t<dt class='gallery-icon portrait'>\n\t\t\t\t<a href='https:\/\/ilcinemaritrovato.it\/wp-content\/uploads\/2020\/04\/ECw6zf7XUAMuXi7.jpg' title=\"\" data-rl_title=\"\" class=\"rl-gallery-link\" data-rl_caption=\"\" data-rel=\"lightbox-gallery-1\"><img loading=\"lazy\" decoding=\"async\" width=\"150\" height=\"150\" src=\"https:\/\/ilcinemaritrovato.it\/wp-content\/uploads\/2020\/04\/ECw6zf7XUAMuXi7-150x150.jpg\" class=\"attachment-thumbnail size-thumbnail\" alt=\"\" \/><\/a>\n\t\t\t<\/dt><\/dl><dl class='gallery-item'>\n\t\t\t<dt class='gallery-icon landscape'>\n\t\t\t\t<a href='https:\/\/ilcinemaritrovato.it\/wp-content\/uploads\/2020\/04\/ECw6zhMXoAE-fHo.jpg' title=\"\" data-rl_title=\"\" class=\"rl-gallery-link\" data-rl_caption=\"\" data-rel=\"lightbox-gallery-1\"><img loading=\"lazy\" decoding=\"async\" width=\"150\" height=\"150\" src=\"https:\/\/ilcinemaritrovato.it\/wp-content\/uploads\/2020\/04\/ECw6zhMXoAE-fHo-150x150.jpg\" class=\"attachment-thumbnail size-thumbnail\" alt=\"\" \/><\/a>\n\t\t\t<\/dt><\/dl><dl class='gallery-item'>\n\t\t\t<dt class='gallery-icon landscape'>\n\t\t\t\t<a href='https:\/\/ilcinemaritrovato.it\/wp-content\/uploads\/2020\/04\/a8aeebe46cef654b435f904b47f61d3c.jpg' title=\"\" data-rl_title=\"\" class=\"rl-gallery-link\" data-rl_caption=\"\" data-rel=\"lightbox-gallery-1\"><img loading=\"lazy\" decoding=\"async\" width=\"150\" height=\"150\" src=\"https:\/\/ilcinemaritrovato.it\/wp-content\/uploads\/2020\/04\/a8aeebe46cef654b435f904b47f61d3c-150x150.jpg\" class=\"attachment-thumbnail size-thumbnail\" alt=\"\" \/><\/a>\n\t\t\t<\/dt><\/dl><dl class='gallery-item'>\n\t\t\t<dt class='gallery-icon portrait'>\n\t\t\t\t<a href='https:\/\/ilcinemaritrovato.it\/wp-content\/uploads\/2020\/04\/C_aE_-yU0AAjDIc.jpg' title=\"\" data-rl_title=\"\" class=\"rl-gallery-link\" data-rl_caption=\"\" data-rel=\"lightbox-gallery-1\"><img loading=\"lazy\" decoding=\"async\" width=\"150\" height=\"150\" src=\"https:\/\/ilcinemaritrovato.it\/wp-content\/uploads\/2020\/04\/C_aE_-yU0AAjDIc-150x150.jpg\" class=\"attachment-thumbnail size-thumbnail\" alt=\"\" \/><\/a>\n\t\t\t<\/dt><\/dl><br style=\"clear: both\" \/>\n\t\t<\/div>\n\n<p>&nbsp;<\/p>\n<p dir=\"ltr\"><strong>A.H.<\/strong> &#8220;Le \u00e8 piaciuto l&#8217;effetto di distorsione, quando Stewart guarda nella tromba delle scale del campanile; sa come \u00e8 stato fatto?&#8221;<br \/>\n <strong>F.T.<\/strong>\u00a0&#8220;Ho pensato che fosse una carrellata indietro, combinata con un effetto di zoom in avanti, \u00e8 cos\u00ec?&#8221;<br \/>\n <strong>A.H.<\/strong>\u00a0&#8220;\u00c8 vero. Gi\u00e0 quando stavo girando Rebecca, nella scena in cui Joan Fontaine sveniva, volevo mostrare che provava una sensazione speciale, che tutto le si allontanava prima della caduta. Mi ricordo sempre che una sera, al ballo del Chelsea Art, all&#8217;Albert Hall di Londra, mi ero ubriacato terribilmente e avevo avuto questa sensazione; tutto si allontanava molto da me. Ho voluto ottenere questo effetto in <em>Rebecca<\/em>, ma invano, perch\u00e9 questo \u00e8 il problema: restando fisso il punto di vista la prospettiva deve allungarsi. Ci ho pensato per quindici anni. Quando me lo sono chiesto di nuovo nella <em>Donna che visse due volte<\/em>, il problema si \u00e8 risolto servendosi del Dolly e dello zoom, simultaneamente&#8221;.\u00a0<br \/>\n (Fran\u00e7ois Truffaut, <em>Il cinema secondo Hitchcock<\/em>, 1985)<\/p>\n<p dir=\"ltr\"><span style=\"color: #ffffff\">p<\/span><\/p>\n<p dir=\"ltr\"><a href=\"http:\/\/ilcinemaritrovato.it\/consigli-per-giovani-cinefili-al-tempo-del-coronavirus-8\">Ritorna all&#8217;articolo<\/a><\/p>\n<p><\/p>","protected":false},"excerpt":{"rendered":"<p>Sorry, this entry is only available in Italiano. La vertigine in Vertigo \u00e8 al contempo forma e contenuto, tema portante del film ma anche costruzione narrativa.\u00a0 In primis, la vertigine \u00e8 ci\u00f2 che fin dall&#8217;inizio affligge Scottie, il quale in seguito ad un trauma, ha sviluppato una forte acrofobia che gli impedisce di svolgere il [&hellip;]<\/p>\n","protected":false},"author":3,"featured_media":55786,"parent":0,"menu_order":140,"comment_status":"closed","ping_status":"closed","template":"","meta":{"footnotes":""},"class_list":["post-55809","page","type-page","status-publish","has-post-thumbnail","hentry"],"acf":[],"_links":{"self":[{"href":"https:\/\/ilcinemaritrovato.it\/en\/wp-json\/wp\/v2\/pages\/55809","targetHints":{"allow":["GET"]}}],"collection":[{"href":"https:\/\/ilcinemaritrovato.it\/en\/wp-json\/wp\/v2\/pages"}],"about":[{"href":"https:\/\/ilcinemaritrovato.it\/en\/wp-json\/wp\/v2\/types\/page"}],"author":[{"embeddable":true,"href":"https:\/\/ilcinemaritrovato.it\/en\/wp-json\/wp\/v2\/users\/3"}],"replies":[{"embeddable":true,"href":"https:\/\/ilcinemaritrovato.it\/en\/wp-json\/wp\/v2\/comments?post=55809"}],"version-history":[{"count":4,"href":"https:\/\/ilcinemaritrovato.it\/en\/wp-json\/wp\/v2\/pages\/55809\/revisions"}],"predecessor-version":[{"id":55812,"href":"https:\/\/ilcinemaritrovato.it\/en\/wp-json\/wp\/v2\/pages\/55809\/revisions\/55812"}],"wp:featuredmedia":[{"embeddable":true,"href":"https:\/\/ilcinemaritrovato.it\/en\/wp-json\/wp\/v2\/media\/55786"}],"wp:attachment":[{"href":"https:\/\/ilcinemaritrovato.it\/en\/wp-json\/wp\/v2\/media?parent=55809"}],"curies":[{"name":"wp","href":"https:\/\/api.w.org\/{rel}","templated":true}]}}