{"id":55801,"date":"2020-04-23T17:54:26","date_gmt":"2020-04-23T15:54:26","guid":{"rendered":"http:\/\/ilcinemaritrovato.it\/?page_id=55801"},"modified":"2020-04-24T21:08:41","modified_gmt":"2020-04-24T19:08:41","slug":"dal-romanzo-al-film","status":"publish","type":"page","link":"https:\/\/ilcinemaritrovato.it\/en\/dal-romanzo-al-film\/","title":{"rendered":"Dal romanzo al film: la ricostruzione della suspense"},"content":{"rendered":"<p class=\"qtranxs-available-languages-message qtranxs-available-languages-message-en\">Sorry, this entry is only available in <a href=\"https:\/\/ilcinemaritrovato.it\/it\/wp-json\/wp\/v2\/pages\/55801\" class=\"qtranxs-available-language-link qtranxs-available-language-link-it\" title=\"Italiano\">Italiano<\/a>.<\/p><p><\/p>\n<p dir=\"ltr\" style=\"text-align: right\"><i>&#8220;Sent\u00ec il cigolio della porta del camerino, si volt\u00f2 di scatto ed ebbe la stessa stretta al cuore di quando l&#8217;aveva vista al Waldorf, la stessa violenta emozione. Quella che aveva davanti era Madeleine rediviva, Madeleine che lo guardava impietrita, come se lo avesse riconosciuto, Madeleine che adesso avanzava verso di lui, un po&#8217; pallida, con lo stesso sguardo interrogativo e triste che aveva in passato&#8221;.<\/i><\/p>\n<p dir=\"ltr\"><span style=\"color: #ffffff\">p<\/span><\/p>\n<p dir=\"ltr\">Negli anni Cinquanta la coppia di giallisti\u00a0 Pierre Boileau e Thomas Narcejac stava godendo di grande fama. Da loro Hitchcock acquist\u00f2 i diritti per la trasposizione cinematografica del romanzo, a met\u00e0 tra poliziesco e ghost story, <strong><em>D&#8217;entre les morts<\/em><\/strong>.\u00a0<\/p>\n<p dir=\"ltr\">La scrittura della sceneggiatura di <em>Vertigo<\/em> conobbe molte peripezie e ritardi, ma in definitiva Hitchcock ed i suoi collaboratori mantennero intatta la struttura del romanzo, la dinamica | <em>pedinamento &#8211; crisi di sdoppiamento di Madeleine &#8211; falso suicidio e omicidio &#8211; ritorno di Madeleine<\/em> | (e infine rivelazione).<br \/>\n Alcune trovate e variazioni rispetto al testo di partenza furono per\u00f2 di fondamentale importanza per la riuscita del film che oggi \u00e8 considerato tra i migliori capolavori (se non il migliore) della storia del cinema.\u00a0<\/p>\n<p dir=\"ltr\">Per cominciare, la vicenda venne trasferita dal vecchio al nuovo continente, da Parigi a San Francisco, citt\u00e0 che regalava un tocco di mistero all&#8217;ambientazione e che ben si adattava ad incarnare la sensazione di vertigine grazie alle sue strade tortuose e al continuo alternarsi tra alto e basso imposto dalla pendenza che la caratterizza.\u00a0<\/p>\n\n\t\t<style type=\"text\/css\">\n\t\t\t#gallery-1 {\n\t\t\t\tmargin: auto;\n\t\t\t}\n\t\t\t#gallery-1 .gallery-item {\n\t\t\t\tfloat: left;\n\t\t\t\tmargin-top: 10px;\n\t\t\t\ttext-align: center;\n\t\t\t\twidth: 33%;\n\t\t\t}\n\t\t\t#gallery-1 img {\n\t\t\t\tborder: 2px solid #cfcfcf;\n\t\t\t}\n\t\t\t#gallery-1 .gallery-caption {\n\t\t\t\tmargin-left: 0;\n\t\t\t}\n\t\t\t\/* see gallery_shortcode() in wp-includes\/media.php *\/\n\t\t<\/style>\n\t\t<div id='gallery-1' class='gallery galleryid-55801 gallery-columns-3 gallery-size-thumbnail'><dl class='gallery-item'>\n\t\t\t<dt class='gallery-icon landscape'>\n\t\t\t\t<a href='https:\/\/ilcinemaritrovato.it\/wp-content\/uploads\/2020\/04\/37eb78be7dc9ded9de4a5d84ae160a66.jpg' title=\"\" data-rl_title=\"\" class=\"rl-gallery-link\" data-rl_caption=\"\" data-rel=\"lightbox-gallery-1\"><img loading=\"lazy\" decoding=\"async\" width=\"150\" height=\"150\" src=\"https:\/\/ilcinemaritrovato.it\/wp-content\/uploads\/2020\/04\/37eb78be7dc9ded9de4a5d84ae160a66-150x150.jpg\" class=\"attachment-thumbnail size-thumbnail\" alt=\"\" \/><\/a>\n\t\t\t<\/dt><\/dl><dl class='gallery-item'>\n\t\t\t<dt class='gallery-icon portrait'>\n\t\t\t\t<a href='https:\/\/ilcinemaritrovato.it\/wp-content\/uploads\/2020\/04\/carlota.jpg' title=\"\" data-rl_title=\"\" class=\"rl-gallery-link\" data-rl_caption=\"\" data-rel=\"lightbox-gallery-1\"><img loading=\"lazy\" decoding=\"async\" width=\"150\" height=\"150\" src=\"https:\/\/ilcinemaritrovato.it\/wp-content\/uploads\/2020\/04\/carlota-150x150.jpg\" class=\"attachment-thumbnail size-thumbnail\" alt=\"\" \/><\/a>\n\t\t\t<\/dt><\/dl><dl class='gallery-item'>\n\t\t\t<dt class='gallery-icon landscape'>\n\t\t\t\t<a href='https:\/\/ilcinemaritrovato.it\/wp-content\/uploads\/2020\/04\/capelli.jpg' title=\"\" data-rl_title=\"\" class=\"rl-gallery-link\" data-rl_caption=\"\" data-rel=\"lightbox-gallery-1\"><img loading=\"lazy\" decoding=\"async\" width=\"150\" height=\"150\" src=\"https:\/\/ilcinemaritrovato.it\/wp-content\/uploads\/2020\/04\/capelli-150x150.jpg\" class=\"attachment-thumbnail size-thumbnail\" alt=\"\" \/><\/a>\n\t\t\t<\/dt><\/dl><br style=\"clear: both\" \/>\n\t\t<\/div>\n\n<p dir=\"ltr\">In secondo luogo, grazie all&#8217;intervento dello sceneggiatore Samuel Taylor, fu introdotta la figura di Carlotta, antenata di Madeleine, portatrice di risonanze storiche e politiche che rievocano il passato coloniale della citt\u00e0.<\/p>\n<p dir=\"ltr\">La scelta pi\u00f9 radicale e significativa fu tuttavia quella di svelare la verit\u00e0 allo spettatore alla fine della prima parte del film.\u00a0<\/p>\n<p dir=\"ltr\">Se nel romanzo infatti la soluzione all&#8217;enigma della triplice identit\u00e0 di Madeleine arrivava solo nel\u00a0 finale, in linea con la tradizione del giallo, Hitchcock decise invece di scoprire le carte a met\u00e0 e, da quel momento, di separare le strade del protagonista e dello spettatore.<\/p>\n<p dir=\"ltr\"><a href=\"http:\/\/ilcinemaritrovato.it\/wp-content\/uploads\/sites\/2\/2020\/04\/alfred-hitchcock-hands-cropped.jpg\" data-rel=\"lightbox-image-3\" data-rl_title=\"\" data-rl_caption=\"\" title=\"\"><img loading=\"lazy\" decoding=\"async\" class=\"size-medium wp-image-55788 alignleft\" src=\"http:\/\/ilcinemaritrovato.it\/wp-content\/uploads\/sites\/2\/2020\/04\/alfred-hitchcock-hands-cropped-300x180.jpg\" alt=\"\" width=\"300\" height=\"180\" srcset=\"https:\/\/ilcinemaritrovato.it\/wp-content\/uploads\/2020\/04\/alfred-hitchcock-hands-cropped-300x180.jpg 300w, https:\/\/ilcinemaritrovato.it\/wp-content\/uploads\/2020\/04\/alfred-hitchcock-hands-cropped-768x461.jpg 768w, https:\/\/ilcinemaritrovato.it\/wp-content\/uploads\/2020\/04\/alfred-hitchcock-hands-cropped-1024x614.jpg 1024w, https:\/\/ilcinemaritrovato.it\/wp-content\/uploads\/2020\/04\/alfred-hitchcock-hands-cropped-600x360.jpg 600w, https:\/\/ilcinemaritrovato.it\/wp-content\/uploads\/2020\/04\/alfred-hitchcock-hands-cropped-800x480.jpg 800w, https:\/\/ilcinemaritrovato.it\/wp-content\/uploads\/2020\/04\/alfred-hitchcock-hands-cropped.jpg 1500w\" sizes=\"auto, (max-width: 300px) 100vw, 300px\" \/><\/a>\u201cNel film ho proceduto in modo diverso. All&#8217;inizio della seconda parte quando Stewart ha incontrato la donna bruna, ho deciso di svelare subito la verit\u00e0, ma soltanto allo spettatore [&#8230;]. Intorno a me tutti erano contrari a questo cambiamento\u201d spieg\u00f2 il regista a Truffaut durante il famoso colloquio che divenne poi il libro intervista <em>Il cinema secondo Hitchcock<\/em>.\u00a0<\/p>\n<p dir=\"ltr\">\u00c8 in questo passaggio che emerge, ancora oggi,\u00a0 la maestria indiscussa del re del brivido: piuttosto che costruire una meccanica della suspense basata su \u201cchi sar\u00e0 il colpevole?\u201d egli mette al corrente lo spettatore e lo porta a chiedersi \u201ccome reagir\u00e0 l&#8217;ignaro protagonista quando scoprir\u00e0 la verit\u00e0?\u201d, lasciando cos\u00ec al pubblico il piacere di \u201cgiocare a fare Dio\u201d, per usare una sua geniale espressione.\u00a0<\/p>\n<p dir=\"ltr\">\u201cSe il pubblico lo sa, se gli sono stati raccontati tutti i segreti che i personaggi non conoscono, allora parteciper\u00e0 con trasporto perch\u00e9 sa a quale destino vanno incontro i poveri attori. \u00c8 questo che si chiama giocare a Dio. Questa \u00e8 la suspense\u201d.<br \/>\n Sidney Gottlieb (a cura di), <em>Hitchcock secondo Hitchcock<\/em>, 1995<\/p>\n<p dir=\"ltr\"><span style=\"color: #ffffff\">p<\/span><\/p>\n<p dir=\"ltr\"><a href=\"http:\/\/ilcinemaritrovato.it\/consigli-per-giovani-cinefili-al-tempo-del-coronavirus-8\">Ritorna all&#8217;articolo<\/a><\/p>\n<p><\/p>","protected":false},"excerpt":{"rendered":"<p>Sorry, this entry is only available in Italiano. &#8220;Sent\u00ec il cigolio della porta del camerino, si volt\u00f2 di scatto ed ebbe la stessa stretta al cuore di quando l&#8217;aveva vista al Waldorf, la stessa violenta emozione. Quella che aveva davanti era Madeleine rediviva, Madeleine che lo guardava impietrita, come se lo avesse riconosciuto, Madeleine che [&hellip;]<\/p>\n","protected":false},"author":3,"featured_media":55768,"parent":0,"menu_order":141,"comment_status":"closed","ping_status":"closed","template":"","meta":{"footnotes":""},"class_list":["post-55801","page","type-page","status-publish","has-post-thumbnail","hentry"],"acf":[],"_links":{"self":[{"href":"https:\/\/ilcinemaritrovato.it\/en\/wp-json\/wp\/v2\/pages\/55801","targetHints":{"allow":["GET"]}}],"collection":[{"href":"https:\/\/ilcinemaritrovato.it\/en\/wp-json\/wp\/v2\/pages"}],"about":[{"href":"https:\/\/ilcinemaritrovato.it\/en\/wp-json\/wp\/v2\/types\/page"}],"author":[{"embeddable":true,"href":"https:\/\/ilcinemaritrovato.it\/en\/wp-json\/wp\/v2\/users\/3"}],"replies":[{"embeddable":true,"href":"https:\/\/ilcinemaritrovato.it\/en\/wp-json\/wp\/v2\/comments?post=55801"}],"version-history":[{"count":6,"href":"https:\/\/ilcinemaritrovato.it\/en\/wp-json\/wp\/v2\/pages\/55801\/revisions"}],"predecessor-version":[{"id":55919,"href":"https:\/\/ilcinemaritrovato.it\/en\/wp-json\/wp\/v2\/pages\/55801\/revisions\/55919"}],"wp:featuredmedia":[{"embeddable":true,"href":"https:\/\/ilcinemaritrovato.it\/en\/wp-json\/wp\/v2\/media\/55768"}],"wp:attachment":[{"href":"https:\/\/ilcinemaritrovato.it\/en\/wp-json\/wp\/v2\/media?parent=55801"}],"curies":[{"name":"wp","href":"https:\/\/api.w.org\/{rel}","templated":true}]}}