{"id":55547,"date":"2020-04-17T18:16:24","date_gmt":"2020-04-17T16:16:24","guid":{"rendered":"http:\/\/ilcinemaritrovato.it\/?page_id=55547"},"modified":"2020-04-18T12:20:12","modified_gmt":"2020-04-18T10:20:12","slug":"luomo-che-verra-note-di-regia","status":"publish","type":"page","link":"https:\/\/ilcinemaritrovato.it\/en\/luomo-che-verra-note-di-regia\/","title":{"rendered":"&#8217;L&#8217;uomo che verr\u00e0&#8217;: note di regia"},"content":{"rendered":"<p class=\"qtranxs-available-languages-message qtranxs-available-languages-message-en\">Sorry, this entry is only available in <a href=\"https:\/\/ilcinemaritrovato.it\/it\/wp-json\/wp\/v2\/pages\/55547\" class=\"qtranxs-available-language-link qtranxs-available-language-link-it\" title=\"Italiano\">Italiano<\/a>.<\/p><p><\/p>\n<p>In varie occasioni Giorgio Diritti ha raccontato come all&#8217;origine del film<i> L&#8217;uomo che verr\u00e0<\/i> vi fosse la lettura del libro<i> Le querce di Monte Sole<\/i> di Monsignor Gherardi, un racconto dell&#8217;eccidio particolarmente teso a far emergere ritratti, nomi, identit\u00e0 delle vittime. Fin da subito l&#8217;idea \u00e8 stata quella di narrare la tragica pagina di Storia con un approccio lontano sia dal documentario sia dal melodramma, al fine di avvicinare il pi\u00f9 possibile lo spettatore alle figure protagoniste.<\/p>\n<p><a href=\"http:\/\/ilcinemaritrovato.it\/wp-content\/uploads\/sites\/2\/2020\/04\/uomo-9-1.jpg\" data-rel=\"lightbox-image-0\" data-rl_title=\"\" data-rl_caption=\"\" title=\"\"><img loading=\"lazy\" decoding=\"async\" class=\"size-medium wp-image-55519 alignleft\" src=\"http:\/\/ilcinemaritrovato.it\/wp-content\/uploads\/sites\/2\/2020\/04\/uomo-9-1-300x169.jpg\" alt=\"\" width=\"300\" height=\"169\" srcset=\"https:\/\/ilcinemaritrovato.it\/wp-content\/uploads\/2020\/04\/uomo-9-1-300x169.jpg 300w, https:\/\/ilcinemaritrovato.it\/wp-content\/uploads\/2020\/04\/uomo-9-1-768x432.jpg 768w, https:\/\/ilcinemaritrovato.it\/wp-content\/uploads\/2020\/04\/uomo-9-1-1024x576.jpg 1024w, https:\/\/ilcinemaritrovato.it\/wp-content\/uploads\/2020\/04\/uomo-9-1-600x337.jpg 600w, https:\/\/ilcinemaritrovato.it\/wp-content\/uploads\/2020\/04\/uomo-9-1-800x450.jpg 800w, https:\/\/ilcinemaritrovato.it\/wp-content\/uploads\/2020\/04\/uomo-9-1.jpg 1476w\" sizes=\"auto, (max-width: 300px) 100vw, 300px\" \/><\/a>&#8220;L\u2019approccio ad un film di tale importanza storica<i> \u2013<\/i> ha raccontato il regista <i>&#8211; <\/i>non \u00e8 stato semplice. A distanza di sessant&#8217;anni da quei tragici eventi tutto appare sfocato dal tempo, si sente il peso della storia, si avvertono ancora faziosit\u00e0, differenti interpretazioni o strumentalizzazioni politiche. Il lavoro di ricerca sulla bibliografia gi\u00e0 esistente, unito ad una raccolta di testimonianze dirette, in collaborazione con l\u2019<a href=\"http:\/\/www.istitutoparri.eu\">Istituto Storico per la Resistenza Parri<\/a> di Bologna, ottenute con interviste ai <strong>sopravvissuti alla strage e a partigiani<\/strong>, ha progressivamente messo in luce l\u2019importanza di non dimenticare tale sacrificio e soprattutto ha riportato ai nostri occhi volti, racconti, persone, famiglie&#8221;.<\/p>\n<p>Di grande importanza \u00e8 stata poi la scelta di utilizzare il <strong>dialetto bolognese<\/strong> per i dialoghi al fine di rendere ancor pi\u00f9 realistico il racconto e ancor pi\u00f9 vicini e familiari i personaggi coinvolti.<\/p>\n<p>Del resto, gi\u00e0 nel film precedente, <i>Il Vento fa il suo giro <\/i>(2005), Diritti aveva avuto modo di misurarsi nell&#8217;impresa di raccontare la vita di una piccola comunit\u00e0 ricorrendo in quel caso alla lingua occitana. In questo di certo \u00e8 stata fondamentale la lezione di Ermanno Olmi, &#8220;maestro&#8221; del regista.<\/p>\n<p>La scelta del dialetto \u00e8 inoltre stata motivo di forte coesione all&#8217;interno del cast formato da alcuni attori professionisti come Maya Sansa e Alba Rohrwacher, e molti non-attori per i quali il ricorso al bolognese ha rappresentato un vantaggio.<br \/>\n Nel film, pi\u00f9 di ogni altra cosa, Diritti ha voluto raccontare non direttamente la cronaca di una strage di inaudita violenza, bens\u00ec la vita quotidiana di persone appartenenti ad una piccola comunit\u00e0 rurale sconvolta ad un tratto dall&#8217;irruzione della guerra nella sua pi\u00f9 feroce manifestazione.<\/p>\n<p><a href=\"http:\/\/ilcinemaritrovato.it\/wp-content\/uploads\/sites\/2\/2020\/04\/uomo-14.jpg\" data-rel=\"lightbox-image-1\" data-rl_title=\"\" data-rl_caption=\"\" title=\"\"><img loading=\"lazy\" decoding=\"async\" class=\"size-medium wp-image-55521 alignleft\" src=\"http:\/\/ilcinemaritrovato.it\/wp-content\/uploads\/sites\/2\/2020\/04\/uomo-14-300x199.jpg\" alt=\"\" width=\"300\" height=\"199\" srcset=\"https:\/\/ilcinemaritrovato.it\/wp-content\/uploads\/2020\/04\/uomo-14-300x199.jpg 300w, https:\/\/ilcinemaritrovato.it\/wp-content\/uploads\/2020\/04\/uomo-14-768x510.jpg 768w, https:\/\/ilcinemaritrovato.it\/wp-content\/uploads\/2020\/04\/uomo-14-1024x680.jpg 1024w, https:\/\/ilcinemaritrovato.it\/wp-content\/uploads\/2020\/04\/uomo-14-600x398.jpg 600w, https:\/\/ilcinemaritrovato.it\/wp-content\/uploads\/2020\/04\/uomo-14-800x531.jpg 800w, https:\/\/ilcinemaritrovato.it\/wp-content\/uploads\/2020\/04\/uomo-14.jpg 1185w\" sizes=\"auto, (max-width: 300px) 100vw, 300px\" \/><\/a>&#8220;Emerge come protagonista una comunit\u00e0 che, al di l\u00e0 degli episodi legati alle formazioni partigiane, oppone allo strapotere nazista una resistenza che, come cita don Giuseppe Dossetti nell\u2019introduzione bibliografica al libro <i>Le querce di Monte Sole<\/i> di Monsignor Luciano Gherardi,[&#8230;] \u00c8 innanzitutto un atteggiamento morale, una rivolta interiore contro ogni prevaricazione, ogni violenza eretta a sistema, ogni sopruso, ogni ingiustizia, ogni ricatto. \u00c8 tenace affermazione dei diritti dell\u2019uomo, di ogni uomo, volont\u00e0 di pace nella libert\u00e0; testimonianza di solidariet\u00e0 umana al di sopra di ogni discriminazione; sfida dell\u2019amore all\u2019odio, della fede alla disperazione, della vita alla morte\u201d (Giorgio Diritti).<\/p>\n<p><span style=\"color: #ffffff\">p<\/span><\/p>\n<p><a href=\"https:\/\/ilcinemaritrovato.it\/consigli-per-giovani-cinefili-al-tempo-del-coronavirus-7\/\">Ritorna all&#8217;articolo<\/a><\/p>\n<p><\/p>","protected":false},"excerpt":{"rendered":"<p>Sorry, this entry is only available in Italiano. In varie occasioni Giorgio Diritti ha raccontato come all&#8217;origine del film L&#8217;uomo che verr\u00e0 vi fosse la lettura del libro Le querce di Monte Sole di Monsignor Gherardi, un racconto dell&#8217;eccidio particolarmente teso a far emergere ritratti, nomi, identit\u00e0 delle vittime. Fin da subito l&#8217;idea \u00e8 stata [&hellip;]<\/p>\n","protected":false},"author":3,"featured_media":55548,"parent":0,"menu_order":143,"comment_status":"closed","ping_status":"closed","template":"","meta":{"footnotes":""},"class_list":["post-55547","page","type-page","status-publish","has-post-thumbnail","hentry"],"acf":[],"_links":{"self":[{"href":"https:\/\/ilcinemaritrovato.it\/en\/wp-json\/wp\/v2\/pages\/55547","targetHints":{"allow":["GET"]}}],"collection":[{"href":"https:\/\/ilcinemaritrovato.it\/en\/wp-json\/wp\/v2\/pages"}],"about":[{"href":"https:\/\/ilcinemaritrovato.it\/en\/wp-json\/wp\/v2\/types\/page"}],"author":[{"embeddable":true,"href":"https:\/\/ilcinemaritrovato.it\/en\/wp-json\/wp\/v2\/users\/3"}],"replies":[{"embeddable":true,"href":"https:\/\/ilcinemaritrovato.it\/en\/wp-json\/wp\/v2\/comments?post=55547"}],"version-history":[{"count":2,"href":"https:\/\/ilcinemaritrovato.it\/en\/wp-json\/wp\/v2\/pages\/55547\/revisions"}],"predecessor-version":[{"id":55596,"href":"https:\/\/ilcinemaritrovato.it\/en\/wp-json\/wp\/v2\/pages\/55547\/revisions\/55596"}],"wp:featuredmedia":[{"embeddable":true,"href":"https:\/\/ilcinemaritrovato.it\/en\/wp-json\/wp\/v2\/media\/55548"}],"wp:attachment":[{"href":"https:\/\/ilcinemaritrovato.it\/en\/wp-json\/wp\/v2\/media?parent=55547"}],"curies":[{"name":"wp","href":"https:\/\/api.w.org\/{rel}","templated":true}]}}