{"id":55525,"date":"2020-04-17T17:23:16","date_gmt":"2020-04-17T15:23:16","guid":{"rendered":"http:\/\/ilcinemaritrovato.it\/?page_id=55525"},"modified":"2020-04-18T12:47:09","modified_gmt":"2020-04-18T10:47:09","slug":"con-gli-occhi-di-martina","status":"publish","type":"page","link":"https:\/\/ilcinemaritrovato.it\/en\/con-gli-occhi-di-martina\/","title":{"rendered":"Con gli occhi di Martina"},"content":{"rendered":"<p class=\"qtranxs-available-languages-message qtranxs-available-languages-message-en\">Sorry, this entry is only available in <a href=\"https:\/\/ilcinemaritrovato.it\/it\/wp-json\/wp\/v2\/pages\/55525\" class=\"qtranxs-available-language-link qtranxs-available-language-link-it\" title=\"Italiano\">Italiano<\/a>.<\/p><p><\/p>\n<p>La scelta di Giorgio Diritti \u00e8 stata quella di affidare al pi\u00f9 innocente degli sguardi il racconto di un cos\u00ec grave capitolo della Storia. Il punto di vista \u00e8 infatti quello di Martina, una bambina nata e cresciuta in una famiglia contadina della zona.<\/p>\n<p><a href=\"http:\/\/ilcinemaritrovato.it\/wp-content\/uploads\/sites\/2\/2020\/04\/uomo-4.jpg\" data-rel=\"lightbox-image-0\" data-rl_title=\"\" data-rl_caption=\"\" title=\"\"><img loading=\"lazy\" decoding=\"async\" class=\"size-medium wp-image-55516 alignleft\" src=\"http:\/\/ilcinemaritrovato.it\/wp-content\/uploads\/sites\/2\/2020\/04\/uomo-4-300x199.jpg\" alt=\"\" width=\"300\" height=\"199\" srcset=\"https:\/\/ilcinemaritrovato.it\/wp-content\/uploads\/2020\/04\/uomo-4-300x199.jpg 300w, https:\/\/ilcinemaritrovato.it\/wp-content\/uploads\/2020\/04\/uomo-4-768x510.jpg 768w, https:\/\/ilcinemaritrovato.it\/wp-content\/uploads\/2020\/04\/uomo-4-1024x680.jpg 1024w, https:\/\/ilcinemaritrovato.it\/wp-content\/uploads\/2020\/04\/uomo-4-600x398.jpg 600w, https:\/\/ilcinemaritrovato.it\/wp-content\/uploads\/2020\/04\/uomo-4-800x531.jpg 800w, https:\/\/ilcinemaritrovato.it\/wp-content\/uploads\/2020\/04\/uomo-4.jpg 1423w\" sizes=\"auto, (max-width: 300px) 100vw, 300px\" \/><\/a>Martina, pur avendo solo otto anni, ha gi\u00e0 dovuto affrontare la tragica perdita di un fratellino, evento che le ha portato via la parola. Il suo sguardo \u00e8\u00a0 indagatore, curioso, attento e spesso stupito nei confronti di ci\u00f2 che le accade intorno: cos\u00ec da una parte esso percepisce e registra l&#8217;approssimarsi sempre pi\u00f9 invasivo della guerra nella vita della piccola comunit\u00e0 rurale, dall&#8217;altra per\u00f2 si sofferma con eguale attenzione sugli accadimenti quotidiani, su ci\u00f2 che concerne pi\u00f9 la vita che la morte. L&#8217;intero racconto \u00e8 cadenzato nei nove mesi che mancano alla nascita di un nuovo fratellino atteso dalla bambina con grande trepidazione. Nel frattempo gli Alleati stanno avanzando verso nord e allora la speranza di una nuova nascita si lega indissolubilmente alla fiducia nel futuro.<\/p>\n<p>Purtroppo, gli eventi prendono un&#8217;altra piega e ancora una volta \u00e8 attraverso gli occhi di Martina, che si vede irrompere l&#8217;orrore nella vita degli abitanti di Monte Sole e come lei si rimane attoniti di fronte a ci\u00f2 che accade, ci\u00f2 che appare terribile e inspiegabile, ma sempre a lei \u00e8 infine affidato il ruolo di portavoce e di custode di una nuova speranza.<\/p>\n<p><span style=\"color: #ffffff\">p<\/span><\/p>\n<p><a href=\"https:\/\/ilcinemaritrovato.it\/consigli-per-giovani-cinefili-al-tempo-del-coronavirus-7\/\">Ritorna all&#8217;articolo<\/a><\/p>\n<p><\/p>","protected":false},"excerpt":{"rendered":"<p>Sorry, this entry is only available in Italiano. La scelta di Giorgio Diritti \u00e8 stata quella di affidare al pi\u00f9 innocente degli sguardi il racconto di un cos\u00ec grave capitolo della Storia. Il punto di vista \u00e8 infatti quello di Martina, una bambina nata e cresciuta in una famiglia contadina della zona. Martina, pur avendo [&hellip;]<\/p>\n","protected":false},"author":3,"featured_media":55514,"parent":0,"menu_order":146,"comment_status":"closed","ping_status":"closed","template":"","meta":{"footnotes":""},"class_list":["post-55525","page","type-page","status-publish","has-post-thumbnail","hentry"],"acf":[],"_links":{"self":[{"href":"https:\/\/ilcinemaritrovato.it\/en\/wp-json\/wp\/v2\/pages\/55525","targetHints":{"allow":["GET"]}}],"collection":[{"href":"https:\/\/ilcinemaritrovato.it\/en\/wp-json\/wp\/v2\/pages"}],"about":[{"href":"https:\/\/ilcinemaritrovato.it\/en\/wp-json\/wp\/v2\/types\/page"}],"author":[{"embeddable":true,"href":"https:\/\/ilcinemaritrovato.it\/en\/wp-json\/wp\/v2\/users\/3"}],"replies":[{"embeddable":true,"href":"https:\/\/ilcinemaritrovato.it\/en\/wp-json\/wp\/v2\/comments?post=55525"}],"version-history":[{"count":3,"href":"https:\/\/ilcinemaritrovato.it\/en\/wp-json\/wp\/v2\/pages\/55525\/revisions"}],"predecessor-version":[{"id":55599,"href":"https:\/\/ilcinemaritrovato.it\/en\/wp-json\/wp\/v2\/pages\/55525\/revisions\/55599"}],"wp:featuredmedia":[{"embeddable":true,"href":"https:\/\/ilcinemaritrovato.it\/en\/wp-json\/wp\/v2\/media\/55514"}],"wp:attachment":[{"href":"https:\/\/ilcinemaritrovato.it\/en\/wp-json\/wp\/v2\/media?parent=55525"}],"curies":[{"name":"wp","href":"https:\/\/api.w.org\/{rel}","templated":true}]}}