{"id":55127,"date":"2020-04-10T13:05:40","date_gmt":"2020-04-10T11:05:40","guid":{"rendered":"http:\/\/ilcinemaritrovato.it\/?page_id=55127"},"modified":"2020-04-11T13:22:44","modified_gmt":"2020-04-11T11:22:44","slug":"questione-di-sguardo","status":"publish","type":"page","link":"https:\/\/ilcinemaritrovato.it\/en\/questione-di-sguardo\/","title":{"rendered":"Una questione di sguardo"},"content":{"rendered":"<p class=\"qtranxs-available-languages-message qtranxs-available-languages-message-en\">Sorry, this entry is only available in <a href=\"https:\/\/ilcinemaritrovato.it\/it\/wp-json\/wp\/v2\/pages\/55127\" class=\"qtranxs-available-language-link qtranxs-available-language-link-it\" title=\"Italiano\">Italiano<\/a>.<\/p><p><\/p>\n<p dir=\"ltr\">Come un fil rouge, il tema dello sguardo ricorre nel film tenendo legati assieme i vari pezzi del collage come \u00e8 inevitabile d&#8217;altronde in un lavoro frutto della collaborazione tra una cineasta e uno street artist che hanno fatto della passione per l&#8217;immagine il proprio mestiere.\u00a0<br \/>\nLo sguardo \u00e8 presente nel film in ogni sua accezione: \u00e8 l&#8217;attenzione verso luoghi e persone altrimenti invisibili, \u00e8 il richiamo di immagini e ricordi appartenenti al passato ma \u00e8 anche il desiderio di fissare nuovi ricordi e di volgere quindi lo sguardo al futuro.\u00a0<\/p>\n<p dir=\"ltr\"><a href=\"http:\/\/ilcinemaritrovato.it\/wp-content\/uploads\/sites\/2\/2020\/04\/tumblr_px4p3eAOYb1tbiihio1_1280.png\" data-rel=\"lightbox-image-0\" data-rl_title=\"\" data-rl_caption=\"\" title=\"\"><img loading=\"lazy\" decoding=\"async\" class=\"size-medium wp-image-55131 alignleft\" src=\"http:\/\/ilcinemaritrovato.it\/wp-content\/uploads\/sites\/2\/2020\/04\/tumblr_px4p3eAOYb1tbiihio1_1280-279x300.png\" alt=\"\" width=\"279\" height=\"300\" srcset=\"https:\/\/ilcinemaritrovato.it\/wp-content\/uploads\/2020\/04\/tumblr_px4p3eAOYb1tbiihio1_1280-279x300.png 279w, https:\/\/ilcinemaritrovato.it\/wp-content\/uploads\/2020\/04\/tumblr_px4p3eAOYb1tbiihio1_1280-768x826.png 768w, https:\/\/ilcinemaritrovato.it\/wp-content\/uploads\/2020\/04\/tumblr_px4p3eAOYb1tbiihio1_1280-952x1024.png 952w, https:\/\/ilcinemaritrovato.it\/wp-content\/uploads\/2020\/04\/tumblr_px4p3eAOYb1tbiihio1_1280-600x645.png 600w, https:\/\/ilcinemaritrovato.it\/wp-content\/uploads\/2020\/04\/tumblr_px4p3eAOYb1tbiihio1_1280-800x860.png 800w, https:\/\/ilcinemaritrovato.it\/wp-content\/uploads\/2020\/04\/tumblr_px4p3eAOYb1tbiihio1_1280.png 992w\" sizes=\"auto, (max-width: 279px) 100vw, 279px\" \/><\/a><em>\u201cIl mio pi\u00f9 grande desiderio \u00e8 incontrare facce nuove e fotografarle perch\u00e9 non vadano a finire nei buchi della mia memoria\u201d<\/em>: \u00e8 questa in effetti la dichiarazione d&#8217;intenti con cui il film si apre.\u00a0<\/p>\n<p dir=\"ltr\">Ecco allora spiegato il motivo della centralit\u00e0 degli occhi intesi proprio come parti anatomiche che permettono di guardare.\u00a0<\/p>\n<p dir=\"ltr\">Pi\u00f9 volte nel corso del film si fa riferimento agli occhi di Agn\u00e8s, che non riescono pi\u00f9 a vedere bene e a quelli di JR che al contrario vedono benissimo ma si celano dietro gli occhiali scuri, quegli occhiali che in lei rievocano ancora una volta il ricordo dell&#8217;amico Godard.\u00a0<\/p>\n<p dir=\"ltr\">Da qui l&#8217;idea di JR di fotografare i grandi occhi verdi di Agn\u00e8s e di affiggere l&#8217;immagine ingigantita su un treno diretto verso i luoghi della Francia che lei, personalmente, non potr\u00e0 mai visitare.<\/p>\n<p dir=\"ltr\"><em>\u201cAbbiamo cercato di raccontare quello che accade ai tuoi occhi. Volevo vedere per te, meglio di te che vedi sfocato\u2026 soprattutto da lontano. Ho fotografato i tuoi occhi da vicino e li ho mostrati da lontano\u201d.<\/em><\/p>\n<p dir=\"ltr\">Conversazione tra Agn\u00e8s Varda, JR e Olivier P\u00e8re, 31 gennaio 2017<\/p>\n<p dir=\"ltr\"><span style=\"color: #ffffff\">p<\/span><\/p>\n<p dir=\"ltr\"><a href=\"https:\/\/bit.ly\/consiglipergiovanicinefili_6\">Ritorna all&#8217;articolo<\/a><\/p>\n<p><\/p>","protected":false},"excerpt":{"rendered":"<p>Sorry, this entry is only available in Italiano. Come un fil rouge, il tema dello sguardo ricorre nel film tenendo legati assieme i vari pezzi del collage come \u00e8 inevitabile d&#8217;altronde in un lavoro frutto della collaborazione tra una cineasta e uno street artist che hanno fatto della passione per l&#8217;immagine il proprio mestiere.\u00a0 Lo [&hellip;]<\/p>\n","protected":false},"author":3,"featured_media":55129,"parent":0,"menu_order":150,"comment_status":"closed","ping_status":"closed","template":"","meta":{"footnotes":""},"class_list":["post-55127","page","type-page","status-publish","has-post-thumbnail","hentry"],"acf":[],"_links":{"self":[{"href":"https:\/\/ilcinemaritrovato.it\/en\/wp-json\/wp\/v2\/pages\/55127","targetHints":{"allow":["GET"]}}],"collection":[{"href":"https:\/\/ilcinemaritrovato.it\/en\/wp-json\/wp\/v2\/pages"}],"about":[{"href":"https:\/\/ilcinemaritrovato.it\/en\/wp-json\/wp\/v2\/types\/page"}],"author":[{"embeddable":true,"href":"https:\/\/ilcinemaritrovato.it\/en\/wp-json\/wp\/v2\/users\/3"}],"replies":[{"embeddable":true,"href":"https:\/\/ilcinemaritrovato.it\/en\/wp-json\/wp\/v2\/comments?post=55127"}],"version-history":[{"count":5,"href":"https:\/\/ilcinemaritrovato.it\/en\/wp-json\/wp\/v2\/pages\/55127\/revisions"}],"predecessor-version":[{"id":55219,"href":"https:\/\/ilcinemaritrovato.it\/en\/wp-json\/wp\/v2\/pages\/55127\/revisions\/55219"}],"wp:featuredmedia":[{"embeddable":true,"href":"https:\/\/ilcinemaritrovato.it\/en\/wp-json\/wp\/v2\/media\/55129"}],"wp:attachment":[{"href":"https:\/\/ilcinemaritrovato.it\/en\/wp-json\/wp\/v2\/media?parent=55127"}],"curies":[{"name":"wp","href":"https:\/\/api.w.org\/{rel}","templated":true}]}}