{"id":55116,"date":"2020-04-09T21:28:44","date_gmt":"2020-04-09T19:28:44","guid":{"rendered":"http:\/\/ilcinemaritrovato.it\/?page_id=55116"},"modified":"2020-04-11T13:23:34","modified_gmt":"2020-04-11T11:23:34","slug":"un-collage-di-immagini","status":"publish","type":"page","link":"https:\/\/ilcinemaritrovato.it\/en\/un-collage-di-immagini\/","title":{"rendered":"Un collage di immagini"},"content":{"rendered":"<p class=\"qtranxs-available-languages-message qtranxs-available-languages-message-en\">Sorry, this entry is only available in <a href=\"https:\/\/ilcinemaritrovato.it\/it\/wp-json\/wp\/v2\/pages\/55116\" class=\"qtranxs-available-language-link qtranxs-available-language-link-it\" title=\"Italiano\">Italiano<\/a>.<\/p><p><\/p>\n<p dir=\"ltr\" style=\"text-align: right\"><em>&#8220;Da una persona all&#8217;altra, da un&#8217;idea all&#8217;altra, in realt\u00e0 il film \u00e8 collage&#8221;.<br \/>\n <\/em>JR<\/p>\n<p dir=\"ltr\"><span style=\"color: #ffffff\">p<\/span><br \/>\n Realizzato senza la preventiva definizione di una struttura, di uno schema narrativo, <em>Visages Villages<\/em> si configura come un vero e proprio collage di immagini che procede per associazione di idee, ricordi, suggestioni. Proprio come se la struttura ultima dell&#8217;intero film rispecchiasse la stessa logica che sottende gli interventi artistici di JR.<\/p>\n<p dir=\"ltr\"><em>&#8220;Mi piace molto<\/em> \u2013 spiega Agn\u00e8s Varda \u2013 <em>l&#8217;idea che il montaggio sia un collage con giochi di parole, giochi di immagini che finiscono per prendere il sopravvento risparmiandoci la necessit\u00e0 di dire Capitolo I, Capitolo II, ecc. A volte immaginavo il montaggio come una serie di parole in rima: visages, villages, collages, partage&#8230;&#8221;<\/em><\/p>\n<p dir=\"ltr\">\n Esemplare, a questo proposito, \u00e8 la scena inserita all&#8217;interno della sequenza al porto di Le Havre, in cui JR spinge Agn\u00e8s in sedia a rotelle a tutta velocit\u00e0 lungo la galleria italiana del museo del Louvre. Si tratta di una citazione ironica di una celebre scena del film <em>Bande \u00e0 part<\/em> di Jean-Luc Godard, grande amico della Varda. Girata quasi per scherzo, la scena \u00e8 stata poi inserita all&#8217;interno di un contesto con cui sembra avere poco a che fare ma a cui magicamente si lega per associazione di idee (La Varda ha raccontato come l&#8217;elevatore che portava al container nel porto di Le Havre le avesse ad un tratto ricordato l&#8217;ascensore all&#8217;interno del Louvre).<\/p>\n\n\t\t<style type=\"text\/css\">\n\t\t\t#gallery-1 {\n\t\t\t\tmargin: auto;\n\t\t\t}\n\t\t\t#gallery-1 .gallery-item {\n\t\t\t\tfloat: left;\n\t\t\t\tmargin-top: 10px;\n\t\t\t\ttext-align: center;\n\t\t\t\twidth: 33%;\n\t\t\t}\n\t\t\t#gallery-1 img {\n\t\t\t\tborder: 2px solid #cfcfcf;\n\t\t\t}\n\t\t\t#gallery-1 .gallery-caption {\n\t\t\t\tmargin-left: 0;\n\t\t\t}\n\t\t\t\/* see gallery_shortcode() in wp-includes\/media.php *\/\n\t\t<\/style>\n\t\t<div id='gallery-1' class='gallery galleryid-55116 gallery-columns-3 gallery-size-thumbnail'><dl class='gallery-item'>\n\t\t\t<dt class='gallery-icon landscape'>\n\t\t\t\t<a href='https:\/\/ilcinemaritrovato.it\/wp-content\/uploads\/2020\/04\/P1200235-1300x731.jpg' title=\"\" data-rl_title=\"\" class=\"rl-gallery-link\" data-rl_caption=\"\" data-rel=\"lightbox-gallery-1\"><img loading=\"lazy\" decoding=\"async\" width=\"150\" height=\"150\" src=\"https:\/\/ilcinemaritrovato.it\/wp-content\/uploads\/2020\/04\/P1200235-1300x731-150x150.jpg\" class=\"attachment-thumbnail size-thumbnail\" alt=\"\" \/><\/a>\n\t\t\t<\/dt><\/dl><dl class='gallery-item'>\n\t\t\t<dt class='gallery-icon landscape'>\n\t\t\t\t<a href='https:\/\/ilcinemaritrovato.it\/wp-content\/uploads\/2020\/04\/maxresdefault-2.jpg' title=\"\" data-rl_title=\"\" class=\"rl-gallery-link\" data-rl_caption=\"\" data-rel=\"lightbox-gallery-1\"><img loading=\"lazy\" decoding=\"async\" width=\"150\" height=\"150\" src=\"https:\/\/ilcinemaritrovato.it\/wp-content\/uploads\/2020\/04\/maxresdefault-2-150x150.jpg\" class=\"attachment-thumbnail size-thumbnail\" alt=\"\" \/><\/a>\n\t\t\t<\/dt><\/dl><dl class='gallery-item'>\n\t\t\t<dt class='gallery-icon landscape'>\n\t\t\t\t<a href='https:\/\/ilcinemaritrovato.it\/wp-content\/uploads\/2020\/04\/Agn\u00e8s-Varda-JR-Visages-Villages-2017.jpg' title=\"\" data-rl_title=\"\" class=\"rl-gallery-link\" data-rl_caption=\"\" data-rel=\"lightbox-gallery-1\"><img loading=\"lazy\" decoding=\"async\" width=\"150\" height=\"150\" src=\"https:\/\/ilcinemaritrovato.it\/wp-content\/uploads\/2020\/04\/Agn\u00e8s-Varda-JR-Visages-Villages-2017-150x150.jpg\" class=\"attachment-thumbnail size-thumbnail\" alt=\"\" \/><\/a>\n\t\t\t<\/dt><\/dl><br style=\"clear: both\" \/>\n\t\t<\/div>\n\n<p dir=\"ltr\"><span style=\"color: #ffffff\">pp<\/span><br \/>\n Analogamente, nel corso del film si assiste costantemente alla nascita di opere d&#8217;arte che trovano origine nel collage di idee e compimento nel collage materiale delle gigantografie. \u00c8 dall&#8217;associazione tra il ricordo di Agn\u00e8s dell&#8217;amico Guy Bordin e quello di JR del bunker precipitato che prende vita una delle pi\u00f9 affascinanti opere di street art che compaiono nel documentario, nonch\u00e9 uno dei momenti pi\u00f9 toccanti del film.<\/p>\n<p dir=\"ltr\"><span style=\"color: #ffffff\">p<\/span><span style=\"color: #ffffff\">p<\/span><\/p>\n<p dir=\"ltr\"><a href=\"https:\/\/bit.ly\/consiglipergiovanicinefili_6\">Ritorna all&#8217;articolo<\/a><\/p>\n<p><\/p>","protected":false},"excerpt":{"rendered":"<p>Sorry, this entry is only available in Italiano. &#8220;Da una persona all&#8217;altra, da un&#8217;idea all&#8217;altra, in realt\u00e0 il film \u00e8 collage&#8221;. JR p Realizzato senza la preventiva definizione di una struttura, di uno schema narrativo, Visages Villages si configura come un vero e proprio collage di immagini che procede per associazione di idee, ricordi, suggestioni. [&hellip;]<\/p>\n","protected":false},"author":3,"featured_media":55118,"parent":0,"menu_order":151,"comment_status":"closed","ping_status":"closed","template":"","meta":{"footnotes":""},"class_list":["post-55116","page","type-page","status-publish","has-post-thumbnail","hentry"],"acf":[],"_links":{"self":[{"href":"https:\/\/ilcinemaritrovato.it\/en\/wp-json\/wp\/v2\/pages\/55116","targetHints":{"allow":["GET"]}}],"collection":[{"href":"https:\/\/ilcinemaritrovato.it\/en\/wp-json\/wp\/v2\/pages"}],"about":[{"href":"https:\/\/ilcinemaritrovato.it\/en\/wp-json\/wp\/v2\/types\/page"}],"author":[{"embeddable":true,"href":"https:\/\/ilcinemaritrovato.it\/en\/wp-json\/wp\/v2\/users\/3"}],"replies":[{"embeddable":true,"href":"https:\/\/ilcinemaritrovato.it\/en\/wp-json\/wp\/v2\/comments?post=55116"}],"version-history":[{"count":5,"href":"https:\/\/ilcinemaritrovato.it\/en\/wp-json\/wp\/v2\/pages\/55116\/revisions"}],"predecessor-version":[{"id":55220,"href":"https:\/\/ilcinemaritrovato.it\/en\/wp-json\/wp\/v2\/pages\/55116\/revisions\/55220"}],"wp:featuredmedia":[{"embeddable":true,"href":"https:\/\/ilcinemaritrovato.it\/en\/wp-json\/wp\/v2\/media\/55118"}],"wp:attachment":[{"href":"https:\/\/ilcinemaritrovato.it\/en\/wp-json\/wp\/v2\/media?parent=55116"}],"curies":[{"name":"wp","href":"https:\/\/api.w.org\/{rel}","templated":true}]}}