{"id":55110,"date":"2020-04-09T21:13:44","date_gmt":"2020-04-09T19:13:44","guid":{"rendered":"http:\/\/ilcinemaritrovato.it\/?page_id=55110"},"modified":"2020-04-14T19:09:35","modified_gmt":"2020-04-14T17:09:35","slug":"perche-una-capra","status":"publish","type":"page","link":"https:\/\/ilcinemaritrovato.it\/en\/perche-una-capra\/","title":{"rendered":"Perch\u00e9 una capra?"},"content":{"rendered":"<p class=\"qtranxs-available-languages-message qtranxs-available-languages-message-en\">Sorry, this entry is only available in <a href=\"https:\/\/ilcinemaritrovato.it\/it\/wp-json\/wp\/v2\/pages\/55110\" class=\"qtranxs-available-language-link qtranxs-available-language-link-it\" title=\"Italiano\">Italiano<\/a>.<\/p><p><\/p>\n<p><i>Perch\u00e9 una capra? <\/i>\u00e8\u00a0il titolo che, ad un certo punto della lavorazione, Agn\u00e8s Varda e JR hanno pensato di dare al film. Il motivo \u00e8 legato a una particolare sequenza che vede protagonista Patricia, un&#8217;allevatrice di capre che nel proprio lavoro ha compiuto una scelta precisa: al contrario di molti suoi colleghi, ha deciso di non mettere in atto la pratica di bruciare le corna delle capre da piccole (una misura spesso utilizzata per evitare che gli animali si scontrino e si feriscano una volta divenuti adulti).\u00a0<\/p>\n<p>Con grande fervore Patricia spiega ai visitatori: <em>\u201cSe una capra ha le corna deve tenersele. Non trovo una spiegazione logica a meno che non le si consideri un prodotto che deve avere un certo tasso di rendimento\u201d.<\/em><\/p>\n<p>La sequenza diviene allora una sorta di piccola inchiesta all&#8217;interno del film che si conclude con l&#8217;affissione della gigantografia di una capra con le corna (uno scatto fatto in precedenza dalla Varda durante un sopralluogo per un altro film).\u00a0<\/p>\n<p>Come spesso accade nel cinema di Agn\u00e8s Varda, privato e pubblico si intrecciano e la riflessione politica prende avvio da ci\u00f2 che a prima vista pu\u00f2 apparire marginale, cosi la pacata, ma salda, critica alla logica del profitto prende il volto di una capra con le corna,\u00a0 la voce di una tenace allevatrice.\u00a0<\/p>\n<p>Nel cinema libero e indipendente della Varda, cos\u00ec come nell&#8217;arte urbana di JR, del resto l&#8217;istanza politica non \u00e8 mai assente.\u00a0<\/p>\n<p><a href=\"http:\/\/ilcinemaritrovato.it\/wp-content\/uploads\/sites\/2\/2020\/04\/visages7.jpg\" data-rel=\"lightbox-image-0\" data-rl_title=\"\" data-rl_caption=\"\" title=\"\"><img loading=\"lazy\" decoding=\"async\" class=\"size-medium wp-image-55059 alignleft\" src=\"http:\/\/ilcinemaritrovato.it\/wp-content\/uploads\/sites\/2\/2020\/04\/visages7-300x200.jpg\" alt=\"\" width=\"300\" height=\"200\" srcset=\"https:\/\/ilcinemaritrovato.it\/wp-content\/uploads\/2020\/04\/visages7-300x200.jpg 300w, https:\/\/ilcinemaritrovato.it\/wp-content\/uploads\/2020\/04\/visages7-768x512.jpg 768w, https:\/\/ilcinemaritrovato.it\/wp-content\/uploads\/2020\/04\/visages7-1024x683.jpg 1024w, https:\/\/ilcinemaritrovato.it\/wp-content\/uploads\/2020\/04\/visages7-600x400.jpg 600w, https:\/\/ilcinemaritrovato.it\/wp-content\/uploads\/2020\/04\/visages7-800x533.jpg 800w, https:\/\/ilcinemaritrovato.it\/wp-content\/uploads\/2020\/04\/visages7.jpg 1500w\" sizes=\"auto, (max-width: 300px) 100vw, 300px\" \/><\/a>In <em>Visages villages<\/em> donne e uomini incontrati dalla copia di registi sono a loro modo anche simboli di piccole grandi battaglie: Jeannine resiste, sola, in un piccolo quartiere destinato alla demolizione, un anziano artista sopravvive facendo affidamento sulla pensione minima che riceve, a Le Havre i portuali scioperano in nome dei propri diritti e , in maniera trasversale, nel corso del film non viene mai meno la particolare attenzione riservata alle donne.<\/p>\n<p>In questo, lo sguardo femminista di Agn\u00e8s Varda gioca un ruolo fondamentale. Ecco ancora uno stralcio di conversazione tra Varda, JR, e Olivier P\u00e8re:\u00a0<br \/>\n <span style=\"color: #ffffff\">p<\/span><br \/>\n <span style=\"color: #ffffff\">p<\/span><\/p>\n<p><strong>AV<\/strong>: <em>Con JR eravamo d&#8217;accordo sul fatto che \u00e8 bello e logico dare la parola alle donne.\u00a0<\/em><br \/>\n <strong>JR<\/strong>: <em>Era l&#8217;idea di Agn\u00e8s. Quando le ho mostrato le foto dei portuali di Le Havre ha detto: &#8220;Non \u00e8 che le vostre mogli potrebbero venire al porto?&#8221;. Loro hanno risposto: &#8220;Senti, non ci sono mai venute, ma forse questa \u00e8 la volta buona&#8221;. Incredibile che abbiano scoperto il porto grazie a questo progetto<\/em>.<\/p>\n<p><span style=\"color: #ffffff\">p<\/span><\/p>\n<p><a href=\"https:\/\/bit.ly\/consiglipergiovanicinefili_6\">Ritorna all&#8217;articolo<\/a><\/p>\n<p><\/p>","protected":false},"excerpt":{"rendered":"<p>Sorry, this entry is only available in Italiano. Perch\u00e9 una capra? \u00e8\u00a0il titolo che, ad un certo punto della lavorazione, Agn\u00e8s Varda e JR hanno pensato di dare al film. Il motivo \u00e8 legato a una particolare sequenza che vede protagonista Patricia, un&#8217;allevatrice di capre che nel proprio lavoro ha compiuto una scelta precisa: al [&hellip;]<\/p>\n","protected":false},"author":3,"featured_media":55142,"parent":0,"menu_order":152,"comment_status":"closed","ping_status":"closed","template":"","meta":{"footnotes":""},"class_list":["post-55110","page","type-page","status-publish","has-post-thumbnail","hentry"],"acf":[],"_links":{"self":[{"href":"https:\/\/ilcinemaritrovato.it\/en\/wp-json\/wp\/v2\/pages\/55110","targetHints":{"allow":["GET"]}}],"collection":[{"href":"https:\/\/ilcinemaritrovato.it\/en\/wp-json\/wp\/v2\/pages"}],"about":[{"href":"https:\/\/ilcinemaritrovato.it\/en\/wp-json\/wp\/v2\/types\/page"}],"author":[{"embeddable":true,"href":"https:\/\/ilcinemaritrovato.it\/en\/wp-json\/wp\/v2\/users\/3"}],"replies":[{"embeddable":true,"href":"https:\/\/ilcinemaritrovato.it\/en\/wp-json\/wp\/v2\/comments?post=55110"}],"version-history":[{"count":7,"href":"https:\/\/ilcinemaritrovato.it\/en\/wp-json\/wp\/v2\/pages\/55110\/revisions"}],"predecessor-version":[{"id":55294,"href":"https:\/\/ilcinemaritrovato.it\/en\/wp-json\/wp\/v2\/pages\/55110\/revisions\/55294"}],"wp:featuredmedia":[{"embeddable":true,"href":"https:\/\/ilcinemaritrovato.it\/en\/wp-json\/wp\/v2\/media\/55142"}],"wp:attachment":[{"href":"https:\/\/ilcinemaritrovato.it\/en\/wp-json\/wp\/v2\/media?parent=55110"}],"curies":[{"name":"wp","href":"https:\/\/api.w.org\/{rel}","templated":true}]}}