{"id":55091,"date":"2020-04-09T21:01:27","date_gmt":"2020-04-09T19:01:27","guid":{"rendered":"http:\/\/ilcinemaritrovato.it\/?page_id=55091"},"modified":"2020-04-11T13:24:27","modified_gmt":"2020-04-11T11:24:27","slug":"di-volti-e-di-villaggi","status":"publish","type":"page","link":"https:\/\/ilcinemaritrovato.it\/en\/di-volti-e-di-villaggi\/","title":{"rendered":"Di volti e di villaggi"},"content":{"rendered":"<p class=\"qtranxs-available-languages-message qtranxs-available-languages-message-en\">Sorry, this entry is only available in <a href=\"https:\/\/ilcinemaritrovato.it\/it\/wp-json\/wp\/v2\/pages\/55091\" class=\"qtranxs-available-language-link qtranxs-available-language-link-it\" title=\"Italiano\">Italiano<\/a>.<\/p><p><\/p>\n<p style=\"text-align: right\"><em>&#8220;<\/em>Visages Villages<em> \u00e8 un film che parla degli esseri umani, parla delle persone di cui normalmente il cinema non si occupa.\u00a0Del lavoro e delle donne, del rapporto tra l\u2019arte e il cinema,<br \/>\n del legame tra le persone, dell\u2019importanza delle parole.<br \/>\n Dello sguardo e della memoria.<\/em>\u00a0<em>Un cinema di poesia e di libert\u00e0.<br \/>\n Un film che \u00e8 un antidoto contro un mondo che ogni giorno sembra essere meno umano\u201d.<\/em><br \/>\n <a href=\"https:\/\/www.instagram.com\/p\/BgRoSLmnqCz\/?taken-by=cinetecabologna&amp;fbclid=IwAR2xDgyiAKAFive0FFTiHlMrUE6hCXdS5VocvMD7b1zt7CrG6zXR7agSVyk\">Gian Luca Farinelli<\/a>, in occasione dell&#8217;anteprima italiana al Cinema Lumi\u00e8re di Bologna<\/p>\n<p><span style=\"color: #ffffff\">p<\/span><\/p>\n<p>Se a guidare JR e Agn\u00e8s Varda nel loro viaggio \u00e8 principalmente il caso o la libera associazione di idee, i volti e i villaggi rimangono i punti cardine, gli elementi principali della loro ricerca.\u00a0<\/p>\n<p><a href=\"http:\/\/ilcinemaritrovato.it\/wp-content\/uploads\/sites\/2\/2020\/04\/visages5.jpg\" data-rel=\"lightbox-image-0\" data-rl_title=\"\" data-rl_caption=\"\" title=\"\"><img loading=\"lazy\" decoding=\"async\" class=\"size-medium wp-image-55094 alignleft\" src=\"http:\/\/ilcinemaritrovato.it\/wp-content\/uploads\/sites\/2\/2020\/04\/visages5-300x200.jpg\" alt=\"\" width=\"300\" height=\"200\" srcset=\"https:\/\/ilcinemaritrovato.it\/wp-content\/uploads\/2020\/04\/visages5-300x200.jpg 300w, https:\/\/ilcinemaritrovato.it\/wp-content\/uploads\/2020\/04\/visages5-768x512.jpg 768w, https:\/\/ilcinemaritrovato.it\/wp-content\/uploads\/2020\/04\/visages5-1024x683.jpg 1024w, https:\/\/ilcinemaritrovato.it\/wp-content\/uploads\/2020\/04\/visages5-600x400.jpg 600w, https:\/\/ilcinemaritrovato.it\/wp-content\/uploads\/2020\/04\/visages5-800x533.jpg 800w, https:\/\/ilcinemaritrovato.it\/wp-content\/uploads\/2020\/04\/visages5.jpg 1500w\" sizes=\"auto, (max-width: 300px) 100vw, 300px\" \/><\/a><\/p>\n<p>I volti sono quelli delle tante persone con cui, nel loro peregrinare, i due sono riusciti ad entrare in contatto e a stringere legami d&#8217;amicizia forti anche se effimeri, proprio come le fotografie che le ritraggono: scattate, incollate durante delle &#8220;performance&#8221; artistiche collettive e poi, prima o dopo, distrutte.\u00a0<\/p>\n<p> <em>&#8220;Abbiamo avuto il piacere di incontrare gente molto diversa, per fare un altro esempio, un coltivatore contemporaneo che coltiva ottocento ettari da solo col suo computer. E poi uomini che lavorano nel porto, scaricatori, gente di campagna, ragazze, postini&#8221;. \u00a0<\/em><\/p>\n<p>L&#8217;idea del legame sottende del resto sia la ricerca artistica di JR sia il cinema di Agn\u00e8s Varda, che negli anni ha realizzato film come <em>Jane B. par Agn\u00e8s V.<\/em> (1987), <em>Daguerr\u00e9otypes<\/em> (1976), <em>Les glaneurs et la glaneuse<\/em> (2000), solo per citare alcuni esempi, alla base dei quali vi \u00e8 sempre l&#8217;incontro, lo scambio con l&#8217;altro.\u00a0<\/p>\n<p>\u00a0A proposito di JR, Agn\u00e8s stessa spiega:\u00a0<\/p>\n<p><em>&#8220;A ispirarlo \u00e8 sempre l\u2019idea del legame, \u00e8 un artista molto amato. Gli interessa anche molto che la gente prenda coscienza della propria immagine, che la condivida con gli altri, del resto, \u00e8 ci\u00f2 che poi \u00e8 divenuto l\u2019identit\u00e0 del selfie. L\u2019inviare una foto davanti alla Tour Eiffel ad esempio o ovunque ci si trovi, \u00e8 la cultura della condivisione, mi faccio una foto e te la mando, condividere significa essere presenti, \u00e8 certamente qualcosa di nuovo, di questi ultimi quindici anni&#8221;.\u00a0<\/p>\n<p> <\/em><\/p>\n<p><a href=\"http:\/\/ilcinemaritrovato.it\/wp-content\/uploads\/sites\/2\/2020\/04\/visages.jpg\" data-rel=\"lightbox-image-1\" data-rl_title=\"\" data-rl_caption=\"\" title=\"\"><img loading=\"lazy\" decoding=\"async\" class=\"size-medium wp-image-55062 alignright\" src=\"http:\/\/ilcinemaritrovato.it\/wp-content\/uploads\/sites\/2\/2020\/04\/visages-300x300.jpg\" alt=\"\" width=\"300\" height=\"300\" srcset=\"https:\/\/ilcinemaritrovato.it\/wp-content\/uploads\/2020\/04\/visages-300x300.jpg 300w, https:\/\/ilcinemaritrovato.it\/wp-content\/uploads\/2020\/04\/visages-150x150.jpg 150w, https:\/\/ilcinemaritrovato.it\/wp-content\/uploads\/2020\/04\/visages-768x768.jpg 768w, https:\/\/ilcinemaritrovato.it\/wp-content\/uploads\/2020\/04\/visages-1024x1024.jpg 1024w, https:\/\/ilcinemaritrovato.it\/wp-content\/uploads\/2020\/04\/visages-600x600.jpg 600w, https:\/\/ilcinemaritrovato.it\/wp-content\/uploads\/2020\/04\/visages-800x800.jpg 800w, https:\/\/ilcinemaritrovato.it\/wp-content\/uploads\/2020\/04\/visages.jpg 1500w\" sizes=\"auto, (max-width: 300px) 100vw, 300px\" \/><\/a>Altrettanto significativa \u00e8 la scelta dell'&#8221;ambientazione&#8221;. Dalla Provenza alle spiagge della Normandia, il viaggio di Agn\u00e8s e JR \u00e8 anche una ricognizione della Francia rurale alla scoperta o riscoperta di localit\u00e0 isolate o persino abbandonate cui viene data nuova vita, e visibilit\u00e0 attraverso l&#8217;intervento artistico.\u00a0<\/p>\n<p>Lontano dalle periferie urbane, spesso protagoniste nell&#8217;arte di JR, lo sguardo dei due si volge verso un altrove meno familiare che offre lo spunto per una riflessione sui rapporti tra persone e ambienti, tra arte e luoghi di fruizione di essa.\u00a0<\/p>\n<p>A proposito della scelta di girare la campagna francese ecco uno stralcio della conversazione tra Agn\u00e8s Varda, JR e Olivier P\u00e8re ( direttore generale di Arte France Cin\u00e9ma) avvenuta il 31 gennaio 2017:\u00a0<\/p>\n<p><strong>JR<\/strong>: <em>\u00c8 Agn\u00e8s che ha voluto farmi uscire dalle citt\u00e0<\/em>.\u00a0<br \/>\n <strong>AV<\/strong>: <em>S\u00ec, perch\u00e9 sei un artista urbano. E io amo la campagna. L&#8217;idea dei villaggi, ci \u00e8 venuta molto presto. Ci sembrava il modo giusto per avvicinarci alle persone, ed \u00e8 andata proprio cos\u00ec. Siamo partiti con il tuo furgone fotografico e magico.\u00a0<br \/>\n \u00c8 lui l&#8217;attore del film, sempre in scena.\u00a0<br \/>\n <\/em><strong>JR<\/strong>: <em>Lo uso da anni quel furgone, per tanti progetti.\u00a0<br \/>\n <\/em><strong>AV<\/strong>: <em>S\u00ec, ma questo era il nostro progetto, siamo partiti insieme<\/em>.\u00a0<em>Comunque nel nostro viaggio attraverso la Francia rurale abbiamo giocato a muoverci solo in furgone. Andando qua e l\u00e0.<\/em><\/p>\n<p><span style=\"color: #ffffff\">p<\/span><\/p>\n<p><a href=\"https:\/\/bit.ly\/consiglipergiovanicinefili_6\">Ritorna all&#8217;articolo<\/a><\/p>\n<p><\/p>","protected":false},"excerpt":{"rendered":"<p>Sorry, this entry is only available in Italiano. &#8220;Visages Villages \u00e8 un film che parla degli esseri umani, parla delle persone di cui normalmente il cinema non si occupa.\u00a0Del lavoro e delle donne, del rapporto tra l\u2019arte e il cinema, del legame tra le persone, dell\u2019importanza delle parole. Dello sguardo e della memoria.\u00a0Un cinema di [&hellip;]<\/p>\n","protected":false},"author":3,"featured_media":55097,"parent":0,"menu_order":153,"comment_status":"closed","ping_status":"closed","template":"","meta":{"footnotes":""},"class_list":["post-55091","page","type-page","status-publish","has-post-thumbnail","hentry"],"acf":[],"_links":{"self":[{"href":"https:\/\/ilcinemaritrovato.it\/en\/wp-json\/wp\/v2\/pages\/55091","targetHints":{"allow":["GET"]}}],"collection":[{"href":"https:\/\/ilcinemaritrovato.it\/en\/wp-json\/wp\/v2\/pages"}],"about":[{"href":"https:\/\/ilcinemaritrovato.it\/en\/wp-json\/wp\/v2\/types\/page"}],"author":[{"embeddable":true,"href":"https:\/\/ilcinemaritrovato.it\/en\/wp-json\/wp\/v2\/users\/3"}],"replies":[{"embeddable":true,"href":"https:\/\/ilcinemaritrovato.it\/en\/wp-json\/wp\/v2\/comments?post=55091"}],"version-history":[{"count":12,"href":"https:\/\/ilcinemaritrovato.it\/en\/wp-json\/wp\/v2\/pages\/55091\/revisions"}],"predecessor-version":[{"id":55222,"href":"https:\/\/ilcinemaritrovato.it\/en\/wp-json\/wp\/v2\/pages\/55091\/revisions\/55222"}],"wp:featuredmedia":[{"embeddable":true,"href":"https:\/\/ilcinemaritrovato.it\/en\/wp-json\/wp\/v2\/media\/55097"}],"wp:attachment":[{"href":"https:\/\/ilcinemaritrovato.it\/en\/wp-json\/wp\/v2\/media?parent=55091"}],"curies":[{"name":"wp","href":"https:\/\/api.w.org\/{rel}","templated":true}]}}