{"id":55050,"date":"2020-04-09T16:23:25","date_gmt":"2020-04-09T14:23:25","guid":{"rendered":"http:\/\/ilcinemaritrovato.it\/?page_id=55050"},"modified":"2020-04-11T13:25:03","modified_gmt":"2020-04-11T11:25:03","slug":"generazioni-a-confronto","status":"publish","type":"page","link":"https:\/\/ilcinemaritrovato.it\/en\/generazioni-a-confronto\/","title":{"rendered":"Agn\u00e8s Varda \/ JR: generazioni a confronto"},"content":{"rendered":"<p class=\"qtranxs-available-languages-message qtranxs-available-languages-message-en\">Sorry, this entry is only available in <a href=\"https:\/\/ilcinemaritrovato.it\/it\/wp-json\/wp\/v2\/pages\/55050\" class=\"qtranxs-available-language-link qtranxs-available-language-link-it\" title=\"Italiano\">Italiano<\/a>.<\/p><p><\/p>\n<p style=\"text-align: right\"><em>&#8220;Vorrei fare un&#8217;annotazione, JR ha trentatr\u00e9 anni e io ottantotto, ormai ottantanove e lui trentaquattro, la differenza non \u00e8 cambiata. Ma questa distanza esistente tra noi<\/em><br \/>\n <em> non ha mai giocato a sfavore, anzi, la gente \u00e8 stata anche divertita nel vederci.<\/em><br \/>\n <em> Siamo un po\u2019 come Stanlio e Ollio, lui \u00e8 alto e magro, io sono un po\u2019 pi\u00f9 bassa e robusta&#8221;.<\/em><br \/>\n Agnes Varda, da un&#8217;<a href=\"https:\/\/bit.ly\/2R3apwp\">intervista<\/a> del magazine online Primi piani<\/p>\n<p><span style=\"color: #ffffff\">p<\/span><\/p>\n<p><em>Visages villages<\/em> nasce dall&#8217;incontro tra due persone, due artisti, apparentemente distanti, lo street artist <a href=\"https:\/\/www.instagram.com\/jr\/\"><strong>JR<\/strong><\/a> e la pluri-premiata regista, madre della nouvelle vague francese, <a href=\"https:\/\/www.instagram.com\/agnes.varda\/?hl=it\"><strong>Agn\u00e8s Varda<\/strong><\/a>.<\/p>\n<p><a href=\"http:\/\/ilcinemaritrovato.it\/wp-content\/uploads\/sites\/2\/2020\/04\/visages8.jpg\" data-rel=\"lightbox-image-0\" data-rl_title=\"\" data-rl_caption=\"\" title=\"\"><img loading=\"lazy\" decoding=\"async\" class=\"size-medium wp-image-55095 alignleft\" src=\"http:\/\/ilcinemaritrovato.it\/wp-content\/uploads\/sites\/2\/2020\/04\/visages8-211x300.jpg\" alt=\"\" width=\"211\" height=\"300\" srcset=\"https:\/\/ilcinemaritrovato.it\/wp-content\/uploads\/2020\/04\/visages8-211x300.jpg 211w, https:\/\/ilcinemaritrovato.it\/wp-content\/uploads\/2020\/04\/visages8-768x1090.jpg 768w, https:\/\/ilcinemaritrovato.it\/wp-content\/uploads\/2020\/04\/visages8-722x1024.jpg 722w, https:\/\/ilcinemaritrovato.it\/wp-content\/uploads\/2020\/04\/visages8-600x851.jpg 600w, https:\/\/ilcinemaritrovato.it\/wp-content\/uploads\/2020\/04\/visages8-800x1135.jpg 800w, https:\/\/ilcinemaritrovato.it\/wp-content\/uploads\/2020\/04\/visages8-1600x2270.jpg 1600w, https:\/\/ilcinemaritrovato.it\/wp-content\/uploads\/2020\/04\/visages8.jpg 1748w\" sizes=\"auto, (max-width: 211px) 100vw, 211px\" \/><\/a>Dell&#8217;incontro, pi\u00f9 o meno fortuito, i due hanno fatto una vera e propria poetica e la chiave di lettura principale del film.<br \/>\n Agn\u00e8s Varda, scomparsa lo scorso anno, ha ottantotto anni quando incontra JR, trentatreenne, e decide con lui di realizzare il film.<br \/>\n Lei ha alle spalle una carriera sessantennale dietro la macchina da presa. Nata fotografa, \u00e8 approdata al cinema a met\u00e0 degli anni Cinquanta e da allora ha esplorato generi e formati diversi, ha sperimentato fiction e documentario, cortometraggio e lungometraggio, non rinunciando mai al proprio personalissimo sguardo al contempo intimista e sociale.<br \/>\n JR \u00e8 uno street artist e fotografo parigino che con le sue gigantografie, principalmente ritratti fotografici, ha tappezzato muri in tutto il mondo abbracciando ogni volta cause diverse e dando loro risalto.<br \/>\n Ad accomunarli \u00e8 la grande passione e la curiosit\u00e0 per le immagini e in particolare per i luoghi e i dispositivi che permettono di mostrarle, condividerle, esporle.<\/p>\n<p>Il loro incontro \u00e8 l&#8217;inizio di un viaggio che li conduce verso sperduti villaggi francesi alla ricerca di volti da fotografare e mettere in mostra, di storie di persone comuni da conoscere e, al contempo, narrare. Il film \u00e8 dunque il racconto di un&#8217;avventura artistica che vede coinvolti non solo i due registi ma anche i tanti abitanti dei villaggi con cui di volta in volta la &#8220;strana coppia&#8221; entra in relazione. Gli incontri, nel corso del documentario, diventano sempre pi\u00f9 numerosi, mentre il rapporto intergenerazionale di amicizia e fiducia tra Agn\u00e8s Varda e JR va consolidandosi e trova il suo apice nel finale dolceamaro in cui ad aver luogo \u00e8 ancora un incontro, ma questa volta mancato.\u00a0<\/p>\n<p><span style=\"color: #ffffff\">p<\/span><\/p>\n<p>Del loro straordinario rapporto rimane traccia anche fuori dal set: <a href=\"https:\/\/www.facebook.com\/CinetecaBologna\/posts\/10155885793448132\">in giro per Bologna<\/a> in occasione della proiezione in <a href=\"https:\/\/www.facebook.com\/CinetecaBologna\/posts\/10155883439668132\">Piazza Maggiore<\/a> di <em>Visages Villages,<\/em> nel programma del festival Il Cinema Ritrovato 2017; la &#8220;partecipazione&#8221; di Agn\u00e8s in versione cartonato al pranzo\u00a0ufficiale dei candidati agli Oscar 2018, nel <a href=\"https:\/\/www.facebook.com\/CinetecaBologna\/posts\/10156715409328132\">video scherzoso di JR<\/a>; la <a href=\"https:\/\/www.facebook.com\/watch\/?v=10156892428048132\">risposta di Agn\u00e8s<\/a> (con il nostro aiuto), in occasione del tour del film nelle sale italiane accompagnato dalla Varda in carne e ossa insieme a un JR cardboard-version.<\/p>\n<p>Nella gallery qui sotto, alcune immagini dal servizio realizzato in occasione dell&#8217;anteprima italiana del film alla presenza della regista (sul profilo Facebook della Cineteca di Bologna la <a href=\"https:\/\/www.facebook.com\/CinetecaBologna\/posts\/10156831552678132\">gallery completa<\/a>):<\/p>\n\n\t\t<style type=\"text\/css\">\n\t\t\t#gallery-1 {\n\t\t\t\tmargin: auto;\n\t\t\t}\n\t\t\t#gallery-1 .gallery-item {\n\t\t\t\tfloat: left;\n\t\t\t\tmargin-top: 10px;\n\t\t\t\ttext-align: center;\n\t\t\t\twidth: 20%;\n\t\t\t}\n\t\t\t#gallery-1 img {\n\t\t\t\tborder: 2px solid #cfcfcf;\n\t\t\t}\n\t\t\t#gallery-1 .gallery-caption {\n\t\t\t\tmargin-left: 0;\n\t\t\t}\n\t\t\t\/* see gallery_shortcode() in wp-includes\/media.php *\/\n\t\t<\/style>\n\t\t<div id='gallery-1' class='gallery galleryid-55050 gallery-columns-5 gallery-size-thumbnail'><dl class='gallery-item'>\n\t\t\t<dt class='gallery-icon landscape'>\n\t\t\t\t<a href='https:\/\/ilcinemaritrovato.it\/wp-content\/uploads\/2020\/04\/28701331_10156831466438132_5477503448915234600_o.jpg' title=\"\" data-rl_title=\"\" class=\"rl-gallery-link\" data-rl_caption=\"\" data-rel=\"lightbox-gallery-1\"><img loading=\"lazy\" decoding=\"async\" width=\"150\" height=\"150\" src=\"https:\/\/ilcinemaritrovato.it\/wp-content\/uploads\/2020\/04\/28701331_10156831466438132_5477503448915234600_o-150x150.jpg\" class=\"attachment-thumbnail size-thumbnail\" alt=\"\" \/><\/a>\n\t\t\t<\/dt><\/dl><dl class='gallery-item'>\n\t\t\t<dt class='gallery-icon landscape'>\n\t\t\t\t<a href='https:\/\/ilcinemaritrovato.it\/wp-content\/uploads\/2020\/04\/28699246_10156831467758132_8949244341813167967_o.jpg' title=\"\" data-rl_title=\"\" class=\"rl-gallery-link\" data-rl_caption=\"\" data-rel=\"lightbox-gallery-1\"><img loading=\"lazy\" decoding=\"async\" width=\"150\" height=\"150\" src=\"https:\/\/ilcinemaritrovato.it\/wp-content\/uploads\/2020\/04\/28699246_10156831467758132_8949244341813167967_o-150x150.jpg\" class=\"attachment-thumbnail size-thumbnail\" alt=\"\" \/><\/a>\n\t\t\t<\/dt><\/dl><dl class='gallery-item'>\n\t\t\t<dt class='gallery-icon portrait'>\n\t\t\t\t<a href='https:\/\/ilcinemaritrovato.it\/wp-content\/uploads\/2020\/04\/28827680_10156831472658132_14486774236314891_o.jpg' title=\"\" data-rl_title=\"\" class=\"rl-gallery-link\" data-rl_caption=\"\" data-rel=\"lightbox-gallery-1\"><img loading=\"lazy\" decoding=\"async\" width=\"150\" height=\"150\" src=\"https:\/\/ilcinemaritrovato.it\/wp-content\/uploads\/2020\/04\/28827680_10156831472658132_14486774236314891_o-150x150.jpg\" class=\"attachment-thumbnail size-thumbnail\" alt=\"\" \/><\/a>\n\t\t\t<\/dt><\/dl><dl class='gallery-item'>\n\t\t\t<dt class='gallery-icon landscape'>\n\t\t\t\t<a href='https:\/\/ilcinemaritrovato.it\/wp-content\/uploads\/2020\/04\/28700677_10156831471123132_6242371249075638177_o.jpg' title=\"\" data-rl_title=\"\" class=\"rl-gallery-link\" data-rl_caption=\"\" data-rel=\"lightbox-gallery-1\"><img loading=\"lazy\" decoding=\"async\" width=\"150\" height=\"150\" src=\"https:\/\/ilcinemaritrovato.it\/wp-content\/uploads\/2020\/04\/28700677_10156831471123132_6242371249075638177_o-150x150.jpg\" class=\"attachment-thumbnail size-thumbnail\" alt=\"\" \/><\/a>\n\t\t\t<\/dt><\/dl><dl class='gallery-item'>\n\t\t\t<dt class='gallery-icon portrait'>\n\t\t\t\t<a href='https:\/\/ilcinemaritrovato.it\/wp-content\/uploads\/2020\/04\/28698538_10156831471303132_6680783561782673995_o.jpg' title=\"\" data-rl_title=\"\" class=\"rl-gallery-link\" data-rl_caption=\"\" data-rel=\"lightbox-gallery-1\"><img loading=\"lazy\" decoding=\"async\" width=\"150\" height=\"150\" src=\"https:\/\/ilcinemaritrovato.it\/wp-content\/uploads\/2020\/04\/28698538_10156831471303132_6680783561782673995_o-150x150.jpg\" class=\"attachment-thumbnail size-thumbnail\" alt=\"\" \/><\/a>\n\t\t\t<\/dt><\/dl><br style=\"clear: both\" \/><dl class='gallery-item'>\n\t\t\t<dt class='gallery-icon landscape'>\n\t\t\t\t<a href='https:\/\/ilcinemaritrovato.it\/wp-content\/uploads\/2020\/04\/28699339_10156831481893132_959768422246874224_o.jpg' title=\"\" data-rl_title=\"\" class=\"rl-gallery-link\" data-rl_caption=\"\" data-rel=\"lightbox-gallery-1\"><img loading=\"lazy\" decoding=\"async\" width=\"150\" height=\"150\" src=\"https:\/\/ilcinemaritrovato.it\/wp-content\/uploads\/2020\/04\/28699339_10156831481893132_959768422246874224_o-150x150.jpg\" class=\"attachment-thumbnail size-thumbnail\" alt=\"\" \/><\/a>\n\t\t\t<\/dt><\/dl><dl class='gallery-item'>\n\t\t\t<dt class='gallery-icon landscape'>\n\t\t\t\t<a href='https:\/\/ilcinemaritrovato.it\/wp-content\/uploads\/2020\/04\/28827850_10156831481903132_1514626550939035002_o.jpg' title=\"\" data-rl_title=\"\" class=\"rl-gallery-link\" data-rl_caption=\"\" data-rel=\"lightbox-gallery-1\"><img loading=\"lazy\" decoding=\"async\" width=\"150\" height=\"150\" src=\"https:\/\/ilcinemaritrovato.it\/wp-content\/uploads\/2020\/04\/28827850_10156831481903132_1514626550939035002_o-150x150.jpg\" class=\"attachment-thumbnail size-thumbnail\" alt=\"\" \/><\/a>\n\t\t\t<\/dt><\/dl><dl class='gallery-item'>\n\t\t\t<dt class='gallery-icon landscape'>\n\t\t\t\t<a href='https:\/\/ilcinemaritrovato.it\/wp-content\/uploads\/2020\/04\/28828409_10156831479903132_2098978501606587584_o.jpg' title=\"\" data-rl_title=\"\" class=\"rl-gallery-link\" data-rl_caption=\"\" data-rel=\"lightbox-gallery-1\"><img loading=\"lazy\" decoding=\"async\" width=\"150\" height=\"150\" src=\"https:\/\/ilcinemaritrovato.it\/wp-content\/uploads\/2020\/04\/28828409_10156831479903132_2098978501606587584_o-150x150.jpg\" class=\"attachment-thumbnail size-thumbnail\" alt=\"\" \/><\/a>\n\t\t\t<\/dt><\/dl><dl class='gallery-item'>\n\t\t\t<dt class='gallery-icon landscape'>\n\t\t\t\t<a href='https:\/\/ilcinemaritrovato.it\/wp-content\/uploads\/2020\/04\/28828896_10156831480218132_6487716115946881957_o.jpg' title=\"\" data-rl_title=\"\" class=\"rl-gallery-link\" data-rl_caption=\"\" data-rel=\"lightbox-gallery-1\"><img loading=\"lazy\" decoding=\"async\" width=\"150\" height=\"150\" src=\"https:\/\/ilcinemaritrovato.it\/wp-content\/uploads\/2020\/04\/28828896_10156831480218132_6487716115946881957_o-150x150.jpg\" class=\"attachment-thumbnail size-thumbnail\" alt=\"\" \/><\/a>\n\t\t\t<\/dt><\/dl><dl class='gallery-item'>\n\t\t\t<dt class='gallery-icon landscape'>\n\t\t\t\t<a href='https:\/\/ilcinemaritrovato.it\/wp-content\/uploads\/2020\/04\/29063794_10156831481613132_804427861972443096_o.jpg' title=\"\" data-rl_title=\"\" class=\"rl-gallery-link\" data-rl_caption=\"\" data-rel=\"lightbox-gallery-1\"><img loading=\"lazy\" decoding=\"async\" width=\"150\" height=\"150\" src=\"https:\/\/ilcinemaritrovato.it\/wp-content\/uploads\/2020\/04\/29063794_10156831481613132_804427861972443096_o-150x150.jpg\" class=\"attachment-thumbnail size-thumbnail\" alt=\"\" \/><\/a>\n\t\t\t<\/dt><\/dl><br style=\"clear: both\" \/>\n\t\t<\/div>\n\n<p><span style=\"color: #ffffff\">p<\/span><\/p>\n<p><a href=\"https:\/\/bit.ly\/consiglipergiovanicinefili_6\">Ritorna all&#8217;articolo<\/a><\/p>\n<p><\/p>","protected":false},"excerpt":{"rendered":"<p>Sorry, this entry is only available in Italiano. &#8220;Vorrei fare un&#8217;annotazione, JR ha trentatr\u00e9 anni e io ottantotto, ormai ottantanove e lui trentaquattro, la differenza non \u00e8 cambiata. Ma questa distanza esistente tra noi non ha mai giocato a sfavore, anzi, la gente \u00e8 stata anche divertita nel vederci. Siamo un po\u2019 come Stanlio e [&hellip;]<\/p>\n","protected":false},"author":3,"featured_media":55057,"parent":0,"menu_order":154,"comment_status":"closed","ping_status":"closed","template":"","meta":{"footnotes":""},"class_list":["post-55050","page","type-page","status-publish","has-post-thumbnail","hentry"],"acf":[],"_links":{"self":[{"href":"https:\/\/ilcinemaritrovato.it\/en\/wp-json\/wp\/v2\/pages\/55050","targetHints":{"allow":["GET"]}}],"collection":[{"href":"https:\/\/ilcinemaritrovato.it\/en\/wp-json\/wp\/v2\/pages"}],"about":[{"href":"https:\/\/ilcinemaritrovato.it\/en\/wp-json\/wp\/v2\/types\/page"}],"author":[{"embeddable":true,"href":"https:\/\/ilcinemaritrovato.it\/en\/wp-json\/wp\/v2\/users\/3"}],"replies":[{"embeddable":true,"href":"https:\/\/ilcinemaritrovato.it\/en\/wp-json\/wp\/v2\/comments?post=55050"}],"version-history":[{"count":14,"href":"https:\/\/ilcinemaritrovato.it\/en\/wp-json\/wp\/v2\/pages\/55050\/revisions"}],"predecessor-version":[{"id":55223,"href":"https:\/\/ilcinemaritrovato.it\/en\/wp-json\/wp\/v2\/pages\/55050\/revisions\/55223"}],"wp:featuredmedia":[{"embeddable":true,"href":"https:\/\/ilcinemaritrovato.it\/en\/wp-json\/wp\/v2\/media\/55057"}],"wp:attachment":[{"href":"https:\/\/ilcinemaritrovato.it\/en\/wp-json\/wp\/v2\/media?parent=55050"}],"curies":[{"name":"wp","href":"https:\/\/api.w.org\/{rel}","templated":true}]}}