{"id":54858,"date":"2020-04-03T14:04:52","date_gmt":"2020-04-03T12:04:52","guid":{"rendered":"http:\/\/ilcinemaritrovato.it\/?page_id=54858"},"modified":"2020-04-04T12:16:15","modified_gmt":"2020-04-04T10:16:15","slug":"successo-mondiale","status":"publish","type":"page","link":"https:\/\/ilcinemaritrovato.it\/en\/successo-mondiale\/","title":{"rendered":"Un successo mondiale"},"content":{"rendered":"<p class=\"qtranxs-available-languages-message qtranxs-available-languages-message-en\">Sorry, this entry is only available in <a href=\"https:\/\/ilcinemaritrovato.it\/it\/wp-json\/wp\/v2\/pages\/54858\" class=\"qtranxs-available-language-link qtranxs-available-language-link-it\" title=\"Italiano\">Italiano<\/a>.<\/p><p><\/p>\n<p><span style=\"color: #ffffff\">p<\/span><\/p>\n<p><em><a href=\"http:\/\/ilcinemaritrovato.it\/wp-content\/uploads\/sites\/2\/2020\/04\/91rwxyyoneL._AC_SL1500_.jpg\" data-rel=\"lightbox-image-0\" data-rl_title=\"\" data-rl_caption=\"\" title=\"\"><img loading=\"lazy\" decoding=\"async\" class=\"size-medium wp-image-54859 alignleft\" src=\"http:\/\/ilcinemaritrovato.it\/wp-content\/uploads\/sites\/2\/2020\/04\/91rwxyyoneL._AC_SL1500_-167x300.jpg\" alt=\"\" width=\"167\" height=\"300\" srcset=\"https:\/\/ilcinemaritrovato.it\/wp-content\/uploads\/2020\/04\/91rwxyyoneL._AC_SL1500_-167x300.jpg 167w, https:\/\/ilcinemaritrovato.it\/wp-content\/uploads\/2020\/04\/91rwxyyoneL._AC_SL1500_-768x1378.jpg 768w, https:\/\/ilcinemaritrovato.it\/wp-content\/uploads\/2020\/04\/91rwxyyoneL._AC_SL1500_-571x1024.jpg 571w, https:\/\/ilcinemaritrovato.it\/wp-content\/uploads\/2020\/04\/91rwxyyoneL._AC_SL1500_-600x1077.jpg 600w, https:\/\/ilcinemaritrovato.it\/wp-content\/uploads\/2020\/04\/91rwxyyoneL._AC_SL1500_-800x1435.jpg 800w, https:\/\/ilcinemaritrovato.it\/wp-content\/uploads\/2020\/04\/91rwxyyoneL._AC_SL1500_.jpg 836w\" sizes=\"auto, (max-width: 167px) 100vw, 167px\" \/><\/a><\/em><\/p>\n<p><em>Ladri di biciclette<\/em> usc\u00ec nelle sale italiane il 24 novembre 1948, ottenendo tuttavia, almeno in primo momento, scarso favore da parte del pubblico. Al contrario, il mondo della critica, si espresse fin da subito con parole di encomio: Attilio Bertolucci defin\u00ec il film &#8220;cosa assai superiore, pi\u00f9 delicata e poetica e, scusate la parola grossa, universale.&#8221; Arturo Lanocita scrisse di Vittorio De Sica: &#8220;De Sica \u00e8 il lirico della solidariet\u00e0 umana; \u00e8 un bene che egli abbia respiro e voce, nel nostro cinema, a cui fa onore.&#8221;<\/p>\n<p>Franco Fortini, a pochi mesi dall&#8217;uscita in sala, definiva <i>Ladri di biciclette<\/i> &#8220;un documento di importanza eccezionale per la cultura italiana.&#8221;<\/p>\n<p>Poco tempo dopo, presso la Salle Pleyel di Parigi, si tenne la prima europea del film alla presenza dei maggiori esponenti della cultura francese dell&#8217;epoca: artisti, letterati, registi di cinema e teatro. Al termine della proiezione l&#8217;intera sala espresse il proprio entusiasmo. Ren\u00e9 Clair, maestro del cinema mondiale, profondamente commosso, volle abbracciare De Sica (il quale ricord\u00f2 sempre questo come uno degli eventi pi\u00f9 straordinari della propria carriera).<\/p>\n<p>La presentazione parigina fu l&#8217;inizio di un successo che presto divenne internazionale e trov\u00f2 il suo apice nella consegna dell&#8217;<a href=\"https:\/\/www.cinefiliaritrovata.it\/una-bicicletta-rubata-che-ha-fatto-il-giro-del-mondo\/\">Oscar<\/a> a De Sica per il Miglior Film straniero nel 1950.<\/p>\n<p>Accanto alla <a href=\"http:\/\/distribuzione.ilcinemaritrovato.it\/per-conoscere-i-film\/ladri-di-biciclette\/antologia-critica\">corposa antologia critica<\/a>\u00a0e ai giudizi entusiastici di alcuni autorevoli colleghi registi, tra cui <a href=\"http:\/\/www.cinetecadibologna.it\/biblioteca\/patrimonioarchivistico\/de_sica_lettere\">Luigi Comencini e Mario Soldati<\/a>,\u00a0\u00e8 interessante tuttavia conoscere anche le opinioni di persone comuni che videro <i>Ladri di biciclette<\/i> all&#8217;epoca dell&#8217;uscita in sala. <br \/>\n Ne riportiamo qui di seguito alcuni esempi:<\/p>\n<p><em>&#8220;Tocchi il cuore, che tu sia benedetto De Sica!&#8221;<\/em><\/p>\n<p> <em>&#8220;Ho letto che De Sica andr\u00e0 quanto prima in America. Che ci va a fare? C&#8217;\u00e8 molto pi\u00f9 bisogno di lui in Italia&#8221;.<\/em><\/p>\n<p> <em>&#8220;Di De Sica ce ne vorrebbero dei milioni. \u00c8 un cannone!&#8221;<\/em><\/p>\n<p> <em>&#8220;Egregio Comm., la preghiamo di volerci regalare un nome per una bicicletta che con tanta passione stiamo modestamente costruendo. [&#8230;]<\/em><br \/>\n <em>W il film <\/em>Ladri di biciclette<em>!&#8221;<\/em><\/p>\n<p> Questo materiale proviene dall&#8217;<a href=\"http:\/\/www.cinetecadibologna.it\/archivi-non-film\/archivio_rissone_desica\">Archivio di Vittorio De Sica<\/a> (conservato presso la Cineteca di Bologna dal 2016 e giunto sino a noi grazie alla lungimiranza della prima moglie Giuditta Rissone e della figlia Emi), dove abbondano i documenti che testimoniano il grande impatto culturale prodotto dall&#8217;uscita di <em>Ladri di biciclette<\/em>.<br \/>\n Nella gallery seguente le\u00a0cartoline d&#8217;epoca conservate negli archivi con incise a mano le sopracitate opinioni degli spettatori, espresse in occasione di una proiezione per il pubblico milanese (<a href=\"http:\/\/www.cinetecadibologna.it\/archivi-non-film\/archivicartacei\/desica_giudizi_pubblico\">clicca qui per leggerne altre<\/a>):<\/p>\n\n\t\t<style type=\"text\/css\">\n\t\t\t#gallery-1 {\n\t\t\t\tmargin: auto;\n\t\t\t}\n\t\t\t#gallery-1 .gallery-item {\n\t\t\t\tfloat: left;\n\t\t\t\tmargin-top: 10px;\n\t\t\t\ttext-align: center;\n\t\t\t\twidth: 16%;\n\t\t\t}\n\t\t\t#gallery-1 img {\n\t\t\t\tborder: 2px solid #cfcfcf;\n\t\t\t}\n\t\t\t#gallery-1 .gallery-caption {\n\t\t\t\tmargin-left: 0;\n\t\t\t}\n\t\t\t\/* see gallery_shortcode() in wp-includes\/media.php *\/\n\t\t<\/style>\n\t\t<div id='gallery-1' class='gallery galleryid-54858 gallery-columns-6 gallery-size-thumbnail'><dl class='gallery-item'>\n\t\t\t<dt class='gallery-icon landscape'>\n\t\t\t\t<a href='https:\/\/ilcinemaritrovato.it\/wp-content\/uploads\/2020\/04\/fronte1.jpg' title=\"\" data-rl_title=\"\" class=\"rl-gallery-link\" data-rl_caption=\"\" data-rel=\"lightbox-gallery-1\"><img loading=\"lazy\" decoding=\"async\" width=\"150\" height=\"150\" src=\"https:\/\/ilcinemaritrovato.it\/wp-content\/uploads\/2020\/04\/fronte1-150x150.jpg\" class=\"attachment-thumbnail size-thumbnail\" alt=\"\" \/><\/a>\n\t\t\t<\/dt><\/dl><dl class='gallery-item'>\n\t\t\t<dt class='gallery-icon landscape'>\n\t\t\t\t<a href='https:\/\/ilcinemaritrovato.it\/wp-content\/uploads\/2020\/04\/retro4.jpg' title=\"\" data-rl_title=\"\" class=\"rl-gallery-link\" data-rl_caption=\"\" data-rel=\"lightbox-gallery-1\"><img loading=\"lazy\" decoding=\"async\" width=\"150\" height=\"150\" src=\"https:\/\/ilcinemaritrovato.it\/wp-content\/uploads\/2020\/04\/retro4-150x150.jpg\" class=\"attachment-thumbnail size-thumbnail\" alt=\"\" \/><\/a>\n\t\t\t<\/dt><\/dl><dl class='gallery-item'>\n\t\t\t<dt class='gallery-icon landscape'>\n\t\t\t\t<a href='https:\/\/ilcinemaritrovato.it\/wp-content\/uploads\/2020\/04\/fronte2.jpg' title=\"\" data-rl_title=\"\" class=\"rl-gallery-link\" data-rl_caption=\"\" data-rel=\"lightbox-gallery-1\"><img loading=\"lazy\" decoding=\"async\" width=\"150\" height=\"150\" src=\"https:\/\/ilcinemaritrovato.it\/wp-content\/uploads\/2020\/04\/fronte2-150x150.jpg\" class=\"attachment-thumbnail size-thumbnail\" alt=\"\" \/><\/a>\n\t\t\t<\/dt><\/dl><dl class='gallery-item'>\n\t\t\t<dt class='gallery-icon landscape'>\n\t\t\t\t<a href='https:\/\/ilcinemaritrovato.it\/wp-content\/uploads\/2020\/04\/retro5.jpg' title=\"\" data-rl_title=\"\" class=\"rl-gallery-link\" data-rl_caption=\"\" data-rel=\"lightbox-gallery-1\"><img loading=\"lazy\" decoding=\"async\" width=\"150\" height=\"150\" src=\"https:\/\/ilcinemaritrovato.it\/wp-content\/uploads\/2020\/04\/retro5-150x150.jpg\" class=\"attachment-thumbnail size-thumbnail\" alt=\"\" \/><\/a>\n\t\t\t<\/dt><\/dl><dl class='gallery-item'>\n\t\t\t<dt class='gallery-icon landscape'>\n\t\t\t\t<a href='https:\/\/ilcinemaritrovato.it\/wp-content\/uploads\/2020\/04\/retro6.jpg' title=\"\" data-rl_title=\"\" class=\"rl-gallery-link\" data-rl_caption=\"\" data-rel=\"lightbox-gallery-1\"><img loading=\"lazy\" decoding=\"async\" width=\"150\" height=\"150\" src=\"https:\/\/ilcinemaritrovato.it\/wp-content\/uploads\/2020\/04\/retro6-150x150.jpg\" class=\"attachment-thumbnail size-thumbnail\" alt=\"\" \/><\/a>\n\t\t\t<\/dt><\/dl><dl class='gallery-item'>\n\t\t\t<dt class='gallery-icon landscape'>\n\t\t\t\t<a href='https:\/\/ilcinemaritrovato.it\/wp-content\/uploads\/2020\/04\/retro8.jpg' title=\"\" data-rl_title=\"\" class=\"rl-gallery-link\" data-rl_caption=\"\" data-rel=\"lightbox-gallery-1\"><img loading=\"lazy\" decoding=\"async\" width=\"150\" height=\"150\" src=\"https:\/\/ilcinemaritrovato.it\/wp-content\/uploads\/2020\/04\/retro8-150x150.jpg\" class=\"attachment-thumbnail size-thumbnail\" alt=\"\" \/><\/a>\n\t\t\t<\/dt><\/dl><br style=\"clear: both\" \/>\n\t\t<\/div>\n\n<p>&nbsp;<\/p>\n<p><span style=\"color: #ffffff\">p<\/span><\/p>\n<p><a href=\"http:\/\/ilcinemaritrovato.it\/consigli-per-giovani-cinefili-5\/\">Ritorna all&#8217;articolo<\/a><\/p>\n<p>&nbsp;<\/p>\n<p><\/p>","protected":false},"excerpt":{"rendered":"<p>Sorry, this entry is only available in Italiano. p Ladri di biciclette usc\u00ec nelle sale italiane il 24 novembre 1948, ottenendo tuttavia, almeno in primo momento, scarso favore da parte del pubblico. Al contrario, il mondo della critica, si espresse fin da subito con parole di encomio: Attilio Bertolucci defin\u00ec il film &#8220;cosa assai superiore, [&hellip;]<\/p>\n","protected":false},"author":3,"featured_media":54867,"parent":0,"menu_order":158,"comment_status":"closed","ping_status":"closed","template":"","meta":{"footnotes":""},"class_list":["post-54858","page","type-page","status-publish","has-post-thumbnail","hentry"],"acf":[],"_links":{"self":[{"href":"https:\/\/ilcinemaritrovato.it\/en\/wp-json\/wp\/v2\/pages\/54858","targetHints":{"allow":["GET"]}}],"collection":[{"href":"https:\/\/ilcinemaritrovato.it\/en\/wp-json\/wp\/v2\/pages"}],"about":[{"href":"https:\/\/ilcinemaritrovato.it\/en\/wp-json\/wp\/v2\/types\/page"}],"author":[{"embeddable":true,"href":"https:\/\/ilcinemaritrovato.it\/en\/wp-json\/wp\/v2\/users\/3"}],"replies":[{"embeddable":true,"href":"https:\/\/ilcinemaritrovato.it\/en\/wp-json\/wp\/v2\/comments?post=54858"}],"version-history":[{"count":6,"href":"https:\/\/ilcinemaritrovato.it\/en\/wp-json\/wp\/v2\/pages\/54858\/revisions"}],"predecessor-version":[{"id":54967,"href":"https:\/\/ilcinemaritrovato.it\/en\/wp-json\/wp\/v2\/pages\/54858\/revisions\/54967"}],"wp:featuredmedia":[{"embeddable":true,"href":"https:\/\/ilcinemaritrovato.it\/en\/wp-json\/wp\/v2\/media\/54867"}],"wp:attachment":[{"href":"https:\/\/ilcinemaritrovato.it\/en\/wp-json\/wp\/v2\/media?parent=54858"}],"curies":[{"name":"wp","href":"https:\/\/api.w.org\/{rel}","templated":true}]}}