{"id":54856,"date":"2020-04-03T14:41:53","date_gmt":"2020-04-03T12:41:53","guid":{"rendered":"http:\/\/ilcinemaritrovato.it\/?page_id=54856"},"modified":"2020-04-04T00:44:29","modified_gmt":"2020-04-03T22:44:29","slug":"sguardi-infanzia","status":"publish","type":"page","link":"https:\/\/ilcinemaritrovato.it\/en\/sguardi-infanzia\/","title":{"rendered":"Sguardi sull&#8217;infanzia: &#8216;Il monello&#8217; e &#8216;Ladri di biciclette'"},"content":{"rendered":"<p class=\"qtranxs-available-languages-message qtranxs-available-languages-message-en\">Sorry, this entry is only available in <a href=\"https:\/\/ilcinemaritrovato.it\/it\/wp-json\/wp\/v2\/pages\/54856\" class=\"qtranxs-available-language-link qtranxs-available-language-link-it\" title=\"Italiano\">Italiano<\/a>.<\/p><p><\/p>\n<p><span style=\"color: #ffffff\">p<\/span><br \/>\n Nel cinema del dopoguerra l&#8217;infanzia assume un ruolo fondamentale. Quella dipinta dal Neorealismo \u00e8 un&#8217;infanzia violata, segnata dagli orrori della guerra e dalle conseguenze sociali da questa derivate. In film come <i>I bambini ci guardano<\/i>, <i>Sciusci\u00e0<\/i>, <i>Pais\u00e0<\/i>, <i>Germania anno zero<\/i> e naturalmente, <i>Ladri di biciclette<\/i>, i giovanissimi protagonisti sono piccoli adulti alle prese con responsabilit\u00e0 e preoccupazioni che oggi appaiono distanti da quella che consideriamo l&#8217;et\u00e0 della spensieratezza, eppure, alla fine degli anni Quaranta, era condizione di tanti.<\/p>\n<p><a href=\"http:\/\/ilcinemaritrovato.it\/wp-content\/uploads\/sites\/2\/2020\/04\/coverlg_home.jpg\" data-rel=\"lightbox-image-0\" data-rl_title=\"\" data-rl_caption=\"\" title=\"\"><img loading=\"lazy\" decoding=\"async\" class=\"size-medium wp-image-54868 alignleft\" src=\"http:\/\/ilcinemaritrovato.it\/wp-content\/uploads\/sites\/2\/2020\/04\/coverlg_home-300x169.jpg\" alt=\"\" width=\"300\" height=\"169\" srcset=\"https:\/\/ilcinemaritrovato.it\/wp-content\/uploads\/2020\/04\/coverlg_home-300x169.jpg 300w, https:\/\/ilcinemaritrovato.it\/wp-content\/uploads\/2020\/04\/coverlg_home-768x432.jpg 768w, https:\/\/ilcinemaritrovato.it\/wp-content\/uploads\/2020\/04\/coverlg_home-1024x576.jpg 1024w, https:\/\/ilcinemaritrovato.it\/wp-content\/uploads\/2020\/04\/coverlg_home-600x338.jpg 600w, https:\/\/ilcinemaritrovato.it\/wp-content\/uploads\/2020\/04\/coverlg_home-800x450.jpg 800w, https:\/\/ilcinemaritrovato.it\/wp-content\/uploads\/2020\/04\/coverlg_home.jpg 1280w\" sizes=\"auto, (max-width: 300px) 100vw, 300px\" \/><\/a>Il piccolo Bruno, interpretato da Enzo Staiola, co-protagonista di <em>Ladri di biciclette<\/em>, \u00e8 entrato nell&#8217;immaginario collettivo con la forza di un simbolo, un ritratto di quell&#8217;infanzia.<br \/>\n A sei anni anni Bruno ha gi\u00e0 un lavoro e porta i soldi a casa, ma fa anche di pi\u00f9: Bruno sostiene il suo pap\u00e0, ne \u00e8 complice e, alla fine, quando tutto sembra perduto, \u00e8 lui a restituire dignit\u00e0 al genitore disperato, lo fa con un gesto semplice, passandogli il cappello ripulito dalla polvere e poi prendendogli la mano, con determinatezza, mentre le lacrime rigano il volto dell&#8217;adulto. Bruno \u00e8 un sostegno per la sua famiglia ma anche l&#8217;incarnazione della speranza, dello sguardo al futuro. Il critico cinematografico Andr\u00e9 Bazin scrive, a proposito del finale di <em>Ladri di biciclette<\/em>:<\/p>\n<p><em>&#8220;\u00c8 il gesto pi\u00f9 grave che possa segnare i rapporti fra un padre e un figlio: quello che li fa uguali. In questo essere pari emerge la fragilit\u00e0 di tutte e due le condizioni, ma a vincere, a mio parere, \u00e8 la forza del pi\u00f9 giovane. Forse, se l\u2019essere figlio \u00e8 ricevere un\u2019eredit\u00e0, quello che il finale di <\/em>Ladri di biciclette<em>\u00a0consegna \u00e8 l\u2019umanit\u00e0 del padre al figlio, ma anche (ed \u00e8 questo che sconvolge) il sostegno del figlio alla debolezza del padre&#8221;.<\/em><\/p>\n<p><a href=\"http:\/\/ilcinemaritrovato.it\/wp-content\/uploads\/sites\/2\/2020\/04\/Chaplin_The_Kid.jpg\" data-rel=\"lightbox-image-1\" data-rl_title=\"\" data-rl_caption=\"\" title=\"\"><img loading=\"lazy\" decoding=\"async\" class=\"size-medium wp-image-54873 alignright\" src=\"http:\/\/ilcinemaritrovato.it\/wp-content\/uploads\/sites\/2\/2020\/04\/Chaplin_The_Kid-222x300.jpg\" alt=\"\" width=\"222\" height=\"300\" srcset=\"https:\/\/ilcinemaritrovato.it\/wp-content\/uploads\/2020\/04\/Chaplin_The_Kid-222x300.jpg 222w, https:\/\/ilcinemaritrovato.it\/wp-content\/uploads\/2020\/04\/Chaplin_The_Kid-768x1039.jpg 768w, https:\/\/ilcinemaritrovato.it\/wp-content\/uploads\/2020\/04\/Chaplin_The_Kid-757x1024.jpg 757w, https:\/\/ilcinemaritrovato.it\/wp-content\/uploads\/2020\/04\/Chaplin_The_Kid-600x811.jpg 600w, https:\/\/ilcinemaritrovato.it\/wp-content\/uploads\/2020\/04\/Chaplin_The_Kid-800x1082.jpg 800w, https:\/\/ilcinemaritrovato.it\/wp-content\/uploads\/2020\/04\/Chaplin_The_Kid.jpg 1124w\" sizes=\"auto, (max-width: 222px) 100vw, 222px\" \/><\/a>Il piccolo Bruno richiama alla memoria un altro, indimenticabile, bambino della storia del cinema, il &#8220;monello&#8221; adottato dal vagabondo Charlot in <a href=\"http:\/\/distribuzione.ilcinemaritrovato.it\/per-conoscere-i-film\/sherlock-jr-vs-the-kid\/il-monello-un-film-con-un-sorriso-e-forse-una-lacrima\/\"><i>The Kid<\/i><\/a> (1921) di <strong>Charlie Chaplin<\/strong>. De Sica, del resto, non ha mai nascosto il proprio debito verso quel capolavoro chapliniano in cui, per la prima volta in un lungometraggio, commedia e tragedia convivono insieme.<\/p>\n<p>Il monello, come Bruno, \u00e8 complice del proprio pap\u00e0 adottivo. In entrambi i film genitore e figlio si fanno l&#8217;uno lo specchio dell&#8217;altro nei gesti, nei modi di fare. C&#8217;\u00e8 per\u00f2 una grande differenza tra i due film, come scrive Emiliano Morreale, storico e critico cinematografico:<\/p>\n<p><em>&#8220;Eppure c&#8217;\u00e8 una differenza di fondo tra la coppia di Chaplin e molte di quelle che verranno, a cominciare da quella di De Sica. E sta nella figura dell&#8217;adulto. Charlot \u00e8 amorale, \u00e8 lui stesso bambino, \u00e8 picaro. Lui e Jackie Coogan non hanno, come Maggiorani e Stajola, la responsabilit\u00e0 di un paese da far risorgere. E Chaplin, che per il d\u00e9cor del Monello (e non solo per quello) si ispira alla propria infanzia londinese, non \u00e8 solo Charlot ma anche il monello&#8221;.<\/em><\/p>\n<p><span style=\"color: #ffffff\">p<\/span><\/p>\n<p><span style=\"color: #ffffff\">p<\/span><\/p>\n<p><a href=\"http:\/\/ilcinemaritrovato.it\/consigli-per-giovani-cinefili-5\/\">Ritorna all&#8217;articolo<\/a><\/p>\n<p><\/p>","protected":false},"excerpt":{"rendered":"<p>Sorry, this entry is only available in Italiano. p Nel cinema del dopoguerra l&#8217;infanzia assume un ruolo fondamentale. Quella dipinta dal Neorealismo \u00e8 un&#8217;infanzia violata, segnata dagli orrori della guerra e dalle conseguenze sociali da questa derivate. In film come I bambini ci guardano, Sciusci\u00e0, Pais\u00e0, Germania anno zero e naturalmente, Ladri di biciclette, i [&hellip;]<\/p>\n","protected":false},"author":3,"featured_media":54971,"parent":0,"menu_order":157,"comment_status":"closed","ping_status":"closed","template":"","meta":{"footnotes":""},"class_list":["post-54856","page","type-page","status-publish","has-post-thumbnail","hentry"],"acf":[],"_links":{"self":[{"href":"https:\/\/ilcinemaritrovato.it\/en\/wp-json\/wp\/v2\/pages\/54856","targetHints":{"allow":["GET"]}}],"collection":[{"href":"https:\/\/ilcinemaritrovato.it\/en\/wp-json\/wp\/v2\/pages"}],"about":[{"href":"https:\/\/ilcinemaritrovato.it\/en\/wp-json\/wp\/v2\/types\/page"}],"author":[{"embeddable":true,"href":"https:\/\/ilcinemaritrovato.it\/en\/wp-json\/wp\/v2\/users\/3"}],"replies":[{"embeddable":true,"href":"https:\/\/ilcinemaritrovato.it\/en\/wp-json\/wp\/v2\/comments?post=54856"}],"version-history":[{"count":8,"href":"https:\/\/ilcinemaritrovato.it\/en\/wp-json\/wp\/v2\/pages\/54856\/revisions"}],"predecessor-version":[{"id":54972,"href":"https:\/\/ilcinemaritrovato.it\/en\/wp-json\/wp\/v2\/pages\/54856\/revisions\/54972"}],"wp:featuredmedia":[{"embeddable":true,"href":"https:\/\/ilcinemaritrovato.it\/en\/wp-json\/wp\/v2\/media\/54971"}],"wp:attachment":[{"href":"https:\/\/ilcinemaritrovato.it\/en\/wp-json\/wp\/v2\/media?parent=54856"}],"curies":[{"name":"wp","href":"https:\/\/api.w.org\/{rel}","templated":true}]}}