{"id":54854,"date":"2020-04-03T15:12:31","date_gmt":"2020-04-03T13:12:31","guid":{"rendered":"http:\/\/ilcinemaritrovato.it\/?page_id=54854"},"modified":"2020-04-03T23:27:12","modified_gmt":"2020-04-03T21:27:12","slug":"attori-non-attori","status":"publish","type":"page","link":"https:\/\/ilcinemaritrovato.it\/en\/attori-non-attori\/","title":{"rendered":"Attori non attori: un&#8217;opera magistrale con un cast &#8220;di strada&#8221;"},"content":{"rendered":"<p class=\"qtranxs-available-languages-message qtranxs-available-languages-message-en\">Sorry, this entry is only available in <a href=\"https:\/\/ilcinemaritrovato.it\/it\/wp-json\/wp\/v2\/pages\/54854\" class=\"qtranxs-available-language-link qtranxs-available-language-link-it\" title=\"Italiano\">Italiano<\/a>.<\/p><p><\/p>\n<p><span style=\"color: #ffffff\">p<\/span><br \/>\n Seppur comunemente definito &#8220;movimento&#8221;, Il Neorealismo cinematografico \u00e8 stato in realt\u00e0 una corrente composita, all&#8217;interno della quale sono distinguibili tante e diverse poetiche individuali, legate a singoli autori con una base di intenti comune.<\/p>\n<p>\u00c8 per\u00f2 certamente esistita una prassi, un insieme di scelte registiche e produttive, rintracciabile nelle opere di molti cineasti neorealisti: il rifiuto dei teatri di posa, la scelta di raccontare fatti estratti dalla quotidianit\u00e0, la predilezione per interpreti anonimi, spesso senza alcuna esperienza attoriale alle spalle come nel caso di <strong>Enzo Staiola<\/strong> e <strong>Lamberto Maggiorani<\/strong>: rispettivamente il piccolo Bruno e il padre Antonio in <i>Ladri di biciclette<\/i>.<\/p>\n<p>Fermamente intenzionato a girare il film con &#8220;attori non attori&#8221; (e motivo per cui rifiut\u00f2 i finanziamenti dei produttori americani che avrebbero voluto un noto attore dei panni di Ricci) De Sica ha pi\u00f9 volte raccontato l&#8217;avventuroso processo di scelta degli interpreti.<\/p>\n<p><a href=\"http:\/\/ilcinemaritrovato.it\/wp-content\/uploads\/sites\/2\/2020\/04\/ladri-11-1.jpg\" data-rel=\"lightbox-image-0\" data-rl_title=\"\" data-rl_caption=\"\" title=\"\"><img loading=\"lazy\" decoding=\"async\" class=\"size-medium wp-image-54898 alignleft\" src=\"http:\/\/ilcinemaritrovato.it\/wp-content\/uploads\/sites\/2\/2020\/04\/ladri-11-1-279x300.jpg\" alt=\"\" width=\"279\" height=\"300\" srcset=\"https:\/\/ilcinemaritrovato.it\/wp-content\/uploads\/2020\/04\/ladri-11-1-279x300.jpg 279w, https:\/\/ilcinemaritrovato.it\/wp-content\/uploads\/2020\/04\/ladri-11-1-768x825.jpg 768w, https:\/\/ilcinemaritrovato.it\/wp-content\/uploads\/2020\/04\/ladri-11-1-600x645.jpg 600w, https:\/\/ilcinemaritrovato.it\/wp-content\/uploads\/2020\/04\/ladri-11-1-800x860.jpg 800w, https:\/\/ilcinemaritrovato.it\/wp-content\/uploads\/2020\/04\/ladri-11-1.jpg 940w\" sizes=\"auto, (max-width: 279px) 100vw, 279px\" \/><\/a>Per il ruolo di Bruno incontr\u00f2 centinaia di bambini giunti ai provini ma, alla fine, diede il via alle riprese senza averne selezionato uno. Fu proprio sul set che gli si avvicin\u00f2 quel bimbo dal respiro affannato &#8220;con un volto buffo, un naso all&#8217;ins\u00f9 e degli occhi tondi, grigio gialli&#8221;, che avrebbe poi vestito i panni del piccolo co-protagonista.<\/p>\n<p>L&#8217;operaio Lamberto Maggiorani era invece il genitore accompagnatore di uno dei tanti bambini presentati al provino. De Sica racconta che fu colpito dallo sguardo spaventato e buono dell&#8217;uomo, e cos\u00ec lo scrittur\u00f2.<br \/>\n Maggiorani lavorava per la fabbrica romana Breda, cos\u00ec De Sica chiese ed ottenne per lui una licenza di due mesi al termine dei quali l&#8217;operaio sarebbe rientrato a lavoro.<\/p>\n<p>Il grande talento del regista, la sua totale dedizione, la sua capacit\u00e0 comunicativa sul set ha poi fatto il resto, trasformando due attori non professionisti in figure iconiche e indimenticabili della storia del cinema.<\/p>\n<p><em><br \/>\n \u201cRicordo che per far piangere il piccolo Staiola ricorsi a un trucco. Poich\u00e9 nel film il padre veniva arrestato, e il bambino non voleva saperne di piangere, infilai di nascosto nelle tasche del piccolo una manciata di cicche. \u00abAh\u00f2\u00bb, gli dissi, inchiodandolo alla sedia con l&#8217;indice teso. Quello rispose \u00abCe l&#8217;hai con me?\u00bb, con un viso tondo in cui brillavano gli occhi di un nero fuliggine. \u00abS\u00ec, perch\u00e9 sei un cicarolo!\u00bb. Si mise istintivamente le mani nelle tasche e quando si accorse che erano gonfie scoppi\u00f2 a piangere. Tent\u00f2 di difendersi, ma la sua voce era rotta dai singhiozzi. E pronunci\u00f2 un&#8217;ingiuria. Fu cos\u00ec che girai una delle scene-chiave del film\u201d.<\/em><\/p>\n<p>(<b>Vittorio De Sica<\/b>, &#8220;C&#8217;\u00e8 un solo regista, Visconti&#8221;, Novella2000, 17 dicembre 1974)<\/p>\n<p><span style=\"color: #ffffff\">p<\/span><\/p>\n<p><a href=\"http:\/\/ilcinemaritrovato.it\/consigli-per-giovani-cinefili-5\/\">Ritorna all&#8217;articolo<\/a><\/p>\n<p><\/p>","protected":false},"excerpt":{"rendered":"<p>Sorry, this entry is only available in Italiano. p Seppur comunemente definito &#8220;movimento&#8221;, Il Neorealismo cinematografico \u00e8 stato in realt\u00e0 una corrente composita, all&#8217;interno della quale sono distinguibili tante e diverse poetiche individuali, legate a singoli autori con una base di intenti comune. \u00c8 per\u00f2 certamente esistita una prassi, un insieme di scelte registiche e [&hellip;]<\/p>\n","protected":false},"author":3,"featured_media":54883,"parent":0,"menu_order":156,"comment_status":"closed","ping_status":"closed","template":"","meta":{"footnotes":""},"class_list":["post-54854","page","type-page","status-publish","has-post-thumbnail","hentry"],"acf":[],"_links":{"self":[{"href":"https:\/\/ilcinemaritrovato.it\/en\/wp-json\/wp\/v2\/pages\/54854","targetHints":{"allow":["GET"]}}],"collection":[{"href":"https:\/\/ilcinemaritrovato.it\/en\/wp-json\/wp\/v2\/pages"}],"about":[{"href":"https:\/\/ilcinemaritrovato.it\/en\/wp-json\/wp\/v2\/types\/page"}],"author":[{"embeddable":true,"href":"https:\/\/ilcinemaritrovato.it\/en\/wp-json\/wp\/v2\/users\/3"}],"replies":[{"embeddable":true,"href":"https:\/\/ilcinemaritrovato.it\/en\/wp-json\/wp\/v2\/comments?post=54854"}],"version-history":[{"count":8,"href":"https:\/\/ilcinemaritrovato.it\/en\/wp-json\/wp\/v2\/pages\/54854\/revisions"}],"predecessor-version":[{"id":54968,"href":"https:\/\/ilcinemaritrovato.it\/en\/wp-json\/wp\/v2\/pages\/54854\/revisions\/54968"}],"wp:featuredmedia":[{"embeddable":true,"href":"https:\/\/ilcinemaritrovato.it\/en\/wp-json\/wp\/v2\/media\/54883"}],"wp:attachment":[{"href":"https:\/\/ilcinemaritrovato.it\/en\/wp-json\/wp\/v2\/media?parent=54854"}],"curies":[{"name":"wp","href":"https:\/\/api.w.org\/{rel}","templated":true}]}}