{"id":54839,"date":"2020-04-03T13:01:25","date_gmt":"2020-04-03T11:01:25","guid":{"rendered":"http:\/\/ilcinemaritrovato.it\/?page_id=54839"},"modified":"2020-04-03T23:25:55","modified_gmt":"2020-04-03T21:25:55","slug":"capolavoro-del-neorealismo","status":"publish","type":"page","link":"https:\/\/ilcinemaritrovato.it\/en\/capolavoro-del-neorealismo\/","title":{"rendered":"Un capolavoro del Neorealismo (e di umanit\u00e0)"},"content":{"rendered":"<p class=\"qtranxs-available-languages-message qtranxs-available-languages-message-en\">Sorry, this entry is only available in <a href=\"https:\/\/ilcinemaritrovato.it\/it\/wp-json\/wp\/v2\/pages\/54839\" class=\"qtranxs-available-language-link qtranxs-available-language-link-it\" title=\"Italiano\">Italiano<\/a>.<\/p><p><\/p>\n<p style=\"text-align: right\"><i>&#8220;Per me il neorealismo, come viene chiamato, non pu\u00f2 essere altro che il trattamento della realt\u00e0 sotto una forma lirica, per\u00f2 trasferita su un piano pi\u00f9 alto&#8221;.<\/i><\/p>\n<p style=\"text-align: right\">(<b>Vittorio De Sica<\/b>)<\/p>\n<p><span style=\"color: #ffffff\">p<\/span><\/p>\n<p>Al termine della Seconda guerra mondiale l&#8217;Italia \u00e8 un cumulo di macerie: macerie materiali provocate dalla guerra e macerie morali provocate dal fascismo. Gli studi cinematografici di Cinecitt\u00e0 sono il quartier generale dell\u2019esercito americano, la pellicola si trova solo al mercato nero e il cinema italiano, anche per riscattarsi degli errori compiuti durante il fascismo, \u201cdecide\u201d di iniziare a raccontare un&#8217;Italia diversa da quella fino ad allora rappresentata. \u00c8\u00a0una sorta di rivalsa morale degli autori che avevano lavorato nell&#8217;industria cinematografica fascista. \u00c8 una specie di dichiarazione di intenti della cultura e del cinema che vogliono voltare pagina, che desiderano immergersi nella societ\u00e0 italiana e raccontarla in un gigantesco affresco collettivo: Neo-Realismo (&#8220;Realismo&#8221; fa riferimento a un filone del cinema muto dei decenni precedenti che aveva la vocazione &#8211; spesso documentaria &#8211; di catturare la realt\u00e0 del mondo e le sue molteplici diversit\u00e0).<\/p>\n<p>Raccontare la societ\u00e0 italiana degli anni dopo la guerra vuol dire narrare le disperazioni, le rinunce e i sacrifici subiti, ma significa anche mettere su pellicola gli sforzi e la volont\u00e0 di costruire una societ\u00e0 e un mondo migliore.<\/p>\n<p>In <i>Ladri di biciclette<\/i>, capolavoro scritto da Vittorio De Sica insieme allo sceneggiatore e poeta Cesare Zavattini,\u00a0un fatto insignificante e banale come il vagare di un povero operaio e di suo figlio alla ricerca di una bicicletta rubata diviene metonimicamente il ritratto di una societ\u00e0 fatta a pezzi dalla guerra, afflitta dalla disoccupazione. Una societ\u00e0 in cui, gli ultimi, i pi\u00f9 poveri, devono farsi la guerra per sopravvivere. Vittorio De Sica estrae letteralmente l&#8217;attacchino Antonio Ricci dalla folla (quella che all&#8217;inizio del film si accalca ai piedi di una scala in attesa di un posto di lavoro). Da l\u00ec in poi lo segue, lo pedina con la macchina da presa e quindi permette allo spettatore di seguirlo durante lo svolgersi della vicenda che lo vede protagonista. Infine lo abbandona nuovamente alla folla, all&#8217;anonimato, e la storia di quell&#8217;uno diventa la storia di tanti, di tutti.<\/p>\n<p><a href=\"http:\/\/ilcinemaritrovato.it\/wp-content\/uploads\/sites\/2\/2020\/04\/ladri-3.jpg\" data-rel=\"lightbox-image-0\" data-rl_title=\"\" data-rl_caption=\"\" title=\"\"><img loading=\"lazy\" decoding=\"async\" class=\"size-medium wp-image-54848 alignleft\" src=\"http:\/\/ilcinemaritrovato.it\/wp-content\/uploads\/sites\/2\/2020\/04\/ladri-3-300x198.jpg\" alt=\"\" width=\"300\" height=\"198\" srcset=\"https:\/\/ilcinemaritrovato.it\/wp-content\/uploads\/2020\/04\/ladri-3-300x198.jpg 300w, https:\/\/ilcinemaritrovato.it\/wp-content\/uploads\/2020\/04\/ladri-3-768x507.jpg 768w, https:\/\/ilcinemaritrovato.it\/wp-content\/uploads\/2020\/04\/ladri-3-600x396.jpg 600w, https:\/\/ilcinemaritrovato.it\/wp-content\/uploads\/2020\/04\/ladri-3-800x528.jpg 800w, https:\/\/ilcinemaritrovato.it\/wp-content\/uploads\/2020\/04\/ladri-3.jpg 983w\" sizes=\"auto, (max-width: 300px) 100vw, 300px\" \/><\/a><em>&#8220;Perch\u00e9 pescare avventure straordinarie quando ci\u00f2 che passa sotto i nostri occhi e che succede ai pi\u00f9 sprovveduti di noi \u00e8 cos\u00ec pieno di una reale angoscia? La letteratura ha scoperto da tempo questa dimensione moderna che puntualizza le minime cose, gli stati d&#8217;animo considerati troppo comuni. Il cinema ha nella macchina da presa il mezzo pi\u00f9 adatto per captarla. La sua sensibilit\u00e0 \u00e8 di questa natura, e io stesso intendo cos\u00ec il tanto dibattuto realismo. Il quale non pu\u00f2 essere, a parer mio, un semplice documento.<\/em><br \/>\n <em> Se il ridicolo vi \u00e8 in questa storia, \u00e8 il ridicolo delle contraddizioni sociali su cui la societ\u00e0 chiude un occhio; \u00e8 il ridicolo dell&#8217;incomprensione per la quale \u00e8 molto difficile che la verit\u00e0 e il bene si facciano strada.<\/em><br \/>\n <em> Alla sofferenza degli umili il mio film \u00e8 dedicato&#8221;<\/em>.<\/p>\n<p>(<b>Vittorio De Sica<\/b>, &#8220;Abbiamo domandato a De Sica perch\u00e9 fa un film da <em>Ladri di biciclette<\/em>&#8220;, La fiera letteraria, 6 febbraio 1948)<\/p>\n<p><span style=\"color: #ffffff\">p<\/span><\/p>\n<p><a href=\"http:\/\/ilcinemaritrovato.it\/consigli-per-giovani-cinefili-5\/\">Ritorna all&#8217;articolo<\/a><\/p>\n<p><\/p>","protected":false},"excerpt":{"rendered":"<p>Sorry, this entry is only available in Italiano. &#8220;Per me il neorealismo, come viene chiamato, non pu\u00f2 essere altro che il trattamento della realt\u00e0 sotto una forma lirica, per\u00f2 trasferita su un piano pi\u00f9 alto&#8221;. (Vittorio De Sica) p Al termine della Seconda guerra mondiale l&#8217;Italia \u00e8 un cumulo di macerie: macerie materiali provocate dalla [&hellip;]<\/p>\n","protected":false},"author":3,"featured_media":54851,"parent":0,"menu_order":159,"comment_status":"closed","ping_status":"closed","template":"","meta":{"footnotes":""},"class_list":["post-54839","page","type-page","status-publish","has-post-thumbnail","hentry"],"acf":[],"_links":{"self":[{"href":"https:\/\/ilcinemaritrovato.it\/en\/wp-json\/wp\/v2\/pages\/54839","targetHints":{"allow":["GET"]}}],"collection":[{"href":"https:\/\/ilcinemaritrovato.it\/en\/wp-json\/wp\/v2\/pages"}],"about":[{"href":"https:\/\/ilcinemaritrovato.it\/en\/wp-json\/wp\/v2\/types\/page"}],"author":[{"embeddable":true,"href":"https:\/\/ilcinemaritrovato.it\/en\/wp-json\/wp\/v2\/users\/3"}],"replies":[{"embeddable":true,"href":"https:\/\/ilcinemaritrovato.it\/en\/wp-json\/wp\/v2\/comments?post=54839"}],"version-history":[{"count":8,"href":"https:\/\/ilcinemaritrovato.it\/en\/wp-json\/wp\/v2\/pages\/54839\/revisions"}],"predecessor-version":[{"id":54966,"href":"https:\/\/ilcinemaritrovato.it\/en\/wp-json\/wp\/v2\/pages\/54839\/revisions\/54966"}],"wp:featuredmedia":[{"embeddable":true,"href":"https:\/\/ilcinemaritrovato.it\/en\/wp-json\/wp\/v2\/media\/54851"}],"wp:attachment":[{"href":"https:\/\/ilcinemaritrovato.it\/en\/wp-json\/wp\/v2\/media?parent=54839"}],"curies":[{"name":"wp","href":"https:\/\/api.w.org\/{rel}","templated":true}]}}