{"id":54655,"date":"2020-03-27T16:50:49","date_gmt":"2020-03-27T15:50:49","guid":{"rendered":"http:\/\/ilcinemaritrovato.it\/?page_id=54655"},"modified":"2020-03-27T20:44:00","modified_gmt":"2020-03-27T19:44:00","slug":"cinema-e-vita","status":"publish","type":"page","link":"https:\/\/ilcinemaritrovato.it\/en\/cinema-e-vita\/","title":{"rendered":"&#8221;Il cinema per me \u00e8 la vita, e viceversa&#8221;"},"content":{"rendered":"<p class=\"qtranxs-available-languages-message qtranxs-available-languages-message-en\">Sorry, this entry is only available in <a href=\"https:\/\/ilcinemaritrovato.it\/it\/wp-json\/wp\/v2\/pages\/54655\" class=\"qtranxs-available-language-link qtranxs-available-language-link-it\" title=\"Italiano\">Italiano<\/a>.<\/p><p><\/p>\n<p style=\"text-align: right\">\u201c<i>Sono nato nel cinema. I miei genitori ci lavoravano. La mia vita, le mie letture, tutto quello che mi\u00a0<\/i><i>riguarda ha un rapporto con il cinema. Il cinema \u00e8 per me la vita, e viceversa\u201d.<br \/>\n <\/i><strong><i>Sergio Leone<\/i><\/strong><\/p>\n<p>&nbsp;<\/p>\n<p>Un vero e proprio ingresso ufficiale di Sergio Leone nell&#8217;universo cinema non c&#8217;\u00e8 mai stato, questo perch\u00e9 il mondo del cinema fu l&#8217;ambiente in cui nacque e crebbe, in cui si form\u00f2.<\/p>\n<p>Figlio di Vincenzo Leone, attore teatrale e poi regista all&#8217;epoca del muto, noto con lo pseudonimo di Roberto Roberti, e di Bice Valerian, attrice, Sergio ha vissuto la propria infanzia e adolescenza a Trastevere, alle falde di Monteverde. In quegli anni, come tanti suoi coetanei, sognava l&#8217;America, gli immensi spazi che vedeva nei film d&#8217;Oltreoceano. I giochi che riempivano i suoi pomeriggi insieme agli altri ragazzi del quartiere consistevano spesso nell&#8217;impersonare questo o quell&#8217;eroe dei film americani.<\/p>\n<p>Tra i primi film che vide ci furono\u00a0<i>Ombre rosse<\/i>, <i>Gli angeli con la faccia sporca<\/i>, <em>T<\/em><i>empi moderni<\/i>.<br \/>\n La cultura americana negli anni della sua giovinezza rappresentava in effetti un sogno di libert\u00e0 e modernit\u00e0.<br \/>\n Prima ancora di divenire protagonista della cultura popolare, leone ne era stato figlio. Da bambino aveva iniziato ad assistere agli spettacoli di teatro di marionette che avevano luogo al Gianicolo, amava le serie a fumetti importate dall&#8217;America: Kit Carson (il primo personaggio western italiano), L\u2019uomo mascherato, Flash Gordon, Mandrake, furono tutte figure che in quegli anni gli aprirono le porte a mondi fantastici popolati da eroi infallibili.<\/p>\n<p>Il suo modo di vedere le cose, &#8220;ingenuo e un po&#8217; infantile&#8221;, come recita la targa appesa oggi sopra il portone della sua casa in viale Glorioso, derivava in effetti da quel tipo di cultura e trov\u00f2 espressione nel suo cinema.<br \/>\n E al cinema, approd\u00f2 giovanissimo facendo il suo esordio come assistente volontario e comparsa, fra l&#8217;altro, in <i>Ladri di biciclette <\/i>(1948) di Vittorio De Sica. Dopo aver fatto l&#8217;aiuto regia del <i>Ben Hur <\/i>(1959) di William Wyler arriv\u00f2 alla sua prima regia con il film epico-mitologico<i> Il colosso di Rodi <\/i>(1961) e con il film successivo,<i> Per un pugno di dollari <\/i>(1964) si impose all&#8217;attenzione internazionale.<\/p>\n<p><span style=\"color: #ffffff\">p<\/span><\/p>\n<h5>Nella gallery, alcuni degli allestimenti alla mostra romana\u00a0<em>C&#8217;era una volta Sergio Leone<\/em>.<\/h5>\n\n\t\t<style type=\"text\/css\">\n\t\t\t#gallery-1 {\n\t\t\t\tmargin: auto;\n\t\t\t}\n\t\t\t#gallery-1 .gallery-item {\n\t\t\t\tfloat: left;\n\t\t\t\tmargin-top: 10px;\n\t\t\t\ttext-align: center;\n\t\t\t\twidth: 12%;\n\t\t\t}\n\t\t\t#gallery-1 img {\n\t\t\t\tborder: 2px solid #cfcfcf;\n\t\t\t}\n\t\t\t#gallery-1 .gallery-caption {\n\t\t\t\tmargin-left: 0;\n\t\t\t}\n\t\t\t\/* see gallery_shortcode() in wp-includes\/media.php *\/\n\t\t<\/style>\n\t\t<div id='gallery-1' class='gallery galleryid-54655 gallery-columns-8 gallery-size-thumbnail'><dl class='gallery-item'>\n\t\t\t<dt class='gallery-icon landscape'>\n\t\t\t\t<a href='https:\/\/ilcinemaritrovato.it\/wp-content\/uploads\/2020\/03\/MG_3839.jpg' title=\"\" data-rl_title=\"\" class=\"rl-gallery-link\" data-rl_caption=\"\" data-rel=\"lightbox-gallery-1\"><img loading=\"lazy\" decoding=\"async\" width=\"150\" height=\"150\" src=\"https:\/\/ilcinemaritrovato.it\/wp-content\/uploads\/2020\/03\/MG_3839-150x150.jpg\" class=\"attachment-thumbnail size-thumbnail\" alt=\"\" \/><\/a>\n\t\t\t<\/dt><\/dl><dl class='gallery-item'>\n\t\t\t<dt class='gallery-icon portrait'>\n\t\t\t\t<a href='https:\/\/ilcinemaritrovato.it\/wp-content\/uploads\/2020\/03\/MG_4015.jpg' title=\"\" data-rl_title=\"\" class=\"rl-gallery-link\" data-rl_caption=\"\" data-rel=\"lightbox-gallery-1\"><img loading=\"lazy\" decoding=\"async\" width=\"150\" height=\"150\" src=\"https:\/\/ilcinemaritrovato.it\/wp-content\/uploads\/2020\/03\/MG_4015-150x150.jpg\" class=\"attachment-thumbnail size-thumbnail\" alt=\"\" \/><\/a>\n\t\t\t<\/dt><\/dl><dl class='gallery-item'>\n\t\t\t<dt class='gallery-icon landscape'>\n\t\t\t\t<a href='https:\/\/ilcinemaritrovato.it\/wp-content\/uploads\/2020\/03\/MG_3047.jpg' title=\"\" data-rl_title=\"\" class=\"rl-gallery-link\" data-rl_caption=\"\" data-rel=\"lightbox-gallery-1\"><img loading=\"lazy\" decoding=\"async\" width=\"150\" height=\"150\" src=\"https:\/\/ilcinemaritrovato.it\/wp-content\/uploads\/2020\/03\/MG_3047-150x150.jpg\" class=\"attachment-thumbnail size-thumbnail\" alt=\"\" \/><\/a>\n\t\t\t<\/dt><\/dl><dl class='gallery-item'>\n\t\t\t<dt class='gallery-icon portrait'>\n\t\t\t\t<a href='https:\/\/ilcinemaritrovato.it\/wp-content\/uploads\/2020\/03\/MG_3834.jpg' title=\"\" data-rl_title=\"\" class=\"rl-gallery-link\" data-rl_caption=\"\" data-rel=\"lightbox-gallery-1\"><img loading=\"lazy\" decoding=\"async\" width=\"150\" height=\"150\" src=\"https:\/\/ilcinemaritrovato.it\/wp-content\/uploads\/2020\/03\/MG_3834-150x150.jpg\" class=\"attachment-thumbnail size-thumbnail\" alt=\"\" \/><\/a>\n\t\t\t<\/dt><\/dl><dl class='gallery-item'>\n\t\t\t<dt class='gallery-icon landscape'>\n\t\t\t\t<a href='https:\/\/ilcinemaritrovato.it\/wp-content\/uploads\/2020\/03\/MG_4039.jpg' title=\"\" data-rl_title=\"\" class=\"rl-gallery-link\" data-rl_caption=\"\" data-rel=\"lightbox-gallery-1\"><img loading=\"lazy\" decoding=\"async\" width=\"150\" height=\"150\" src=\"https:\/\/ilcinemaritrovato.it\/wp-content\/uploads\/2020\/03\/MG_4039-150x150.jpg\" class=\"attachment-thumbnail size-thumbnail\" alt=\"\" \/><\/a>\n\t\t\t<\/dt><\/dl><dl class='gallery-item'>\n\t\t\t<dt class='gallery-icon portrait'>\n\t\t\t\t<a href='https:\/\/ilcinemaritrovato.it\/wp-content\/uploads\/2020\/03\/Conf-Stampa-Mostra-Sergio-Leone-Roma-3.jpg' title=\"\" data-rl_title=\"\" class=\"rl-gallery-link\" data-rl_caption=\"\" data-rel=\"lightbox-gallery-1\"><img loading=\"lazy\" decoding=\"async\" width=\"150\" height=\"150\" src=\"https:\/\/ilcinemaritrovato.it\/wp-content\/uploads\/2020\/03\/Conf-Stampa-Mostra-Sergio-Leone-Roma-3-150x150.jpg\" class=\"attachment-thumbnail size-thumbnail\" alt=\"\" \/><\/a>\n\t\t\t<\/dt><\/dl><dl class='gallery-item'>\n\t\t\t<dt class='gallery-icon landscape'>\n\t\t\t\t<a href='https:\/\/ilcinemaritrovato.it\/wp-content\/uploads\/2020\/03\/MG_3993.jpg' title=\"\" data-rl_title=\"\" class=\"rl-gallery-link\" data-rl_caption=\"\" data-rel=\"lightbox-gallery-1\"><img loading=\"lazy\" decoding=\"async\" width=\"150\" height=\"150\" src=\"https:\/\/ilcinemaritrovato.it\/wp-content\/uploads\/2020\/03\/MG_3993-150x150.jpg\" class=\"attachment-thumbnail size-thumbnail\" alt=\"\" \/><\/a>\n\t\t\t<\/dt><\/dl><dl class='gallery-item'>\n\t\t\t<dt class='gallery-icon landscape'>\n\t\t\t\t<a href='https:\/\/ilcinemaritrovato.it\/wp-content\/uploads\/2020\/03\/MG_3985.jpg' title=\"\" data-rl_title=\"\" class=\"rl-gallery-link\" data-rl_caption=\"\" data-rel=\"lightbox-gallery-1\"><img loading=\"lazy\" decoding=\"async\" width=\"150\" height=\"150\" src=\"https:\/\/ilcinemaritrovato.it\/wp-content\/uploads\/2020\/03\/MG_3985-150x150.jpg\" class=\"attachment-thumbnail size-thumbnail\" alt=\"\" \/><\/a>\n\t\t\t<\/dt><\/dl><br style=\"clear: both\" \/>\n\t\t<\/div>\n\n<p><span style=\"color: #ffffff\">p<\/span><\/p>\n<p><a href=\"https:\/\/ilcinemaritrovato.it\/consigli-per-giovani-cinefili-al-tempo-del-coronavirus-4\/\">Torna all&#8217;articolo<\/a><\/p>\n<p><\/p>","protected":false},"excerpt":{"rendered":"<p>Sorry, this entry is only available in Italiano. \u201cSono nato nel cinema. I miei genitori ci lavoravano. La mia vita, le mie letture, tutto quello che mi\u00a0riguarda ha un rapporto con il cinema. Il cinema \u00e8 per me la vita, e viceversa\u201d. Sergio Leone &nbsp; Un vero e proprio ingresso ufficiale di Sergio Leone nell&#8217;universo [&hellip;]<\/p>\n","protected":false},"author":3,"featured_media":54656,"parent":0,"menu_order":160,"comment_status":"closed","ping_status":"closed","template":"","meta":{"footnotes":""},"class_list":["post-54655","page","type-page","status-publish","has-post-thumbnail","hentry"],"acf":[],"_links":{"self":[{"href":"https:\/\/ilcinemaritrovato.it\/en\/wp-json\/wp\/v2\/pages\/54655","targetHints":{"allow":["GET"]}}],"collection":[{"href":"https:\/\/ilcinemaritrovato.it\/en\/wp-json\/wp\/v2\/pages"}],"about":[{"href":"https:\/\/ilcinemaritrovato.it\/en\/wp-json\/wp\/v2\/types\/page"}],"author":[{"embeddable":true,"href":"https:\/\/ilcinemaritrovato.it\/en\/wp-json\/wp\/v2\/users\/3"}],"replies":[{"embeddable":true,"href":"https:\/\/ilcinemaritrovato.it\/en\/wp-json\/wp\/v2\/comments?post=54655"}],"version-history":[{"count":4,"href":"https:\/\/ilcinemaritrovato.it\/en\/wp-json\/wp\/v2\/pages\/54655\/revisions"}],"predecessor-version":[{"id":54719,"href":"https:\/\/ilcinemaritrovato.it\/en\/wp-json\/wp\/v2\/pages\/54655\/revisions\/54719"}],"wp:featuredmedia":[{"embeddable":true,"href":"https:\/\/ilcinemaritrovato.it\/en\/wp-json\/wp\/v2\/media\/54656"}],"wp:attachment":[{"href":"https:\/\/ilcinemaritrovato.it\/en\/wp-json\/wp\/v2\/media?parent=54655"}],"curies":[{"name":"wp","href":"https:\/\/api.w.org\/{rel}","templated":true}]}}