{"id":54623,"date":"2020-03-27T01:37:25","date_gmt":"2020-03-27T00:37:25","guid":{"rendered":"http:\/\/ilcinemaritrovato.it\/?page_id=54623"},"modified":"2020-03-27T20:45:03","modified_gmt":"2020-03-27T19:45:03","slug":"leone-morricone","status":"publish","type":"page","link":"https:\/\/ilcinemaritrovato.it\/en\/leone-morricone\/","title":{"rendered":"Leone, Morricone: dai banchi di scuola ai set degli spaghetti western"},"content":{"rendered":"<p class=\"qtranxs-available-languages-message qtranxs-available-languages-message-en\">Sorry, this entry is only available in <a href=\"https:\/\/ilcinemaritrovato.it\/it\/wp-json\/wp\/v2\/pages\/54623\" class=\"qtranxs-available-language-link qtranxs-available-language-link-it\" title=\"Italiano\">Italiano<\/a>.<\/p><p><\/p>\n<p><i>Per un pugno di dollari<\/i> segna l&#8217;inizio di uno dei pi\u00f9 celebri sodalizi della storia del cinema: quello tra il regista Sergio Leone ed il compositore Ennio Morricone. Quando i due s&#8217;incontrarono per la prima volta, Leone conosceva il lavoro svolto dal Maestro per due film western usciti da poco, l&#8217;uno spagnolo, l&#8217;altro italiano.<\/p>\n<p><a href=\"http:\/\/ilcinemaritrovato.it\/wp-content\/uploads\/sites\/2\/2020\/03\/aaaint01f8bis.jpg\" data-rel=\"lightbox-image-0\" data-rl_title=\"\" data-rl_caption=\"\" title=\"\"><img loading=\"lazy\" decoding=\"async\" class=\"alignleft wp-image-54627 size-medium\" src=\"http:\/\/ilcinemaritrovato.it\/wp-content\/uploads\/sites\/2\/2020\/03\/aaaint01f8bis-300x244.jpg\" alt=\"\" width=\"300\" height=\"244\" srcset=\"https:\/\/ilcinemaritrovato.it\/wp-content\/uploads\/2020\/03\/aaaint01f8bis-300x244.jpg 300w, https:\/\/ilcinemaritrovato.it\/wp-content\/uploads\/2020\/03\/aaaint01f8bis.jpg 566w\" sizes=\"auto, (max-width: 300px) 100vw, 300px\" \/><\/a><\/p>\n<p>A casa di Morricone, Leone gli present\u00f2 il film, gi\u00e0 girato e montato, intitolato per\u00f2 ancora <i>Il magnifico straniero. <\/i>Fu in occasione di quel primo incontro che i due si riconobbero ricordando di essere stati compagni di scuola alle elementari.<br \/>\n Il lavoro sulla colonna sonora cominci\u00f2 con la visione del film <i>La sfida del samurai<\/i>, lo spirito del protagonista era infatti molto vicino a quello del personaggio interpretato da Clint Eastwood.<br \/>\n A Morricone piacque particolarmente la figura di questo antieroe senza nome che ricordava, per certi versi, quello del bullo trasteverino.<\/p>\n<p>Leone aveva tuttavia gi\u00e0 un&#8217;idea sulla musica che avrebbe dovuto far parte del film, voleva infatti che Morricone componesse qualcosa di molto simile al Deguello di Dimitri Tiomkin, una richiesta assolutamente intollerabile per il Maestro:<\/p>\n<p>&#8220;Quando siamo giunti alla scena finale con la tromba, si era rifatto al deguello messicano [di Dimitri Tiomkin] del film <i>Un dollaro d&#8217;onore<\/i>. Io gli ho detto: \u00abSergio se metti nel film quel deguello io non lo faccio, perch\u00e9 non mi interessa affatto questo tipo di lavoro\u00bb. Ho sempre rifiutato compromessi del genere. Cos\u00ec lui ha detto: \u00abOk componilo tu ma fai in modo che suoni come un deguello\u00bb. Non l&#8217;ho digerita neanche quella, cos\u00ec ho tirato fuori un vecchio tema che avevo composto per un amico, una ninna nanna. [&#8230;] La scelta di questo brano mi sollevava dallo stress di dover comporre un&#8217;imitazione di quel Deguello&#8221;.<\/p>\n<p><a href=\"http:\/\/ilcinemaritrovato.it\/wp-content\/uploads\/sites\/2\/2020\/03\/1576591635626__MG_3918.jpg\" data-rel=\"lightbox-image-1\" data-rl_title=\"\" data-rl_caption=\"\" title=\"\"><img loading=\"lazy\" decoding=\"async\" class=\"wp-image-54628 size-medium alignright\" src=\"http:\/\/ilcinemaritrovato.it\/wp-content\/uploads\/sites\/2\/2020\/03\/1576591635626__MG_3918-300x200.jpg\" alt=\"\" width=\"300\" height=\"200\" srcset=\"https:\/\/ilcinemaritrovato.it\/wp-content\/uploads\/2020\/03\/1576591635626__MG_3918-300x200.jpg 300w, https:\/\/ilcinemaritrovato.it\/wp-content\/uploads\/2020\/03\/1576591635626__MG_3918-768x512.jpg 768w, https:\/\/ilcinemaritrovato.it\/wp-content\/uploads\/2020\/03\/1576591635626__MG_3918-1024x683.jpg 1024w, https:\/\/ilcinemaritrovato.it\/wp-content\/uploads\/2020\/03\/1576591635626__MG_3918-600x400.jpg 600w, https:\/\/ilcinemaritrovato.it\/wp-content\/uploads\/2020\/03\/1576591635626__MG_3918-800x533.jpg 800w, https:\/\/ilcinemaritrovato.it\/wp-content\/uploads\/2020\/03\/1576591635626__MG_3918-1600x1066.jpg 1600w, https:\/\/ilcinemaritrovato.it\/wp-content\/uploads\/2020\/03\/1576591635626__MG_3918.jpg 2048w\" sizes=\"auto, (max-width: 300px) 100vw, 300px\" \/><\/a><\/p>\n<p>La tromba di Michele Lacerenza, cui venne affidata l&#8217;esecuzione del brano, rese la ninna nanna una sorta di lamento, molto vicino alle atmosfere del deguello che Leone chiedeva. Solo in seguito Morricone svel\u00f2 il trucco a Leone, il quale, nei film successivi, volle sempre ricorrere a pezzi preesistenti, ma scartati o accantonati, composti dal Maestro.<\/p>\n<p>Assolutamente innovativa per l&#8217;epoca, la colonna musicale di <i>Per un pugno di dollari<\/i> era fatta di suoni e rumori in costante dialogo con le immagini. Leone far\u00e0 di questa attenzione maniacale al sound design una vera e propria cifra stilistica del suo cinema. Indimenticabile resta il fischio di Alessandro Alessandroni, che racconta:<\/p>\n<p>&#8220;Ho scoperto che il mio fischio era ottimo al microfono, perch\u00e9 il microfono non ama il respiro e io ho un respiro breve. [&#8230;] Usavamo strumenti inusuali per un western. Un flauto di legno, una frusta, campane. La maranzana siciliana: <i>Dang. <\/i>L&#8217;uso degli strumenti era diverso dall&#8217;approccio tradizionale e dava origine a una specie di folk italiano&#8221;.<\/p>\n<p><span style=\"color: #ffffff\">p<\/span><\/p>\n<p><a href=\"https:\/\/ilcinemaritrovato.it\/consigli-per-giovani-cinefili-al-tempo-del-coronavirus-4\/\">Torna all&#8217;articolo<\/a><\/p>\n<p><\/p>","protected":false},"excerpt":{"rendered":"<p>Sorry, this entry is only available in Italiano. Per un pugno di dollari segna l&#8217;inizio di uno dei pi\u00f9 celebri sodalizi della storia del cinema: quello tra il regista Sergio Leone ed il compositore Ennio Morricone. Quando i due s&#8217;incontrarono per la prima volta, Leone conosceva il lavoro svolto dal Maestro per due film western [&hellip;]<\/p>\n","protected":false},"author":3,"featured_media":54626,"parent":0,"menu_order":164,"comment_status":"closed","ping_status":"closed","template":"","meta":{"footnotes":""},"class_list":["post-54623","page","type-page","status-publish","has-post-thumbnail","hentry"],"acf":[],"_links":{"self":[{"href":"https:\/\/ilcinemaritrovato.it\/en\/wp-json\/wp\/v2\/pages\/54623","targetHints":{"allow":["GET"]}}],"collection":[{"href":"https:\/\/ilcinemaritrovato.it\/en\/wp-json\/wp\/v2\/pages"}],"about":[{"href":"https:\/\/ilcinemaritrovato.it\/en\/wp-json\/wp\/v2\/types\/page"}],"author":[{"embeddable":true,"href":"https:\/\/ilcinemaritrovato.it\/en\/wp-json\/wp\/v2\/users\/3"}],"replies":[{"embeddable":true,"href":"https:\/\/ilcinemaritrovato.it\/en\/wp-json\/wp\/v2\/comments?post=54623"}],"version-history":[{"count":9,"href":"https:\/\/ilcinemaritrovato.it\/en\/wp-json\/wp\/v2\/pages\/54623\/revisions"}],"predecessor-version":[{"id":54721,"href":"https:\/\/ilcinemaritrovato.it\/en\/wp-json\/wp\/v2\/pages\/54623\/revisions\/54721"}],"wp:featuredmedia":[{"embeddable":true,"href":"https:\/\/ilcinemaritrovato.it\/en\/wp-json\/wp\/v2\/media\/54626"}],"wp:attachment":[{"href":"https:\/\/ilcinemaritrovato.it\/en\/wp-json\/wp\/v2\/media?parent=54623"}],"curies":[{"name":"wp","href":"https:\/\/api.w.org\/{rel}","templated":true}]}}