{"id":54619,"date":"2020-03-27T01:38:48","date_gmt":"2020-03-27T00:38:48","guid":{"rendered":"http:\/\/ilcinemaritrovato.it\/?page_id=54619"},"modified":"2020-03-27T20:46:09","modified_gmt":"2020-03-27T19:46:09","slug":"clint-watch-me","status":"publish","type":"page","link":"https:\/\/ilcinemaritrovato.it\/en\/clint-watch-me\/","title":{"rendered":"&#8221;Clint, watch me!&#8221;"},"content":{"rendered":"<p class=\"qtranxs-available-languages-message qtranxs-available-languages-message-en\">Sorry, this entry is only available in <a href=\"https:\/\/ilcinemaritrovato.it\/it\/wp-json\/wp\/v2\/pages\/54619\" class=\"qtranxs-available-language-link qtranxs-available-language-link-it\" title=\"Italiano\">Italiano<\/a>.<\/p><p><\/p>\n<p dir=\"ltr\" style=\"text-align: right\"><em>&#8220;Dicono che Michelangelo, quando gli domandarono cosa mai avesse visto in quel particolare blocco di marmo, che aveva scelto tra centinaia d\u2019altri, abbia risposto che lui, nel marmo, ci vedeva Mos\u00e8. Per me vale la stessa risposta, ma rovesciata.\u00a0Quando mi chiedono cos\u2019ho mai visto in Clint Eastwood, che nel 1964 interpretava non so che\u00a0ruolo secondario in un serial western televisivo,\u00a0rispondo che io ci ho visto,<br \/>\n semplicemente, un blocco di marmo&#8221;.<\/em><\/p>\n<p dir=\"ltr\" style=\"text-align: right\"><strong>Sergio Leone<\/strong><\/p>\n<p>&nbsp;<\/p>\n<p><a href=\"http:\/\/ilcinemaritrovato.it\/wp-content\/uploads\/sites\/2\/2020\/03\/2-rawhide-clint-eastwood-1959-66-everett.jpg\" data-rel=\"lightbox-image-0\" data-rl_title=\"\" data-rl_caption=\"\" title=\"\"><img loading=\"lazy\" decoding=\"async\" class=\"alignleft wp-image-54621 size-medium\" src=\"http:\/\/ilcinemaritrovato.it\/wp-content\/uploads\/sites\/2\/2020\/03\/2-rawhide-clint-eastwood-1959-66-everett-298x300.jpg\" alt=\"\" width=\"298\" height=\"300\" srcset=\"https:\/\/ilcinemaritrovato.it\/wp-content\/uploads\/2020\/03\/2-rawhide-clint-eastwood-1959-66-everett-298x300.jpg 298w, https:\/\/ilcinemaritrovato.it\/wp-content\/uploads\/2020\/03\/2-rawhide-clint-eastwood-1959-66-everett-150x150.jpg 150w, https:\/\/ilcinemaritrovato.it\/wp-content\/uploads\/2020\/03\/2-rawhide-clint-eastwood-1959-66-everett.jpg 599w\" sizes=\"auto, (max-width: 298px) 100vw, 298px\" \/><\/a><\/p>\n<p dir=\"ltr\">Prima che la scelta ricadesse sull&#8217;allora semi sconosciuto Clint Eastwood, Leone aveva pensato a Henry Fonda per il ruolo dello straniero senza nome, tuttavia Fonda non ricevette mai il copione che gli era stato inviato. All&#8217;epoca Eastwood recitava nella serie tv <em>Rawhide\u00a0<\/em>e Leone lo not\u00f2 in un particolare episodio in cui non pronunciava mezza parola e si muoveva lentamente, con indolenza. Seppur troppo giovane, troppo pulito, sbarbato, il regista trov\u00f2 in quell&#8217;attore e in quel suo particolare atteggiamente ci\u00f2 che cercava, sapendo che avrebbe potuto trasformarne a suo piacimento l&#8217;aspetto in un secondo momento.<\/p>\n<p dir=\"ltr\">Eastwood accett\u00f2 la parte e cos\u00ec, con indosso un poncho consunto, in testa un cappello e in bocca un sigaro, egli divenne quell&#8217;icona pop che oggi chiunque sa riconoscere, un paradigma dell&#8217;antieroe che da allora popola tanto cinema moderno.<\/p>\n<p dir=\"ltr\">Il lavoro con Eastwood e con gli altri attori sul set \u00e8 stato pi\u00f9 volte raccontato da Sergio Leone: si definiva un despota e, soprattutto nei primi film, amava dirigere tutti interprentando egli stesso i diversi ruoli, richiamando l&#8217;attenzione con la celebre espressione &#8220;watch me!&#8221; con cui si rivolgeva agli interpreti. &#8220;Gli attori \u2013 diceva \u2013 sono come bambini. Come bambini particolarmente viziati e rompiballe. Devi adularli e sgridarli, devi trattarli in un modo specialissimo, come se non fossero precisamente esseri umani. Pi\u00f9 che amarli, li sopporto. Per\u00f2 devo spingerli a innamorarsi di me. Non \u00e8 sempre facile perch\u00e9, se l\u2019attore ha un difetto veramente imperdonabile, \u00e8 proprio questo suo insopprimibile bisogno di recitare. Gli attori vanno stancati e domati come cavalli di scena.<br \/>\n Devi obbligarli a ripetere infinite volte la scena finch\u00e9 non acquistano naturalezza e verit\u00e0&#8221;.<\/p>\n<p dir=\"ltr\">Terminata la <em>Trilogia del dollaro<\/em>, le strade di Leone e Eastwood si separarono, ma l&#8217;attore, che in seguito si dedic\u00f2 (e si dedica tuttora) alla regia, non ha mai nascosto il suo debito verso il regista che lo aveva reso una star cinematografica e, nel 1992, a tre anni dalla morte di Leone, gli dedic\u00f2 il film <em>Gli Spietati<\/em>, un omaggio a quel western a cui Leone aveva ridato vita ma anche un addio simbolico al personaggio dell&#8217;<em>Uomo senza nome<\/em>.\u00a0<\/p>\n<p dir=\"ltr\"><span style=\"color: #ffffff\">pp<\/span><\/p>\n<p dir=\"ltr\"><a href=\"https:\/\/ilcinemaritrovato.it\/consigli-per-giovani-cinefili-al-tempo-del-coronavirus-4\/\">Torna all&#8217;articolo<\/a><\/p>\n<p><\/p>","protected":false},"excerpt":{"rendered":"<p>Sorry, this entry is only available in Italiano. &#8220;Dicono che Michelangelo, quando gli domandarono cosa mai avesse visto in quel particolare blocco di marmo, che aveva scelto tra centinaia d\u2019altri, abbia risposto che lui, nel marmo, ci vedeva Mos\u00e8. Per me vale la stessa risposta, ma rovesciata.\u00a0Quando mi chiedono cos\u2019ho mai visto in Clint Eastwood, [&hellip;]<\/p>\n","protected":false},"author":3,"featured_media":54620,"parent":0,"menu_order":163,"comment_status":"closed","ping_status":"closed","template":"","meta":{"footnotes":""},"class_list":["post-54619","page","type-page","status-publish","has-post-thumbnail","hentry"],"acf":[],"_links":{"self":[{"href":"https:\/\/ilcinemaritrovato.it\/en\/wp-json\/wp\/v2\/pages\/54619","targetHints":{"allow":["GET"]}}],"collection":[{"href":"https:\/\/ilcinemaritrovato.it\/en\/wp-json\/wp\/v2\/pages"}],"about":[{"href":"https:\/\/ilcinemaritrovato.it\/en\/wp-json\/wp\/v2\/types\/page"}],"author":[{"embeddable":true,"href":"https:\/\/ilcinemaritrovato.it\/en\/wp-json\/wp\/v2\/users\/3"}],"replies":[{"embeddable":true,"href":"https:\/\/ilcinemaritrovato.it\/en\/wp-json\/wp\/v2\/comments?post=54619"}],"version-history":[{"count":9,"href":"https:\/\/ilcinemaritrovato.it\/en\/wp-json\/wp\/v2\/pages\/54619\/revisions"}],"predecessor-version":[{"id":54723,"href":"https:\/\/ilcinemaritrovato.it\/en\/wp-json\/wp\/v2\/pages\/54619\/revisions\/54723"}],"wp:featuredmedia":[{"embeddable":true,"href":"https:\/\/ilcinemaritrovato.it\/en\/wp-json\/wp\/v2\/media\/54620"}],"wp:attachment":[{"href":"https:\/\/ilcinemaritrovato.it\/en\/wp-json\/wp\/v2\/media?parent=54619"}],"curies":[{"name":"wp","href":"https:\/\/api.w.org\/{rel}","templated":true}]}}