{"id":54450,"date":"2020-03-21T00:44:05","date_gmt":"2020-03-20T23:44:05","guid":{"rendered":"http:\/\/ilcinemaritrovato.it\/?page_id=54450"},"modified":"2020-03-21T19:40:19","modified_gmt":"2020-03-21T18:40:19","slug":"melanie-vs-lydia","status":"publish","type":"page","link":"https:\/\/ilcinemaritrovato.it\/en\/melanie-vs-lydia\/","title":{"rendered":"Melanie vs Lydia"},"content":{"rendered":"<p class=\"qtranxs-available-languages-message qtranxs-available-languages-message-en\">Sorry, this entry is only available in <a href=\"https:\/\/ilcinemaritrovato.it\/it\/wp-json\/wp\/v2\/pages\/54450\" class=\"qtranxs-available-language-link qtranxs-available-language-link-it\" title=\"Italiano\">Italiano<\/a>.<\/p><p><\/p>\n<p>Nel film, al centro della scena, troviamo le figure femminili di Melanie e Lydia.<\/p>\n<p>La prima, interpretata da una Tippi Hedren al suo esordio cinematografico, si presenta fin da subito come una donna sicura di s\u00e9, a tratti viziata, abituata a prendersi ci\u00f2 che desidera. Ci\u00f2 vale anche per Mitch, l&#8217;affascinante avvocato conosciuto nel negozio di animali per il quale, senza indugiare, Melanie si mette in viaggio verso Bodega Bay.\u00a0<\/p>\n<p>Tutto di lei parla chiaro, dagli abiti che indossa al modo disinvolto in cui guida la Spider: Melanie pu\u00f2 permettersi di violare il decoro femminile tipico dell\u2019epoca, pu\u00f2 utilizzare tutti i mezzi che occorrono per raggiungere il suo scopo.\u00a0<br \/>\n \u00c8 l\u2019entrata in scena di Lydia, madre di Mitch, a far precipitare la situazione.\u00a0<\/p>\n<p>Come fa notare Roy Menarini:<\/p>\n<p>\u201cMan mano che l&#8217;angoscia di essere abbandonata dal figlio maschio di casa cresce, gli attacchi dei volatili aumentano di intensit\u00e0. \u00c8 una rabbia repressa, una potenza di distruzione femminea.\u201d<\/p>\n<p>Spesso infatti nel cinema di Hitchcock, il tema dell&#8217;orrore e della paura si connette con la figura materna: \u00e8 il caso per esempio di <i>Psycho<\/i> (1960), altro grande capolavoro del maestro del brivido.\u00a0<br \/>\n Lydia (Jessica Tandy) \u00e8 una donna possessiva e manipolatrice, preoccupata di veder usurpato il proprio ruolo di madre, di perdere il controllo che \u00e8 abituata ad esercitare nei confronti del figlio Mitch.\u00a0<br \/>\n Le due donne hanno tratti molto simili: stesso portamento, stessa acconciatura, ogni dettaglio \u00e8 frutto di un lavoro maniacale di documentazione e invenzione, compresa la somiglianza tra le due che fa della madre e dell&#8217;amante di Mitchell una sorta di figura a due facce.<\/p>\n<p> <a href=\"https:\/\/ilcinemaritrovato.it\/consigli-per-giovani-cinefili-al-tempo-del-coronavirus-3\/\">Torna all&#8217;articolo<\/a><\/p>\n<p><\/p>","protected":false},"excerpt":{"rendered":"<p>Sorry, this entry is only available in Italiano. Nel film, al centro della scena, troviamo le figure femminili di Melanie e Lydia. La prima, interpretata da una Tippi Hedren al suo esordio cinematografico, si presenta fin da subito come una donna sicura di s\u00e9, a tratti viziata, abituata a prendersi ci\u00f2 che desidera. Ci\u00f2 vale [&hellip;]<\/p>\n","protected":false},"author":3,"featured_media":54451,"parent":0,"menu_order":168,"comment_status":"closed","ping_status":"closed","template":"","meta":{"footnotes":""},"class_list":["post-54450","page","type-page","status-publish","has-post-thumbnail","hentry"],"acf":[],"_links":{"self":[{"href":"https:\/\/ilcinemaritrovato.it\/en\/wp-json\/wp\/v2\/pages\/54450","targetHints":{"allow":["GET"]}}],"collection":[{"href":"https:\/\/ilcinemaritrovato.it\/en\/wp-json\/wp\/v2\/pages"}],"about":[{"href":"https:\/\/ilcinemaritrovato.it\/en\/wp-json\/wp\/v2\/types\/page"}],"author":[{"embeddable":true,"href":"https:\/\/ilcinemaritrovato.it\/en\/wp-json\/wp\/v2\/users\/3"}],"replies":[{"embeddable":true,"href":"https:\/\/ilcinemaritrovato.it\/en\/wp-json\/wp\/v2\/comments?post=54450"}],"version-history":[{"count":4,"href":"https:\/\/ilcinemaritrovato.it\/en\/wp-json\/wp\/v2\/pages\/54450\/revisions"}],"predecessor-version":[{"id":54506,"href":"https:\/\/ilcinemaritrovato.it\/en\/wp-json\/wp\/v2\/pages\/54450\/revisions\/54506"}],"wp:featuredmedia":[{"embeddable":true,"href":"https:\/\/ilcinemaritrovato.it\/en\/wp-json\/wp\/v2\/media\/54451"}],"wp:attachment":[{"href":"https:\/\/ilcinemaritrovato.it\/en\/wp-json\/wp\/v2\/media?parent=54450"}],"curies":[{"name":"wp","href":"https:\/\/api.w.org\/{rel}","templated":true}]}}