{"id":54434,"date":"2020-03-21T00:22:00","date_gmt":"2020-03-20T23:22:00","guid":{"rendered":"http:\/\/ilcinemaritrovato.it\/?page_id=54434"},"modified":"2020-03-21T01:16:19","modified_gmt":"2020-03-21T00:16:19","slug":"il-primo-disaster-movie","status":"publish","type":"page","link":"https:\/\/ilcinemaritrovato.it\/en\/il-primo-disaster-movie\/","title":{"rendered":"Il primo disaster movie"},"content":{"rendered":"<p class=\"qtranxs-available-languages-message qtranxs-available-languages-message-en\">Sorry, this entry is only available in <a href=\"https:\/\/ilcinemaritrovato.it\/it\/wp-json\/wp\/v2\/pages\/54434\" class=\"qtranxs-available-language-link qtranxs-available-language-link-it\" title=\"Italiano\">Italiano<\/a>.<\/p><p><\/p>\n<p>Definito da Fellini un \u201cpoema apocalittico\u201d <em>Gli Uccelli<\/em> viene descritto da Bill Krohn come \u201cIl prototipo di un nuovo genere &#8211; il film catastrofico (<em>disaster film<\/em>) &#8211; che porter\u00e0 fiumi di dollari nelle casse della Universal negli anni Settanta\u201d.<\/p>\n<p>Il film che, sia dal punto di vista tecnico sia da quello emotivo, cost\u00f2 a Hitchcock il pi\u00f9 grande sforzo, arriv\u00f2 in effetti nelle sale in un momento in cui l\u2019America e il mondo intero guardavano con terrore e senso di impotenza agli sviluppi della Guerra fredda in atto, temendo sempre pi\u00f9 l\u2019imminenza di un conflitto nucleare.\u00a0<\/p>\n<p>Nelle prime versioni della sceneggiatura si faceva pi\u00f9 volte esplicito riferimento alla Guerra fredda: era ad esempio prevista una scena in cui Melanie e Mitch, in uno scambio di battute, dovevano accennare all\u2019idea di una rivoluzione capeggiata da una sorta di rondine-Castro (Cuba e la sconfitta della Baia dei Porci erano all\u2019epoca sulla bocca di tutti). Perfino un discorso tenuto da Kennedy avrebbe dovuto fare da sfondo sonoro. Tutto fu in seguito eliminato da Hitchcock, il quale ritenne che il parallelo tra gli attacchi degli uccelli e i recenti eventi cadesse \u201cun po\u2019 troppo a proposito\u201d.\u00a0<\/p>\n<p>Nel film\u00a0<i>Gli uccelli<\/i>, in effetti, l\u2019Apocalisse arriva letteralmente dal cielo e assume le sembianze di un esercito di rapaci decisi a dichiarare guerra all\u2019uomo. Il comportamento dei volatili, tuttavia, non trova mai una spiegazione razionale nella diegesi del film, prestandosi cos\u00ec a diverse letture possibili.\u00a0<\/p>\n<p>La critica, negli anni, si \u00e8 variamente espressa circa le chiavi di lettura applicabili al film, da quella ecologica (la natura si ribella ai soprusi dell\u2019uomo), a quella politica gi\u00e0 citata (gli uccelli come simbolo della distruzione atomica) fino alla lettura psicanalitica, impossibile da ignorare, che vede nell&#8217;invasione dei volatili l&#8217;esplosione di forze intrapsichiche, l&#8217;affiorare di desideri repressi.<\/p>\n<p>Bodega Bay, quasi una Twin Peaks ante litteram, diviene teatro di pulsioni violente, luogo metafisico in cui il perturbante si manifesta insidiandosi nelle vite dei protagonisti e dell\u2019intera comunit\u00e0 chiamata a fronteggiare l\u2019attacco.\u00a0<\/p>\n<p><a href=\"https:\/\/ilcinemaritrovato.it\/consigli-per-giovani-cinefili-al-tempo-del-coronavirus-3\/\">Torna all&#8217;articolo<\/a><\/p>\n<p><\/p>","protected":false},"excerpt":{"rendered":"<p>Sorry, this entry is only available in Italiano. Definito da Fellini un \u201cpoema apocalittico\u201d Gli Uccelli viene descritto da Bill Krohn come \u201cIl prototipo di un nuovo genere &#8211; il film catastrofico (disaster film) &#8211; che porter\u00e0 fiumi di dollari nelle casse della Universal negli anni Settanta\u201d. Il film che, sia dal punto di vista [&hellip;]<\/p>\n","protected":false},"author":3,"featured_media":54437,"parent":0,"menu_order":170,"comment_status":"closed","ping_status":"closed","template":"","meta":{"footnotes":""},"class_list":["post-54434","page","type-page","status-publish","has-post-thumbnail","hentry"],"acf":[],"_links":{"self":[{"href":"https:\/\/ilcinemaritrovato.it\/en\/wp-json\/wp\/v2\/pages\/54434","targetHints":{"allow":["GET"]}}],"collection":[{"href":"https:\/\/ilcinemaritrovato.it\/en\/wp-json\/wp\/v2\/pages"}],"about":[{"href":"https:\/\/ilcinemaritrovato.it\/en\/wp-json\/wp\/v2\/types\/page"}],"author":[{"embeddable":true,"href":"https:\/\/ilcinemaritrovato.it\/en\/wp-json\/wp\/v2\/users\/3"}],"replies":[{"embeddable":true,"href":"https:\/\/ilcinemaritrovato.it\/en\/wp-json\/wp\/v2\/comments?post=54434"}],"version-history":[{"count":3,"href":"https:\/\/ilcinemaritrovato.it\/en\/wp-json\/wp\/v2\/pages\/54434\/revisions"}],"predecessor-version":[{"id":54467,"href":"https:\/\/ilcinemaritrovato.it\/en\/wp-json\/wp\/v2\/pages\/54434\/revisions\/54467"}],"wp:featuredmedia":[{"embeddable":true,"href":"https:\/\/ilcinemaritrovato.it\/en\/wp-json\/wp\/v2\/media\/54437"}],"wp:attachment":[{"href":"https:\/\/ilcinemaritrovato.it\/en\/wp-json\/wp\/v2\/media?parent=54434"}],"curies":[{"name":"wp","href":"https:\/\/api.w.org\/{rel}","templated":true}]}}