{"id":54144,"date":"2020-03-14T02:08:40","date_gmt":"2020-03-14T01:08:40","guid":{"rendered":"http:\/\/ilcinemaritrovato.it\/?page_id=54144"},"modified":"2020-03-14T11:20:20","modified_gmt":"2020-03-14T10:20:20","slug":"peter-sellers","status":"publish","type":"page","link":"https:\/\/ilcinemaritrovato.it\/en\/peter-sellers\/","title":{"rendered":"Peter Sellers, Peter Sellers, Peter Sellers"},"content":{"rendered":"<p class=\"qtranxs-available-languages-message qtranxs-available-languages-message-en\">Sorry, this entry is only available in <a href=\"https:\/\/ilcinemaritrovato.it\/it\/wp-json\/wp\/v2\/pages\/54144\" class=\"qtranxs-available-language-link qtranxs-available-language-link-it\" title=\"Italiano\">Italiano<\/a>.<\/p><p><\/p>\n<p>Nel suo fare cinema il regista riserva un posto centrale all&#8217;attore e ripone in lui grande fiducia lasciandolo libero di inventare, persino improvvisare, dare suggerimenti. Spesso si parla di quanto gli attori temessero Kubrick che, in cerca della perfezione, poteva scegliere di girare una scena anche cinquanta volte, tuttavia nelle testimonianze degli interpreti stessi emerge altrettanto spesso la sua capacit\u00e0 di ascolto e la disponibilit\u00e0 nei loro confronti. <br \/>\n Malcolm McDowell (Alex in <i>Arancia Meccanica<\/i>, 1971) afferma in una intervista rilasciata a Gordon Gow per &#8216;Films and Filming&#8217; (ottobre 1975):\u00a0<\/p>\n<p>\u201cEcco perch\u00e9 Stanley \u00e8 un grande regista. Sa creare un\u2019atmosfera in cui non siete per nulla inibiti. Tenterete qualunque cosa. Sperimenterete. Stanley vi d\u00e0 la libert\u00e0 ed \u00e8 uno spettatore meraviglioso\u201d.<\/p>\n<p>Anche nella scelta del cast per<i> Il Dottor Stranamore<\/i>, Kubrick sa esattamente cosa vuole e a chi rivolgersi. Humour britannico, talento trasformista, indiscutibile abilit\u00e0 d\u2019improvvisazione: Peter Sellers viene scelto ancora una volta da Kubrick \u2013 dopo aver gi\u00e0 recitato in <i>Lolita \u2013<\/i> per interpretare i ruoli di ben tre personaggi che il regista stesso definisce \u201cil protagonista, il protagonista e il protagonista\u201d del film, ossia il presidente Merkin Muffley, il comandante Mandrake della RAF e, appunto, il dottor Stranamore. Inizialmente Kubrick aveva anche proposto a Sellers di interpretarne un quarto, il maggiore King Kong, tuttavia l\u2019attore insistette per non vestire anche i panni del pilota, il cui accento texano gli risultava di difficile imitazione.\u00a0<\/p>\n\n\t\t<style type=\"text\/css\">\n\t\t\t#gallery-1 {\n\t\t\t\tmargin: auto;\n\t\t\t}\n\t\t\t#gallery-1 .gallery-item {\n\t\t\t\tfloat: left;\n\t\t\t\tmargin-top: 10px;\n\t\t\t\ttext-align: center;\n\t\t\t\twidth: 33%;\n\t\t\t}\n\t\t\t#gallery-1 img {\n\t\t\t\tborder: 2px solid #cfcfcf;\n\t\t\t}\n\t\t\t#gallery-1 .gallery-caption {\n\t\t\t\tmargin-left: 0;\n\t\t\t}\n\t\t\t\/* see gallery_shortcode() in wp-includes\/media.php *\/\n\t\t<\/style>\n\t\t<div id='gallery-1' class='gallery galleryid-54144 gallery-columns-3 gallery-size-thumbnail'><dl class='gallery-item'>\n\t\t\t<dt class='gallery-icon landscape'>\n\t\t\t\t<a href='https:\/\/ilcinemaritrovato.it\/wp-content\/uploads\/2020\/03\/Dr-Strangelove-3-1-Merkin-Muffley.jpg' title=\"\" data-rl_title=\"\" class=\"rl-gallery-link\" data-rl_caption=\"\" data-rel=\"lightbox-gallery-1\"><img loading=\"lazy\" decoding=\"async\" width=\"150\" height=\"150\" src=\"https:\/\/ilcinemaritrovato.it\/wp-content\/uploads\/2020\/03\/Dr-Strangelove-3-1-Merkin-Muffley-150x150.jpg\" class=\"attachment-thumbnail size-thumbnail\" alt=\"\" \/><\/a>\n\t\t\t<\/dt><\/dl><dl class='gallery-item'>\n\t\t\t<dt class='gallery-icon landscape'>\n\t\t\t\t<a href='https:\/\/ilcinemaritrovato.it\/wp-content\/uploads\/2020\/03\/strangelove.jpeg' title=\"\" data-rl_title=\"\" class=\"rl-gallery-link\" data-rl_caption=\"\" data-rel=\"lightbox-gallery-1\"><img loading=\"lazy\" decoding=\"async\" width=\"150\" height=\"150\" src=\"https:\/\/ilcinemaritrovato.it\/wp-content\/uploads\/2020\/03\/strangelove-150x150.jpeg\" class=\"attachment-thumbnail size-thumbnail\" alt=\"\" \/><\/a>\n\t\t\t<\/dt><\/dl><dl class='gallery-item'>\n\t\t\t<dt class='gallery-icon landscape'>\n\t\t\t\t<a href='https:\/\/ilcinemaritrovato.it\/wp-content\/uploads\/2020\/03\/mandrake.jpg' title=\"\" data-rl_title=\"\" class=\"rl-gallery-link\" data-rl_caption=\"\" data-rel=\"lightbox-gallery-1\"><img loading=\"lazy\" decoding=\"async\" width=\"150\" height=\"150\" src=\"https:\/\/ilcinemaritrovato.it\/wp-content\/uploads\/2020\/03\/mandrake-150x150.jpg\" class=\"attachment-thumbnail size-thumbnail\" alt=\"\" \/><\/a>\n\t\t\t<\/dt><\/dl><br style=\"clear: both\" \/>\n\t\t<\/div>\n\n<p>Peter Sellers si ispirava ad Alec Guinness, gi\u00e0 allora considerato uno dei pi\u00f9 grandi attori britannici, che nel 1949 aveva interpretato ben otto personaggi diversi nel film <i>Sangue blu<\/i> di Robert Hamer. <br \/>\n Per Sellers non era comunque la prima volta nei panni di pi\u00f9 personaggi nello stesso film, solo due anni prima infatti era stato protagonista della pellicola\u00a0<i>Il ruggito del topo<\/i> di Jack Arnold, una commedia satirica a proposito della\u2026 Guerra fredda.\u00a0<\/p>\n<p> <a href=\"https:\/\/ilcinemaritrovato.it\/consigli-per-giovani-cinefili-al-tempo-del-coronavirus-2\/\">Torna all&#8217;articolo<\/a><\/p>\n<p><\/p>","protected":false},"excerpt":{"rendered":"<p>Sorry, this entry is only available in Italiano. Nel suo fare cinema il regista riserva un posto centrale all&#8217;attore e ripone in lui grande fiducia lasciandolo libero di inventare, persino improvvisare, dare suggerimenti. Spesso si parla di quanto gli attori temessero Kubrick che, in cerca della perfezione, poteva scegliere di girare una scena anche cinquanta [&hellip;]<\/p>\n","protected":false},"author":3,"featured_media":54145,"parent":0,"menu_order":173,"comment_status":"closed","ping_status":"closed","template":"","meta":{"footnotes":""},"class_list":["post-54144","page","type-page","status-publish","has-post-thumbnail","hentry"],"acf":[],"_links":{"self":[{"href":"https:\/\/ilcinemaritrovato.it\/en\/wp-json\/wp\/v2\/pages\/54144","targetHints":{"allow":["GET"]}}],"collection":[{"href":"https:\/\/ilcinemaritrovato.it\/en\/wp-json\/wp\/v2\/pages"}],"about":[{"href":"https:\/\/ilcinemaritrovato.it\/en\/wp-json\/wp\/v2\/types\/page"}],"author":[{"embeddable":true,"href":"https:\/\/ilcinemaritrovato.it\/en\/wp-json\/wp\/v2\/users\/3"}],"replies":[{"embeddable":true,"href":"https:\/\/ilcinemaritrovato.it\/en\/wp-json\/wp\/v2\/comments?post=54144"}],"version-history":[{"count":6,"href":"https:\/\/ilcinemaritrovato.it\/en\/wp-json\/wp\/v2\/pages\/54144\/revisions"}],"predecessor-version":[{"id":54227,"href":"https:\/\/ilcinemaritrovato.it\/en\/wp-json\/wp\/v2\/pages\/54144\/revisions\/54227"}],"wp:featuredmedia":[{"embeddable":true,"href":"https:\/\/ilcinemaritrovato.it\/en\/wp-json\/wp\/v2\/media\/54145"}],"wp:attachment":[{"href":"https:\/\/ilcinemaritrovato.it\/en\/wp-json\/wp\/v2\/media?parent=54144"}],"curies":[{"name":"wp","href":"https:\/\/api.w.org\/{rel}","templated":true}]}}