{"id":54064,"date":"2020-03-06T18:30:55","date_gmt":"2020-03-06T17:30:55","guid":{"rendered":"http:\/\/ilcinemaritrovato.it\/?page_id=54064"},"modified":"2020-03-07T02:45:43","modified_gmt":"2020-03-07T01:45:43","slug":"lo-sguardo-della-fan","status":"publish","type":"page","link":"https:\/\/ilcinemaritrovato.it\/en\/lo-sguardo-della-fan\/","title":{"rendered":"Il sogno di Wanda: lo sguardo della fan"},"content":{"rendered":"<p class=\"qtranxs-available-languages-message qtranxs-available-languages-message-en\">Sorry, this entry is only available in <a href=\"https:\/\/ilcinemaritrovato.it\/it\/wp-json\/wp\/v2\/pages\/54064\" class=\"qtranxs-available-language-link qtranxs-available-language-link-it\" title=\"Italiano\">Italiano<\/a>.<\/p><p><\/p>\n<p style=\"text-align: right\">\u201c<i>La vera vita \u00e8 quella del sogno, ma a volte il sogno \u00e8 un baratro fatale.\u201d<\/i><\/p>\n<p style=\"text-align: right\">Brunella Bovo (Wanda) in <i>Lo sceicco bianco<\/i><\/p>\n<p><span style=\"color: #ffffff\">p<\/span><br \/>\n <span style=\"color: #ffffff\"> p<\/span><br \/>\n Il ruolo di Wanda, la sposina sognatrice, viene affidato a Brunella Bovo, la giovane attrice che poco prima aveva interpretato Edvige in <i>Miracolo a Milano<\/i> di De Sica. La scelta indispettisce Giulietta Masina, gi\u00e0 moglie di Federico, la quale si aspetta che la parte le venga affidata. Fellini, tuttavia era in cerca di un candore e un volto dall&#8217;aria provinciale che non si addice a Giulietta.<\/p>\n<p>Wanda \u00e8 \u00e8 gi\u00e0 a tutti gli effetti un tipico personaggio felliniano.<\/p>\n<p>Sospesa tra realt\u00e0 e fantasia, la giovane sposa vive la propria &#8220;vera&#8221; vita nel segreto della cameretta in cui si rifugia una volta a settimana per leggere delle incredibili avventure e delle vicende amorose di cui il suo fotoromanzo preferito narra, per lei Moravia utilizza l&#8217;espressione &#8220;bovarismo&#8221; (Moravia, &#8216;L&#8217;Espresso&#8217;, luglio 1960).<\/p>\n<p>\u201cTutta la settimana aspetto il sabato che mi porta il mio giornaletto, vado a prenderlo alla stazione, poi corro a casa, mi chiudo nella mia stanzetta e l\u00ec comincia la mia vera vita: leggo tutta la notte\u201d, racconta Wanda.<\/p>\n<p>Arrivata a Roma dalla provincia per trascorrere con il marito il viaggio di nozze nella Citt\u00e0 Eterna, Wanda ha in realt\u00e0 un solo obiettivo, raggiungere la sede della redazione di <i>Incanto Blu<\/i> ed incontrare finalmente lo sceicco bianco, il suo idolo, l&#8217;eroe degli amati fotoromanzi a cui la giovane ha pi\u00f9 volte inviato lettere di ammirazione, firmandosi sempre Bambola Appassionata. Senza esitazione, abbandona da subito il marito per inseguire il proprio piccolo grande sogno. \u00c8 a lei che Fellini affida il compito di spalancare la porta verso la dimensione onirica, verso quel &#8220;mondo fatuo, luccicante e anarchico della gente che vive di notte, della caf\u00e9-society, degli imbroglioni e spostati, dei vari guitti del cinema, del teatro e della televisione&#8221; (Moravia, &#8216;L&#8217;Espresso&#8217;, luglio 1960), il mondo dello spettacolo.<\/p>\n<p>Ed eccolo apparire finalmente, dopo qualche peripezia, il suo sceicco bianco, sospeso in alto tra i rami degli alberi a Fregene, introdotto dalle note di una canzone che sembra provenire dal cielo.<\/p>\n<p>Wanda, si diceva, \u00e8 una sognatrice, il suo amore per lo sceicco \u00e8 solo idealizzato. Non ha interessi materiali nei suoi confronti n\u00e9 desidera davvero farsi strada nel mondo del fotoromanzo, si improvvisa attrice per essere protagonista del proprio personalissimo sogno che di l\u00ec a poco la deluder\u00e0 amaramente.<\/p>\n<p>Nella dimensione in cui lei si muove la realt\u00e0 appare deformata, alla sua incapacit\u00e0 di comprendere il mondo e gli altri fa da contrappunto la costruzione di una realt\u00e0 illusoria, Ennio Bispuri usa l&#8217;espressione &#8220;donchisciottesco&#8221; per definire il personaggio.<\/p>\n<p>Wanda \u00e8 il prototipo di tante figure dei film di Fellini. Il suo provincialismo \u00e8 strettamente legato alla sua necessit\u00e0 di vivere in una dimensione illusoria, l&#8217;unica via di salvezza \u00e8 il sogno e la realizzazione di esso ma a volte questo si rivela essere &#8220;un baratro fatale&#8221;, cos\u00ec Wanda lo definisce mutuando il linguaggio enfatico e artificioso dagli amati fotoromanzi, con effetto certamente comico e grottesco.<\/p>\n<p> <a href=\"http:\/\/bit.ly\/consiglipergiovanicinefili_1\">Torna all&#8217;articolo<\/a><\/p>\n<p><\/p>","protected":false},"excerpt":{"rendered":"<p>Sorry, this entry is only available in Italiano. \u201cLa vera vita \u00e8 quella del sogno, ma a volte il sogno \u00e8 un baratro fatale.\u201d Brunella Bovo (Wanda) in Lo sceicco bianco p p Il ruolo di Wanda, la sposina sognatrice, viene affidato a Brunella Bovo, la giovane attrice che poco prima aveva interpretato Edvige in [&hellip;]<\/p>\n","protected":false},"author":3,"featured_media":54067,"parent":0,"menu_order":176,"comment_status":"closed","ping_status":"closed","template":"","meta":{"footnotes":""},"class_list":["post-54064","page","type-page","status-publish","has-post-thumbnail","hentry"],"acf":[],"_links":{"self":[{"href":"https:\/\/ilcinemaritrovato.it\/en\/wp-json\/wp\/v2\/pages\/54064","targetHints":{"allow":["GET"]}}],"collection":[{"href":"https:\/\/ilcinemaritrovato.it\/en\/wp-json\/wp\/v2\/pages"}],"about":[{"href":"https:\/\/ilcinemaritrovato.it\/en\/wp-json\/wp\/v2\/types\/page"}],"author":[{"embeddable":true,"href":"https:\/\/ilcinemaritrovato.it\/en\/wp-json\/wp\/v2\/users\/3"}],"replies":[{"embeddable":true,"href":"https:\/\/ilcinemaritrovato.it\/en\/wp-json\/wp\/v2\/comments?post=54064"}],"version-history":[{"count":9,"href":"https:\/\/ilcinemaritrovato.it\/en\/wp-json\/wp\/v2\/pages\/54064\/revisions"}],"predecessor-version":[{"id":54089,"href":"https:\/\/ilcinemaritrovato.it\/en\/wp-json\/wp\/v2\/pages\/54064\/revisions\/54089"}],"wp:featuredmedia":[{"embeddable":true,"href":"https:\/\/ilcinemaritrovato.it\/en\/wp-json\/wp\/v2\/media\/54067"}],"wp:attachment":[{"href":"https:\/\/ilcinemaritrovato.it\/en\/wp-json\/wp\/v2\/media?parent=54064"}],"curies":[{"name":"wp","href":"https:\/\/api.w.org\/{rel}","templated":true}]}}