{"id":54041,"date":"2020-03-06T18:06:04","date_gmt":"2020-03-06T17:06:04","guid":{"rendered":"http:\/\/ilcinemaritrovato.it\/?page_id=54041"},"modified":"2020-03-06T20:05:27","modified_gmt":"2020-03-06T19:05:27","slug":"fellini-e-linvenzione-di-roma","status":"publish","type":"page","link":"https:\/\/ilcinemaritrovato.it\/en\/fellini-e-linvenzione-di-roma\/","title":{"rendered":"Fellini e l&#8217;invenzione di Roma"},"content":{"rendered":"<p class=\"qtranxs-available-languages-message qtranxs-available-languages-message-en\">Sorry, this entry is only available in <a href=\"https:\/\/ilcinemaritrovato.it\/it\/wp-json\/wp\/v2\/pages\/54041\" class=\"qtranxs-available-language-link qtranxs-available-language-link-it\" title=\"Italiano\">Italiano<\/a>.<\/p><p><\/p>\n<p><i>Lo sceicco bianco<\/i> non fu solamente il primo film girato autonomamente da Federico Fellini, ma fu anche il primo dei suoi lungometraggi ad essere ambientato nella capitale italiana. Roma \u00e8 infatti fin da subito presente nell\u2019immaginario felliniano in maniera preponderante: il regista e la citt\u00e0 laziale costituiscono dall\u2019inizio della carriera cinematografica di Fellini un binomio inscindibile; \u201cFellini non esisterebbe senza Roma, e Roma non pu\u00f2 pi\u00f9 prescindere o dissociarsi dalle immagini che su di lei sono state imbastite da Fellini\u201d. A partire da <i>Lo sceicco bianco<\/i> e <i>La dolce vita<\/i> (1960), a <i>Il bidone<\/i> (1955) e <i>Le notti di Cabiria<\/i> (1957) e altri film successivi, Roma occupa una parte integrante all\u2019interno di queste commedie.<\/p>\n<p>Nel 1939, all\u2019et\u00e0 di diciassette anni, Federico Fellini dalla cittadina natale di Rimini si trasferisce a Roma per dare inizio alla sua carriera da giornalista. Il critico cinematografico e amico di Fellini Tullio Kezich racconta l\u2019arrivo del giovane riminese nella grande capitale in questo modo: \u201cun giovanotto bruno e magro, con un vestito di lino bianco, scende dal treno, affida la valigia al facchino che sembra un vecchio clown e lo segue nel caos del marciapiede. Davanti ai suoi occhi, sgranati come quelli di Alice nel paese delle meraviglie, passano e si incrociano preti, soldati, suore, venditori, carabinieri, marinai, belle donne, corazzieri e tipacci. Allarmato e divertito il giovane si immerge nella bolgia della capitale che subito lo inghiotte come una grande madre vorace, protettiva e minacciosa\u201d.<\/p>\n<p>L\u2019arrivo nella capitale \u00e8 cos\u00ec importante sia per la vita personale sia per la carriera del futuro regista che Fellini la pone come sequenza iniziale del suo primo film. Roma \u00e8, fin da subito, la protagonista principale de <i>Lo sceicco bianco<\/i>: la ripresa a punto di vista del treno in movimento prima del suo arrivo alla Stazione Termini stabilisce l\u2019ambientazione del film sin dall\u2019inizio, e la prima parola che il giovane sposo Ivan pronuncia (questo \u00e8 anche il primo dialogo parlato del film) \u00e8 esattamente il nome della citt\u00e0. In questa scena introduttiva, la Roma esaltata da Ivan svela l\u2019importanza che l\u2019immagine della capitale ha sia per lui e che per tutti gli altri italiani che come lui arrivano dalla provincia &#8211; e Federico Fellini fa fedelmente parte di questo gruppo. Per Ivan e Wanda e, di conseguenza, per Fellini stesso Roma rappresenta sia una sineddoche per ideali e valori nazionali, sia una citt\u00e0 di potere e di grande influenza culturale, sociale e politica: dal 1939, Fellini con Roma ha avuto la possibilit\u00e0 di trovare s\u00e9 stesso e di creare quindi il proprio destino di \u201ccineasta geniale\u201d; allo stesso tempo, Roma con Fellini e i suoi film si \u00e8 arricchita, ampliando ulteriormente le proprie caratteristiche peculiari, le proprie sfaccettature e il proprio respiro plurimillenario di Citt\u00e0 Eterna.\u00a0<\/p>\n<p> <a href=\"http:\/\/bit.ly\/consiglipergiovanicinefili_1\">Torna all&#8217;articolo<\/a><\/p>\n<p><\/p>","protected":false},"excerpt":{"rendered":"<p>Sorry, this entry is only available in Italiano. Lo sceicco bianco non fu solamente il primo film girato autonomamente da Federico Fellini, ma fu anche il primo dei suoi lungometraggi ad essere ambientato nella capitale italiana. Roma \u00e8 infatti fin da subito presente nell\u2019immaginario felliniano in maniera preponderante: il regista e la citt\u00e0 laziale costituiscono [&hellip;]<\/p>\n","protected":false},"author":3,"featured_media":54042,"parent":0,"menu_order":179,"comment_status":"closed","ping_status":"closed","template":"","meta":{"footnotes":""},"class_list":["post-54041","page","type-page","status-publish","has-post-thumbnail","hentry"],"acf":[],"_links":{"self":[{"href":"https:\/\/ilcinemaritrovato.it\/en\/wp-json\/wp\/v2\/pages\/54041","targetHints":{"allow":["GET"]}}],"collection":[{"href":"https:\/\/ilcinemaritrovato.it\/en\/wp-json\/wp\/v2\/pages"}],"about":[{"href":"https:\/\/ilcinemaritrovato.it\/en\/wp-json\/wp\/v2\/types\/page"}],"author":[{"embeddable":true,"href":"https:\/\/ilcinemaritrovato.it\/en\/wp-json\/wp\/v2\/users\/3"}],"replies":[{"embeddable":true,"href":"https:\/\/ilcinemaritrovato.it\/en\/wp-json\/wp\/v2\/comments?post=54041"}],"version-history":[{"count":3,"href":"https:\/\/ilcinemaritrovato.it\/en\/wp-json\/wp\/v2\/pages\/54041\/revisions"}],"predecessor-version":[{"id":54081,"href":"https:\/\/ilcinemaritrovato.it\/en\/wp-json\/wp\/v2\/pages\/54041\/revisions\/54081"}],"wp:featuredmedia":[{"embeddable":true,"href":"https:\/\/ilcinemaritrovato.it\/en\/wp-json\/wp\/v2\/media\/54042"}],"wp:attachment":[{"href":"https:\/\/ilcinemaritrovato.it\/en\/wp-json\/wp\/v2\/media?parent=54041"}],"curies":[{"name":"wp","href":"https:\/\/api.w.org\/{rel}","templated":true}]}}