{"id":5268,"date":"2016-03-08T16:29:58","date_gmt":"2016-03-08T15:29:58","guid":{"rendered":"http:\/\/ilcinemaritrovato.it\/?page_id=5268"},"modified":"2016-07-01T19:22:45","modified_gmt":"2016-07-01T17:22:45","slug":"il-cinema-ritrovato-dvd-awards-xxiii","status":"publish","type":"page","link":"https:\/\/ilcinemaritrovato.it\/en\/il-cinema-ritrovato-dvd-awards-xxiii\/","title":{"rendered":"Il Cinema Ritrovato DVD Awards &#8211; XIII edition"},"content":{"rendered":"<p><\/p>\n<p><img loading=\"lazy\" decoding=\"async\" class=\"size-full wp-image-5269 aligncenter\" src=\"http:\/\/ilcinemaritrovato.it\/wp-content\/uploads\/sites\/2\/2016\/03\/poster-dvd-awards.jpg\" alt=\"poster-dvd-awards\" width=\"1000\" height=\"698\" srcset=\"https:\/\/ilcinemaritrovato.it\/wp-content\/uploads\/2016\/03\/poster-dvd-awards.jpg 1000w, https:\/\/ilcinemaritrovato.it\/wp-content\/uploads\/2016\/03\/poster-dvd-awards-300x209.jpg 300w, https:\/\/ilcinemaritrovato.it\/wp-content\/uploads\/2016\/03\/poster-dvd-awards-768x536.jpg 768w, https:\/\/ilcinemaritrovato.it\/wp-content\/uploads\/2016\/03\/poster-dvd-awards-600x419.jpg 600w, https:\/\/ilcinemaritrovato.it\/wp-content\/uploads\/2016\/03\/poster-dvd-awards-800x558.jpg 800w\" sizes=\"auto, (max-width: 1000px) 100vw, 1000px\" \/><\/p>\n<p style=\"text-align: center;\"><a href=\"http:\/\/ilcinemaritrovato.it\/en\/il-cinema-ritrovato-dvd-awards-xiii-edizione-i-vincitori\/\"><strong>The winners<\/strong><\/a><\/p>\n<p>&nbsp;<\/p>\n<p>Fondazione Cineteca di Bologna and Mostra Internazionale del Cinema Libero are organizing Il Cinema Ritrovato Festival, which is promoting Il Cinema Ritrovato &#8211; DVD Awards. The competition is open to films released in Dvd and Blu-Ray and will take place during the 30th edition of Il Cinema Ritrovato Festival (from June 25th to July 2nd, 2016 &#8211; Bologna, Italy).<\/p>\n<p> The award aims to encourage and give visibility to quality home entertainment Dvd and Blu-Ray from around the world. The competition is open to Dvd and Blu-Ray released between March 2015 and March 2016 of important films made prior to 1986 (at least thirty years ago) and thus generally in line with the festival&#8217;s theme. The awards are divided into five categories: Best Dvd, Best Blu-Ray, Best Special Features (bonus), Best Rediscovery of a Forgotten Film, Best Series\/Best Box.<\/p>\n<p>&nbsp;<\/p>\n<h3 style=\"text-align: center;\"><a href=\"http:\/\/ilcinemaritrovato.it\/giuria-dvd-awards\/\">LA GIURIA<\/a><\/h3>\n<p>&nbsp;<\/p>\n<h3>Finalisti 2016<\/p>\n<\/h3>\n<p>&#8217;84 Entertainment<b><br \/>NON SI SEVI<\/b><b>ZIA UN PAPERINO<\/b> (Italy, 1972) by Lucio Fulci \u2013 (bluray)<\/p>\n<p>Arrow Academy<br \/><b>THE RAINER WERNER FASSBINDER COLLECTION<\/b> (Germany, 1966-1979) \u2013 (bluray)<br \/><b>THE JACQUES RIVETTE COLLECTION<\/b> (France, 1971-1981) \u2013 (bluray + dvd)<br \/><b>KIJU YOSHIDA: LOVE + ANARCHISM<\/b> (Japan, 1969-1973) \u2013 (bluray + dvd)<\/p>\n<p>BFI<br \/><b>THE CARL THEODOR DREYER COLLECTION<\/b> (Danmark, 1925-1964) \u2013 (bluray + dvd)<br \/><b>SHOOTING STARS<\/b> (GB, 1928) by Anthony Asquith \u2013 (bluray + dvd)<\/p>\n<p>Blaq Out<br \/><b>FREDERICK WISEMAN INT<\/b><b>\u00c9<\/b><b>GRALE VOL.1<\/b> (USA, 1967-1979) \u2013\u00a0 (dvd)<\/p>\n<p>Cameo Media S.L.<br \/><b>DEL TRAZO AL P<\/b><b>\u00cd<\/b><b>XEL. UN RECORRIDO POR LA ANIMACI<\/b><b>\u00d3<\/b><b>N ESPA<\/b><b>\u00d1<\/b><b>OLA<\/b> (Spain, 1909-2015) \u2013 (dvd)<\/p>\n<p>Cinemateca Portuguesa &#8211; Museu do Cinema, IP<b><br \/>JORNAL PORTUGU\u00caS: REVISTA MENSAL DE ACTUALIDADES<\/b> (Portugal, 1938-1951) by Ant\u00f3nio Lopes Ribeiro (technical supervision) \u2013 (dvd)<\/p>\n<p>Cinematek (Royal Film Archive of Belgium)\u00a0<b><br \/>HOU HSIAO-HSIEN. EARLY WORKS<\/b> (Taiwan, 1980-1983) \u2013 (dvd)<\/p>\n<p>Clavis Films \/ Cin\u00e9math\u00e8que Fran\u00e7aise<br \/><strong>MIKL\u00d3S JANCS\u00d3 COLLECTION<\/strong> (Ungheria, 1963-1987) \u2013 (dvd)<\/p>\n<p>Criterion<br \/><b>DONT LOOK BACK<\/b> (USA, 1967) by D. A. Pennebaker \u2013 (bluray)<br \/><b>THE APU TRILOGY<\/b> (India, 1955-1959) by Satyajit Ray \u2013 (bluray)<\/p>\n<p>Edition Filmmuseum, film&amp;kunst GmbH<br \/><b>DER BRIEF &amp; OBRIGKEITSFILM<\/b> (Germany, 1966-1971) by Vlado Kristl \u2013 (dvd)<br \/>\u2026 <b>UND DEINE LIEBE AUCH &amp; SONNTAGSFAHRER<\/b> (Germany, 1962-1963) by Frank Vogel, Gerhard Klein \u2013 (dvd)<\/p>\n<p>Elephant Films\/Elys\u00e9es Editions<b><br \/>ALFRED HITCHCOCK PR<\/b><b>\u00c9<\/b><b>SENTE. LES IN<\/b><b>\u00c9DITS\/INT\u00c9GRALE SAISON 1<\/b> (USA, 1962) by Alfred Hitchcock and more \u2013 (dvd)<\/p>\n<p>Flicker Alley, LLC. <br \/><b>3-D RARITIES<\/b> (USA, 1922-1962) \u2013 (bluray)<br \/><b>MASTERWORKS OF AMERICAN AVANT-GARDE EXPERIMENTAL FILM<\/b> (USA, 1920-1970) by Charles Sheeler, Paul Strand, Fernand L\u00e9ger, Rrose S\u00e9lavy (Marcel Duchamp), Bruce Baillie, Amy Greenfield, Maya Deren, Alexander Hackenschmied, Kenneth Anger, Stan Brakhage, and more \u2013 (bluray + dvd)<\/p>\n<p>Friedrich-Wilhelm-Murnau-Stiftung<b><br \/>DER M<\/b><b>\u00dc<\/b><b>DE TOD<\/b> (Germany, 1921) by Fritz Lang \u2013 (dvd)<\/p>\n<p>Gaumont Vid\u00e9o<b><br \/>NICO PAPATAKIS BOX SET<\/b> (France, 1963-1992) \u2013 (dvd)<br \/><b>COLLECTION 120 ANS N.1 1885-1929<\/b> (France, 1885-1929) \u2013 (dvd)<br \/><b>COLLECTION 120 ANS N.4 1955-1964<\/b> (France, 1955-1964) \u2013 (dvd)<\/p>\n<p>Index Dvd Edition<b> <br \/>WIENFILM 1896-1976<\/b> (Austria, 1976-1977) by Ernst Schmidt Jr. \u2013 (dvd)<\/p>\n<p>Institut Lumi\u00e8re<br \/><b>LUMI<\/b><b>\u00c8<\/b><b>RE!<\/b> (France, 1895-1905) \u2013 (dvd)<\/p>\n<p>Instituto Moreira Salles (IMS)<br \/><b>IRACEMA, UMA TRANSA AMAZ<\/b><b>\u00d4<\/b><b>NICA<\/b> (Brasil\/Germany, 1974) by Jorge Bodanzky, Orlando Senna \u2013 (dvd)<br \/><b>IMAGENS DO INCONSCIENTE<\/b> (Brasil, 1983-1986) di Leon Hirszman \u2013 (dvd)<\/p>\n<p>Kino Lorber <br \/><b>MOANA WITH SOUND<\/b> (USA, 1926-1980) by Robert J. Flaherty, Frances Hubbard Flaherty, Monica Flaherty \u2013 (bluray)<\/p>\n<p>Les documents cin\u00e9matographiques<br \/><b>LE CHEMIN D&#8217;ERNOA, LA FEMME DE NULLE PART, FI<\/b><b>\u00c8<\/b><b>VRE, L&#8217;INONDATION<\/b> (France, 1921-1924) by Louis Delluc \u2013 (dvd)<\/p>\n<p>Lobster Films \/ Flicker Alley, LLC<br \/><b>L&#8217;INHUMAINE<\/b> (France, 1923) by Marcel L&#8217;Herbier \u2013 (bluray + dvd)<\/p>\n<p>N\u00e1rodn\u00ed filmov\u00fd archiv<br \/><b>FILM \u2013 NAS POMOCNIK. <\/b><b>\u0108<\/b><b>ESK<\/b><b>\u00c9<\/b><b> KR<\/b><b>\u00c1<\/b><b>TK<\/b><b>\u00c9 FILMY 50. LET<\/b> (Czechoslovakia, 1948-1959) \u2013 (dvd)<\/p>\n<p>Nasjonalbiblioteket &#8211; The National Library of Norway<br \/><b>DEN ALLVARSAMMA LEKEN, ARVEN, FORF<\/b><b>\u00d8<\/b><b>LGELSEN<\/b> (Norway, 1977-1981) by Anja Breien \u2013 (dvd)<\/p>\n<p>Path\u00e9 Distribution<b><br \/>DEUX HOMMES DANS LA VILLE<\/b> (France-Italy, 1973) by Jos\u00e9 Giovanni \u2013 (bluray + dvd)<\/p>\n<p>Potemkine Films<br \/><b>THE MAGICK LANTERN CYCLE<\/b> (USA, 1947-1981) by Kenneth Anger \u2013 (dvd)<\/p>\n<p>Raro Video<br \/><b>TUTTO IL CINEMA DI PAOLO GIOLI<\/b> (Italy, 1969-2013) \u2013 (dvd)<\/p>\n<p>RE:VOIR Video Paris<b><br \/>UNDERGROUND NEW YORK<\/b> (Germany, 1968) by Gideon Bachmann \u2013 (dvd)<br \/><b>ICI ET MAINTENANT<\/b> (France, 1968) by Serge Bard \u2013 (dvd)<\/p>\n<p>Second Run<br \/><b>OVOCE STROM<\/b><b>U RAJSKYCH J\u00cdME<\/b> (Czechoslovakia, 1969) by V\u011bra Chytilov\u00e1 \u2013 (dvd)<\/p>\n<p>Shellac Sud<br \/><b>R<\/b><b>\u00c9<\/b><b>TROSPECTIVE PAUL VECCHIALI partie 1<\/b> (France, 1972-1979) \u2013\u00a0 (dvd)<br \/><b>R<\/b><b>\u00c9<\/b><b>TROSPECTIVE PAUL VECCHIALI partie 2<\/b> (France, 1983-1988) \u2013 (dvd)<\/p>\n<p>Sidonis Production<br \/><b>30 DVD WESTERN ENCYCLOPEDIA BOX<\/b> (USA, 1924-1976) \u2013 (dvd)<\/p>\n<p>Studio S Entertainment<br \/><b>WIDERBERGBOXEN<\/b> (Sweden, 1962-1996) by Bo Widerberg \u2013 (dvd)<\/p>\n<p>&nbsp;<\/p>\n<p>&nbsp;<\/p>\n<p><a href=\"http:\/\/ilcinemaritrovato.it\/wp-content\/uploads\/sites\/2\/2016\/03\/regulation2016.pdf\" rel=\"\">Competition regulation<\/a><\/p>\n<p><\/p>","protected":false},"excerpt":{"rendered":"<p>The winners &nbsp; Fondazione Cineteca di Bologna and Mostra Internazionale del Cinema Libero are organizing Il Cinema Ritrovato Festival, which is promoting Il Cinema Ritrovato &#8211; DVD Awards. The competition is open to films released in Dvd and Blu-Ray and will take place during the 30th edition of Il Cinema Ritrovato Festival (from June 25th [&hellip;]<\/p>\n","protected":false},"author":2,"featured_media":0,"parent":0,"menu_order":254,"comment_status":"closed","ping_status":"closed","template":"","meta":{"footnotes":""},"class_list":["post-5268","page","type-page","status-publish","hentry"],"acf":[],"_links":{"self":[{"href":"https:\/\/ilcinemaritrovato.it\/en\/wp-json\/wp\/v2\/pages\/5268","targetHints":{"allow":["GET"]}}],"collection":[{"href":"https:\/\/ilcinemaritrovato.it\/en\/wp-json\/wp\/v2\/pages"}],"about":[{"href":"https:\/\/ilcinemaritrovato.it\/en\/wp-json\/wp\/v2\/types\/page"}],"author":[{"embeddable":true,"href":"https:\/\/ilcinemaritrovato.it\/en\/wp-json\/wp\/v2\/users\/2"}],"replies":[{"embeddable":true,"href":"https:\/\/ilcinemaritrovato.it\/en\/wp-json\/wp\/v2\/comments?post=5268"}],"version-history":[{"count":23,"href":"https:\/\/ilcinemaritrovato.it\/en\/wp-json\/wp\/v2\/pages\/5268\/revisions"}],"predecessor-version":[{"id":20361,"href":"https:\/\/ilcinemaritrovato.it\/en\/wp-json\/wp\/v2\/pages\/5268\/revisions\/20361"}],"wp:attachment":[{"href":"https:\/\/ilcinemaritrovato.it\/en\/wp-json\/wp\/v2\/media?parent=5268"}],"curies":[{"name":"wp","href":"https:\/\/api.w.org\/{rel}","templated":true}]}}