{"id":4548,"date":"2015-10-23T14:29:55","date_gmt":"2015-10-23T12:29:55","guid":{"rendered":"http:\/\/ilcinemaritrovato.it\/?page_id=4548"},"modified":"2015-10-23T15:07:30","modified_gmt":"2015-10-23T13:07:30","slug":"dvd-award-i_finalisti","status":"publish","type":"page","link":"https:\/\/ilcinemaritrovato.it\/en\/dvd-award-i_finalisti\/","title":{"rendered":"Dvd Awards 2015: Finalists"},"content":{"rendered":"<p><\/p>\n<p><strong>DVD Awards 2015 \/ Finalists<\/strong><\/p>\n<p><b><br \/>ALAIN ROBBE-GRILLET: SIX FILMS 1963-1974<br \/><\/b>(Francia-Italia-Turchia-Cecoslovacchia\/1963-1974) di Alain Robbe-Grillet<br \/>BFI (Blu-ray)<\/p>\n<p><b>ANTHOLOGY OF LITHUANIAN DOCUMENTARY CINEMA<br \/><\/b>(Lituania\/1962-1995) di Viktoras Staro\u0161as, Robertas Verba, Almantas Grikevi\u010dius, Henrikas \u0160ablevi\u010dius, Edmundas Zubavi\u010dius, Jonas Mekas<br \/>NGO Meno Avilys (Dvd)<\/p>\n<p><b>L\u2019ANTIMIRACOLO<br \/><\/b>(Italia\/1964) di Elio Piccon<br \/>Cristaldi Film, CG Entertainment (Dvd)<\/p>\n<p><b>ARDIENTE PACIENCIA &amp; ABSCHIED IN BERLIN<br \/><\/b>(Germania\/1983-1984) di Antonio Sk\u00e0rmeta<br \/>Edition Filmmuseum (Dvd)<\/p>\n<p><b>THE BATTLES OF CORONEL AND FALKLAND ISLANDS<br \/><\/b>(GB\/1927) di Walter Summers<br \/>BFI (Blu-ray)<\/p>\n<p><b>BL\u00c1ZNOVA KRONIKA (A JESTER\u2019S TALE)<br \/><\/b>(Cecoslovacchia\/1964) di Karel Zeman<br \/>Second Run Dvd (Dvd)<\/p>\n<p><b>LE BONHEUR EST POUR DEMAIN<br \/><\/b>(Francia\/1962) di Henri Fabiani<br \/>Les documents cin\u00e9matographiques (Dvd)<\/p>\n<p><b>CAMERA OBSCURA: THE WALERIAN BOROWCZYK COLLECTION<br \/><\/b>(Polonia-Francia\/1959-1975) di Walerian Borowczyk<br \/>Arrow Films (Blu-ray, Dvd)<\/p>\n<p><b>THE CONNECTION: PROJECT SHIRLEY VOLUME 1<br \/><\/b>(USA\/1961) di Shirley Clarke<br \/>Milestone Film &amp; Video (Blu-ray)<\/p>\n<p><b>LES CROIX DE BOIS<br \/><\/b>(Francia\/1932) di Raymond Bernard<br \/>Path\u00e9 Distribution (Blu-ray, Dvd)<\/p>\n<p><b>ERSTER WELTKRIEG ARCHIV EDITION. Dvd 1: DAS ALTE EUROPA AM VORABEND SEINES UNTERGANGS<br \/><\/b>Deutsches Filminstitut, Absolut Medien (Dvd)<\/p>\n<p><b>ERSTER WELTKRIEG ARCHIV EDITION. Dvd 2: AUFMARSCH DER ARMEEN (1900-1915)<br \/><\/b>Deutsches Filminstitut, Absolut Medien (Dvd)<\/p>\n<p><b>GLAUBER ROCHA COLLECTION VOL.1<br \/><\/b>(Brasile\/1962-1969) di Glauber Rocha<br \/>Raro Video (Dvd)<\/p>\n<p><b>A HARD DAY\u2019S NIGHT<br \/><\/b>(GB\/1964) di Richard Lester<br \/>The Criterion Collection (Blu-ray, Dvd)<\/p>\n<p><b>LES HAUTES SOLITUDES<br \/><\/b>(Francia\/1974) di Philippe Garrel<br \/>RE:VOIR Vid\u00e9o (Dvd)<b><br \/><\/b><\/p>\n<p><b>THE HOUSE OF MYSTERY<br \/><\/b>(USA\/1921-1923) di Alexandre Volkoff<br \/>Flicker Alley, LLC and The Blackhawk Films Collection (Dvd)<\/p>\n<p><b>I\u2019LL WALK BESIDE YOU<br \/><\/b>(GB\/1943) di Maclean Rogers<br \/>Renown Pictures (Dvd)<\/p>\n<p><b>J\u2019ACCUSE<br \/><\/b>(Francia\/1919) di Abel Gance<br \/>Lobster Films (Blu-ray, Dvd)<\/p>\n<p><b>DER KILOMETERFRESSER<br \/><\/b>(Austria\/1923-1924) di Karl Imelski<br \/>Seeber FILM Verlag (Dvd)<\/p>\n<p><b>LEE SEONG-GU COLLECTION<br \/><\/b>(Corea del Sud\/1967-1969) di Lee Seong-Gu<br \/>Korean Film Archive (Dvd)<\/p>\n<p><b>LES BLANK: ALWAYS FOR PLEASURE <\/b><\/p>\n<p>(USA\/1968-2005) di Les Blank<br \/>The Criterion Collection (Blu-ray)<\/p>\n<p><b>L\u00c9VIATHAN<br \/><\/b>(Francia\/1962) di L\u00e9onard Keigel<br \/>Les documents cin\u00e9matographiques (Dvd)<\/p>\n<p><b>THE MACK SENNETT COLLECTION. VOLUME ONE: 50 DIGITALLY RESTORED CLASSIC FILMS<br \/><\/b>(USA\/1909-1933) di Flicker Alley, LLC; Keystone Films, LLC; CineMuseum, LLC (Blu-ray)<\/p>\n<p><b>THE MARCEL PEREZ COLLECTION<br \/><\/b>(Italia-USA\/1911-1921) di Marcel Perez<br \/>Undercrank Productions (Dvd)<\/p>\n<p><b>MICHEL ET FRAN\u00c7OIS SIMON<br \/><\/b>(Svizzera\/1925-1995) di Jean Choux, Michel Boujut, Pierre Biner, Rodolphe-Maurice Arlaud, Claude Goretta, Ana Simon<br \/>Cin\u00e9math\u00e8que Suisse, Radio T\u00e9l\u00e9vision Suisse (Dvd)<\/p>\n<p><b>OKTOBERFEST M\u00dcNCHEN 1910-1980<br \/><\/b>Edition Filmmuseum (Dvd)<\/p>\n<p><b>ORNETTE: MADE IN AMERICA: PROJECT SHIRLEY VOLUME 3<br \/><\/b>(USA\/1984) di Shirley Clarke<br \/>Milestone Film &amp; Video (Blu-ray)<\/p>\n<p><b>PANE E CIOCCOLATA<br \/><\/b>(Italia\/1973) di Franco Brusati<br \/>Lucky Red (Blu-ray)<\/p>\n<p><b>PORTRAIT OF JASON: PROJECT SHIRLEY VOLUME 2<br \/><\/b>(USA\/1967) di Shirley Clarke<br \/>Milestone Film &amp; Video (Blu-ray)<\/p>\n<p><b>SAMPO<br \/><\/b>(Finlandia-URSS\/1959) di Aleksandr Ptushko<br \/>National Audiovisual Institute, Finland (Dvd)<\/p>\n<p><b>THE STARS LOOK DOWN<br \/><\/b>(GB\/1939) di Carol Reed<br \/>Renown Pictures (Dvd)<\/p>\n<p><b>SYNCOPATION<br \/><\/b>(USA\/1942) di William Dieterle<br \/>Cohen Film Collection (Dvd)<\/p>\n<p><b>TODO MODO<br \/><\/b>(Italia\/1976) di Elio Petri<br \/>Mustang Entertainment (Dvd)<\/p>\n<p><b>TUTTO IL CINEMA DI PAOLO GIOLI<br \/><\/b>(Italia\/1969-2013) di Paolo Gioli<br \/>Raro Video (Dvd)<\/p>\n<p><b>VARIET\u00c9<br \/><\/b>(Germania\/1925) di Ewald Andr\u00e9 Dupont<br \/>Friedrich Wilhelm Murnau Stiftung, NFP media rights GmbH &amp; Co. KG (Blu-ray)<\/p>\n<p><b>VIBRATIONS<br \/><\/b>(Francia\/1976-1985) di Christian Lebrat<br \/>RE:VOIR Vid\u00e9o (Dvd)<\/p>\n<p><b>VT\u00c1\u010cKOVIA, SIROTY A BL\u00c1ZNI (BIRDS, ORPHANS AND FOOLS)<br \/><\/b>(Cecoslovacchia\/1969) di Juraj Jakubisko<br \/>Second Run Dvd (Dvd)<\/p>\n<p><\/p>","protected":false},"excerpt":{"rendered":"<p>DVD Awards 2015 \/ Finalists ALAIN ROBBE-GRILLET: SIX FILMS 1963-1974(Francia-Italia-Turchia-Cecoslovacchia\/1963-1974) di Alain Robbe-GrilletBFI (Blu-ray) ANTHOLOGY OF LITHUANIAN DOCUMENTARY CINEMA(Lituania\/1962-1995) di Viktoras Staro\u0161as, Robertas Verba, Almantas Grikevi\u010dius, Henrikas \u0160ablevi\u010dius, Edmundas Zubavi\u010dius, Jonas MekasNGO Meno Avilys (Dvd) L\u2019ANTIMIRACOLO(Italia\/1964) di Elio PicconCristaldi Film, CG Entertainment (Dvd) ARDIENTE PACIENCIA &amp; ABSCHIED IN BERLIN(Germania\/1983-1984) di Antonio Sk\u00e0rmetaEdition Filmmuseum (Dvd) THE [&hellip;]<\/p>\n","protected":false},"author":3,"featured_media":0,"parent":0,"menu_order":260,"comment_status":"closed","ping_status":"closed","template":"","meta":{"footnotes":""},"class_list":["post-4548","page","type-page","status-publish","hentry"],"acf":[],"_links":{"self":[{"href":"https:\/\/ilcinemaritrovato.it\/en\/wp-json\/wp\/v2\/pages\/4548","targetHints":{"allow":["GET"]}}],"collection":[{"href":"https:\/\/ilcinemaritrovato.it\/en\/wp-json\/wp\/v2\/pages"}],"about":[{"href":"https:\/\/ilcinemaritrovato.it\/en\/wp-json\/wp\/v2\/types\/page"}],"author":[{"embeddable":true,"href":"https:\/\/ilcinemaritrovato.it\/en\/wp-json\/wp\/v2\/users\/3"}],"replies":[{"embeddable":true,"href":"https:\/\/ilcinemaritrovato.it\/en\/wp-json\/wp\/v2\/comments?post=4548"}],"version-history":[{"count":2,"href":"https:\/\/ilcinemaritrovato.it\/en\/wp-json\/wp\/v2\/pages\/4548\/revisions"}],"predecessor-version":[{"id":4559,"href":"https:\/\/ilcinemaritrovato.it\/en\/wp-json\/wp\/v2\/pages\/4548\/revisions\/4559"}],"wp:attachment":[{"href":"https:\/\/ilcinemaritrovato.it\/en\/wp-json\/wp\/v2\/media?parent=4548"}],"curies":[{"name":"wp","href":"https:\/\/api.w.org\/{rel}","templated":true}]}}