{"id":3820,"date":"2015-07-02T14:59:53","date_gmt":"2015-07-02T12:59:53","guid":{"rendered":"http:\/\/ilcinemaritrovato.it\/?page_id=3820"},"modified":"2024-06-20T09:30:32","modified_gmt":"2024-06-20T07:30:32","slug":"privacy-policy","status":"publish","type":"page","link":"https:\/\/ilcinemaritrovato.it\/en\/privacy-policy\/","title":{"rendered":"Privacy Policy"},"content":{"rendered":"<p><\/p>\n<p><strong>CINETECA DI BOLOGNA\u00a0 \u00e8 titolare del sito http:\/\/ilcinemaritrovato.it\/<\/strong><\/p>\n<p>Tutte le informazioni presenti sul Sito, compresi testi, documenti, immagini, grafica, video, la loro disposizione e i loro adattamenti sullo stesso sito, il software, tutti i codici e format scripts per implementare il Sito (di seguito \u201cContenuti\u201d) sono soggetti alle leggi sulla propriet\u00e0 intellettuale e protetti da copyright e da diritti d\u2019autore (Legge n. 633 del 22 aprile 1941), pertanto non \u00e8 consentito copiare, alterare, distribuire, pubblicare o utilizzare su altri siti per uso commerciale questi contenuti, senza autorizzazione specifica di Cineteca di Bologna.<\/p>\n<p>I marchi e i loghi usati sul Sito sono protetti dai diritti commerciali esono di propriet\u00e0 della Fondazione Cineteca di Bologna o di soggetti terzi.<\/p>\n<p>Le informazioni presenti sul Sito sono curate al meglio e verificate periodicamente. Nonostante questo, potrebbero non essere prive di errori e potrebbero non risultare in ogni momento complete, precise o aggiornate.<\/p>\n<p>Fondazione Cineteca di Bologna declina ogni responsabilit\u00e0 relativa a qualsivoglia danno, diretto o indiretto, di qualunque natura, derivante dalla consultazione del suo Sito.<\/p>\n<p>L\u2019accesso al Sito \u00e8 libero e facoltativo e l\u2019Utente, navigando nelle pagine web non soggette a registrazione, dichiara di accettare l\u2019applicazione di tutte le normative vigenti in Italia in quanto applicabili.<\/p>\n<p>&nbsp;<\/p>\n<p>Privacy Policy<\/p>\n<p>La privacy e la sicurezza dei tuoi dati personali sono fondamentali per noi. Per questo motivo, abbiamo preparato questa Privacy Policy per spiegare meglio chi siamo e come raccogliamo e gestiamo i tuoi dati.<\/p>\n<p>Chi-siamo?<br \/>\nFondazione Cineteca di Bologna Via Riva di Reno 72, 40122 Bologna,\u00a0 P.IVA<\/p>\n<p>Fondazione Cineteca di Bologna\u00a0\u00e8 titolare del trattamento dei dati ed \u00e8 responsabile, dell\u2019acquisizione, dell\u2019uso, della trasmissione, della conservazione e della protezione dei dati personali in conformit\u00e0 alla presente Privacy Policy e alla normativa vigente (Reg. UE\/679 del 27, Regolamento Generale sulla Protezione dei Dati, \u201cGDPR\u201d e Codice della Privacy)<\/p>\n<p>Nei nostri moduli web, ti verr\u00e0 richiesto di fornire i seguenti dati: nome, cognome, e-mail.<\/p>\n<p>Il nostro sito non fa in ogni caso raccolta o trattamento di dati personali cc.dd. sensibili, ovvero idonei a rivelare l\u2019origine razziale ed etnica, le convinzioni religiose, filosofiche o di altro genere, le opinioni politiche, l\u2019adesione a partiti, sindacati, associazioni od organizzazioni a carattere religioso, filosofico, politico o sindacale, nonch\u00e9 i dati personali idonei a rivelare lo stato di salute e la vita sessuale, quelli attinenti alla salute, sono dati sensibili.<\/p>\n<p>La registrazione attraverso il nostro sito ci permetter\u00e0 solo di gestire le informazioni per rispondere alle tue richieste.<\/p>\n<p>Ci teniamo anche ad assicurarti che navigando sul nostro sito gli unici dati personali che verranno raccolti e utilizzati saranno quelli tecnicamente necessari per consentire la navigazione, ovvero per l\u2019analisi statistica in forma anonima oppure ancora per l\u2019accesso a servizi quali la visualizzazione di mappe dinamiche e dei file pdf aperti per incorporazione (embedded).<\/p>\n<p>Per i dettagli del caso vai all\u2019informativa cookie estesa.<\/p>\n<p>Se lo vorrai, potrai anche inserire il tuo indirizzo email per ricevere le nostre newsletter e potrai revocare in ogni momento il consenso al trattamento dei dati con una semplice click.<\/p>\n<p>I tuoi dati personali saranno trattati dalla Fondazione Cineteca di Bologna solo per le seguenti finalit\u00e0:<\/p>\n<ul>\n<li>navigazione del sito, iscrizione alla newsletter di Cineteca di Bologna ed elaborazione di statistiche in forma anonima in relazione ai dati acquisiti dall\u2019esperienza di navigazione dell\u2019utente.<\/li>\n<li>aggiornamento sui nostri progetti, le nostre iniziative, i nostri eventi;<\/li>\n<li>adempimento degli obblighi di carattere amministrativo connessi con il Servizio di newsletter (ad esempio, richieste di informazioni, rilascio di fatture a seguito di iscrizione ai corsi, ecc.);<\/li>\n<li>informazioni tecniche relative alla navigazione (ove raccolte tramite acquisizione, a titolo esemplificativo, della risorsa IP ovvero <em>cookie<\/em>)<\/li>\n<li>finalit\u00e0 tecniche di fruizione del servizio e per l\u2019elaborazione di statistiche in forma anonima. Il sito si avvale di cookie tecnici\/sessione e altres\u00ec cookie di terze parti anche con finalit\u00e0 di profilazione meglio descritte nell\u2019informativa specifica qui rinvenibile (Informativa Cookie Estesa).<\/li>\n<li>Eventuali adempimenti o obblighi di legge;<\/li>\n<\/ul>\n<p>Il trattamento sar\u00e0 effettuato sia con modalit\u00e0 cartacee che con l\u2019ausilio di strumenti elettronici e automatizzati; in particolare, potranno essere utilizzati, tra gli altri, strumenti di trattamento informatici, telefonici, telematici, audiovisivi, via cavo o via satellite, magnetici, cartacei e manuali.<\/p>\n<p>I tuoi dati verranno trattati sotto l\u2019autorit\u00e0 del Titolare, solo da parte di soggetti specificamente incaricati, autorizzati ed istruiti al trattamento ai sensi dell\u2019art. 30 del Codice privacy e degli artt. 28 e 29 del Regolamento privacy.<\/p>\n<p>Verranno osservate idonee misure di sicurezza ai sensi degli artt. 5 e 32 del Regolamento privacy per prevenire la perdita dei tuoi dati, usi illeciti o non corretti, accessi non autorizzati, cancellazione involontaria. Ogni incaricato del trattamento \u00e8 vincolato ai principi di liceit\u00e0 e riservatezza nel trattamento.<\/p>\n<p><em>Natura obbligatoria o facoltativa del conferimento dei dati, conseguenze di un eventuale rifiuto e base giuridica del trattamento<\/em><\/p>\n<p>Per erogarti i nostri servizi, ovvero per le finalit\u00e0 sopra descritte il conferimento dei tuoi dati personali \u00e8 obbligatorio, perch\u00e9 in mancanza non potremo inviarti alcuna comunicazione e dunque non potrai essere aggiornato sulle nostre iniziative, progetti, eventi, novit\u00e0.<\/p>\n<p>La base giuridica del nostro trattamento dati \u00e8 l\u2019erogazione del Servizio di newsletter e informazioni mediante invio elettronico (ai sensi dell\u2019art. 6, comma 1, lett. b) del Regolamento privacy).<\/p>\n<h4>A chi possiamo trasmettere i tuoi dati personali?<\/h4>\n<p>I tuoi dati personali potranno essere comunicati all\u2019interno dell\u2019UE, nel pieno rispetto di quanto previsto dal Codice privacy e dal Regolamento privacy, ai seguenti soggetti:<\/p>\n<ul>\n<li>alle autorit\u00e0 pubbliche, ove ci\u00f2 sia imposto dalla legge o su loro richiesta<\/li>\n<li>alle strutture e\/o societ\u00e0 esterne di cui il Titolare si avvale per lo svolgimento di attivit\u00e0 connesse, strumentali o conseguenti alla fornitura del Servizio di newsletter o all\u2019organizzazione di eventi;<\/li>\n<li>ai consulenti esterni, se non designati per iscritto Responsabili del trattamento.<\/li>\n<\/ul>\n<p>Il Servizio di newsletter \u00e8 gestito su piattaforma Mailchimp e custodisce i dati nel rispetto della normativa europea sulla privacy.<\/p>\n<h4>I tuoi diritti<\/h4>\n<p>In qualsiasi momento potrai esercitare i diritti di cui all\u2019art. 7 del Codice privacy e di cui agli art. 15, 16, 17, 18, 20 e 21 del Regolamento privacy, inviandoci una comunicazione scritta al seguente indirizzo mail privacy@cineteca.bologna.it<\/p>\n<p>Potrai richiedere:<\/p>\n<p>\u25aa la conferma dell\u2019esistenza o meno di tuoi dati personali nelle nostre banche dati, verificarne l\u2019esattezza o richiederne l&#8217;aggiornamento, la rettifica, l&#8217;integrazione;<br \/>\n\u25aa l\u2019accesso, la rettifica, la cancellazione dei tuoi dati personali o la limitazione del trattamento;<br \/>\n\u25aa la cancellazione, trasformazione in forma anonima o il blocco de tuoi dati personali se ritieni siano trattati in violazione di legge.<\/p>\n<h4>Durata del Trattamento<\/h4>\n<p>Fatti salvi gli obblighi di legge, i dati personali che trattiamo saranno conservati per un periodo determinato, in base a criteri fondati sulla durata dell\u2019erogazione del Servizio di newsletter e comunicazione eventi, nonch\u00e9 sulle esigenze di tutela giurisdizionale dei diritti. In ogni caso, il trattamento avr\u00e0 una durata non superiore a 10 anni dalla data di registrazione al nostro servizio, se non ne avrai richiesto antecedentemente la cancellazione.<\/p>\n<h4>Misure di sicurezza<\/h4>\n<p>I tuoi dati personali sono trattati nel rispetto della legge applicabile ed utilizzando adeguate misure di sicurezza, in ossequio alla normativa in vigore anche ai sensi degli artt. 5 e 32 del Regolamento privacy.<\/p>\n<p><strong><em>Reclamo Garante della Privacy<\/em><\/strong><\/p>\n<p>Ti ricordiamo che se pensi che un tuo diritto sia stata leso hai la possibilit\u00e0 di proporre reclamo dinanzi l\u2019Autorit\u00e0 Garante Privacy, contattabile al sito web http:\/\/www.garanteprivacy.it\/.<\/p>\n<p><\/p>","protected":false},"excerpt":{"rendered":"<p>CINETECA DI BOLOGNA\u00a0 \u00e8 titolare del sito http:\/\/ilcinemaritrovato.it\/ Tutte le informazioni presenti sul Sito, compresi testi, documenti, immagini, grafica, video, la loro disposizione e i loro adattamenti sullo stesso sito, il software, tutti i codici e format scripts per implementare il Sito (di seguito \u201cContenuti\u201d) sono soggetti alle leggi sulla propriet\u00e0 intellettuale e protetti da [&hellip;]<\/p>\n","protected":false},"author":1,"featured_media":0,"parent":0,"menu_order":261,"comment_status":"closed","ping_status":"closed","template":"","meta":{"footnotes":""},"class_list":["post-3820","page","type-page","status-publish","hentry"],"acf":[],"_links":{"self":[{"href":"https:\/\/ilcinemaritrovato.it\/en\/wp-json\/wp\/v2\/pages\/3820","targetHints":{"allow":["GET"]}}],"collection":[{"href":"https:\/\/ilcinemaritrovato.it\/en\/wp-json\/wp\/v2\/pages"}],"about":[{"href":"https:\/\/ilcinemaritrovato.it\/en\/wp-json\/wp\/v2\/types\/page"}],"author":[{"embeddable":true,"href":"https:\/\/ilcinemaritrovato.it\/en\/wp-json\/wp\/v2\/users\/1"}],"replies":[{"embeddable":true,"href":"https:\/\/ilcinemaritrovato.it\/en\/wp-json\/wp\/v2\/comments?post=3820"}],"version-history":[{"count":9,"href":"https:\/\/ilcinemaritrovato.it\/en\/wp-json\/wp\/v2\/pages\/3820\/revisions"}],"predecessor-version":[{"id":78247,"href":"https:\/\/ilcinemaritrovato.it\/en\/wp-json\/wp\/v2\/pages\/3820\/revisions\/78247"}],"wp:attachment":[{"href":"https:\/\/ilcinemaritrovato.it\/en\/wp-json\/wp\/v2\/media?parent=3820"}],"curies":[{"name":"wp","href":"https:\/\/api.w.org\/{rel}","templated":true}]}}